{"id":87,"date":"2019-10-22T00:05:25","date_gmt":"2019-10-22T00:05:25","guid":{"rendered":"https:\/\/bulktradeviet.com\/?post_type=product&#038;p=87"},"modified":"2025-09-26T10:39:50","modified_gmt":"2025-09-26T10:39:50","slug":"awt-440-evaporator-treatment-xu-ly-nuoc-bo-bay-hoi","status":"publish","type":"product","link":"https:\/\/bulktradeviet.com\/en\/product\/awt-440-evaporator-treatment-xu-ly-nuoc-bo-bay-hoi\/","title":{"rendered":"AWT-440 Evaporator Treatment (X\u1eed L\u00fd N\u01b0\u1edbc B\u1ed9 Bay H\u01a1i)"},"content":{"rendered":"<p><strong>AWT-440 Evaporator Treatment (Ch\u1ed1ng c\u00e1u c\u1eb7n b\u1ed9 bay h\u01a1i) &#8211; Vaptreat &#8211; Ameroyal<\/strong><\/p>\n<p>AWT-440 Evaporator Treatment l\u00e0 h\u1ee3p ch\u1ea5t n\u1ec1n polymer c\u00f3 ch\u1ee9a natri polyacrylate, ch\u1ea5t ph\u00e2n t\u00e1n v\u00e0 c\u00e1c t\u00e1c nh\u00e2n kh\u1eed b\u1ecdt \u0111\u01b0\u1ee3c s\u1eed d\u1ee5ng trong gi\u00e0n bay h\u01a1i n\u01b0\u1edbc bi\u1ec3n \u0111\u1ec3 ng\u0103n ng\u1eeba s\u1ef1 h\u00ecnh th\u00e0nh c\u00e1u c\u1eb7n.<\/p>\n<p>AWT-440 \u1ee9c ch\u1ebf s\u1ef1 h\u00ecnh th\u00e0nh c\u1eb7n v\u1ea3y cacbonat v\u00e0 sulphat. N\u00f3 v\u1eabn \u1ed5n \u0111\u1ecbnh \u1edf nhi\u1ec7t \u0111\u1ed9 cao v\u00e0 s\u1ebd kh\u00f4ng b\u1ecb ph\u00e2n h\u1ee7y ho\u1eb7c tr\u1edf n\u00ean m\u1ea5t hi\u1ec7u qu\u1ea3.<\/p>\n<ul>\n<li><strong>H\u01af\u1edaNG D\u1eaaN S\u1eec D\u1ee4NG<\/strong><\/li>\n<\/ul>\n<p><em>AWT-440 n\u00ean \u0111\u01b0\u1ee3c \u0111\u01b0a v\u00e0o \u0111\u01b0\u1eddng \u1ed1ng n\u1ea1p li\u1ec7u tr\u01b0\u1edbc khi v\u00e0o b\u1ed9 gia nhi\u00eat.<\/em><\/p>\n<p><em>Li\u1ec1u l\u01b0\u1ee3ng b\u00ecnh th\u01b0\u1eddng \u0111\u01b0\u1ee3c khuy\u1ebfn c\u00e1o l\u00e0 20 &#8211; 35 g cho m\u1ed7i t\u1ea5n ch\u01b0ng c\u1ea5t, \u0111\u1ee7 \u0111\u1ec3 ki\u1ec3m so\u00e1t h\u1ea7u h\u1ebft c\u00e1c v\u1ea5n \u0111\u1ec1 v\u1ec1 c\u00e1u c\u1eb7n.<\/em><\/p>\n<ul>\n<li><strong>V\u00ed d\u1ee5 :<\/strong><\/li>\n<\/ul>\n<p><em>\u0110\u1ed1i v\u1edbi gi\u00e0n h\u01a1i c\u00f4ng su\u1ea5t 50 t\u1ea5n m\u1ed7i ng\u00e0y, s\u1eed d\u1ee5ng t\u1eeb 1,0 \u0111\u1ebfn 1,75 l\u00edt AWT-440.<\/em><\/p>\n<ul>\n<li style=\"text-align: left\"><strong>C\u00c1C T\u00cdNH CH\u1ea4T V\u1eacT L\u00dd V\u00c0 H\u00d3A H\u1eccC<\/strong><\/li>\n<\/ul>\n<ol>\n<li style=\"text-align: left\">H\u00ecnh th\u1ee9c :Ch\u1ea5t l\u1ecfng<\/li>\n<li style=\"text-align: left\">M\u00e0u : H\u1ed5 ph\u00e1ch nh\u1ea1t t\u1edbi m\u00e0u v\u00e0ng<\/li>\n<li style=\"text-align: left\">Tr\u1ecdng l\u01b0\u1ee3ng ri\u00eang : 1,07<\/li>\n<li style=\"text-align: left\">PH: 11,5 &#8211; 12<\/li>\n<li style=\"text-align: left\">\u0110i\u1ec3m b\u1eaft ch\u00e1y :Kh\u00f4ng c\u00f3<\/li>\n<\/ol>","protected":false},"excerpt":{"rendered":"<p>AWT-440 Evaporator Treatment (Ch\u1ed1ng c\u00e1u c\u1eb7n b\u1ed9 bay h\u01a1i) &#8211; Vaptreat &#8211; Ameroyal AWT-440 Evaporator Treatment l\u00e0 h\u1ee3p ch\u1ea5t n\u1ec1n polymer c\u00f3 ch\u1ee9a natri polyacrylate, ch\u1ea5t ph\u00e2n t\u00e1n v\u00e0 c\u00e1c t\u00e1c nh\u00e2n kh\u1eed b\u1ecdt \u0111\u01b0\u1ee3c s\u1eed d\u1ee5ng trong gi\u00e0n bay h\u01a1i n\u01b0\u1edbc bi\u1ec3n \u0111\u1ec3 ng\u0103n ng\u1eeba s\u1ef1 h\u00ecnh th\u00e0nh c\u00e1u c\u1eb7n. AWT-440 \u1ee9c ch\u1ebf s\u1ef1 [&#8230;]","protected":false},"featured_media":616,"comment_status":"open","ping_status":"closed","template":"","meta":[],"product_cat":[18],"product_tag":[21,22],"class_list":{"0":"post-87","1":"product","2":"type-product","3":"status-publish","4":"has-post-thumbnail","6":"product_cat-hoa-chat-hang-hai","7":"product_tag-awt-440","8":"product_tag-evaporator-treatment","10":"first","11":"instock","12":"shipping-taxable","13":"product-type-simple"},"yoast_head":"<!-- This site is optimized with the Yoast SEO plugin v24.1 - https:\/\/yoast.com\/wordpress\/plugins\/seo\/ -->\n<title>AWT-440 Evaporator Treatment (X\u1eed L\u00fd N\u01b0\u1edbc B\u1ed9 Bay H\u01a1i) | C\u00d4NG TY TNHH BULK TRADE (VIET)<\/title>\n<meta name=\"robots\" content=\"index, follow, max-snippet:-1, max-image-preview:large, max-video-preview:-1\" \/>\n<link rel=\"canonical\" href=\"https:\/\/bulktradeviet.com\/en\/product\/awt-440-evaporator-treatment-xu-ly-nuoc-bo-bay-hoi\/\" \/>\n<meta property=\"og:locale\" content=\"en_US\" \/>\n<meta property=\"og:type\" content=\"article\" \/>\n<meta property=\"og:title\" content=\"AWT-440 Evaporator Treatment (X\u1eed L\u00fd N\u01b0\u1edbc B\u1ed9 Bay H\u01a1i) | C\u00d4NG TY TNHH BULK TRADE (VIET)\" \/>\n<meta property=\"og:description\" content=\"AWT-440 Evaporator Treatment (Ch\u1ed1ng c\u00e1u c\u1eb7n b\u1ed9 bay h\u01a1i) &#8211; Vaptreat &#8211; Ameroyal AWT-440 Evaporator Treatment l\u00e0 h\u1ee3p ch\u1ea5t n\u1ec1n polymer c\u00f3 ch\u1ee9a natri polyacrylate, ch\u1ea5t ph\u00e2n t\u00e1n v\u00e0 c\u00e1c t\u00e1c nh\u00e2n kh\u1eed b\u1ecdt \u0111\u01b0\u1ee3c s\u1eed d\u1ee5ng trong gi\u00e0n bay h\u01a1i n\u01b0\u1edbc bi\u1ec3n \u0111\u1ec3 ng\u0103n ng\u1eeba s\u1ef1 h\u00ecnh th\u00e0nh c\u00e1u c\u1eb7n. AWT-440 \u1ee9c ch\u1ebf s\u1ef1 [...]\" \/>\n<meta property=\"og:url\" content=\"https:\/\/bulktradeviet.com\/en\/product\/awt-440-evaporator-treatment-xu-ly-nuoc-bo-bay-hoi\/\" \/>\n<meta property=\"og:site_name\" content=\"C\u00d4NG TY TNHH BULK TRADE (VIET)\" \/>\n<meta property=\"article:modified_time\" content=\"2025-09-26T10:39:50+00:00\" \/>\n<meta property=\"og:image\" content=\"https:\/\/bulktradeviet.com\/wp-content\/uploads\/2019\/10\/A-440.jpg\" \/>\n\t<meta property=\"og:image:width\" content=\"2000\" \/>\n\t<meta property=\"og:image:height\" content=\"2000\" \/>\n\t<meta property=\"og:image:type\" content=\"image\/jpeg\" \/>\n<meta name=\"twitter:card\" content=\"summary_large_image\" \/>\n<meta name=\"twitter:label1\" content=\"Est. reading time\" \/>\n\t<meta name=\"twitter:data1\" content=\"1 minute\" \/>\n<script type=\"application\/ld+json\" class=\"yoast-schema-graph\">{\"@context\":\"https:\/\/schema.org\",\"@graph\":[{\"@type\":\"WebPage\",\"@id\":\"https:\/\/bulktradeviet.com\/san-pham\/awt-440-evaporator-treatment-xu-ly-nuoc-bo-bay-hoi\/\",\"url\":\"https:\/\/bulktradeviet.com\/san-pham\/awt-440-evaporator-treatment-xu-ly-nuoc-bo-bay-hoi\/\",\"name\":\"AWT-440 Evaporator Treatment (X\u1eed L\u00fd N\u01b0\u1edbc B\u1ed9 Bay H\u01a1i) | C\u00d4NG TY TNHH BULK TRADE (VIET)\",\"isPartOf\":{\"@id\":\"https:\/\/bulktradeviet.com\/en\/#website\"},\"primaryImageOfPage\":{\"@id\":\"https:\/\/bulktradeviet.com\/san-pham\/awt-440-evaporator-treatment-xu-ly-nuoc-bo-bay-hoi\/#primaryimage\"},\"image\":{\"@id\":\"https:\/\/bulktradeviet.com\/san-pham\/awt-440-evaporator-treatment-xu-ly-nuoc-bo-bay-hoi\/#primaryimage\"},\"thumbnailUrl\":\"https:\/\/bulktradeviet.com\/wp-content\/uploads\/2019\/10\/A-440.jpg\",\"datePublished\":\"2019-10-22T00:05:25+00:00\",\"dateModified\":\"2025-09-26T10:39:50+00:00\",\"breadcrumb\":{\"@id\":\"https:\/\/bulktradeviet.com\/san-pham\/awt-440-evaporator-treatment-xu-ly-nuoc-bo-bay-hoi\/#breadcrumb\"},\"inLanguage\":\"en-US\",\"potentialAction\":[{\"@type\":\"ReadAction\",\"target\":[\"https:\/\/bulktradeviet.com\/san-pham\/awt-440-evaporator-treatment-xu-ly-nuoc-bo-bay-hoi\/\"]}]},{\"@type\":\"ImageObject\",\"inLanguage\":\"en-US\",\"@id\":\"https:\/\/bulktradeviet.com\/san-pham\/awt-440-evaporator-treatment-xu-ly-nuoc-bo-bay-hoi\/#primaryimage\",\"url\":\"https:\/\/bulktradeviet.com\/wp-content\/uploads\/2019\/10\/A-440.jpg\",\"contentUrl\":\"https:\/\/bulktradeviet.com\/wp-content\/uploads\/2019\/10\/A-440.jpg\",\"width\":2000,\"height\":2000},{\"@type\":\"BreadcrumbList\",\"@id\":\"https:\/\/bulktradeviet.com\/san-pham\/awt-440-evaporator-treatment-xu-ly-nuoc-bo-bay-hoi\/#breadcrumb\",\"itemListElement\":[{\"@type\":\"ListItem\",\"position\":1,\"name\":\"Trang ch\u1ee7\",\"item\":\"https:\/\/bulktradeviet.com\/en\/\"},{\"@type\":\"ListItem\",\"position\":2,\"name\":\"Products\",\"item\":\"https:\/\/bulktradeviet.com\/en\/shop\/\"},{\"@type\":\"ListItem\",\"position\":3,\"name\":\"AWT-440 Evaporator Treatment (X\u1eed L\u00fd N\u01b0\u1edbc B\u1ed9 Bay H\u01a1i)\"}]},{\"@type\":\"WebSite\",\"@id\":\"https:\/\/bulktradeviet.com\/en\/#website\",\"url\":\"https:\/\/bulktradeviet.com\/en\/\",\"name\":\"C\u00d4NG TY TNHH BULK TRADE (VIET)\",\"description\":\"Nh\u1eadp Kh\u1ea9u Ph\u00e2n Ph\u1ed1i H\u00f3a Ch\u1ea5t C\u00f4ng Nghi\u1ec7p\",\"potentialAction\":[{\"@type\":\"SearchAction\",\"target\":{\"@type\":\"EntryPoint\",\"urlTemplate\":\"https:\/\/bulktradeviet.com\/en\/?s={search_term_string}\"},\"query-input\":{\"@type\":\"PropertyValueSpecification\",\"valueRequired\":true,\"valueName\":\"search_term_string\"}}],\"inLanguage\":\"en-US\"}]}<\/script>\n<!-- \/ Yoast SEO plugin. -->","yoast_head_json":{"title":"AWT-440 Evaporator Treatment (X\u1eed L\u00fd N\u01b0\u1edbc B\u1ed9 Bay H\u01a1i) | C\u00d4NG TY TNHH BULK TRADE (VIET)","robots":{"index":"index","follow":"follow","max-snippet":"max-snippet:-1","max-image-preview":"max-image-preview:large","max-video-preview":"max-video-preview:-1"},"canonical":"https:\/\/bulktradeviet.com\/en\/product\/awt-440-evaporator-treatment-xu-ly-nuoc-bo-bay-hoi\/","og_locale":"en_US","og_type":"article","og_title":"AWT-440 Evaporator Treatment (X\u1eed L\u00fd N\u01b0\u1edbc B\u1ed9 Bay H\u01a1i) | C\u00d4NG TY TNHH BULK TRADE (VIET)","og_description":"AWT-440 Evaporator Treatment (Ch\u1ed1ng c\u00e1u c\u1eb7n b\u1ed9 bay h\u01a1i) &#8211; Vaptreat &#8211; Ameroyal AWT-440 Evaporator Treatment l\u00e0 h\u1ee3p ch\u1ea5t n\u1ec1n polymer c\u00f3 ch\u1ee9a natri polyacrylate, ch\u1ea5t ph\u00e2n t\u00e1n v\u00e0 c\u00e1c t\u00e1c nh\u00e2n kh\u1eed b\u1ecdt \u0111\u01b0\u1ee3c s\u1eed d\u1ee5ng trong gi\u00e0n bay h\u01a1i n\u01b0\u1edbc bi\u1ec3n \u0111\u1ec3 ng\u0103n ng\u1eeba s\u1ef1 h\u00ecnh th\u00e0nh c\u00e1u c\u1eb7n. AWT-440 \u1ee9c ch\u1ebf s\u1ef1 [...]","og_url":"https:\/\/bulktradeviet.com\/en\/product\/awt-440-evaporator-treatment-xu-ly-nuoc-bo-bay-hoi\/","og_site_name":"C\u00d4NG TY TNHH BULK TRADE (VIET)","article_modified_time":"2025-09-26T10:39:50+00:00","og_image":[{"width":2000,"height":2000,"url":"https:\/\/bulktradeviet.com\/wp-content\/uploads\/2019\/10\/A-440.jpg","type":"image\/jpeg"}],"twitter_card":"summary_large_image","twitter_misc":{"Est. reading time":"1 minute"},"schema":{"@context":"https:\/\/schema.org","@graph":[{"@type":"WebPage","@id":"https:\/\/bulktradeviet.com\/san-pham\/awt-440-evaporator-treatment-xu-ly-nuoc-bo-bay-hoi\/","url":"https:\/\/bulktradeviet.com\/san-pham\/awt-440-evaporator-treatment-xu-ly-nuoc-bo-bay-hoi\/","name":"AWT-440 Evaporator Treatment (X\u1eed L\u00fd N\u01b0\u1edbc B\u1ed9 Bay H\u01a1i) | C\u00d4NG TY TNHH BULK TRADE (VIET)","isPartOf":{"@id":"https:\/\/bulktradeviet.com\/en\/#website"},"primaryImageOfPage":{"@id":"https:\/\/bulktradeviet.com\/san-pham\/awt-440-evaporator-treatment-xu-ly-nuoc-bo-bay-hoi\/#primaryimage"},"image":{"@id":"https:\/\/bulktradeviet.com\/san-pham\/awt-440-evaporator-treatment-xu-ly-nuoc-bo-bay-hoi\/#primaryimage"},"thumbnailUrl":"https:\/\/bulktradeviet.com\/wp-content\/uploads\/2019\/10\/A-440.jpg","datePublished":"2019-10-22T00:05:25+00:00","dateModified":"2025-09-26T10:39:50+00:00","breadcrumb":{"@id":"https:\/\/bulktradeviet.com\/san-pham\/awt-440-evaporator-treatment-xu-ly-nuoc-bo-bay-hoi\/#breadcrumb"},"inLanguage":"en-US","potentialAction":[{"@type":"ReadAction","target":["https:\/\/bulktradeviet.com\/san-pham\/awt-440-evaporator-treatment-xu-ly-nuoc-bo-bay-hoi\/"]}]},{"@type":"ImageObject","inLanguage":"en-US","@id":"https:\/\/bulktradeviet.com\/san-pham\/awt-440-evaporator-treatment-xu-ly-nuoc-bo-bay-hoi\/#primaryimage","url":"https:\/\/bulktradeviet.com\/wp-content\/uploads\/2019\/10\/A-440.jpg","contentUrl":"https:\/\/bulktradeviet.com\/wp-content\/uploads\/2019\/10\/A-440.jpg","width":2000,"height":2000},{"@type":"BreadcrumbList","@id":"https:\/\/bulktradeviet.com\/san-pham\/awt-440-evaporator-treatment-xu-ly-nuoc-bo-bay-hoi\/#breadcrumb","itemListElement":[{"@type":"ListItem","position":1,"name":"Trang ch\u1ee7","item":"https:\/\/bulktradeviet.com\/en\/"},{"@type":"ListItem","position":2,"name":"Products","item":"https:\/\/bulktradeviet.com\/en\/shop\/"},{"@type":"ListItem","position":3,"name":"AWT-440 Evaporator Treatment (X\u1eed L\u00fd N\u01b0\u1edbc B\u1ed9 Bay H\u01a1i)"}]},{"@type":"WebSite","@id":"https:\/\/bulktradeviet.com\/en\/#website","url":"https:\/\/bulktradeviet.com\/en\/","name":"C\u00d4NG TY TNHH BULK TRADE (VIET)","description":"Nh\u1eadp Kh\u1ea9u Ph\u00e2n Ph\u1ed1i H\u00f3a Ch\u1ea5t C\u00f4ng Nghi\u1ec7p","potentialAction":[{"@type":"SearchAction","target":{"@type":"EntryPoint","urlTemplate":"https:\/\/bulktradeviet.com\/en\/?s={search_term_string}"},"query-input":{"@type":"PropertyValueSpecification","valueRequired":true,"valueName":"search_term_string"}}],"inLanguage":"en-US"}]}},"_links":{"self":[{"href":"https:\/\/bulktradeviet.com\/en\/wp-json\/wp\/v2\/product\/87","targetHints":{"allow":["GET"]}}],"collection":[{"href":"https:\/\/bulktradeviet.com\/en\/wp-json\/wp\/v2\/product"}],"about":[{"href":"https:\/\/bulktradeviet.com\/en\/wp-json\/wp\/v2\/types\/product"}],"replies":[{"embeddable":true,"href":"https:\/\/bulktradeviet.com\/en\/wp-json\/wp\/v2\/comments?post=87"}],"wp:featuredmedia":[{"embeddable":true,"href":"https:\/\/bulktradeviet.com\/en\/wp-json\/wp\/v2\/media\/616"}],"wp:attachment":[{"href":"https:\/\/bulktradeviet.com\/en\/wp-json\/wp\/v2\/media?parent=87"}],"wp:term":[{"taxonomy":"product_cat","embeddable":true,"href":"https:\/\/bulktradeviet.com\/en\/wp-json\/wp\/v2\/product_cat?post=87"},{"taxonomy":"product_tag","embeddable":true,"href":"https:\/\/bulktradeviet.com\/en\/wp-json\/wp\/v2\/product_tag?post=87"}],"curies":[{"name":"wp","href":"https:\/\/api.w.org\/{rel}","templated":true}]}}