{"id":85,"date":"2019-10-22T00:00:49","date_gmt":"2019-10-22T00:00:49","guid":{"rendered":"https:\/\/bulktradeviet.com\/?post_type=product&#038;p=85"},"modified":"2025-08-06T10:16:55","modified_gmt":"2025-08-06T10:16:55","slug":"apex-480-aquatuff-high-foam","status":"publish","type":"product","link":"https:\/\/bulktradeviet.com\/en\/product\/apex-480-aquatuff-high-foam\/","title":{"rendered":"Apex &#8211; 480 Aquatuff High Foam"},"content":{"rendered":"<p><strong>APEX-480XF Aquatuff High Foam | Ch\u1ea5t t\u1ea9y r\u1eeda h\u1ea7m h\u00e0ng | T\u1ea9y r\u1eeda b\u1ed3n ch\u1ee9a t\u00e0u bi\u1ec3n<\/strong><\/p>\n<p>APEX- 480 Aquatuff high foam l\u00e0 m\u1ed9t ch\u1ea5t t\u1ea9y r\u1eeda t\u00ednh ki\u1ec1m v\u1edbi \u0111\u1eb7c t\u00ednh t\u1ea1o b\u1ecdt t\u1ed1t, s\u1ea3n ph\u1ea9m g\u1ed1c n\u01b0\u1edbc, ch\u1ee9a th\u00e0nh ph\u1ea7n ph\u00e2n h\u1ee7y sinh h\u1ecdc n\u00ean r\u1ea5t an to\u00e0n v\u1edbi m\u00f4i tr\u01b0\u1eddng.Aquatuff high foam<\/p>\n<p><strong>L\u00e0m s\u1ea1ch h\u1ea7m ch\u1ee9a h\u00e0ng b\u1eb1ng Aquatuff high foam<\/strong><\/p>\n<p>APEX- 480 Aquatuff high foam \u0111\u01b0\u1ee3c s\u1ea3n xu\u1ea5t chuy\u00ean d\u1ee5ng \u0111\u1ec3 l\u00e0m s\u1ea1ch b\u1ec1 m\u1eb7t b\u1ed3n ch\u1ee9a, h\u1ea7m h\u00e0ng t\u00e0u ch\u1edf h\u00e0ng. Khi \u0111\u01b0\u1ee3c s\u1eed d\u1ee5ng v\u1edbi thi\u1ebft b\u1ecb phun b\u1ecdt th\u00edch h\u1ee3p, b\u1ecdt d\u00e0y \u0111\u1eb7c \u0111\u01b0\u1ee3c t\u1ea1o ra gi\u00fap k\u00e9o d\u00e0i th\u1eddi gian ti\u1ebfp x\u00fac gi\u1eefa dung d\u1ecbch l\u00e0m s\u1ea1ch v\u00e0 b\u1ec1 m\u1eb7t c\u1ea7n \u0111\u01b0\u1ee3c l\u00e0m s\u1ea1ch. N\u00f3 c\u00f3 hi\u1ec7u qu\u1ea3 lo\u1ea1i b\u1ecf h\u1ea7u h\u1ebft c\u00e1c t\u1ea1p ch\u1ea5t b\u1ea9n kh\u00f4, b\u00f9n, b\u1ed3 h\u00f3ng, c\u1eb7n cacbon, b\u1ed9t than \u0111\u00e1, b\u1ed9t th\u1ef1c ph\u1ea9m, b\u1ed9t c\u00e1 &#8230; trong c\u00e1c khoang t\u00e0u<\/p>\n<p><strong>L\u00e0m s\u1ea1ch b\u1ed3n ch\u1ee9a b\u1eb1ng Aquatuff high foam<\/strong><br \/>\nD\u00f9ng APEX- 480 Aquatuff high foam v\u1edbi t\u1ec9 l\u1ec7 5 &#8211; 10% trong n\u01b0\u1edbc, s\u1eed d\u1ee5ng thi\u1ebft b\u1ecb phun b\u1ecdt.<\/p>\n<p>Lu\u00f4n lu\u00f4n t\u1ea9y r\u1eeda, phun h\u00f3a ch\u1ea5t t\u1eeb tr\u00ean xu\u1ed1ng d\u01b0\u1edbi, phun ng\u01b0\u1ee3c l\u1ea1i t\u1eeb d\u01b0\u1edbi l\u00ean tr\u00ean s\u1ebd g\u00e2y s\u00f3t, gi\u1ea3m hi\u1ec7u qu\u1ea3 l\u00e0m s\u1ea1ch v\u00e0 b\u1ec1 m\u1eb7t t\u1ea9y r\u1eeda s\u1ebd kh\u00f4ng \u0111\u01b0\u1ee3c \u0111\u1ed3ng \u0111\u1ec1u<\/p>\n<p>\u0110\u1ec3 h\u00f3a ch\u1ea5t ho\u1ea1t \u0111\u1ed9ng trong 30 &#8211; 45 ph\u00fat.<\/p>\n<p>R\u1eeda s\u1ea1ch b\u1ec1 m\u1eb7t t\u1ea9y r\u1eeda b\u1eb1ng n\u01b0\u1edbc s\u1ea1ch v\u00e0 v\u00f2i \u00e1p l\u1ef1c. L\u1eb7p l\u1ea1i quy tr\u00ecnh n\u1ebfu c\u1ea7n thi\u1ebft<\/p>\n<p>Khi tr\u1ed9n Aquatuff High Foam v\u1edbi n\u01b0\u1edbc bi\u1ec3n, c\u1ea7n ph\u1ea3i xem x\u00e9t c\u00e1c v\u1ea5n \u0111\u1ec1 sau: N\u01b0\u1edbc bi\u1ec3n c\u00f3 th\u1ec3 \u1ea3nh h\u01b0\u1edfng \u0111\u1ebfn PH c\u1ee7a dung d\u1ecbch l\u00e0m s\u1ea1ch v\u00e0 l\u00e0m gi\u1ea3m hi\u1ec7u qu\u1ea3 l\u00e0m s\u1ea1ch gi\u1ea3m.<\/p>\n<p>N\u01b0\u1edbc bi\u1ec3n g\u00e2y nguy c\u01a1 \u0103n m\u00f2n b\u1ec1 m\u1eb7t v\u00e0 thi\u1ebft b\u1ecb \u0111\u01b0\u1ee3c s\u1eed d\u1ee5ng<\/p>\n<p>Khi tr\u1ed9n Aquatuff High Foam v\u1edbi n\u01b0\u1edbc bi\u1ec3n, n\u00ean d\u00f9ng n\u1ed3ng \u0111\u1ed9 th\u1ea5p nh\u1ea5t t\u1eeb 10-20%<\/p>","protected":false},"excerpt":{"rendered":"<p>APEX-480XF Aquatuff High Foam | Ch\u1ea5t t\u1ea9y r\u1eeda h\u1ea7m h\u00e0ng | T\u1ea9y r\u1eeda b\u1ed3n ch\u1ee9a t\u00e0u bi\u1ec3n APEX- 480 Aquatuff high foam l\u00e0 m\u1ed9t ch\u1ea5t t\u1ea9y r\u1eeda t\u00ednh ki\u1ec1m v\u1edbi \u0111\u1eb7c t\u00ednh t\u1ea1o b\u1ecdt t\u1ed1t, s\u1ea3n ph\u1ea9m g\u1ed1c n\u01b0\u1edbc, ch\u1ee9a th\u00e0nh ph\u1ea7n ph\u00e2n h\u1ee7y sinh h\u1ecdc n\u00ean r\u1ea5t an to\u00e0n v\u1edbi m\u00f4i tr\u01b0\u1eddng.Aquatuff high foam [&#8230;]","protected":false},"featured_media":86,"comment_status":"open","ping_status":"closed","template":"","meta":[],"product_cat":[18],"product_tag":[51,48,50,49],"class_list":{"0":"post-85","1":"product","2":"type-product","3":"status-publish","4":"has-post-thumbnail","6":"product_cat-hoa-chat-hang-hai","7":"product_tag-apex-480xf-aquatuff-high-foam","8":"product_tag-aquatuff-high-foam","9":"product_tag-coal-remover","10":"product_tag-pet-coke-remover","12":"first","13":"instock","14":"downloadable","15":"shipping-taxable","16":"product-type-simple"},"yoast_head":"<!-- This site is optimized with the Yoast SEO plugin v24.1 - https:\/\/yoast.com\/wordpress\/plugins\/seo\/ -->\n<title>Apex - 480 Aquatuff High Foam | C\u00d4NG TY TNHH BULK TRADE (VIET) %<\/title>\n<meta name=\"description\" content=\"aquatuff high foam Apex - 480 Aquatuff High Foam ;pet coke remover Apex - 480 Aquatuff High Foam ; coal remover Apex - 480 Aquatuff High Foam APEX -480XF Aquatuff High Foam C\u00d4NG TY TNHH BULK TRADE (VIET)\" \/>\n<meta name=\"robots\" content=\"index, follow, max-snippet:-1, max-image-preview:large, max-video-preview:-1\" \/>\n<link rel=\"canonical\" href=\"https:\/\/bulktradeviet.com\/en\/product\/apex-480-aquatuff-high-foam\/\" \/>\n<meta property=\"og:locale\" content=\"en_US\" \/>\n<meta property=\"og:type\" content=\"article\" \/>\n<meta property=\"og:title\" content=\"Apex - 480 Aquatuff High Foam | C\u00d4NG TY TNHH BULK TRADE (VIET) %\" \/>\n<meta property=\"og:description\" content=\"aquatuff high foam Apex - 480 Aquatuff High Foam ;pet coke remover Apex - 480 Aquatuff High Foam ; coal remover Apex - 480 Aquatuff High Foam APEX -480XF Aquatuff High Foam C\u00d4NG TY TNHH BULK TRADE (VIET)\" \/>\n<meta property=\"og:url\" content=\"https:\/\/bulktradeviet.com\/en\/product\/apex-480-aquatuff-high-foam\/\" \/>\n<meta property=\"og:site_name\" content=\"C\u00d4NG TY TNHH BULK TRADE (VIET)\" \/>\n<meta property=\"article:modified_time\" content=\"2025-08-06T10:16:55+00:00\" \/>\n<meta property=\"og:image\" content=\"https:\/\/bulktradeviet.com\/wp-content\/uploads\/2019\/10\/apex-480.jpg\" \/>\n\t<meta property=\"og:image:width\" content=\"400\" \/>\n\t<meta property=\"og:image:height\" content=\"488\" \/>\n\t<meta property=\"og:image:type\" content=\"image\/jpeg\" \/>\n<meta name=\"twitter:card\" content=\"summary_large_image\" \/>\n<meta name=\"twitter:label1\" content=\"Est. reading time\" \/>\n\t<meta name=\"twitter:data1\" content=\"2 minutes\" \/>\n<script type=\"application\/ld+json\" class=\"yoast-schema-graph\">{\"@context\":\"https:\/\/schema.org\",\"@graph\":[{\"@type\":\"WebPage\",\"@id\":\"https:\/\/bulktradeviet.com\/san-pham\/apex-480-aquatuff-high-foam\/\",\"url\":\"https:\/\/bulktradeviet.com\/san-pham\/apex-480-aquatuff-high-foam\/\",\"name\":\"Apex - 480 Aquatuff High Foam | C\u00d4NG TY TNHH BULK TRADE (VIET) %\",\"isPartOf\":{\"@id\":\"https:\/\/bulktradeviet.com\/en\/#website\"},\"primaryImageOfPage\":{\"@id\":\"https:\/\/bulktradeviet.com\/san-pham\/apex-480-aquatuff-high-foam\/#primaryimage\"},\"image\":{\"@id\":\"https:\/\/bulktradeviet.com\/san-pham\/apex-480-aquatuff-high-foam\/#primaryimage\"},\"thumbnailUrl\":\"https:\/\/bulktradeviet.com\/wp-content\/uploads\/2019\/10\/apex-480.jpg\",\"datePublished\":\"2019-10-22T00:00:49+00:00\",\"dateModified\":\"2025-08-06T10:16:55+00:00\",\"description\":\"aquatuff high foam Apex - 480 Aquatuff High Foam ;pet coke remover Apex - 480 Aquatuff High Foam ; coal remover Apex - 480 Aquatuff High Foam APEX -480XF Aquatuff High Foam C\u00d4NG TY TNHH BULK TRADE (VIET)\",\"breadcrumb\":{\"@id\":\"https:\/\/bulktradeviet.com\/san-pham\/apex-480-aquatuff-high-foam\/#breadcrumb\"},\"inLanguage\":\"en-US\",\"potentialAction\":[{\"@type\":\"ReadAction\",\"target\":[\"https:\/\/bulktradeviet.com\/san-pham\/apex-480-aquatuff-high-foam\/\"]}]},{\"@type\":\"ImageObject\",\"inLanguage\":\"en-US\",\"@id\":\"https:\/\/bulktradeviet.com\/san-pham\/apex-480-aquatuff-high-foam\/#primaryimage\",\"url\":\"https:\/\/bulktradeviet.com\/wp-content\/uploads\/2019\/10\/apex-480.jpg\",\"contentUrl\":\"https:\/\/bulktradeviet.com\/wp-content\/uploads\/2019\/10\/apex-480.jpg\",\"width\":400,\"height\":488},{\"@type\":\"BreadcrumbList\",\"@id\":\"https:\/\/bulktradeviet.com\/san-pham\/apex-480-aquatuff-high-foam\/#breadcrumb\",\"itemListElement\":[{\"@type\":\"ListItem\",\"position\":1,\"name\":\"Trang ch\u1ee7\",\"item\":\"https:\/\/bulktradeviet.com\/en\/\"},{\"@type\":\"ListItem\",\"position\":2,\"name\":\"Products\",\"item\":\"https:\/\/bulktradeviet.com\/en\/shop\/\"},{\"@type\":\"ListItem\",\"position\":3,\"name\":\"Apex &#8211; 480 Aquatuff High Foam\"}]},{\"@type\":\"WebSite\",\"@id\":\"https:\/\/bulktradeviet.com\/en\/#website\",\"url\":\"https:\/\/bulktradeviet.com\/en\/\",\"name\":\"C\u00d4NG TY TNHH BULK TRADE (VIET)\",\"description\":\"Nh\u1eadp Kh\u1ea9u Ph\u00e2n Ph\u1ed1i H\u00f3a Ch\u1ea5t C\u00f4ng Nghi\u1ec7p\",\"potentialAction\":[{\"@type\":\"SearchAction\",\"target\":{\"@type\":\"EntryPoint\",\"urlTemplate\":\"https:\/\/bulktradeviet.com\/en\/?s={search_term_string}\"},\"query-input\":{\"@type\":\"PropertyValueSpecification\",\"valueRequired\":true,\"valueName\":\"search_term_string\"}}],\"inLanguage\":\"en-US\"}]}<\/script>\n<!-- \/ Yoast SEO plugin. -->","yoast_head_json":{"title":"Apex - 480 Aquatuff High Foam | C\u00d4NG TY TNHH BULK TRADE (VIET) %","description":"aquatuff high foam Apex - 480 Aquatuff High Foam ;pet coke remover Apex - 480 Aquatuff High Foam ; coal remover Apex - 480 Aquatuff High Foam APEX -480XF Aquatuff High Foam C\u00d4NG TY TNHH BULK TRADE (VIET)","robots":{"index":"index","follow":"follow","max-snippet":"max-snippet:-1","max-image-preview":"max-image-preview:large","max-video-preview":"max-video-preview:-1"},"canonical":"https:\/\/bulktradeviet.com\/en\/product\/apex-480-aquatuff-high-foam\/","og_locale":"en_US","og_type":"article","og_title":"Apex - 480 Aquatuff High Foam | C\u00d4NG TY TNHH BULK TRADE (VIET) %","og_description":"aquatuff high foam Apex - 480 Aquatuff High Foam ;pet coke remover Apex - 480 Aquatuff High Foam ; coal remover Apex - 480 Aquatuff High Foam APEX -480XF Aquatuff High Foam C\u00d4NG TY TNHH BULK TRADE (VIET)","og_url":"https:\/\/bulktradeviet.com\/en\/product\/apex-480-aquatuff-high-foam\/","og_site_name":"C\u00d4NG TY TNHH BULK TRADE (VIET)","article_modified_time":"2025-08-06T10:16:55+00:00","og_image":[{"width":400,"height":488,"url":"https:\/\/bulktradeviet.com\/wp-content\/uploads\/2019\/10\/apex-480.jpg","type":"image\/jpeg"}],"twitter_card":"summary_large_image","twitter_misc":{"Est. reading time":"2 minutes"},"schema":{"@context":"https:\/\/schema.org","@graph":[{"@type":"WebPage","@id":"https:\/\/bulktradeviet.com\/san-pham\/apex-480-aquatuff-high-foam\/","url":"https:\/\/bulktradeviet.com\/san-pham\/apex-480-aquatuff-high-foam\/","name":"Apex - 480 Aquatuff High Foam | C\u00d4NG TY TNHH BULK TRADE (VIET) %","isPartOf":{"@id":"https:\/\/bulktradeviet.com\/en\/#website"},"primaryImageOfPage":{"@id":"https:\/\/bulktradeviet.com\/san-pham\/apex-480-aquatuff-high-foam\/#primaryimage"},"image":{"@id":"https:\/\/bulktradeviet.com\/san-pham\/apex-480-aquatuff-high-foam\/#primaryimage"},"thumbnailUrl":"https:\/\/bulktradeviet.com\/wp-content\/uploads\/2019\/10\/apex-480.jpg","datePublished":"2019-10-22T00:00:49+00:00","dateModified":"2025-08-06T10:16:55+00:00","description":"aquatuff high foam Apex - 480 Aquatuff High Foam ;pet coke remover Apex - 480 Aquatuff High Foam ; coal remover Apex - 480 Aquatuff High Foam APEX -480XF Aquatuff High Foam C\u00d4NG TY TNHH BULK TRADE (VIET)","breadcrumb":{"@id":"https:\/\/bulktradeviet.com\/san-pham\/apex-480-aquatuff-high-foam\/#breadcrumb"},"inLanguage":"en-US","potentialAction":[{"@type":"ReadAction","target":["https:\/\/bulktradeviet.com\/san-pham\/apex-480-aquatuff-high-foam\/"]}]},{"@type":"ImageObject","inLanguage":"en-US","@id":"https:\/\/bulktradeviet.com\/san-pham\/apex-480-aquatuff-high-foam\/#primaryimage","url":"https:\/\/bulktradeviet.com\/wp-content\/uploads\/2019\/10\/apex-480.jpg","contentUrl":"https:\/\/bulktradeviet.com\/wp-content\/uploads\/2019\/10\/apex-480.jpg","width":400,"height":488},{"@type":"BreadcrumbList","@id":"https:\/\/bulktradeviet.com\/san-pham\/apex-480-aquatuff-high-foam\/#breadcrumb","itemListElement":[{"@type":"ListItem","position":1,"name":"Trang ch\u1ee7","item":"https:\/\/bulktradeviet.com\/en\/"},{"@type":"ListItem","position":2,"name":"Products","item":"https:\/\/bulktradeviet.com\/en\/shop\/"},{"@type":"ListItem","position":3,"name":"Apex &#8211; 480 Aquatuff High Foam"}]},{"@type":"WebSite","@id":"https:\/\/bulktradeviet.com\/en\/#website","url":"https:\/\/bulktradeviet.com\/en\/","name":"C\u00d4NG TY TNHH BULK TRADE (VIET)","description":"Nh\u1eadp Kh\u1ea9u Ph\u00e2n Ph\u1ed1i H\u00f3a Ch\u1ea5t C\u00f4ng Nghi\u1ec7p","potentialAction":[{"@type":"SearchAction","target":{"@type":"EntryPoint","urlTemplate":"https:\/\/bulktradeviet.com\/en\/?s={search_term_string}"},"query-input":{"@type":"PropertyValueSpecification","valueRequired":true,"valueName":"search_term_string"}}],"inLanguage":"en-US"}]}},"_links":{"self":[{"href":"https:\/\/bulktradeviet.com\/en\/wp-json\/wp\/v2\/product\/85","targetHints":{"allow":["GET"]}}],"collection":[{"href":"https:\/\/bulktradeviet.com\/en\/wp-json\/wp\/v2\/product"}],"about":[{"href":"https:\/\/bulktradeviet.com\/en\/wp-json\/wp\/v2\/types\/product"}],"replies":[{"embeddable":true,"href":"https:\/\/bulktradeviet.com\/en\/wp-json\/wp\/v2\/comments?post=85"}],"wp:featuredmedia":[{"embeddable":true,"href":"https:\/\/bulktradeviet.com\/en\/wp-json\/wp\/v2\/media\/86"}],"wp:attachment":[{"href":"https:\/\/bulktradeviet.com\/en\/wp-json\/wp\/v2\/media?parent=85"}],"wp:term":[{"taxonomy":"product_cat","embeddable":true,"href":"https:\/\/bulktradeviet.com\/en\/wp-json\/wp\/v2\/product_cat?post=85"},{"taxonomy":"product_tag","embeddable":true,"href":"https:\/\/bulktradeviet.com\/en\/wp-json\/wp\/v2\/product_tag?post=85"}],"curies":[{"name":"wp","href":"https:\/\/api.w.org\/{rel}","templated":true}]}}