{"id":79,"date":"2019-10-21T23:43:51","date_gmt":"2019-10-21T23:43:51","guid":{"rendered":"https:\/\/bulktradeviet.com\/?post_type=product&#038;p=79"},"modified":"2026-03-17T04:41:10","modified_gmt":"2026-03-17T04:41:10","slug":"a-530-electric-motor-cleaner","status":"publish","type":"product","link":"https:\/\/bulktradeviet.com\/en\/product\/a-530-electric-motor-cleaner\/","title":{"rendered":"Ho\u00e1 ch\u1ea5t v\u1ec7 sinh \u0111\u1ed9ng c\u01a1 \u0111i\u1ec7n A-530 Electric Motor Cleaner"},"content":{"rendered":"<h1><strong>A-530 ELECTRIC MOTOR CLEANER<\/strong><\/h1>\n<p><strong>SOLVENT CLEANER &amp; DEGREASER<\/strong><\/p>\n<h2><strong><u>M\u00d4 T\u1ea2<\/u><\/strong><\/h2>\n<p><strong>A-530 <\/strong>chuy\u00ean \u0111\u01b0\u1ee3c s\u1eed d\u1ee5ng \u0111\u1ec3 t\u1ea9y r\u1eeda \u1edf nh\u1eefng n\u01a1i m\u00e0 s\u1eed d\u1ee5ng n\u01b0\u1edbc l\u00e0 kh\u00f4ng ph\u00f9 h\u1ee3p ho\u1eb7c nguy h\u1ea1i<strong>. A-530<\/strong> c\u00f3 t\u00e1c d\u1ee5ng th\u00e2m nh\u1eadp m\u1ea1nh m\u1ebd, <em>l\u00e0m s\u1ea1ch c\u00e1c lo\u1ea1i d\u1ea7u<\/em>, m\u1ee1, b\u1ea9n, s\u00e1p v\u00e0 c\u00e1c h\u1ea1t c\u1eb7n carbon kh\u00f4ng mong mu\u1ed1n \u1edf c\u00e1c b\u1ed9 ph\u1eadn \u0111i\u1ec7n, c\u00e1c b\u1ed9 ph\u1eadn kim lo\u1ea1i, <strong>m\u00e1y ph\u00e1t \u0111i\u1ec7n,<\/strong> \u00a0d\u00e2y c\u00e1p\u2026<\/p>\n<h2><strong><u>C\u00d4NG D\u1ee4NG V\u00c0 \u0110\u1eb6C \u0110I\u1ec2M C\u1ee6A S\u1ea2N PH\u1ea8M<\/u><\/strong><\/h2>\n<p><strong>A-530 <\/strong>l\u00e0 dung m\u00f4i l\u1ecfng c\u00f3 t\u00e1c d\u1ee5ng l\u00e0m s\u1ea1ch v\u1eadt li\u1ec7u, m\u1ee9c \u0111\u1ed9 kh\u00f4 t\u1eeb ch\u1eadm t\u1edbi v\u1eeba, \u0111\u01b0\u1ee3c s\u1ea3n xu\u1ea5t chuy\u00ean d\u1ee5ng \u0111\u1ec3 lo\u1ea1i b\u1ecf t\u1ea1p ch\u1ea5t kh\u1ecfi c\u00e1c \u0111\u1ed9ng c\u01a1 \u0111i\u1ec7n, c\u00e1c b\u1ed9 ph\u1eadn \u0111i\u1ec7n, d\u00e2y c\u00e1p\u2026<\/p>\n<p>C\u00e1c \u0111\u1eb7c \u0111i\u1ec3m ch\u00ednh c\u1ee7a <strong>A-530<\/strong>:<\/p>\n<ul>\n<li><strong>KH\u00d4NG CH\u1ee8A CFC (Choloro Fluoro Carbon) <\/strong><\/li>\n<li><strong>L\u00c0M S\u1ea0CH D\u1ea6U, M\u1ee0, C\u00c1C CH\u1ea4T B\u1ea8N NHANH CH\u00d3NG V\u00c0 HI\u1ec6U QU\u1ea2<\/strong><\/li>\n<li><strong>KH\u00d3 CH\u00c1Y, AN TO\u00c0N H\u01a0N CHO VI\u1ec6C S\u1eec D\u1ee4NG <\/strong><\/li>\n<li><strong>\u0110\u1ed8C T\u00cdNH TH\u1ea4P<\/strong><\/li>\n<li><strong>C\u00d3 T\u00cdNH C\u00c1CH NHI\u1ec6T T\u1ed0T H\u01a0N<\/strong><\/li>\n<li><strong>C\u00d3 HI\u1ec6U QU\u1ea2 KINH T\u1ebe<\/strong><strong style=\"color: #555555\">\u00a0<\/strong><\/li>\n<\/ul>\n<h2><strong><u>H\u01af\u1edaNG D\u1eaaN<\/u><\/strong><\/h2>\n<p><strong>A-530 n\u00ean \u0111\u01b0\u1ee3c s\u1eed d\u1ee5ng trong c\u00e1c khu v\u1ef1c tho\u00e1ng kh\u00ed t\u1ed1t. <\/strong>D\u00f9ng A-530 nguy\u00ean ch\u1ea5t phun, ng\u00e2m ho\u1eb7c ch\u00e0 l\u00ean b\u1ec1 m\u1eb7t c\u1ea7n l\u00e0m s\u1ea1ch. Khi s\u1eed d\u1ee5ng b\u1eb1ng c\u00e1ch ng\u00e2m, b\u00ecnh ch\u1ee9a ph\u1ea3i c\u00f3 n\u1eafp \u0111\u1eady \u0111\u1ec3 ng\u0103n ng\u1eeba s\u1ef1 bay h\u01a1i. Th\u1eddi gian ng\u00e2m ph\u1ee5 thu\u1ed9c v\u00e0o m\u1ee9c \u0111\u1ed9 nhi\u1ec5m b\u1ea9n, ch\u1ea5t c\u1eb7n c\u1ee9ng c\u00f3 th\u1ec3 ph\u1ea3i \u0111\u01b0\u1ee3c lo\u1ea1i b\u1ecf b\u1eb1ng c\u00e1ch ch\u00e0. S\u1eed d\u1ee5ng s\u00fang kh\u00ed \u00e1p su\u1ea5t th\u1ed5i kh\u00f4 v\u1eadt sau khi \u0111\u01b0\u1ee3c l\u00e0m s\u1ea1ch ho\u1eb7c c\u00f3 th\u1ec3 \u0111\u1ec3 kh\u00f4 t\u1ef1 nhi\u00ean ngo\u00e0i kh\u00f4ng kh\u00ed. <strong>A-530<\/strong> c\u00f3 th\u1ec3 \u1ea3nh h\u01b0\u1edfng \u0111\u1ebfn m\u1ed9t s\u1ed1 lo\u1ea1i cao su ho\u1eb7c nh\u1ef1a d\u1ebbo c\u1ee7a v\u1eadt c\u1ea7n l\u00e0m s\u1ea1ch, do \u0111\u00f3 ng\u01b0\u1eddi s\u1eed d\u1ee5ng \u0111\u01b0\u1ee3c khuy\u1ebfn c\u00e1o c\u1ea7n th\u1eed nghi\u1ec7m tr\u01b0\u1edbc tr\u00ean m\u1ed9t di\u1ec7n t\u00edch nh\u1ecf thi\u1ebft b\u1ecb tr\u01b0\u1edbc khi d\u00f9ng.<\/p>\n<p><img loading=\"lazy\" decoding=\"async\" class=\"alignnone wp-image-447 size-medium\" style=\"color: #333333\" src=\"https:\/\/bulktradeviet.com\/wp-content\/uploads\/2019\/10\/rosta2500-300x239.jpg\" alt=\"\" width=\"300\" height=\"239\" srcset=\"https:\/\/bulktradeviet.com\/wp-content\/uploads\/2019\/10\/rosta2500-300x239.jpg 300w, https:\/\/bulktradeviet.com\/wp-content\/uploads\/2019\/10\/rosta2500-400x319.jpg 400w, https:\/\/bulktradeviet.com\/wp-content\/uploads\/2019\/10\/rosta2500.jpg 481w\" sizes=\"auto, (max-width: 300px) 100vw, 300px\" \/>\u00a0 \u00a0<img loading=\"lazy\" decoding=\"async\" class=\"alignnone wp-image-445\" src=\"https:\/\/bulktradeviet.com\/wp-content\/uploads\/2019\/10\/quan-dong-co-300x261.jpg\" alt=\"\" width=\"300\" height=\"261\" srcset=\"https:\/\/bulktradeviet.com\/wp-content\/uploads\/2019\/10\/quan-dong-co-300x261.jpg 300w, https:\/\/bulktradeviet.com\/wp-content\/uploads\/2019\/10\/quan-dong-co-510x444.jpg 510w, https:\/\/bulktradeviet.com\/wp-content\/uploads\/2019\/10\/quan-dong-co-600x523.jpg 600w, https:\/\/bulktradeviet.com\/wp-content\/uploads\/2019\/10\/quan-dong-co.jpg 621w\" sizes=\"auto, (max-width: 300px) 100vw, 300px\" \/> <img loading=\"lazy\" decoding=\"async\" class=\"alignnone size-medium wp-image-446\" src=\"https:\/\/bulktradeviet.com\/wp-content\/uploads\/2019\/10\/quan-motor-dien1-600x400-300x200.jpg\" alt=\"\" width=\"300\" height=\"200\" srcset=\"https:\/\/bulktradeviet.com\/wp-content\/uploads\/2019\/10\/quan-motor-dien1-600x400-300x200.jpg 300w, https:\/\/bulktradeviet.com\/wp-content\/uploads\/2019\/10\/quan-motor-dien1-600x400-510x340.jpg 510w, https:\/\/bulktradeviet.com\/wp-content\/uploads\/2019\/10\/quan-motor-dien1-600x400.jpg 600w\" sizes=\"auto, (max-width: 300px) 100vw, 300px\" \/><\/p>\n<p>&nbsp;<\/p>\n<p>&nbsp;<\/p>\n<p>&nbsp;<\/p>\n<p>&nbsp;<\/p>\n<p>&nbsp;<\/p>\n<p>&nbsp;<\/p>","protected":false},"excerpt":{"rendered":"<p><strong>A-530 Electric Motor Cleaner<\/strong> chuy\u00ean d\u00f9ng \u0111\u1ec3 v\u1ec7 sinh t\u1ea9y d\u1ea7u m\u1ee1, b\u1ee5i b\u1ea9n trong c\u00e1c chi ti\u1ebft m\u00e1y \u0111\u1ed9ng c\u01a1 \u0111i\u1ec7n,m\u00e1y ph\u00e1t \u0111i\u1ec7n ho\u1eb7c \u1edf nh\u1eefng n\u01a1i kh\u00f4ng th\u1ec3 v\u1ec7 sinh b\u1eb1ng n\u01b0\u1edbc.<\/p>\n<p>&nbsp;<\/p>","protected":false},"featured_media":605,"comment_status":"open","ping_status":"closed","template":"","meta":[],"product_cat":[18,27,32],"product_tag":[19,47,44,20,45,46],"class_list":{"0":"post-79","1":"product","2":"type-product","3":"status-publish","4":"has-post-thumbnail","6":"product_cat-hoa-chat-hang-hai","7":"product_cat-hoa-chat-tay-rua","8":"product_cat-hoa-chat-tong-hop","9":"product_tag-apex-a-530","10":"product_tag-electric-motor-cleane","11":"product_tag-hoa-chat-ve-sinh-dong-co-dien","12":"product_tag-motor-cleaner","13":"product_tag-tay-dong-co-dien","14":"product_tag-ve-sinh-may-phat-dien","16":"first","17":"instock","18":"downloadable","19":"shipping-taxable","20":"product-type-simple"},"yoast_head":"<!-- This site is optimized with the Yoast SEO plugin v24.1 - https:\/\/yoast.com\/wordpress\/plugins\/seo\/ -->\n<title>Ho\u00e1 ch\u1ea5t v\u1ec7 sinh \u0111\u1ed9ng c\u01a1 \u0111i\u1ec7n A-530 Electric Motor Cleaner | C\u00d4NG TY TNHH BULK TRADE (VIET)<\/title>\n<meta name=\"description\" content=\"V\u1ec7 sinh \u0111\u1ed9ng c\u01a1 \u0111i\u1ec7n Ho\u00e1 ch\u1ea5t v\u1ec7 sinh \u0111\u1ed9ng c\u01a1 \u0111i\u1ec7n A-530 Electric Motor Cleaner , ho\u00e1 ch\u1ea5t t\u1ea9y \u0111\u1ed9ng c\u01a1 \u0111i\u1ec7n , | A-530 Electric motor cleaner Ho\u00e1 ch\u1ea5t v\u1ec7 sinh \u0111\u1ed9ng c\u01a1 \u0111i\u1ec7n A-530 Electric Motor Cleaner v\u1ec7 sinh m\u00e1y ph\u00e1t \u0111i\u1ec7n |\" \/>\n<meta name=\"robots\" content=\"index, follow, max-snippet:-1, max-image-preview:large, max-video-preview:-1\" \/>\n<link rel=\"canonical\" href=\"https:\/\/bulktradeviet.com\/en\/product\/a-530-electric-motor-cleaner\/\" \/>\n<meta property=\"og:locale\" content=\"en_US\" \/>\n<meta property=\"og:type\" content=\"article\" \/>\n<meta property=\"og:title\" content=\"Ho\u00e1 ch\u1ea5t v\u1ec7 sinh \u0111\u1ed9ng c\u01a1 \u0111i\u1ec7n A-530 Electric Motor Cleaner | C\u00d4NG TY TNHH BULK TRADE (VIET)\" \/>\n<meta property=\"og:description\" content=\"V\u1ec7 sinh \u0111\u1ed9ng c\u01a1 \u0111i\u1ec7n Ho\u00e1 ch\u1ea5t v\u1ec7 sinh \u0111\u1ed9ng c\u01a1 \u0111i\u1ec7n A-530 Electric Motor Cleaner , ho\u00e1 ch\u1ea5t t\u1ea9y \u0111\u1ed9ng c\u01a1 \u0111i\u1ec7n , | A-530 Electric motor cleaner Ho\u00e1 ch\u1ea5t v\u1ec7 sinh \u0111\u1ed9ng c\u01a1 \u0111i\u1ec7n A-530 Electric Motor Cleaner v\u1ec7 sinh m\u00e1y ph\u00e1t \u0111i\u1ec7n |\" \/>\n<meta property=\"og:url\" content=\"https:\/\/bulktradeviet.com\/en\/product\/a-530-electric-motor-cleaner\/\" \/>\n<meta property=\"og:site_name\" content=\"C\u00d4NG TY TNHH BULK TRADE (VIET)\" \/>\n<meta property=\"article:modified_time\" content=\"2026-03-17T04:41:10+00:00\" \/>\n<meta property=\"og:image\" content=\"https:\/\/bulktradeviet.com\/wp-content\/uploads\/2019\/10\/A-530.jpg\" \/>\n\t<meta property=\"og:image:width\" content=\"2000\" \/>\n\t<meta property=\"og:image:height\" content=\"2000\" \/>\n\t<meta property=\"og:image:type\" content=\"image\/jpeg\" \/>\n<meta name=\"twitter:card\" content=\"summary_large_image\" \/>\n<meta name=\"twitter:label1\" content=\"Est. reading time\" \/>\n\t<meta name=\"twitter:data1\" content=\"2 minutes\" \/>\n<script type=\"application\/ld+json\" class=\"yoast-schema-graph\">{\"@context\":\"https:\/\/schema.org\",\"@graph\":[{\"@type\":\"WebPage\",\"@id\":\"https:\/\/bulktradeviet.com\/en\/product\/a-530-electric-motor-cleaner\/\",\"url\":\"https:\/\/bulktradeviet.com\/en\/product\/a-530-electric-motor-cleaner\/\",\"name\":\"Ho\u00e1 ch\u1ea5t v\u1ec7 sinh \u0111\u1ed9ng c\u01a1 \u0111i\u1ec7n A-530 Electric Motor Cleaner | C\u00d4NG TY TNHH BULK TRADE (VIET)\",\"isPartOf\":{\"@id\":\"https:\/\/bulktradeviet.com\/en\/#website\"},\"primaryImageOfPage\":{\"@id\":\"https:\/\/bulktradeviet.com\/en\/product\/a-530-electric-motor-cleaner\/#primaryimage\"},\"image\":{\"@id\":\"https:\/\/bulktradeviet.com\/en\/product\/a-530-electric-motor-cleaner\/#primaryimage\"},\"thumbnailUrl\":\"https:\/\/bulktradeviet.com\/wp-content\/uploads\/2019\/10\/A-530.jpg\",\"datePublished\":\"2019-10-21T23:43:51+00:00\",\"dateModified\":\"2026-03-17T04:41:10+00:00\",\"description\":\"V\u1ec7 sinh \u0111\u1ed9ng c\u01a1 \u0111i\u1ec7n Ho\u00e1 ch\u1ea5t v\u1ec7 sinh \u0111\u1ed9ng c\u01a1 \u0111i\u1ec7n A-530 Electric Motor Cleaner , ho\u00e1 ch\u1ea5t t\u1ea9y \u0111\u1ed9ng c\u01a1 \u0111i\u1ec7n , | A-530 Electric motor cleaner Ho\u00e1 ch\u1ea5t v\u1ec7 sinh \u0111\u1ed9ng c\u01a1 \u0111i\u1ec7n A-530 Electric Motor Cleaner v\u1ec7 sinh m\u00e1y ph\u00e1t \u0111i\u1ec7n |\",\"breadcrumb\":{\"@id\":\"https:\/\/bulktradeviet.com\/en\/product\/a-530-electric-motor-cleaner\/#breadcrumb\"},\"inLanguage\":\"en-US\",\"potentialAction\":[{\"@type\":\"ReadAction\",\"target\":[\"https:\/\/bulktradeviet.com\/en\/product\/a-530-electric-motor-cleaner\/\"]}]},{\"@type\":\"ImageObject\",\"inLanguage\":\"en-US\",\"@id\":\"https:\/\/bulktradeviet.com\/en\/product\/a-530-electric-motor-cleaner\/#primaryimage\",\"url\":\"https:\/\/bulktradeviet.com\/wp-content\/uploads\/2019\/10\/A-530.jpg\",\"contentUrl\":\"https:\/\/bulktradeviet.com\/wp-content\/uploads\/2019\/10\/A-530.jpg\",\"width\":2000,\"height\":2000},{\"@type\":\"BreadcrumbList\",\"@id\":\"https:\/\/bulktradeviet.com\/en\/product\/a-530-electric-motor-cleaner\/#breadcrumb\",\"itemListElement\":[{\"@type\":\"ListItem\",\"position\":1,\"name\":\"Trang ch\u1ee7\",\"item\":\"https:\/\/bulktradeviet.com\/en\/\"},{\"@type\":\"ListItem\",\"position\":2,\"name\":\"Products\",\"item\":\"https:\/\/bulktradeviet.com\/en\/shop\/\"},{\"@type\":\"ListItem\",\"position\":3,\"name\":\"Ho\u00e1 ch\u1ea5t v\u1ec7 sinh \u0111\u1ed9ng c\u01a1 \u0111i\u1ec7n A-530 Electric Motor Cleaner\"}]},{\"@type\":\"WebSite\",\"@id\":\"https:\/\/bulktradeviet.com\/en\/#website\",\"url\":\"https:\/\/bulktradeviet.com\/en\/\",\"name\":\"C\u00d4NG TY TNHH BULK TRADE (VIET)\",\"description\":\"Nh\u1eadp Kh\u1ea9u Ph\u00e2n Ph\u1ed1i H\u00f3a Ch\u1ea5t C\u00f4ng Nghi\u1ec7p\",\"potentialAction\":[{\"@type\":\"SearchAction\",\"target\":{\"@type\":\"EntryPoint\",\"urlTemplate\":\"https:\/\/bulktradeviet.com\/en\/?s={search_term_string}\"},\"query-input\":{\"@type\":\"PropertyValueSpecification\",\"valueRequired\":true,\"valueName\":\"search_term_string\"}}],\"inLanguage\":\"en-US\"}]}<\/script>\n<!-- \/ Yoast SEO plugin. -->","yoast_head_json":{"title":"Ho\u00e1 ch\u1ea5t v\u1ec7 sinh \u0111\u1ed9ng c\u01a1 \u0111i\u1ec7n A-530 Electric Motor Cleaner | C\u00d4NG TY TNHH BULK TRADE (VIET)","description":"V\u1ec7 sinh \u0111\u1ed9ng c\u01a1 \u0111i\u1ec7n Ho\u00e1 ch\u1ea5t v\u1ec7 sinh \u0111\u1ed9ng c\u01a1 \u0111i\u1ec7n A-530 Electric Motor Cleaner , ho\u00e1 ch\u1ea5t t\u1ea9y \u0111\u1ed9ng c\u01a1 \u0111i\u1ec7n , | A-530 Electric motor cleaner Ho\u00e1 ch\u1ea5t v\u1ec7 sinh \u0111\u1ed9ng c\u01a1 \u0111i\u1ec7n A-530 Electric Motor Cleaner v\u1ec7 sinh m\u00e1y ph\u00e1t \u0111i\u1ec7n |","robots":{"index":"index","follow":"follow","max-snippet":"max-snippet:-1","max-image-preview":"max-image-preview:large","max-video-preview":"max-video-preview:-1"},"canonical":"https:\/\/bulktradeviet.com\/en\/product\/a-530-electric-motor-cleaner\/","og_locale":"en_US","og_type":"article","og_title":"Ho\u00e1 ch\u1ea5t v\u1ec7 sinh \u0111\u1ed9ng c\u01a1 \u0111i\u1ec7n A-530 Electric Motor Cleaner | C\u00d4NG TY TNHH BULK TRADE (VIET)","og_description":"V\u1ec7 sinh \u0111\u1ed9ng c\u01a1 \u0111i\u1ec7n Ho\u00e1 ch\u1ea5t v\u1ec7 sinh \u0111\u1ed9ng c\u01a1 \u0111i\u1ec7n A-530 Electric Motor Cleaner , ho\u00e1 ch\u1ea5t t\u1ea9y \u0111\u1ed9ng c\u01a1 \u0111i\u1ec7n , | A-530 Electric motor cleaner Ho\u00e1 ch\u1ea5t v\u1ec7 sinh \u0111\u1ed9ng c\u01a1 \u0111i\u1ec7n A-530 Electric Motor Cleaner v\u1ec7 sinh m\u00e1y ph\u00e1t \u0111i\u1ec7n |","og_url":"https:\/\/bulktradeviet.com\/en\/product\/a-530-electric-motor-cleaner\/","og_site_name":"C\u00d4NG TY TNHH BULK TRADE (VIET)","article_modified_time":"2026-03-17T04:41:10+00:00","og_image":[{"width":2000,"height":2000,"url":"https:\/\/bulktradeviet.com\/wp-content\/uploads\/2019\/10\/A-530.jpg","type":"image\/jpeg"}],"twitter_card":"summary_large_image","twitter_misc":{"Est. reading time":"2 minutes"},"schema":{"@context":"https:\/\/schema.org","@graph":[{"@type":"WebPage","@id":"https:\/\/bulktradeviet.com\/en\/product\/a-530-electric-motor-cleaner\/","url":"https:\/\/bulktradeviet.com\/en\/product\/a-530-electric-motor-cleaner\/","name":"Ho\u00e1 ch\u1ea5t v\u1ec7 sinh \u0111\u1ed9ng c\u01a1 \u0111i\u1ec7n A-530 Electric Motor Cleaner | C\u00d4NG TY TNHH BULK TRADE (VIET)","isPartOf":{"@id":"https:\/\/bulktradeviet.com\/en\/#website"},"primaryImageOfPage":{"@id":"https:\/\/bulktradeviet.com\/en\/product\/a-530-electric-motor-cleaner\/#primaryimage"},"image":{"@id":"https:\/\/bulktradeviet.com\/en\/product\/a-530-electric-motor-cleaner\/#primaryimage"},"thumbnailUrl":"https:\/\/bulktradeviet.com\/wp-content\/uploads\/2019\/10\/A-530.jpg","datePublished":"2019-10-21T23:43:51+00:00","dateModified":"2026-03-17T04:41:10+00:00","description":"V\u1ec7 sinh \u0111\u1ed9ng c\u01a1 \u0111i\u1ec7n Ho\u00e1 ch\u1ea5t v\u1ec7 sinh \u0111\u1ed9ng c\u01a1 \u0111i\u1ec7n A-530 Electric Motor Cleaner , ho\u00e1 ch\u1ea5t t\u1ea9y \u0111\u1ed9ng c\u01a1 \u0111i\u1ec7n , | A-530 Electric motor cleaner Ho\u00e1 ch\u1ea5t v\u1ec7 sinh \u0111\u1ed9ng c\u01a1 \u0111i\u1ec7n A-530 Electric Motor Cleaner v\u1ec7 sinh m\u00e1y ph\u00e1t \u0111i\u1ec7n |","breadcrumb":{"@id":"https:\/\/bulktradeviet.com\/en\/product\/a-530-electric-motor-cleaner\/#breadcrumb"},"inLanguage":"en-US","potentialAction":[{"@type":"ReadAction","target":["https:\/\/bulktradeviet.com\/en\/product\/a-530-electric-motor-cleaner\/"]}]},{"@type":"ImageObject","inLanguage":"en-US","@id":"https:\/\/bulktradeviet.com\/en\/product\/a-530-electric-motor-cleaner\/#primaryimage","url":"https:\/\/bulktradeviet.com\/wp-content\/uploads\/2019\/10\/A-530.jpg","contentUrl":"https:\/\/bulktradeviet.com\/wp-content\/uploads\/2019\/10\/A-530.jpg","width":2000,"height":2000},{"@type":"BreadcrumbList","@id":"https:\/\/bulktradeviet.com\/en\/product\/a-530-electric-motor-cleaner\/#breadcrumb","itemListElement":[{"@type":"ListItem","position":1,"name":"Trang ch\u1ee7","item":"https:\/\/bulktradeviet.com\/en\/"},{"@type":"ListItem","position":2,"name":"Products","item":"https:\/\/bulktradeviet.com\/en\/shop\/"},{"@type":"ListItem","position":3,"name":"Ho\u00e1 ch\u1ea5t v\u1ec7 sinh \u0111\u1ed9ng c\u01a1 \u0111i\u1ec7n A-530 Electric Motor Cleaner"}]},{"@type":"WebSite","@id":"https:\/\/bulktradeviet.com\/en\/#website","url":"https:\/\/bulktradeviet.com\/en\/","name":"C\u00d4NG TY TNHH BULK TRADE (VIET)","description":"Nh\u1eadp Kh\u1ea9u Ph\u00e2n Ph\u1ed1i H\u00f3a Ch\u1ea5t C\u00f4ng Nghi\u1ec7p","potentialAction":[{"@type":"SearchAction","target":{"@type":"EntryPoint","urlTemplate":"https:\/\/bulktradeviet.com\/en\/?s={search_term_string}"},"query-input":{"@type":"PropertyValueSpecification","valueRequired":true,"valueName":"search_term_string"}}],"inLanguage":"en-US"}]}},"_links":{"self":[{"href":"https:\/\/bulktradeviet.com\/en\/wp-json\/wp\/v2\/product\/79","targetHints":{"allow":["GET"]}}],"collection":[{"href":"https:\/\/bulktradeviet.com\/en\/wp-json\/wp\/v2\/product"}],"about":[{"href":"https:\/\/bulktradeviet.com\/en\/wp-json\/wp\/v2\/types\/product"}],"replies":[{"embeddable":true,"href":"https:\/\/bulktradeviet.com\/en\/wp-json\/wp\/v2\/comments?post=79"}],"wp:featuredmedia":[{"embeddable":true,"href":"https:\/\/bulktradeviet.com\/en\/wp-json\/wp\/v2\/media\/605"}],"wp:attachment":[{"href":"https:\/\/bulktradeviet.com\/en\/wp-json\/wp\/v2\/media?parent=79"}],"wp:term":[{"taxonomy":"product_cat","embeddable":true,"href":"https:\/\/bulktradeviet.com\/en\/wp-json\/wp\/v2\/product_cat?post=79"},{"taxonomy":"product_tag","embeddable":true,"href":"https:\/\/bulktradeviet.com\/en\/wp-json\/wp\/v2\/product_tag?post=79"}],"curies":[{"name":"wp","href":"https:\/\/api.w.org\/{rel}","templated":true}]}}