{"id":558,"date":"2020-04-09T04:14:32","date_gmt":"2020-04-09T04:14:32","guid":{"rendered":"https:\/\/bulktradeviet.com\/?post_type=product&#038;p=558"},"modified":"2024-06-29T11:34:47","modified_gmt":"2024-06-29T11:34:47","slug":"a-426-apex-coolant","status":"publish","type":"product","link":"https:\/\/bulktradeviet.com\/en\/product\/a-426-apex-coolant\/","title":{"rendered":"N\u01b0\u1edbc l\u00e0m m\u00e1t cho m\u00e1y \u0111\u00e8n  A-426 APEX COOLANT"},"content":{"rendered":"<h1 class=\"uppercase\" style=\"text-align: center\"><strong>N\u01b0\u1edbc l\u00e0m m\u00e1t cho m\u00e1y \u0111\u00e8n <\/strong><\/h1>\n<h1 class=\"uppercase\" style=\"text-align: center\"><strong>A-426 APEX COOLANT<\/strong><\/h1>\n<h1 class=\"uppercase\" style=\"text-align: center\"><\/h1>\n<h2><strong><u>TH\u00d4NG TIN S\u1ea2N PH\u1ea8M<\/u><\/strong><\/h2>\n<p><strong data-blogger-escaped-style=\"mso-bidi-font-weight: normal;\">A-426 Coolant\u00a0<\/strong>c\u00f3 c\u00f4ng th\u1ee9c chuy\u00ean bi\u1ec7t \u0111\u01b0\u1ee3c s\u1eed d\u1ee5ng nh\u01b0 m\u1ed9t ch\u1ea5t \u1ee9c ch\u1ebf \u0103n m\u00f2n v\u00e0 ng\u0103n ng\u1eeba vi\u1ec7c h\u00ecnh th\u00e0nh c\u1eb7n trong c\u00e1c h\u1ec7 th\u1ed1ng n\u01b0\u1edbc\u00a0<strong>l\u00e0m m\u00e1t c\u1ee7a c\u00e1c lo\u1ea1i \u0111\u1ed9ng c\u01a1 x\u0103ng, d\u1ea7u, v\u00e0 diesel<\/strong>.<\/p>\n<p><strong>A-426 Coolant<\/strong><strong data-blogger-escaped-style=\"mso-bidi-font-weight: normal;\">\u00a0<\/strong>t\u1ea1o th\u00e0nh m\u1ed9t l\u1edbp m\u00e0ng \u1ee9c ch\u1ebf\u00a0<em>b\u1ea3o v\u1ec7 b\u1ec1 m\u1eb7t kim lo\u1ea1i c\u1ee7a h\u1ec7 th\u1ed1ng l\u00e0m m\u00e1t<\/em>\u00a0kh\u1ecfi vi\u1ec7c b\u1ecb c\u00e1c t\u00e1c \u0111\u1ed9ng \u0103n m\u00f2n, t\u1eeb \u0111\u00f3 gi\u00fap \u0111\u1ed9ng c\u01a1 lu\u00f4n s\u1ea1ch s\u1ebd v\u00e0\u00a0<u>kh\u00f4ng b\u1ecb hi\u1ec7n t\u01b0\u1ee3ng qu\u00e1 nhi\u1ec7t<\/u>.<\/p>\n<p><strong>A-426 Coolant<\/strong><strong data-blogger-escaped-style=\"mso-bidi-font-weight: normal;\">\u00a0<\/strong>l\u00e0 ch\u1ea5t l\u1ecfng trong su\u1ed1t c\u00f3 ch\u1ee9a Glycol v\u00e0\u00a0<strong>ch\u1ea5t \u1ee9c ch\u1ebf \u0103n m\u00f2n<\/strong>.<\/p>\n<h2><strong data-blogger-escaped-style=\"mso-bidi-font-weight: normal;\"><u>H\u01af\u1edaNG D\u1eaaN S\u1eec D\u1ee4NG<\/u><\/strong><\/h2>\n<ul>\n<li>\u0110\u1ed1i v\u1edbi c\u00e1c h\u1ec7 th\u1ed1ng \u0111\u00e3 l\u00e2u kh\u00f4ng \u0111\u01b0\u1ee3c x\u1eed l\u00fd, b\u1ea3o tr\u00ec c\u00f3 ch\u1ee9a nhi\u1ec1u c\u00e1c ch\u1ea5t b\u1ea9n, l\u1edbp g\u1ec9 \u0103n m\u00f2n \u0111\u00f3ng c\u1eb7n th\u00ec c\u1ea7n \u0111\u01b0\u1ee3c x\u1eed l\u00fd b\u01b0\u1edbc \u0111\u1ea7u b\u1eb1ng c\u00e1ch x\u1ecbt r\u1eeda v\u1edbi n\u01b0\u1edbc s\u1ea1ch \u0111\u1ec3 lo\u1ea1i b\u1ecf t\u01b0\u01a1ng \u0111\u1ed1i b\u1ee5i, c\u1eb7n, d\u1ea7u\u2026<\/li>\n<li>X\u1ea3 b\u1ecf kho\u1ea3ng 500 mL n\u01b0\u1edbc l\u00e0m m\u00e1t t\u1eeb b\u1ed9 t\u1ea3n nhi\u1ec7t \u0111\u1ec3 th\u00eam v\u00e0o\u00a0<strong data-blogger-escaped-style=\"mso-bidi-font-weight: normal;\">A-426<\/strong><\/li>\n<li>V\u1eb7n n\u1eafp b\u1ed9 t\u1ea3n nhi\u1ec7t, kh\u1edfi \u0111\u1ed9ng \u0111\u1ed9ng c\u01a1 \u0111\u1ec3 h\u00f3a ch\u1ea5t tu\u1ea7n ho\u00e0n kho\u1ea3ng 5 ph\u00fat<\/li>\n<li>M\u1edf n\u1eafp b\u1ed9 t\u1ea3n nhi\u1ec7t v\u00e0 ch\u00e2m n\u01b0\u1edbc n\u1ebfu c\u1ea7n thi\u1ebft<\/li>\n<\/ul>\n<h2><strong><u>T\u00cdNH CH\u1ea4T V\u1eacT L\u00dd<\/u><\/strong><\/h2>\n<p>D\u1ea0NG V\u00c0 M\u00d9I:\u00a0\u00a0\u00a0\u00a0\u00a0\u00a0\u00a0\u00a0\u00a0\u00a0\u00a0\u00a0\u00a0\u00a0\u00a0\u00a0\u00a0\u00a0\u00a0\u00a0\u00a0\u00a0\u00a0\u00a0\u00a0\u00a0\u00a0\u00a0\u00a0\u00a0\u00a0\u00a0CH\u1ea4T L\u1eceNG TRONG SU\u1ed0T<\/p>\n<p>\u0110I\u1ec2M S\u00d4I\u00a0\u00a0\u00a0\u00a0\u00a0\u00a0\u00a0\u00a0\u00a0\u00a0\u00a0\u00a0\u00a0\u00a0\u00a0\u00a0\u00a0\u00a0\u00a0\u00a0\u00a0\u00a0\u00a0\u00a0\u00a0\u00a0\u00a0\u00a0\u00a0\u00a0\u00a0\u00a0\u00a0\u00a0\u00a0\u00a0\u00a0\u00a0\u00a0\u00a0\u00a0\u00a0\u00a0140<sup>O<\/sup>C (284<sup>o<\/sup>F)<\/p>\n<p>T\u1ef6 TR\u1eccNG\u00a0\u00a0\u00a0\u00a0\u00a0\u00a0\u00a0\u00a0\u00a0\u00a0\u00a0\u00a0\u00a0\u00a0\u00a0\u00a0\u00a0\u00a0\u00a0\u00a0\u00a0\u00a0\u00a0\u00a0\u00a0\u00a0\u00a0\u00a0\u00a0\u00a0\u00a0\u00a0\u00a0\u00a0\u00a0\u00a0\u00a0\u00a0\u00a0\u00a01.05 \u2013 1.15<\/p>\n<p>GI\u00c1 TR\u1eca pH\u00a0\u00a0\u00a0\u00a0\u00a0\u00a0\u00a0\u00a0\u00a0\u00a0\u00a0\u00a0\u00a0\u00a0\u00a0\u00a0\u00a0\u00a0\u00a0\u00a0\u00a0\u00a0\u00a0\u00a0\u00a0\u00a0\u00a0\u00a0\u00a0\u00a0\u00a0\u00a0\u00a0\u00a0\u00a0\u00a0\u00a0\u00a0\u00a0\u00a09.0 \u2013 10.0<\/p>\n<p><strong><u>TH\u00d4NG TIN LI\u00caN H\u1ec6<\/u><\/strong><\/p>\n<p><strong>Apex Chemical (Pte) LTD<\/strong><br \/>\n<strong>C\u00f4ng ty TNHH Bulk Trade (Viet)<\/strong><\/p>\n<p><strong>\u0110\u1ecba ch\u1ec9: S\u1ed1 94, \u0110\u01b0\u1eddng s\u1ed1 30, Ph\u01b0\u1eddng C\u00e1t L\u00e1i, Qu\u1eadn 2, TP.HCM<\/strong><\/p>\n<p><strong>Li\u00ean h\u1ec7:\u00a0\u00a0\u0110i\u1ec7n tho\u1ea1i \/zalo\u00a0 \u00a00911.65.1925 (C\u01b0\u1eddng)<\/strong><\/p>\n<p>&nbsp;<\/p>\n<p>&nbsp;<\/p>\n<p>&nbsp;<\/p>\n<p>&nbsp;<\/p>\n<p>&nbsp;<\/p>\n<p>&nbsp;<\/p>\n<p>&nbsp;<\/p>\n<p>&nbsp;<\/p>\n<p>&nbsp;<\/p>\n<p>&nbsp;<\/p>\n<p>&nbsp;<\/p>\n<p>&nbsp;<\/p>\n<p>&nbsp;<\/p>\n<p>&nbsp;<\/p>","protected":false},"excerpt":{"rendered":"<p><strong data-blogger-escaped-style=\"mso-bidi-font-weight: normal;\">A-426 Coolant\u00a0<\/strong>c\u00f3 c\u00f4ng th\u1ee9c chuy\u00ean bi\u1ec7t \u0111\u01b0\u1ee3c s\u1eed d\u1ee5ng nh\u01b0 m\u1ed9t ch\u1ea5t \u1ee9c ch\u1ebf \u0103n m\u00f2n v\u00e0 ng\u0103n ng\u1eeba vi\u1ec7c h\u00ecnh th\u00e0nh c\u1eb7n trong c\u00e1c h\u1ec7 th\u1ed1ng n\u01b0\u1edbc\u00a0<strong>l\u00e0m m\u00e1t c\u1ee7a c\u00e1c lo\u1ea1i \u0111\u1ed9ng c\u01a1 x\u0103ng, d\u1ea7u, v\u00e0 diesel<\/strong>.<\/p>\n<p>&nbsp;<\/p>","protected":false},"featured_media":610,"comment_status":"open","ping_status":"closed","template":"","meta":[],"product_cat":[18],"product_tag":[30,122,130,147,146,148,145],"class_list":{"0":"post-558","1":"product","2":"type-product","3":"status-publish","4":"has-post-thumbnail","6":"product_cat-hoa-chat-hang-hai","7":"product_tag-chong-an-mon","8":"product_tag-hoa-chat-cong-nghiep","9":"product_tag-hoa-chat-hang-hai","10":"product_tag-lam-mat-dong-co","11":"product_tag-may-den","12":"product_tag-ngan-ngua-hinh-thanh-can","13":"product_tag-nuoc-lam-mat","15":"first","16":"instock","17":"shipping-taxable","18":"product-type-simple"},"yoast_head":"<!-- This site is optimized with the Yoast SEO plugin v24.1 - https:\/\/yoast.com\/wordpress\/plugins\/seo\/ -->\n<title>N\u01b0\u1edbc l\u00e0m m\u00e1t cho m\u00e1y \u0111\u00e8n A-426 APEX COOLANT | C\u00d4NG TY TNHH BULK TRADE (VIET)<\/title>\n<meta name=\"description\" content=\"A-426 Coolant\u00a0c\u00f3 c\u00f4ng th\u1ee9c chuy\u00ean bi\u1ec7t \u0111\u01b0\u1ee3c s\u1eed d\u1ee5ng nh\u01b0 m\u1ed9t ch\u1ea5t \u1ee9c ch\u1ebf \u0103n m\u00f2n v\u00e0 ng\u0103n ng\u1eeba vi\u1ec7c h\u00ecnh th\u00e0nh c\u1eb7n trong c\u00e1c h\u1ec7 th\u1ed1ng n\u01b0\u1edbc\u00a0l\u00e0m m\u00e1t c\u1ee7a c\u00e1c lo\u1ea1i \u0111\u1ed9ng c\u01a1 x\u0103ng, d\u1ea7u, v\u00e0 diesel.\" \/>\n<meta name=\"robots\" content=\"index, follow, max-snippet:-1, max-image-preview:large, max-video-preview:-1\" \/>\n<link rel=\"canonical\" href=\"https:\/\/bulktradeviet.com\/en\/product\/a-426-apex-coolant\/\" \/>\n<meta property=\"og:locale\" content=\"en_US\" \/>\n<meta property=\"og:type\" content=\"article\" \/>\n<meta property=\"og:title\" content=\"N\u01b0\u1edbc l\u00e0m m\u00e1t cho m\u00e1y \u0111\u00e8n A-426 APEX COOLANT | C\u00d4NG TY TNHH BULK TRADE (VIET)\" \/>\n<meta property=\"og:description\" content=\"A-426 Coolant\u00a0c\u00f3 c\u00f4ng th\u1ee9c chuy\u00ean bi\u1ec7t \u0111\u01b0\u1ee3c s\u1eed d\u1ee5ng nh\u01b0 m\u1ed9t ch\u1ea5t \u1ee9c ch\u1ebf \u0103n m\u00f2n v\u00e0 ng\u0103n ng\u1eeba vi\u1ec7c h\u00ecnh th\u00e0nh c\u1eb7n trong c\u00e1c h\u1ec7 th\u1ed1ng n\u01b0\u1edbc\u00a0l\u00e0m m\u00e1t c\u1ee7a c\u00e1c lo\u1ea1i \u0111\u1ed9ng c\u01a1 x\u0103ng, d\u1ea7u, v\u00e0 diesel.\" \/>\n<meta property=\"og:url\" content=\"https:\/\/bulktradeviet.com\/en\/product\/a-426-apex-coolant\/\" \/>\n<meta property=\"og:site_name\" content=\"C\u00d4NG TY TNHH BULK TRADE (VIET)\" \/>\n<meta property=\"article:modified_time\" content=\"2024-06-29T11:34:47+00:00\" \/>\n<meta property=\"og:image\" content=\"https:\/\/bulktradeviet.com\/wp-content\/uploads\/2020\/03\/apex-2.jpg\" \/>\n\t<meta property=\"og:image:width\" content=\"2000\" \/>\n\t<meta property=\"og:image:height\" content=\"2000\" \/>\n\t<meta property=\"og:image:type\" content=\"image\/jpeg\" \/>\n<meta name=\"twitter:card\" content=\"summary_large_image\" \/>\n<meta name=\"twitter:label1\" content=\"Est. reading time\" \/>\n\t<meta name=\"twitter:data1\" content=\"2 minutes\" \/>\n<script type=\"application\/ld+json\" class=\"yoast-schema-graph\">{\"@context\":\"https:\/\/schema.org\",\"@graph\":[{\"@type\":\"WebPage\",\"@id\":\"https:\/\/bulktradeviet.com\/san-pham\/a-426-apex-coolant\/\",\"url\":\"https:\/\/bulktradeviet.com\/san-pham\/a-426-apex-coolant\/\",\"name\":\"N\u01b0\u1edbc l\u00e0m m\u00e1t cho m\u00e1y \u0111\u00e8n A-426 APEX COOLANT | C\u00d4NG TY TNHH BULK TRADE (VIET)\",\"isPartOf\":{\"@id\":\"https:\/\/bulktradeviet.com\/en\/#website\"},\"primaryImageOfPage\":{\"@id\":\"https:\/\/bulktradeviet.com\/san-pham\/a-426-apex-coolant\/#primaryimage\"},\"image\":{\"@id\":\"https:\/\/bulktradeviet.com\/san-pham\/a-426-apex-coolant\/#primaryimage\"},\"thumbnailUrl\":\"https:\/\/bulktradeviet.com\/wp-content\/uploads\/2020\/03\/apex-2.jpg\",\"datePublished\":\"2020-04-09T04:14:32+00:00\",\"dateModified\":\"2024-06-29T11:34:47+00:00\",\"description\":\"A-426 Coolant\u00a0c\u00f3 c\u00f4ng th\u1ee9c chuy\u00ean bi\u1ec7t \u0111\u01b0\u1ee3c s\u1eed d\u1ee5ng nh\u01b0 m\u1ed9t ch\u1ea5t \u1ee9c ch\u1ebf \u0103n m\u00f2n v\u00e0 ng\u0103n ng\u1eeba vi\u1ec7c h\u00ecnh th\u00e0nh c\u1eb7n trong c\u00e1c h\u1ec7 th\u1ed1ng n\u01b0\u1edbc\u00a0l\u00e0m m\u00e1t c\u1ee7a c\u00e1c lo\u1ea1i \u0111\u1ed9ng c\u01a1 x\u0103ng, d\u1ea7u, v\u00e0 diesel.\",\"breadcrumb\":{\"@id\":\"https:\/\/bulktradeviet.com\/san-pham\/a-426-apex-coolant\/#breadcrumb\"},\"inLanguage\":\"en-US\",\"potentialAction\":[{\"@type\":\"ReadAction\",\"target\":[\"https:\/\/bulktradeviet.com\/san-pham\/a-426-apex-coolant\/\"]}]},{\"@type\":\"ImageObject\",\"inLanguage\":\"en-US\",\"@id\":\"https:\/\/bulktradeviet.com\/san-pham\/a-426-apex-coolant\/#primaryimage\",\"url\":\"https:\/\/bulktradeviet.com\/wp-content\/uploads\/2020\/03\/apex-2.jpg\",\"contentUrl\":\"https:\/\/bulktradeviet.com\/wp-content\/uploads\/2020\/03\/apex-2.jpg\",\"width\":2000,\"height\":2000},{\"@type\":\"BreadcrumbList\",\"@id\":\"https:\/\/bulktradeviet.com\/san-pham\/a-426-apex-coolant\/#breadcrumb\",\"itemListElement\":[{\"@type\":\"ListItem\",\"position\":1,\"name\":\"Trang ch\u1ee7\",\"item\":\"https:\/\/bulktradeviet.com\/en\/\"},{\"@type\":\"ListItem\",\"position\":2,\"name\":\"Products\",\"item\":\"https:\/\/bulktradeviet.com\/en\/shop\/\"},{\"@type\":\"ListItem\",\"position\":3,\"name\":\"N\u01b0\u1edbc l\u00e0m m\u00e1t cho m\u00e1y \u0111\u00e8n A-426 APEX COOLANT\"}]},{\"@type\":\"WebSite\",\"@id\":\"https:\/\/bulktradeviet.com\/en\/#website\",\"url\":\"https:\/\/bulktradeviet.com\/en\/\",\"name\":\"C\u00d4NG TY TNHH BULK TRADE (VIET)\",\"description\":\"Nh\u1eadp Kh\u1ea9u Ph\u00e2n Ph\u1ed1i H\u00f3a Ch\u1ea5t C\u00f4ng Nghi\u1ec7p\",\"potentialAction\":[{\"@type\":\"SearchAction\",\"target\":{\"@type\":\"EntryPoint\",\"urlTemplate\":\"https:\/\/bulktradeviet.com\/en\/?s={search_term_string}\"},\"query-input\":{\"@type\":\"PropertyValueSpecification\",\"valueRequired\":true,\"valueName\":\"search_term_string\"}}],\"inLanguage\":\"en-US\"}]}<\/script>\n<!-- \/ Yoast SEO plugin. -->","yoast_head_json":{"title":"N\u01b0\u1edbc l\u00e0m m\u00e1t cho m\u00e1y \u0111\u00e8n A-426 APEX COOLANT | C\u00d4NG TY TNHH BULK TRADE (VIET)","description":"A-426 Coolant\u00a0c\u00f3 c\u00f4ng th\u1ee9c chuy\u00ean bi\u1ec7t \u0111\u01b0\u1ee3c s\u1eed d\u1ee5ng nh\u01b0 m\u1ed9t ch\u1ea5t \u1ee9c ch\u1ebf \u0103n m\u00f2n v\u00e0 ng\u0103n ng\u1eeba vi\u1ec7c h\u00ecnh th\u00e0nh c\u1eb7n trong c\u00e1c h\u1ec7 th\u1ed1ng n\u01b0\u1edbc\u00a0l\u00e0m m\u00e1t c\u1ee7a c\u00e1c lo\u1ea1i \u0111\u1ed9ng c\u01a1 x\u0103ng, d\u1ea7u, v\u00e0 diesel.","robots":{"index":"index","follow":"follow","max-snippet":"max-snippet:-1","max-image-preview":"max-image-preview:large","max-video-preview":"max-video-preview:-1"},"canonical":"https:\/\/bulktradeviet.com\/en\/product\/a-426-apex-coolant\/","og_locale":"en_US","og_type":"article","og_title":"N\u01b0\u1edbc l\u00e0m m\u00e1t cho m\u00e1y \u0111\u00e8n A-426 APEX COOLANT | C\u00d4NG TY TNHH BULK TRADE (VIET)","og_description":"A-426 Coolant\u00a0c\u00f3 c\u00f4ng th\u1ee9c chuy\u00ean bi\u1ec7t \u0111\u01b0\u1ee3c s\u1eed d\u1ee5ng nh\u01b0 m\u1ed9t ch\u1ea5t \u1ee9c ch\u1ebf \u0103n m\u00f2n v\u00e0 ng\u0103n ng\u1eeba vi\u1ec7c h\u00ecnh th\u00e0nh c\u1eb7n trong c\u00e1c h\u1ec7 th\u1ed1ng n\u01b0\u1edbc\u00a0l\u00e0m m\u00e1t c\u1ee7a c\u00e1c lo\u1ea1i \u0111\u1ed9ng c\u01a1 x\u0103ng, d\u1ea7u, v\u00e0 diesel.","og_url":"https:\/\/bulktradeviet.com\/en\/product\/a-426-apex-coolant\/","og_site_name":"C\u00d4NG TY TNHH BULK TRADE (VIET)","article_modified_time":"2024-06-29T11:34:47+00:00","og_image":[{"width":2000,"height":2000,"url":"https:\/\/bulktradeviet.com\/wp-content\/uploads\/2020\/03\/apex-2.jpg","type":"image\/jpeg"}],"twitter_card":"summary_large_image","twitter_misc":{"Est. reading time":"2 minutes"},"schema":{"@context":"https:\/\/schema.org","@graph":[{"@type":"WebPage","@id":"https:\/\/bulktradeviet.com\/san-pham\/a-426-apex-coolant\/","url":"https:\/\/bulktradeviet.com\/san-pham\/a-426-apex-coolant\/","name":"N\u01b0\u1edbc l\u00e0m m\u00e1t cho m\u00e1y \u0111\u00e8n A-426 APEX COOLANT | C\u00d4NG TY TNHH BULK TRADE (VIET)","isPartOf":{"@id":"https:\/\/bulktradeviet.com\/en\/#website"},"primaryImageOfPage":{"@id":"https:\/\/bulktradeviet.com\/san-pham\/a-426-apex-coolant\/#primaryimage"},"image":{"@id":"https:\/\/bulktradeviet.com\/san-pham\/a-426-apex-coolant\/#primaryimage"},"thumbnailUrl":"https:\/\/bulktradeviet.com\/wp-content\/uploads\/2020\/03\/apex-2.jpg","datePublished":"2020-04-09T04:14:32+00:00","dateModified":"2024-06-29T11:34:47+00:00","description":"A-426 Coolant\u00a0c\u00f3 c\u00f4ng th\u1ee9c chuy\u00ean bi\u1ec7t \u0111\u01b0\u1ee3c s\u1eed d\u1ee5ng nh\u01b0 m\u1ed9t ch\u1ea5t \u1ee9c ch\u1ebf \u0103n m\u00f2n v\u00e0 ng\u0103n ng\u1eeba vi\u1ec7c h\u00ecnh th\u00e0nh c\u1eb7n trong c\u00e1c h\u1ec7 th\u1ed1ng n\u01b0\u1edbc\u00a0l\u00e0m m\u00e1t c\u1ee7a c\u00e1c lo\u1ea1i \u0111\u1ed9ng c\u01a1 x\u0103ng, d\u1ea7u, v\u00e0 diesel.","breadcrumb":{"@id":"https:\/\/bulktradeviet.com\/san-pham\/a-426-apex-coolant\/#breadcrumb"},"inLanguage":"en-US","potentialAction":[{"@type":"ReadAction","target":["https:\/\/bulktradeviet.com\/san-pham\/a-426-apex-coolant\/"]}]},{"@type":"ImageObject","inLanguage":"en-US","@id":"https:\/\/bulktradeviet.com\/san-pham\/a-426-apex-coolant\/#primaryimage","url":"https:\/\/bulktradeviet.com\/wp-content\/uploads\/2020\/03\/apex-2.jpg","contentUrl":"https:\/\/bulktradeviet.com\/wp-content\/uploads\/2020\/03\/apex-2.jpg","width":2000,"height":2000},{"@type":"BreadcrumbList","@id":"https:\/\/bulktradeviet.com\/san-pham\/a-426-apex-coolant\/#breadcrumb","itemListElement":[{"@type":"ListItem","position":1,"name":"Trang ch\u1ee7","item":"https:\/\/bulktradeviet.com\/en\/"},{"@type":"ListItem","position":2,"name":"Products","item":"https:\/\/bulktradeviet.com\/en\/shop\/"},{"@type":"ListItem","position":3,"name":"N\u01b0\u1edbc l\u00e0m m\u00e1t cho m\u00e1y \u0111\u00e8n A-426 APEX COOLANT"}]},{"@type":"WebSite","@id":"https:\/\/bulktradeviet.com\/en\/#website","url":"https:\/\/bulktradeviet.com\/en\/","name":"C\u00d4NG TY TNHH BULK TRADE (VIET)","description":"Nh\u1eadp Kh\u1ea9u Ph\u00e2n Ph\u1ed1i H\u00f3a Ch\u1ea5t C\u00f4ng Nghi\u1ec7p","potentialAction":[{"@type":"SearchAction","target":{"@type":"EntryPoint","urlTemplate":"https:\/\/bulktradeviet.com\/en\/?s={search_term_string}"},"query-input":{"@type":"PropertyValueSpecification","valueRequired":true,"valueName":"search_term_string"}}],"inLanguage":"en-US"}]}},"_links":{"self":[{"href":"https:\/\/bulktradeviet.com\/en\/wp-json\/wp\/v2\/product\/558","targetHints":{"allow":["GET"]}}],"collection":[{"href":"https:\/\/bulktradeviet.com\/en\/wp-json\/wp\/v2\/product"}],"about":[{"href":"https:\/\/bulktradeviet.com\/en\/wp-json\/wp\/v2\/types\/product"}],"replies":[{"embeddable":true,"href":"https:\/\/bulktradeviet.com\/en\/wp-json\/wp\/v2\/comments?post=558"}],"wp:featuredmedia":[{"embeddable":true,"href":"https:\/\/bulktradeviet.com\/en\/wp-json\/wp\/v2\/media\/610"}],"wp:attachment":[{"href":"https:\/\/bulktradeviet.com\/en\/wp-json\/wp\/v2\/media?parent=558"}],"wp:term":[{"taxonomy":"product_cat","embeddable":true,"href":"https:\/\/bulktradeviet.com\/en\/wp-json\/wp\/v2\/product_cat?post=558"},{"taxonomy":"product_tag","embeddable":true,"href":"https:\/\/bulktradeviet.com\/en\/wp-json\/wp\/v2\/product_tag?post=558"}],"curies":[{"name":"wp","href":"https:\/\/api.w.org\/{rel}","templated":true}]}}