{"id":552,"date":"2020-03-24T15:50:07","date_gmt":"2020-03-24T15:50:07","guid":{"rendered":"https:\/\/bulktradeviet.com\/?post_type=product&#038;p=552"},"modified":"2024-03-25T04:10:19","modified_gmt":"2024-03-25T04:10:19","slug":"a-515-degreaser-gp","status":"publish","type":"product","link":"https:\/\/bulktradeviet.com\/en\/product\/a-515-degreaser-gp\/","title":{"rendered":"T\u1ea8Y NH\u1edcN, D\u1ea6U, C\u1eb6N B\u1ea8N: A-515 DEGREASER GP:"},"content":{"rendered":"<h1><strong>\u00a0 A-515 DEGREASER GP<\/strong><\/h1>\n<p><strong>*\u00a0 T\u00c1C D\u1ee4NG NHANH : Gi\u00fap ti\u1ebft ki\u1ec7m th\u1eddi gian v\u00e0 nh\u00e2n l\u1ef1c<\/strong><\/p>\n<p><strong>*\u00a0 \u0110A N\u0102NG: An to\u00e0n \u0111\u1ed1i v\u1edbi h\u1ea7u h\u1ebft c\u00e1c v\u1eadt li\u1ec7u b\u1eb1ng kim lo\u1ea1i v\u00e0 s\u01a1n ch\u1ed1ng d\u1ea7u<\/strong><\/p>\n<p><strong>*\u00a0 D\u1ec4 S\u1eec D\u1ee4NG: Kh\u00f4ng c\u1ea7n nh\u1eefng thi\u1ebft b\u1ecb gia nhi\u1ec7t \u0111\u1eb7c bi\u1ec7t<\/strong><\/p>\n<p><strong style=\"font-size: 14.4px\">*\u00a0 HI\u1ec6U QU\u1ea2 KINH T\u1ebe CAO: \u00a0C\u00f3 th\u1ec3 pha lo\u00e3ng t\u1edbi 8 l\u1ea7n b\u1eb1ng d\u1ea7u h\u1ecfa, d\u1ea7u Diesel<\/strong><\/p>\n<h4><strong>\u00a0<\/strong><strong><u>M\u00d4 T\u1ea2 S\u1ea2N PH\u1ea8M<\/u><\/strong><\/h4>\n<p><strong>A-515 <\/strong>l\u00e0 m\u1ed9t ch\u1ea5t l\u00e0m s\u1ea1ch, t\u1ea9y nh\u1eddn \u0111\u1eadm \u0111\u1eb7c d\u1ea1ng nh\u0169 t\u01b0\u01a1ng. N\u00f3 c\u00f3 ch\u1ee9a dung m\u00f4i, ch\u1ea5t t\u1ea1o nh\u0169, ch\u1ea5t ho\u1ea1t \u0111\u1ed9ng b\u1ec1 m\u1eb7t \u0111\u1ec3 <strong>lo\u1ea1i b\u1ecf c\u00e1c ch\u1ea5t d\u1ea7u nh\u1eddn<\/strong>, ch\u1ea5t b\u1ea9n, than carbon, v\u00e0 c\u00e1c ch\u1ea5t b\u1ea9n kh\u00e1c c\u1ee7a thi\u1ebft b\u1ecb m\u00e1y m\u00f3c, bu\u1ed3ng \u0111\u1ed9ng c\u01a1, kho b\u00e3i, \u0111\u00e1y t\u00e0u, boong t\u00e0u, s\u00e0n t\u00e0u, m\u00e1y \u00e9p, b\u1ed9 t\u1ea3n nhi\u1ec7t, b\u1ec3 ch\u1ee9a d\u1ea7u v\u00e0 c\u00e1c b\u1ec1 m\u1eb7t kim lo\u1ea1i.<\/p>\n<p><strong>A-515 <\/strong>\u0111\u01b0\u1ee3c khuy\u1ebfn ngh\u1ecb s\u1eed d\u1ee5ng cho t\u1ea5t c\u1ea3 c\u00e1c ng\u00e0nh c\u00f4ng nghi\u1ec7p v\u00e0 c\u00e1c x\u01b0\u1edfng b\u1ea3o tr\u00ec<\/p>\n<p><strong>A-515 <\/strong>c\u0169ng ph\u00f9 h\u1ee3p \u0111\u1ec3 s\u1eed d\u1ee5ng nh\u01b0 l\u00e0 m\u1ed9t ch\u1ea5t <em>ph\u00e2n t\u00e1n d\u1ea7u loang<\/em><\/p>\n<h4><strong><u>H\u01af\u1edaNG D\u1eaaN S\u1eec D\u1ee4NG<\/u><\/strong><\/h4>\n<p><strong>D\u00d9NG CHO KHUNG G\u1ea6M \u0110\u1ed8NG C\u01a0, M\u00c1Y M\u00d3C: <\/strong>S\u1eed d\u1ee5ng <strong>A-515<\/strong> nguy\u00ean ch\u1ea5t n\u1ebfu nhi\u1ec5m b\u1ea9n d\u1ea1ng n\u1eb7ng, ho\u1eb7c pha lo\u00e3ng t\u1eeb 5 t\u1edbi 8 ph\u1ea7n d\u1ea7u h\u1ecfa ho\u1eb7c d\u1ea7u diesel. Phun 1 th\u1ec3 t\u00edch nh\u1ecf A-515 l\u00ean b\u1ec1 m\u1eb7t c\u1ea7n l\u00e0m s\u1ea1ch v\u00e0 ch\u1edd t\u1eeb 10 t\u1edbi 20 ph\u00fat, sau \u0111\u00f3 r\u1eeda s\u1ea1ch v\u1edbi \u00e1p l\u1ef1c n\u01b0\u1edbc.<\/p>\n<p><strong>V\u1ec6 SINH B\u1ec2 L\u1ea0NH: <\/strong>Pha lo\u00e3ng 1 ph\u1ea7n <strong>A-515<\/strong> v\u1edbi 8 ph\u1ea7n d\u1ea7u h\u1ecfa trong 1 b\u1ec3 ch\u1ee9a b\u1eb1ng kim lo\u1ea1i, ng\u00e2m t\u1eeb 30 ph\u00fat cho t\u1edbi 2 gi\u1edd, r\u1eeda s\u1ea1ch v\u1edbi \u00e1p l\u1ef1c n\u01b0\u1edbc.<\/p>\n<p><strong>V\u1ec6 SINH XE T\u1ea2I V\u00c0 C\u00c1C THI\u1ebeT B\u1eca: <\/strong>Pha lo\u00e3ng 1 ph\u1ea7n <strong>A-515<\/strong> v\u1edbi 20\u201330 ph\u1ea7n n\u01b0\u1edbc, ch\u00e0 b\u1eb1ng b\u00e0n ch\u1ea3i m\u1ec1m , sau \u0111\u00f3 r\u1eeda l\u1ea1i.<\/p>\n<p><strong>V\u1ec6 SINH B\u1ec2 CH\u1ee8A: <\/strong>Phun ho\u1eb7c lau to\u00e0n b\u1ed9 b\u1ec1 m\u1eb7t c\u1ea7n l\u00e0m s\u1ea1ch v\u1edbi <strong>A-515<\/strong> nguy\u00ean ch\u1ea5t, ch\u1edd t\u1eeb 10 t\u1edbi 20 ph\u00fat, sau \u0111\u00f3 x\u1ecbt to\u00e0n b\u1ed9 b\u1ec1 m\u1eb7t b\u1eb1ng m\u1ed9t c\u00e1i v\u00f2i \u00e1p su\u1ea5t, b\u01a1m dung d\u1ecbch ra v\u00e0 \u0111\u1ec3 kh\u00f4 b\u1ec3 ch\u1ee9a.<\/p>\n<p>&nbsp;<\/p>\n<p>&nbsp;<\/p>\n<p>&nbsp;<\/p>\n<p>&nbsp;<\/p>","protected":false},"excerpt":{"rendered":"<p>A-515 ch\u1ee9a dung m\u00f4i, ch\u1ea5t t\u1ea1o nh\u0169, ch\u1ea5t ho\u1ea1t \u0111\u1ed9ng b\u1ec1 m\u1eb7t \u0111\u1ec3 lo\u1ea1i b\u1ecf c\u00e1c ch\u1ea5t d\u1ea7u nh\u1eddn, ch\u1ea5t b\u1ea9n, than carbon, v\u00e0 c\u00e1c ch\u1ea5t b\u1ea9n kh\u00e1c c\u1ee7a thi\u1ebft b\u1ecb m\u00e1y m\u00f3c, bu\u1ed3ng \u0111\u1ed9ng c\u01a1, kho b\u00e3i, \u0111\u00e1y t\u00e0u, boong t\u00e0u, s\u00e0n t\u00e0u, m\u00e1y \u00e9p, b\u1ed9 t\u1ea3n nhi\u1ec7t, b\u1ec3 ch\u1ee9a d\u1ea7u v\u00e0 c\u00e1c b\u1ec1 m\u1eb7t kim lo\u1ea1i.<\/p>\n<p>&nbsp;<\/p>\n<p>&nbsp;<\/p>","protected":false},"featured_media":603,"comment_status":"open","ping_status":"closed","template":"","meta":[],"product_cat":[18,27],"product_tag":[140,138,124,141,122,139],"class_list":{"0":"post-552","1":"product","2":"type-product","3":"status-publish","4":"has-post-thumbnail","6":"product_cat-hoa-chat-hang-hai","7":"product_cat-hoa-chat-tay-rua","8":"product_tag-chat-tay-dau-nhon","9":"product_tag-chat-tay-rua","10":"product_tag-chat-tay-rua-cong-nghiep","11":"product_tag-chat-tay-than-cacbon","12":"product_tag-hoa-chat-cong-nghiep","13":"product_tag-tay-dau-nhon","15":"first","16":"instock","17":"shipping-taxable","18":"product-type-simple"},"yoast_head":"<!-- This site is optimized with the Yoast SEO plugin v24.1 - https:\/\/yoast.com\/wordpress\/plugins\/seo\/ -->\n<title>T\u1ea8Y NH\u1edcN, D\u1ea6U, C\u1eb6N B\u1ea8N: A-515 DEGREASER GP: | C\u00d4NG TY TNHH BULK TRADE (VIET)<\/title>\n<meta name=\"description\" content=\"A-515 ch\u1ee9a dung m\u00f4i, ch\u1ea5t t\u1ea1o nh\u0169, ch\u1ea5t ho\u1ea1t \u0111\u1ed9ng b\u1ec1 m\u1eb7t \u0111\u1ec3 lo\u1ea1i b\u1ecf c\u00e1c ch\u1ea5t d\u1ea7u nh\u1eddn, ch\u1ea5t b\u1ea9n, than carbon, v\u00e0 c\u00e1c ch\u1ea5t b\u1ea9n kh\u00e1c c\u1ee7a thi\u1ebft b\u1ecb m\u00e1y m\u00f3c, bu\u1ed3ng \u0111\u1ed9ng c\u01a1, kho b\u00e3i, \u0111\u00e1y t\u00e0u, boong t\u00e0u, s\u00e0n t\u00e0u, m\u00e1y \u00e9p, b\u1ed9 t\u1ea3n nhi\u1ec7t, b\u1ec3 ch\u1ee9a d\u1ea7u v\u00e0 c\u00e1c b\u1ec1 m\u1eb7t kim lo\u1ea1i.\" \/>\n<meta name=\"robots\" content=\"index, follow, max-snippet:-1, max-image-preview:large, max-video-preview:-1\" \/>\n<link rel=\"canonical\" href=\"https:\/\/bulktradeviet.com\/en\/product\/a-515-degreaser-gp\/\" \/>\n<meta property=\"og:locale\" content=\"en_US\" \/>\n<meta property=\"og:type\" content=\"article\" \/>\n<meta property=\"og:title\" content=\"T\u1ea8Y NH\u1edcN, D\u1ea6U, C\u1eb6N B\u1ea8N: A-515 DEGREASER GP: | C\u00d4NG TY TNHH BULK TRADE (VIET)\" \/>\n<meta property=\"og:description\" content=\"A-515 ch\u1ee9a dung m\u00f4i, ch\u1ea5t t\u1ea1o nh\u0169, ch\u1ea5t ho\u1ea1t \u0111\u1ed9ng b\u1ec1 m\u1eb7t \u0111\u1ec3 lo\u1ea1i b\u1ecf c\u00e1c ch\u1ea5t d\u1ea7u nh\u1eddn, ch\u1ea5t b\u1ea9n, than carbon, v\u00e0 c\u00e1c ch\u1ea5t b\u1ea9n kh\u00e1c c\u1ee7a thi\u1ebft b\u1ecb m\u00e1y m\u00f3c, bu\u1ed3ng \u0111\u1ed9ng c\u01a1, kho b\u00e3i, \u0111\u00e1y t\u00e0u, boong t\u00e0u, s\u00e0n t\u00e0u, m\u00e1y \u00e9p, b\u1ed9 t\u1ea3n nhi\u1ec7t, b\u1ec3 ch\u1ee9a d\u1ea7u v\u00e0 c\u00e1c b\u1ec1 m\u1eb7t kim lo\u1ea1i.\" \/>\n<meta property=\"og:url\" content=\"https:\/\/bulktradeviet.com\/en\/product\/a-515-degreaser-gp\/\" \/>\n<meta property=\"og:site_name\" content=\"C\u00d4NG TY TNHH BULK TRADE (VIET)\" \/>\n<meta property=\"article:modified_time\" content=\"2024-03-25T04:10:19+00:00\" \/>\n<meta property=\"og:image\" content=\"https:\/\/bulktradeviet.com\/wp-content\/uploads\/2020\/03\/A-515.jpg\" \/>\n\t<meta property=\"og:image:width\" content=\"2000\" \/>\n\t<meta property=\"og:image:height\" content=\"2000\" \/>\n\t<meta property=\"og:image:type\" content=\"image\/jpeg\" \/>\n<meta name=\"twitter:card\" content=\"summary_large_image\" \/>\n<meta name=\"twitter:label1\" content=\"Est. reading time\" \/>\n\t<meta name=\"twitter:data1\" content=\"3 minutes\" \/>\n<script type=\"application\/ld+json\" class=\"yoast-schema-graph\">{\"@context\":\"https:\/\/schema.org\",\"@graph\":[{\"@type\":\"WebPage\",\"@id\":\"https:\/\/bulktradeviet.com\/en\/product\/a-515-degreaser-gp\/\",\"url\":\"https:\/\/bulktradeviet.com\/en\/product\/a-515-degreaser-gp\/\",\"name\":\"T\u1ea8Y NH\u1edcN, D\u1ea6U, C\u1eb6N B\u1ea8N: A-515 DEGREASER GP: | C\u00d4NG TY TNHH BULK TRADE (VIET)\",\"isPartOf\":{\"@id\":\"https:\/\/bulktradeviet.com\/en\/#website\"},\"primaryImageOfPage\":{\"@id\":\"https:\/\/bulktradeviet.com\/en\/product\/a-515-degreaser-gp\/#primaryimage\"},\"image\":{\"@id\":\"https:\/\/bulktradeviet.com\/en\/product\/a-515-degreaser-gp\/#primaryimage\"},\"thumbnailUrl\":\"https:\/\/bulktradeviet.com\/wp-content\/uploads\/2020\/03\/A-515.jpg\",\"datePublished\":\"2020-03-24T15:50:07+00:00\",\"dateModified\":\"2024-03-25T04:10:19+00:00\",\"description\":\"A-515 ch\u1ee9a dung m\u00f4i, ch\u1ea5t t\u1ea1o nh\u0169, ch\u1ea5t ho\u1ea1t \u0111\u1ed9ng b\u1ec1 m\u1eb7t \u0111\u1ec3 lo\u1ea1i b\u1ecf c\u00e1c ch\u1ea5t d\u1ea7u nh\u1eddn, ch\u1ea5t b\u1ea9n, than carbon, v\u00e0 c\u00e1c ch\u1ea5t b\u1ea9n kh\u00e1c c\u1ee7a thi\u1ebft b\u1ecb m\u00e1y m\u00f3c, bu\u1ed3ng \u0111\u1ed9ng c\u01a1, kho b\u00e3i, \u0111\u00e1y t\u00e0u, boong t\u00e0u, s\u00e0n t\u00e0u, m\u00e1y \u00e9p, b\u1ed9 t\u1ea3n nhi\u1ec7t, b\u1ec3 ch\u1ee9a d\u1ea7u v\u00e0 c\u00e1c b\u1ec1 m\u1eb7t kim lo\u1ea1i.\",\"breadcrumb\":{\"@id\":\"https:\/\/bulktradeviet.com\/en\/product\/a-515-degreaser-gp\/#breadcrumb\"},\"inLanguage\":\"en-US\",\"potentialAction\":[{\"@type\":\"ReadAction\",\"target\":[\"https:\/\/bulktradeviet.com\/en\/product\/a-515-degreaser-gp\/\"]}]},{\"@type\":\"ImageObject\",\"inLanguage\":\"en-US\",\"@id\":\"https:\/\/bulktradeviet.com\/en\/product\/a-515-degreaser-gp\/#primaryimage\",\"url\":\"https:\/\/bulktradeviet.com\/wp-content\/uploads\/2020\/03\/A-515.jpg\",\"contentUrl\":\"https:\/\/bulktradeviet.com\/wp-content\/uploads\/2020\/03\/A-515.jpg\",\"width\":2000,\"height\":2000},{\"@type\":\"BreadcrumbList\",\"@id\":\"https:\/\/bulktradeviet.com\/en\/product\/a-515-degreaser-gp\/#breadcrumb\",\"itemListElement\":[{\"@type\":\"ListItem\",\"position\":1,\"name\":\"Trang ch\u1ee7\",\"item\":\"https:\/\/bulktradeviet.com\/en\/\"},{\"@type\":\"ListItem\",\"position\":2,\"name\":\"Products\",\"item\":\"https:\/\/bulktradeviet.com\/en\/shop\/\"},{\"@type\":\"ListItem\",\"position\":3,\"name\":\"T\u1ea8Y NH\u1edcN, D\u1ea6U, C\u1eb6N B\u1ea8N: A-515 DEGREASER GP:\"}]},{\"@type\":\"WebSite\",\"@id\":\"https:\/\/bulktradeviet.com\/en\/#website\",\"url\":\"https:\/\/bulktradeviet.com\/en\/\",\"name\":\"C\u00d4NG TY TNHH BULK TRADE (VIET)\",\"description\":\"Nh\u1eadp Kh\u1ea9u Ph\u00e2n Ph\u1ed1i H\u00f3a Ch\u1ea5t C\u00f4ng Nghi\u1ec7p\",\"potentialAction\":[{\"@type\":\"SearchAction\",\"target\":{\"@type\":\"EntryPoint\",\"urlTemplate\":\"https:\/\/bulktradeviet.com\/en\/?s={search_term_string}\"},\"query-input\":{\"@type\":\"PropertyValueSpecification\",\"valueRequired\":true,\"valueName\":\"search_term_string\"}}],\"inLanguage\":\"en-US\"}]}<\/script>\n<!-- \/ Yoast SEO plugin. -->","yoast_head_json":{"title":"T\u1ea8Y NH\u1edcN, D\u1ea6U, C\u1eb6N B\u1ea8N: A-515 DEGREASER GP: | C\u00d4NG TY TNHH BULK TRADE (VIET)","description":"A-515 ch\u1ee9a dung m\u00f4i, ch\u1ea5t t\u1ea1o nh\u0169, ch\u1ea5t ho\u1ea1t \u0111\u1ed9ng b\u1ec1 m\u1eb7t \u0111\u1ec3 lo\u1ea1i b\u1ecf c\u00e1c ch\u1ea5t d\u1ea7u nh\u1eddn, ch\u1ea5t b\u1ea9n, than carbon, v\u00e0 c\u00e1c ch\u1ea5t b\u1ea9n kh\u00e1c c\u1ee7a thi\u1ebft b\u1ecb m\u00e1y m\u00f3c, bu\u1ed3ng \u0111\u1ed9ng c\u01a1, kho b\u00e3i, \u0111\u00e1y t\u00e0u, boong t\u00e0u, s\u00e0n t\u00e0u, m\u00e1y \u00e9p, b\u1ed9 t\u1ea3n nhi\u1ec7t, b\u1ec3 ch\u1ee9a d\u1ea7u v\u00e0 c\u00e1c b\u1ec1 m\u1eb7t kim lo\u1ea1i.","robots":{"index":"index","follow":"follow","max-snippet":"max-snippet:-1","max-image-preview":"max-image-preview:large","max-video-preview":"max-video-preview:-1"},"canonical":"https:\/\/bulktradeviet.com\/en\/product\/a-515-degreaser-gp\/","og_locale":"en_US","og_type":"article","og_title":"T\u1ea8Y NH\u1edcN, D\u1ea6U, C\u1eb6N B\u1ea8N: A-515 DEGREASER GP: | C\u00d4NG TY TNHH BULK TRADE (VIET)","og_description":"A-515 ch\u1ee9a dung m\u00f4i, ch\u1ea5t t\u1ea1o nh\u0169, ch\u1ea5t ho\u1ea1t \u0111\u1ed9ng b\u1ec1 m\u1eb7t \u0111\u1ec3 lo\u1ea1i b\u1ecf c\u00e1c ch\u1ea5t d\u1ea7u nh\u1eddn, ch\u1ea5t b\u1ea9n, than carbon, v\u00e0 c\u00e1c ch\u1ea5t b\u1ea9n kh\u00e1c c\u1ee7a thi\u1ebft b\u1ecb m\u00e1y m\u00f3c, bu\u1ed3ng \u0111\u1ed9ng c\u01a1, kho b\u00e3i, \u0111\u00e1y t\u00e0u, boong t\u00e0u, s\u00e0n t\u00e0u, m\u00e1y \u00e9p, b\u1ed9 t\u1ea3n nhi\u1ec7t, b\u1ec3 ch\u1ee9a d\u1ea7u v\u00e0 c\u00e1c b\u1ec1 m\u1eb7t kim lo\u1ea1i.","og_url":"https:\/\/bulktradeviet.com\/en\/product\/a-515-degreaser-gp\/","og_site_name":"C\u00d4NG TY TNHH BULK TRADE (VIET)","article_modified_time":"2024-03-25T04:10:19+00:00","og_image":[{"width":2000,"height":2000,"url":"https:\/\/bulktradeviet.com\/wp-content\/uploads\/2020\/03\/A-515.jpg","type":"image\/jpeg"}],"twitter_card":"summary_large_image","twitter_misc":{"Est. reading time":"3 minutes"},"schema":{"@context":"https:\/\/schema.org","@graph":[{"@type":"WebPage","@id":"https:\/\/bulktradeviet.com\/en\/product\/a-515-degreaser-gp\/","url":"https:\/\/bulktradeviet.com\/en\/product\/a-515-degreaser-gp\/","name":"T\u1ea8Y NH\u1edcN, D\u1ea6U, C\u1eb6N B\u1ea8N: A-515 DEGREASER GP: | C\u00d4NG TY TNHH BULK TRADE (VIET)","isPartOf":{"@id":"https:\/\/bulktradeviet.com\/en\/#website"},"primaryImageOfPage":{"@id":"https:\/\/bulktradeviet.com\/en\/product\/a-515-degreaser-gp\/#primaryimage"},"image":{"@id":"https:\/\/bulktradeviet.com\/en\/product\/a-515-degreaser-gp\/#primaryimage"},"thumbnailUrl":"https:\/\/bulktradeviet.com\/wp-content\/uploads\/2020\/03\/A-515.jpg","datePublished":"2020-03-24T15:50:07+00:00","dateModified":"2024-03-25T04:10:19+00:00","description":"A-515 ch\u1ee9a dung m\u00f4i, ch\u1ea5t t\u1ea1o nh\u0169, ch\u1ea5t ho\u1ea1t \u0111\u1ed9ng b\u1ec1 m\u1eb7t \u0111\u1ec3 lo\u1ea1i b\u1ecf c\u00e1c ch\u1ea5t d\u1ea7u nh\u1eddn, ch\u1ea5t b\u1ea9n, than carbon, v\u00e0 c\u00e1c ch\u1ea5t b\u1ea9n kh\u00e1c c\u1ee7a thi\u1ebft b\u1ecb m\u00e1y m\u00f3c, bu\u1ed3ng \u0111\u1ed9ng c\u01a1, kho b\u00e3i, \u0111\u00e1y t\u00e0u, boong t\u00e0u, s\u00e0n t\u00e0u, m\u00e1y \u00e9p, b\u1ed9 t\u1ea3n nhi\u1ec7t, b\u1ec3 ch\u1ee9a d\u1ea7u v\u00e0 c\u00e1c b\u1ec1 m\u1eb7t kim lo\u1ea1i.","breadcrumb":{"@id":"https:\/\/bulktradeviet.com\/en\/product\/a-515-degreaser-gp\/#breadcrumb"},"inLanguage":"en-US","potentialAction":[{"@type":"ReadAction","target":["https:\/\/bulktradeviet.com\/en\/product\/a-515-degreaser-gp\/"]}]},{"@type":"ImageObject","inLanguage":"en-US","@id":"https:\/\/bulktradeviet.com\/en\/product\/a-515-degreaser-gp\/#primaryimage","url":"https:\/\/bulktradeviet.com\/wp-content\/uploads\/2020\/03\/A-515.jpg","contentUrl":"https:\/\/bulktradeviet.com\/wp-content\/uploads\/2020\/03\/A-515.jpg","width":2000,"height":2000},{"@type":"BreadcrumbList","@id":"https:\/\/bulktradeviet.com\/en\/product\/a-515-degreaser-gp\/#breadcrumb","itemListElement":[{"@type":"ListItem","position":1,"name":"Trang ch\u1ee7","item":"https:\/\/bulktradeviet.com\/en\/"},{"@type":"ListItem","position":2,"name":"Products","item":"https:\/\/bulktradeviet.com\/en\/shop\/"},{"@type":"ListItem","position":3,"name":"T\u1ea8Y NH\u1edcN, D\u1ea6U, C\u1eb6N B\u1ea8N: A-515 DEGREASER GP:"}]},{"@type":"WebSite","@id":"https:\/\/bulktradeviet.com\/en\/#website","url":"https:\/\/bulktradeviet.com\/en\/","name":"C\u00d4NG TY TNHH BULK TRADE (VIET)","description":"Nh\u1eadp Kh\u1ea9u Ph\u00e2n Ph\u1ed1i H\u00f3a Ch\u1ea5t C\u00f4ng Nghi\u1ec7p","potentialAction":[{"@type":"SearchAction","target":{"@type":"EntryPoint","urlTemplate":"https:\/\/bulktradeviet.com\/en\/?s={search_term_string}"},"query-input":{"@type":"PropertyValueSpecification","valueRequired":true,"valueName":"search_term_string"}}],"inLanguage":"en-US"}]}},"_links":{"self":[{"href":"https:\/\/bulktradeviet.com\/en\/wp-json\/wp\/v2\/product\/552","targetHints":{"allow":["GET"]}}],"collection":[{"href":"https:\/\/bulktradeviet.com\/en\/wp-json\/wp\/v2\/product"}],"about":[{"href":"https:\/\/bulktradeviet.com\/en\/wp-json\/wp\/v2\/types\/product"}],"replies":[{"embeddable":true,"href":"https:\/\/bulktradeviet.com\/en\/wp-json\/wp\/v2\/comments?post=552"}],"wp:featuredmedia":[{"embeddable":true,"href":"https:\/\/bulktradeviet.com\/en\/wp-json\/wp\/v2\/media\/603"}],"wp:attachment":[{"href":"https:\/\/bulktradeviet.com\/en\/wp-json\/wp\/v2\/media?parent=552"}],"wp:term":[{"taxonomy":"product_cat","embeddable":true,"href":"https:\/\/bulktradeviet.com\/en\/wp-json\/wp\/v2\/product_cat?post=552"},{"taxonomy":"product_tag","embeddable":true,"href":"https:\/\/bulktradeviet.com\/en\/wp-json\/wp\/v2\/product_tag?post=552"}],"curies":[{"name":"wp","href":"https:\/\/api.w.org\/{rel}","templated":true}]}}