{"id":550,"date":"2020-03-24T15:39:47","date_gmt":"2020-03-24T15:39:47","guid":{"rendered":"https:\/\/bulktradeviet.com\/?post_type=product&#038;p=550"},"modified":"2025-10-08T19:05:48","modified_gmt":"2025-10-08T19:05:48","slug":"ve-sinh-dong-co-dien-a-533-electric-clean-fd","status":"publish","type":"product","link":"https:\/\/bulktradeviet.com\/en\/product\/ve-sinh-dong-co-dien-a-533-electric-clean-fd\/","title":{"rendered":"V\u1ec6 SINH \u0110\u1ed8NG C\u01a0 \u0110I\u1ec6N: A-533 ELECTRIC CLEAN-FD"},"content":{"rendered":"<h1><strong>A-533 ELECTRIC CLEAN-FD<\/strong><\/h1>\n<ul>\n<li>\n<h5><strong>L\u00c0 DUNG M\u00d4I AN TO\u00c0N KHI S\u1eec D\u1ee4NG, KH\u00d4NG B\u1eaeT CH\u00c1Y <\/strong><\/h5>\n<\/li>\n<li>\n<h5><strong>L\u00c0M S\u1ea0CH D\u1ea6U, M\u1ee0, C\u00c1C CH\u1ea4T B\u1ea8N NHANH CH\u00d3NG V\u00c0 HI\u1ec6U QU\u1ea2<\/strong><\/h5>\n<\/li>\n<li>\n<h5><em><strong>T\u1ea8Y D\u1ea6U NH\u1edcN KIM LO\u1ea0I<\/strong><\/em><\/h5>\n<\/li>\n<li>\n<h5><strong>C\u00d3 T\u00cdNH C\u00c1CH NHI\u1ec6T T\u1ed0T H\u01a0N<\/strong><\/h5>\n<\/li>\n<li>\n<h5><strong>C\u00d3 HI\u1ec6U QU\u1ea2 KINH T\u1ebe<\/strong><strong style=\"color: #555555\">\u00a0<\/strong><\/h5>\n<\/li>\n<\/ul>\n<h4><strong><u>M\u00d4 T\u1ea2<\/u><\/strong><\/h4>\n<p><strong>A-533 <\/strong>chuy\u00ean \u0111\u01b0\u1ee3c s\u1eed d\u1ee5ng \u0111\u1ec3 t\u1ea9y r\u1eeda \u1edf nh\u1eefng n\u01a1i m\u00e0 s\u1eed d\u1ee5ng n\u01b0\u1edbc l\u00e0 kh\u00f4ng ph\u00f9 h\u1ee3p ho\u1eb7c nguy h\u1ea1i<strong>. A-533<\/strong> c\u00f3 t\u00e1c d\u1ee5ng th\u00e2m nh\u1eadp m\u1ea1nh m\u1ebd, l\u00e0m s\u1ea1ch c\u00e1c lo\u1ea1i d\u1ea7u, m\u1ee1, b\u1ea9n, s\u00e1p v\u00e0 c\u00e1c h\u1ea1t c\u1eb7n carbon kh\u00f4ng mong mu\u1ed1n \u1edf c\u00e1c b\u1ed9 ph\u1eadn \u0111i\u1ec7n, c\u00e1c b\u1ed9 ph\u1eadn kim lo\u1ea1i, m\u00e1y m\u00f3c\u2026<\/p>\n<h4><strong><u>C\u00d4NG D\u1ee4NG V\u00c0 \u0110\u1eb6C \u0110I\u1ec2M C\u1ee6A S\u1ea2N PH\u1ea8M<\/u><\/strong><\/h4>\n<p><strong>A-533 <\/strong>l\u00e0 dung m\u00f4i l\u1ecfng c\u00f3 t\u00e1c d\u1ee5ng l\u00e0m s\u1ea1ch v\u1eadt li\u1ec7u, nhanh kh\u00f4, \u0111\u01b0\u1ee3c s\u1ea3n xu\u1ea5t chuy\u00ean d\u1ee5ng \u0111\u1ec3 lo\u1ea1i b\u1ecf t\u1ea1p ch\u1ea5t kh\u1ecfi c\u00e1c \u0111\u1ed9ng c\u01a1 \u0111i\u1ec7n, c\u00e1c b\u1ed9 ph\u1eadn \u0111i\u1ec7n\u2026<\/p>\n<p><strong><u>H\u01af\u1edaNG D\u1eaaN S\u1eec D\u1ee4NG<\/u><\/strong><\/p>\n<p><strong>A-533 ch\u1ec9 c\u00f3 th\u1ec3 \u0111\u01b0\u1ee3c s\u1eed d\u1ee5ng trong c\u00e1c khu v\u1ef1c tho\u00e1ng kh\u00ed t\u1ed1t. <\/strong>S\u1eed d\u1ee5ng <strong>A-533<\/strong> nguy\u00ean ch\u1ea5t phun, s\u1ed1c trong b\u1ec3, ho\u1eb7c ch\u00e0 l\u00ean b\u1ec1 m\u1eb7t c\u1ea7n l\u00e0m s\u1ea1ch, d\u00f9ng cho c\u00e1c \u0111\u1ed9ng c\u01a1 \u0111i\u1ec7n, m\u00e1y m\u00f3c, v\u1eadt li\u1ec7u h\u00ecnh xo\u1eafn \u1ed1c, c\u00f4ng t\u1eafc \u0111i\u1ec7n, c\u1ea7u dao v\u00e0 c\u00e1c thi\u1ebft b\u1ecb \u0111i\u1ec7n kh\u00e1c\u2026 C\u1ea7n t\u1eeb 5 t\u1edbi 10 ph\u00fat ti\u1ebfp x\u00fac \u0111\u1ec3 <strong>A-533<\/strong> ph\u00e1t huy hi\u1ec7u qu\u1ea3. S\u1eed d\u1ee5ng s\u00fang kh\u00ed \u00e1p su\u1ea5t th\u1ed5i bay c\u1eb7n b\u1ea9n v\u00e0 gi\u00fap kh\u00f4 nhanh h\u01a1n. <strong>A-533<\/strong> c\u00f3 th\u1ec3 \u1ea3nh h\u01b0\u1edfng \u0111\u1ebfn m\u1ed9t s\u1ed1 lo\u1ea1i cao su ho\u1eb7c nh\u1ef1a d\u1ebbo c\u1ee7a v\u1eadt c\u1ea7n l\u00e0m s\u1ea1ch, do \u0111\u00f3 ng\u01b0\u1eddi s\u1eed d\u1ee5ng \u0111\u01b0\u1ee3c khuy\u1ebfn c\u00e1o c\u1ea7n th\u1eed nghi\u1ec7m tr\u01b0\u1edbc tr\u00ean m\u1ed9t di\u1ec7n t\u00edch nh\u1ecf thi\u1ebft b\u1ecb tr\u01b0\u1edbc khi d\u00f9ng.<\/p>\n<p><strong><u>T\u00cdNH HI\u1ec6U QU\u1ea2<\/u><\/strong><\/p>\n<p><strong>Kh\u1ea3 n\u0103ng th\u1ea5m \u01b0\u1edbt tuy\u1ec7t v\u1eddi: A-533 <\/strong>c\u00f3 s\u1ee9c c\u0103ng b\u1ec1 m\u1eb7t th\u1ea5p, x\u00e2m nh\u1eadp s\u00e2u v\u00e0o b\u00ean trong nh\u1eefng k\u1ebb h\u1edf v\u00e0 kho\u1ea3ng r\u1ed7ng c\u1ee7a thi\u1ebft b\u1ecb \u0111\u1ec3 d\u1ec5 d\u00e0ng h\u00fat \u0111\u01b0\u1ee3c c\u1eb7n d\u1ea7u, nh\u1eddn r\u1ed3i h\u00f2a tan ch\u00fang.<\/p>\n<p><strong>Nhanh kh\u00f4<\/strong>: V\u1eadt sau x\u1eed l\u00fd kh\u00f4 nhanh ch\u00f3ng, kh\u00f4ng ph\u1ea3i ch\u1edd l\u00e2u gi\u00fap t\u0103ng n\u0103ng l\u1ef1c thi\u1ebft b\u1ecb.<\/p>\n<p><strong>N\u0103ng l\u01b0\u1ee3ng<\/strong>: <strong>A-533<\/strong> c\u00f3 nhi\u1ec7t \u0111\u1ed9 s\u00f4i (87<sup>o<\/sup>C) v\u00e0 nhi\u1ec7t l\u01b0\u1ee3ng bay h\u01a1i th\u1ea5p n\u00ean s\u1eed d\u1ee5ng <strong>A-533<\/strong> gi\u00fap gi\u1ea3m \u0111\u01b0\u1ee3c m\u1ee9c ti\u00eau hao n\u0103ng l\u01b0\u1ee3ng xu\u1ed1ng t\u1ed1i m\u1ee9c thi\u1ec3u.<\/p>\n<p>&nbsp;<\/p>\n<p>&nbsp;<\/p>\n<p>&nbsp;<\/p>\n<p>&nbsp;<\/p>","protected":false},"excerpt":{"rendered":"<p><strong>A-533 <\/strong>chuy\u00ean \u0111\u01b0\u1ee3c s\u1eed d\u1ee5ng \u0111\u1ec3 t\u1ea9y r\u1eeda \u1edf nh\u1eefng n\u01a1i m\u00e0 s\u1eed d\u1ee5ng n\u01b0\u1edbc l\u00e0 kh\u00f4ng ph\u00f9 h\u1ee3p ho\u1eb7c nguy h\u1ea1i<strong>. A-533<\/strong> c\u00f3 t\u00e1c d\u1ee5ng th\u00e2m nh\u1eadp m\u1ea1nh m\u1ebd, l\u00e0m s\u1ea1ch c\u00e1c lo\u1ea1i d\u1ea7u, m\u1ee1, b\u1ea9n, s\u00e1p v\u00e0 c\u00e1c h\u1ea1t c\u1eb7n carbon kh\u00f4ng mong mu\u1ed1n \u1edf c\u00e1c b\u1ed9 ph\u1eadn \u0111i\u1ec7n, c\u00e1c b\u1ed9 ph\u1eadn kim lo\u1ea1i, m\u00e1y m\u00f3c\u2026<\/p>\n<p>&nbsp;<\/p>\n<p>&nbsp;<\/p>","protected":false},"featured_media":599,"comment_status":"open","ping_status":"closed","template":"","meta":[],"product_cat":[18,27,32],"product_tag":[138,124,122,137,99,136],"class_list":{"0":"post-550","1":"product","2":"type-product","3":"status-publish","4":"has-post-thumbnail","6":"product_cat-hoa-chat-hang-hai","7":"product_cat-hoa-chat-tay-rua","8":"product_cat-hoa-chat-tong-hop","9":"product_tag-chat-tay-rua","10":"product_tag-chat-tay-rua-cong-nghiep","11":"product_tag-hoa-chat-cong-nghiep","12":"product_tag-tay-can-cacbon","13":"product_tag-tay-dau-mo","14":"product_tag-ve-sinh-dong-co-dien","16":"first","17":"instock","18":"shipping-taxable","19":"product-type-simple"},"yoast_head":"<!-- This site is optimized with the Yoast SEO plugin v24.1 - https:\/\/yoast.com\/wordpress\/plugins\/seo\/ -->\n<title>V\u1ec6 SINH \u0110\u1ed8NG C\u01a0 \u0110I\u1ec6N: A-533 ELECTRIC CLEAN-FD | C\u00d4NG TY TNHH BULK TRADE (VIET)<\/title>\n<meta name=\"description\" content=\"A-533 chuy\u00ean \u0111\u01b0\u1ee3c s\u1eed d\u1ee5ng \u0111\u1ec3 t\u1ea9y r\u1eeda \u1edf nh\u1eefng n\u01a1i m\u00e0 s\u1eed d\u1ee5ng n\u01b0\u1edbc l\u00e0 kh\u00f4ng ph\u00f9 h\u1ee3p ho\u1eb7c nguy h\u1ea1i. A-533 c\u00f3 t\u00e1c d\u1ee5ng th\u00e2m nh\u1eadp m\u1ea1nh m\u1ebd, l\u00e0m s\u1ea1ch c\u00e1c lo\u1ea1i d\u1ea7u, m\u1ee1, b\u1ea9n, s\u00e1p v\u00e0 c\u00e1c h\u1ea1t c\u1eb7n carbon kh\u00f4ng mong mu\u1ed1n \u1edf c\u00e1c b\u1ed9 ph\u1eadn \u0111i\u1ec7n, c\u00e1c b\u1ed9 ph\u1eadn kim lo\u1ea1i, m\u00e1y m\u00f3c\u2026\" \/>\n<meta name=\"robots\" content=\"index, follow, max-snippet:-1, max-image-preview:large, max-video-preview:-1\" \/>\n<link rel=\"canonical\" href=\"https:\/\/bulktradeviet.com\/en\/product\/ve-sinh-dong-co-dien-a-533-electric-clean-fd\/\" \/>\n<meta property=\"og:locale\" content=\"en_US\" \/>\n<meta property=\"og:type\" content=\"article\" \/>\n<meta property=\"og:title\" content=\"V\u1ec6 SINH \u0110\u1ed8NG C\u01a0 \u0110I\u1ec6N: A-533 ELECTRIC CLEAN-FD | C\u00d4NG TY TNHH BULK TRADE (VIET)\" \/>\n<meta property=\"og:description\" content=\"A-533 chuy\u00ean \u0111\u01b0\u1ee3c s\u1eed d\u1ee5ng \u0111\u1ec3 t\u1ea9y r\u1eeda \u1edf nh\u1eefng n\u01a1i m\u00e0 s\u1eed d\u1ee5ng n\u01b0\u1edbc l\u00e0 kh\u00f4ng ph\u00f9 h\u1ee3p ho\u1eb7c nguy h\u1ea1i. A-533 c\u00f3 t\u00e1c d\u1ee5ng th\u00e2m nh\u1eadp m\u1ea1nh m\u1ebd, l\u00e0m s\u1ea1ch c\u00e1c lo\u1ea1i d\u1ea7u, m\u1ee1, b\u1ea9n, s\u00e1p v\u00e0 c\u00e1c h\u1ea1t c\u1eb7n carbon kh\u00f4ng mong mu\u1ed1n \u1edf c\u00e1c b\u1ed9 ph\u1eadn \u0111i\u1ec7n, c\u00e1c b\u1ed9 ph\u1eadn kim lo\u1ea1i, m\u00e1y m\u00f3c\u2026\" \/>\n<meta property=\"og:url\" content=\"https:\/\/bulktradeviet.com\/en\/product\/ve-sinh-dong-co-dien-a-533-electric-clean-fd\/\" \/>\n<meta property=\"og:site_name\" content=\"C\u00d4NG TY TNHH BULK TRADE (VIET)\" \/>\n<meta property=\"article:modified_time\" content=\"2025-10-08T19:05:48+00:00\" \/>\n<meta property=\"og:image\" content=\"https:\/\/bulktradeviet.com\/wp-content\/uploads\/2020\/03\/A-533.jpg\" \/>\n\t<meta property=\"og:image:width\" content=\"2000\" \/>\n\t<meta property=\"og:image:height\" content=\"2000\" \/>\n\t<meta property=\"og:image:type\" content=\"image\/jpeg\" \/>\n<meta name=\"twitter:card\" content=\"summary_large_image\" \/>\n<meta name=\"twitter:label1\" content=\"Est. reading time\" \/>\n\t<meta name=\"twitter:data1\" content=\"3 minutes\" \/>\n<script type=\"application\/ld+json\" class=\"yoast-schema-graph\">{\"@context\":\"https:\/\/schema.org\",\"@graph\":[{\"@type\":\"WebPage\",\"@id\":\"https:\/\/bulktradeviet.com\/en\/product\/ve-sinh-dong-co-dien-a-533-electric-clean-fd\/\",\"url\":\"https:\/\/bulktradeviet.com\/en\/product\/ve-sinh-dong-co-dien-a-533-electric-clean-fd\/\",\"name\":\"V\u1ec6 SINH \u0110\u1ed8NG C\u01a0 \u0110I\u1ec6N: A-533 ELECTRIC CLEAN-FD | C\u00d4NG TY TNHH BULK TRADE (VIET)\",\"isPartOf\":{\"@id\":\"https:\/\/bulktradeviet.com\/en\/#website\"},\"primaryImageOfPage\":{\"@id\":\"https:\/\/bulktradeviet.com\/en\/product\/ve-sinh-dong-co-dien-a-533-electric-clean-fd\/#primaryimage\"},\"image\":{\"@id\":\"https:\/\/bulktradeviet.com\/en\/product\/ve-sinh-dong-co-dien-a-533-electric-clean-fd\/#primaryimage\"},\"thumbnailUrl\":\"https:\/\/bulktradeviet.com\/wp-content\/uploads\/2020\/03\/A-533.jpg\",\"datePublished\":\"2020-03-24T15:39:47+00:00\",\"dateModified\":\"2025-10-08T19:05:48+00:00\",\"description\":\"A-533 chuy\u00ean \u0111\u01b0\u1ee3c s\u1eed d\u1ee5ng \u0111\u1ec3 t\u1ea9y r\u1eeda \u1edf nh\u1eefng n\u01a1i m\u00e0 s\u1eed d\u1ee5ng n\u01b0\u1edbc l\u00e0 kh\u00f4ng ph\u00f9 h\u1ee3p ho\u1eb7c nguy h\u1ea1i. A-533 c\u00f3 t\u00e1c d\u1ee5ng th\u00e2m nh\u1eadp m\u1ea1nh m\u1ebd, l\u00e0m s\u1ea1ch c\u00e1c lo\u1ea1i d\u1ea7u, m\u1ee1, b\u1ea9n, s\u00e1p v\u00e0 c\u00e1c h\u1ea1t c\u1eb7n carbon kh\u00f4ng mong mu\u1ed1n \u1edf c\u00e1c b\u1ed9 ph\u1eadn \u0111i\u1ec7n, c\u00e1c b\u1ed9 ph\u1eadn kim lo\u1ea1i, m\u00e1y m\u00f3c\u2026\",\"breadcrumb\":{\"@id\":\"https:\/\/bulktradeviet.com\/en\/product\/ve-sinh-dong-co-dien-a-533-electric-clean-fd\/#breadcrumb\"},\"inLanguage\":\"en-US\",\"potentialAction\":[{\"@type\":\"ReadAction\",\"target\":[\"https:\/\/bulktradeviet.com\/en\/product\/ve-sinh-dong-co-dien-a-533-electric-clean-fd\/\"]}]},{\"@type\":\"ImageObject\",\"inLanguage\":\"en-US\",\"@id\":\"https:\/\/bulktradeviet.com\/en\/product\/ve-sinh-dong-co-dien-a-533-electric-clean-fd\/#primaryimage\",\"url\":\"https:\/\/bulktradeviet.com\/wp-content\/uploads\/2020\/03\/A-533.jpg\",\"contentUrl\":\"https:\/\/bulktradeviet.com\/wp-content\/uploads\/2020\/03\/A-533.jpg\",\"width\":2000,\"height\":2000},{\"@type\":\"BreadcrumbList\",\"@id\":\"https:\/\/bulktradeviet.com\/en\/product\/ve-sinh-dong-co-dien-a-533-electric-clean-fd\/#breadcrumb\",\"itemListElement\":[{\"@type\":\"ListItem\",\"position\":1,\"name\":\"Trang ch\u1ee7\",\"item\":\"https:\/\/bulktradeviet.com\/en\/\"},{\"@type\":\"ListItem\",\"position\":2,\"name\":\"Products\",\"item\":\"https:\/\/bulktradeviet.com\/en\/shop\/\"},{\"@type\":\"ListItem\",\"position\":3,\"name\":\"V\u1ec6 SINH \u0110\u1ed8NG C\u01a0 \u0110I\u1ec6N: A-533 ELECTRIC CLEAN-FD\"}]},{\"@type\":\"WebSite\",\"@id\":\"https:\/\/bulktradeviet.com\/en\/#website\",\"url\":\"https:\/\/bulktradeviet.com\/en\/\",\"name\":\"C\u00d4NG TY TNHH BULK TRADE (VIET)\",\"description\":\"Nh\u1eadp Kh\u1ea9u Ph\u00e2n Ph\u1ed1i H\u00f3a Ch\u1ea5t C\u00f4ng Nghi\u1ec7p\",\"potentialAction\":[{\"@type\":\"SearchAction\",\"target\":{\"@type\":\"EntryPoint\",\"urlTemplate\":\"https:\/\/bulktradeviet.com\/en\/?s={search_term_string}\"},\"query-input\":{\"@type\":\"PropertyValueSpecification\",\"valueRequired\":true,\"valueName\":\"search_term_string\"}}],\"inLanguage\":\"en-US\"}]}<\/script>\n<!-- \/ Yoast SEO plugin. -->","yoast_head_json":{"title":"V\u1ec6 SINH \u0110\u1ed8NG C\u01a0 \u0110I\u1ec6N: A-533 ELECTRIC CLEAN-FD | C\u00d4NG TY TNHH BULK TRADE (VIET)","description":"A-533 chuy\u00ean \u0111\u01b0\u1ee3c s\u1eed d\u1ee5ng \u0111\u1ec3 t\u1ea9y r\u1eeda \u1edf nh\u1eefng n\u01a1i m\u00e0 s\u1eed d\u1ee5ng n\u01b0\u1edbc l\u00e0 kh\u00f4ng ph\u00f9 h\u1ee3p ho\u1eb7c nguy h\u1ea1i. A-533 c\u00f3 t\u00e1c d\u1ee5ng th\u00e2m nh\u1eadp m\u1ea1nh m\u1ebd, l\u00e0m s\u1ea1ch c\u00e1c lo\u1ea1i d\u1ea7u, m\u1ee1, b\u1ea9n, s\u00e1p v\u00e0 c\u00e1c h\u1ea1t c\u1eb7n carbon kh\u00f4ng mong mu\u1ed1n \u1edf c\u00e1c b\u1ed9 ph\u1eadn \u0111i\u1ec7n, c\u00e1c b\u1ed9 ph\u1eadn kim lo\u1ea1i, m\u00e1y m\u00f3c\u2026","robots":{"index":"index","follow":"follow","max-snippet":"max-snippet:-1","max-image-preview":"max-image-preview:large","max-video-preview":"max-video-preview:-1"},"canonical":"https:\/\/bulktradeviet.com\/en\/product\/ve-sinh-dong-co-dien-a-533-electric-clean-fd\/","og_locale":"en_US","og_type":"article","og_title":"V\u1ec6 SINH \u0110\u1ed8NG C\u01a0 \u0110I\u1ec6N: A-533 ELECTRIC CLEAN-FD | C\u00d4NG TY TNHH BULK TRADE (VIET)","og_description":"A-533 chuy\u00ean \u0111\u01b0\u1ee3c s\u1eed d\u1ee5ng \u0111\u1ec3 t\u1ea9y r\u1eeda \u1edf nh\u1eefng n\u01a1i m\u00e0 s\u1eed d\u1ee5ng n\u01b0\u1edbc l\u00e0 kh\u00f4ng ph\u00f9 h\u1ee3p ho\u1eb7c nguy h\u1ea1i. A-533 c\u00f3 t\u00e1c d\u1ee5ng th\u00e2m nh\u1eadp m\u1ea1nh m\u1ebd, l\u00e0m s\u1ea1ch c\u00e1c lo\u1ea1i d\u1ea7u, m\u1ee1, b\u1ea9n, s\u00e1p v\u00e0 c\u00e1c h\u1ea1t c\u1eb7n carbon kh\u00f4ng mong mu\u1ed1n \u1edf c\u00e1c b\u1ed9 ph\u1eadn \u0111i\u1ec7n, c\u00e1c b\u1ed9 ph\u1eadn kim lo\u1ea1i, m\u00e1y m\u00f3c\u2026","og_url":"https:\/\/bulktradeviet.com\/en\/product\/ve-sinh-dong-co-dien-a-533-electric-clean-fd\/","og_site_name":"C\u00d4NG TY TNHH BULK TRADE (VIET)","article_modified_time":"2025-10-08T19:05:48+00:00","og_image":[{"width":2000,"height":2000,"url":"https:\/\/bulktradeviet.com\/wp-content\/uploads\/2020\/03\/A-533.jpg","type":"image\/jpeg"}],"twitter_card":"summary_large_image","twitter_misc":{"Est. reading time":"3 minutes"},"schema":{"@context":"https:\/\/schema.org","@graph":[{"@type":"WebPage","@id":"https:\/\/bulktradeviet.com\/en\/product\/ve-sinh-dong-co-dien-a-533-electric-clean-fd\/","url":"https:\/\/bulktradeviet.com\/en\/product\/ve-sinh-dong-co-dien-a-533-electric-clean-fd\/","name":"V\u1ec6 SINH \u0110\u1ed8NG C\u01a0 \u0110I\u1ec6N: A-533 ELECTRIC CLEAN-FD | C\u00d4NG TY TNHH BULK TRADE (VIET)","isPartOf":{"@id":"https:\/\/bulktradeviet.com\/en\/#website"},"primaryImageOfPage":{"@id":"https:\/\/bulktradeviet.com\/en\/product\/ve-sinh-dong-co-dien-a-533-electric-clean-fd\/#primaryimage"},"image":{"@id":"https:\/\/bulktradeviet.com\/en\/product\/ve-sinh-dong-co-dien-a-533-electric-clean-fd\/#primaryimage"},"thumbnailUrl":"https:\/\/bulktradeviet.com\/wp-content\/uploads\/2020\/03\/A-533.jpg","datePublished":"2020-03-24T15:39:47+00:00","dateModified":"2025-10-08T19:05:48+00:00","description":"A-533 chuy\u00ean \u0111\u01b0\u1ee3c s\u1eed d\u1ee5ng \u0111\u1ec3 t\u1ea9y r\u1eeda \u1edf nh\u1eefng n\u01a1i m\u00e0 s\u1eed d\u1ee5ng n\u01b0\u1edbc l\u00e0 kh\u00f4ng ph\u00f9 h\u1ee3p ho\u1eb7c nguy h\u1ea1i. A-533 c\u00f3 t\u00e1c d\u1ee5ng th\u00e2m nh\u1eadp m\u1ea1nh m\u1ebd, l\u00e0m s\u1ea1ch c\u00e1c lo\u1ea1i d\u1ea7u, m\u1ee1, b\u1ea9n, s\u00e1p v\u00e0 c\u00e1c h\u1ea1t c\u1eb7n carbon kh\u00f4ng mong mu\u1ed1n \u1edf c\u00e1c b\u1ed9 ph\u1eadn \u0111i\u1ec7n, c\u00e1c b\u1ed9 ph\u1eadn kim lo\u1ea1i, m\u00e1y m\u00f3c\u2026","breadcrumb":{"@id":"https:\/\/bulktradeviet.com\/en\/product\/ve-sinh-dong-co-dien-a-533-electric-clean-fd\/#breadcrumb"},"inLanguage":"en-US","potentialAction":[{"@type":"ReadAction","target":["https:\/\/bulktradeviet.com\/en\/product\/ve-sinh-dong-co-dien-a-533-electric-clean-fd\/"]}]},{"@type":"ImageObject","inLanguage":"en-US","@id":"https:\/\/bulktradeviet.com\/en\/product\/ve-sinh-dong-co-dien-a-533-electric-clean-fd\/#primaryimage","url":"https:\/\/bulktradeviet.com\/wp-content\/uploads\/2020\/03\/A-533.jpg","contentUrl":"https:\/\/bulktradeviet.com\/wp-content\/uploads\/2020\/03\/A-533.jpg","width":2000,"height":2000},{"@type":"BreadcrumbList","@id":"https:\/\/bulktradeviet.com\/en\/product\/ve-sinh-dong-co-dien-a-533-electric-clean-fd\/#breadcrumb","itemListElement":[{"@type":"ListItem","position":1,"name":"Trang ch\u1ee7","item":"https:\/\/bulktradeviet.com\/en\/"},{"@type":"ListItem","position":2,"name":"Products","item":"https:\/\/bulktradeviet.com\/en\/shop\/"},{"@type":"ListItem","position":3,"name":"V\u1ec6 SINH \u0110\u1ed8NG C\u01a0 \u0110I\u1ec6N: A-533 ELECTRIC CLEAN-FD"}]},{"@type":"WebSite","@id":"https:\/\/bulktradeviet.com\/en\/#website","url":"https:\/\/bulktradeviet.com\/en\/","name":"C\u00d4NG TY TNHH BULK TRADE (VIET)","description":"Nh\u1eadp Kh\u1ea9u Ph\u00e2n Ph\u1ed1i H\u00f3a Ch\u1ea5t C\u00f4ng Nghi\u1ec7p","potentialAction":[{"@type":"SearchAction","target":{"@type":"EntryPoint","urlTemplate":"https:\/\/bulktradeviet.com\/en\/?s={search_term_string}"},"query-input":{"@type":"PropertyValueSpecification","valueRequired":true,"valueName":"search_term_string"}}],"inLanguage":"en-US"}]}},"_links":{"self":[{"href":"https:\/\/bulktradeviet.com\/en\/wp-json\/wp\/v2\/product\/550","targetHints":{"allow":["GET"]}}],"collection":[{"href":"https:\/\/bulktradeviet.com\/en\/wp-json\/wp\/v2\/product"}],"about":[{"href":"https:\/\/bulktradeviet.com\/en\/wp-json\/wp\/v2\/types\/product"}],"replies":[{"embeddable":true,"href":"https:\/\/bulktradeviet.com\/en\/wp-json\/wp\/v2\/comments?post=550"}],"wp:featuredmedia":[{"embeddable":true,"href":"https:\/\/bulktradeviet.com\/en\/wp-json\/wp\/v2\/media\/599"}],"wp:attachment":[{"href":"https:\/\/bulktradeviet.com\/en\/wp-json\/wp\/v2\/media?parent=550"}],"wp:term":[{"taxonomy":"product_cat","embeddable":true,"href":"https:\/\/bulktradeviet.com\/en\/wp-json\/wp\/v2\/product_cat?post=550"},{"taxonomy":"product_tag","embeddable":true,"href":"https:\/\/bulktradeviet.com\/en\/wp-json\/wp\/v2\/product_tag?post=550"}],"curies":[{"name":"wp","href":"https:\/\/api.w.org\/{rel}","templated":true}]}}