{"id":534,"date":"2020-03-24T06:52:00","date_gmt":"2020-03-24T06:52:00","guid":{"rendered":"https:\/\/bulktradeviet.com\/?post_type=product&#038;p=534"},"modified":"2025-10-03T20:15:11","modified_gmt":"2025-10-03T20:15:11","slug":"tay-nhon-dau-can-ban","status":"publish","type":"product","link":"https:\/\/bulktradeviet.com\/en\/product\/tay-nhon-dau-can-ban\/","title":{"rendered":"T\u1ea8Y NH\u1edcN, D\u1ea6U, C\u1eb6N B\u1ea8N :A-521 DEGREASE &amp; CLEAN"},"content":{"rendered":"<h1><strong>A-521\u00a0 DEGREASE &amp; CLEAN<\/strong><\/h1>\n<ul>\n<li><strong>HO\u1ea0T T\u00cdNH CAO: <\/strong>L\u00e0m tan nhanh c\u00e1c l\u1edbp nh\u1eddn n\u1eb7ng, h\u00f2a tan c\u00e1c lo\u1ea1i d\u1ea7u, ch\u1ea5t b\u1ea9n, cacbon v\u00e0 c\u00e1c ch\u1ea5t b\u1ea9n kh\u00e1c ngay l\u1eadp t\u1ee9c<\/li>\n<li><strong>\u0110A N\u0102NG: <\/strong>An to\u00e0n cho h\u1ea7u h\u1ebft c\u00e1c kim lo\u1ea1i v\u00e0 lo\u1ea1i s\u01a1n ch\u1ecbu d\u1ea7u<\/li>\n<li><strong>HI\u1ec6U QU\u1ea2 KINH T\u1ebe: <\/strong>C\u00f3 th\u1ec3 d\u00f9ng A-521 nguy\u00ean ch\u1ea5t ho\u1eb7c pha lo\u00e3ng t\u1eeb m\u1ed9t t\u1edbi\u00a0 m\u01b0\u1eddi ph\u1ea7n n\u01b0\u1edbc t\u00f9y thu\u1ed9c v\u00e0o m\u1ee9c \u0111\u1ed9 nhi\u1ec5m b\u1ea9n.<\/li>\n<li><strong>TI\u1ec6N L\u1ee2I V\u00c0 D\u1ec4 S\u1eec D\u1ee4NG: <\/strong>Ch\u1ec9 c\u1ea7n phun, ch\u00e0 \u01b0\u1edbt ho\u1eb7c nh\u00fang<\/li>\n<\/ul>\n<p><strong>\u00a0<\/strong><\/p>\n<p><strong><u>M\u00d4 T\u1ea2 S\u1ea2N PH\u1ea8M<\/u><\/strong><\/p>\n<p><strong>A-521 <\/strong>ch\u1ee9a t\u00e1c ch\u1ea5t nh\u0169 h\u00f3a v\u00e0 dung m\u00f4i c\u1ef1c m\u1ea1nh \u0111\u1ec3 <em>h\u00f2a tan c\u00e1c lo\u1ea1i d\u1ea7u nh\u1eddn,\u00a0 b\u1ee5i b\u1ea9n, cacbon<\/em> v\u00e0 c\u00e1c ch\u1ea5t b\u1ea9n c\u1ee9ng \u0111\u1ea7u kh\u00e1c kh\u00f4ng th\u1ec3 lo\u1ea1i b\u1ecf b\u1eb1ng <strong>ch\u1ea5t t\u1ea9y nh\u1eddn<\/strong> th\u00f4ng th\u01b0\u1eddng.<\/p>\n<p><strong>A-521<\/strong> c\u00f3 ch\u1ee9a dung m\u00f4i hi\u1ec7u t\u1ea9y r\u1eeda hi\u1ec7u qu\u1ea3 tr\u00ean c\u00e1c lo\u1ea1i nh\u1ef1a \u0111\u00e3 bi\u1ebft<\/p>\n<p>&nbsp;<\/p>\n<p><strong><u>\u1ee8NG D\u1ee4NG<\/u><\/strong><\/p>\n<p><strong>A-521 <\/strong>c\u00f3 nhi\u1ec1u \u1ee9ng d\u1ee5ng l\u00e0m s\u1ea1ch trong l\u0129nh v\u1ef1c h\u00e0ng h\u1ea3i, bao g\u1ed3m c\u00e1c b\u1ec1 m\u1eb7t c\u1ee7a b\u00ecnh ch\u1ee9a nhi\u00ean li\u1ec7u, n\u1eafp b\u1ec3 d\u1ea7u, \u0111\u00e1y t\u00e0u, \u0111\u1ed9ng c\u01a1, b\u00ecnh ng\u01b0ng, n\u1ed3i h\u01a1i, v\u00e1ch ng\u0103n s\u01a1n, boong, t\u00e0u bi\u1ec3n v\u00e0 b\u1ec1 m\u1eb7t kim lo\u1ea1i.<\/p>\n<p><strong>A-521<\/strong> c\u0169ng \u0111\u01b0\u1ee3c khuy\u1ebfn ngh\u1ecb d\u00f9ng cho t\u1ea5t c\u1ea3 c\u00e1c <em>ng\u00e0nh c\u00f4ng nghi\u1ec7p<\/em> v\u00e0 c\u00e1c x\u01b0\u1edfng b\u1ea3o tr\u00ec. <strong>A-521<\/strong> c\u0169ng th\u00edch h\u1ee3p \u0111\u1ec3 s\u1eed d\u1ee5ng nh\u01b0 m\u1ed9t ch\u1ea5t ph\u00e2n t\u00e1n d\u1ea7u.<\/p>\n<p><strong>A-521<\/strong> \u0111\u01b0\u1ee3c s\u1eed d\u1ee5ng trong c\u00e1c <strong>ng\u00e0nh c\u00f4ng nghi\u1ec7p v\u1eadn t\u1ea3i<\/strong>, bao g\u1ed3m \u0111\u01b0\u1eddng s\u1eaft, xe t\u1ea3i v\u00e0 xe bu\u00fdt. S\u1eed d\u1ee5ng <strong>A-521<\/strong> b\u1eb1ng c\u00e1ch ch\u00e0 ho\u1eb7c phun l\u00ean b\u1ec1 m\u1eb7t \u0111\u1ec3 l\u00e0m s\u1ea1ch \u0111\u1ed9ng c\u01a1, khung g\u1ea7m, xe t\u1ea3i, c\u00e1c b\u1ed9 ph\u1eadn \u00f4 t\u00f4, kho h\u00e0ng, s\u00e0n\u2026 m\u1ed9t c\u00e1ch nhanh ch\u00f3ng v\u00e0 hi\u1ec7u qu\u1ea3.<\/p>\n<p>&nbsp;<\/p>\n<p><strong><u>H\u01af\u1edaNG D\u1eaaN S\u1eec D\u1ee4NG<\/u><\/strong><\/p>\n<p><strong>L\u00c0M S\u1ea0CH B\u1ec2<\/strong> : Phun ho\u1eb7c lau to\u00e0n b\u1ed9 b\u1ec1 m\u1eb7t c\u1ea7n \u0111\u01b0\u1ee3c l\u00e0m s\u1ea1ch v\u1edbi <strong>A-521<\/strong> nguy\u00ean ch\u1ea5t, ch\u1edd t\u1eeb 10 \u0111\u1ebfn 20 ph\u00fat, x\u1ecbt b\u1eb1ng v\u00f2i \u00e1p su\u1ea5t, b\u01a1m n\u01b0\u1edbc b\u1ea9n ra v\u00e0 \u0111\u1ec3 kh\u00f4 ngo\u00e0i kh\u00f4ng kh\u00ed.<\/p>\n<p><strong>L\u00c0M S\u1ea0CH B\u1ec2 L\u1ea0NH<\/strong> :- Pha lo\u00e3ng m\u1ed9t ph\u1ea7n <strong>A-521<\/strong> v\u1edbi 8 \u0111\u1ebfn 10 ph\u1ea7n d\u1ea7u h\u1ecfa trong m\u1ed9t b\u1ec3 ch\u1ee9a kim lo\u1ea1i, ng\u00e2m t\u1eeb 30 ph\u00fat \u0111\u1ebfn 2 gi\u1edd, r\u1eeda s\u1ea1ch b\u1eb1ng n\u01b0\u1edbc \u00e1p su\u1ea5t cao.<\/p>\n<p><strong>KHUNG G\u1ea6M M\u00c1Y &amp; D\u1ed8NG C\u01a0<\/strong>: D\u00f9ng <strong>A-521<\/strong> nguy\u00ean ch\u1ea5t \u0111\u1ed1i v\u1edbi nhi\u1ec5m b\u1ea9n d\u1ea1ng n\u1eb7ng ho\u1eb7c pha lo\u00e3ng 1 ph\u1ea7n <strong>A-521<\/strong> v\u1edbi 5 &#8211; 8 ph\u1ea7n d\u1ea7u ho\u1ea3 ho\u1eb7c d\u1ea7u Diesel. Phun m\u1ed9t l\u01b0\u1ee3ng nh\u1ecf l\u00ean b\u1ec1 m\u1eb7t v\u00e0 ch\u1edd t\u1eeb 10 t\u1edbi 20 ph\u00fat, sau \u0111\u00f3 r\u1eeda s\u1ea1ch b\u1eb1ng n\u01b0\u1edbc \u00e1p su\u1ea5t cao.<\/p>\n<p><strong>V\u1ec6 SINH XE T\u1ea2I V\u00c0 THI\u1ebeT B\u1eca<\/strong>:- Pha lo\u00e3ng 1 ph\u1ea7n <strong>A-521<\/strong> v\u1edbi 10 \u0111\u1ebfn 30 ph\u1ea7n n\u01b0\u1edbc, ch\u00e0 b\u1eb1ng v\u1ea3i ho\u1eb7c b\u00e0n ch\u1ea3i m\u1ec1m, sau \u0111\u00f3 r\u1eeda s\u1ea1ch.<\/p>\n<p>&nbsp;<\/p>\n<p>&nbsp;<\/p>\n<p>&nbsp;<\/p>","protected":false},"excerpt":{"rendered":"<p>A-521 ch\u1ee9a t\u00e1c ch\u1ea5t nh\u0169 h\u00f3a v\u00e0 dung m\u00f4i c\u1ef1c m\u1ea1nh \u0111\u1ec3 h\u00f2a tan c\u00e1c lo\u1ea1i d\u1ea7u nh\u1eddn,\u00a0 b\u1ee5i b\u1ea9n, cacbon v\u00e0 c\u00e1c ch\u1ea5t b\u1ea9n c\u1ee9ng \u0111\u1ea7u kh\u00e1c kh\u00f4ng th\u1ec3 lo\u1ea1i b\u1ecf b\u1eb1ng ch\u1ea5t t\u1ea9y nh\u1eddn th\u00f4ng th\u01b0\u1eddng.A-521 c\u00f3 ch\u1ee9a dung m\u00f4i hi\u1ec7u t\u1ea9y r\u1eeda hi\u1ec7u qu\u1ea3 tr\u00ean c\u00e1c lo\u1ea1i nh\u1ef1a \u0111\u00e3 bi\u1ebft<\/p>\n<p>&nbsp;<\/p>","protected":false},"featured_media":600,"comment_status":"open","ping_status":"closed","template":"","meta":[],"product_cat":[18,27,34],"product_tag":[133,124,122,134,135],"class_list":{"0":"post-534","1":"product","2":"type-product","3":"status-publish","4":"has-post-thumbnail","6":"product_cat-hoa-chat-hang-hai","7":"product_cat-hoa-chat-tay-rua","8":"product_cat-hoa-chat-xu-ly-nuoc","9":"product_tag-chat-tay-nhon","10":"product_tag-chat-tay-rua-cong-nghiep","11":"product_tag-hoa-chat-cong-nghiep","12":"product_tag-tay-cacbon","13":"product_tag-tay-rua-chat-ban","15":"first","16":"instock","17":"shipping-taxable","18":"product-type-simple"},"yoast_head":"<!-- This site is optimized with the Yoast SEO plugin v24.1 - https:\/\/yoast.com\/wordpress\/plugins\/seo\/ -->\n<title>T\u1ea8Y NH\u1edcN, D\u1ea6U, C\u1eb6N B\u1ea8N :A-521 DEGREASE &amp; CLEAN | C\u00d4NG TY TNHH BULK TRADE (VIET)<\/title>\n<meta name=\"description\" content=\"A-521 ch\u1ee9a t\u00e1c ch\u1ea5t nh\u0169 h\u00f3a v\u00e0 dung m\u00f4i c\u1ef1c m\u1ea1nh \u0111\u1ec3 h\u00f2a tan c\u00e1c lo\u1ea1i d\u1ea7u nh\u1eddn,\u00a0 b\u1ee5i b\u1ea9n, cacbon v\u00e0 c\u00e1c ch\u1ea5t b\u1ea9n c\u1ee9ng \u0111\u1ea7u kh\u00e1c kh\u00f4ng th\u1ec3 lo\u1ea1i b\u1ecf b\u1eb1ng ch\u1ea5t t\u1ea9y nh\u1eddn th\u00f4ng th\u01b0\u1eddng.A-521 c\u00f3 ch\u1ee9a dung m\u00f4i hi\u1ec7u t\u1ea9y r\u1eeda hi\u1ec7u qu\u1ea3 tr\u00ean c\u00e1c lo\u1ea1i nh\u1ef1a \u0111\u00e3 bi\u1ebft\" \/>\n<meta name=\"robots\" content=\"index, follow, max-snippet:-1, max-image-preview:large, max-video-preview:-1\" \/>\n<link rel=\"canonical\" href=\"https:\/\/bulktradeviet.com\/en\/product\/tay-nhon-dau-can-ban\/\" \/>\n<meta property=\"og:locale\" content=\"en_US\" \/>\n<meta property=\"og:type\" content=\"article\" \/>\n<meta property=\"og:title\" content=\"T\u1ea8Y NH\u1edcN, D\u1ea6U, C\u1eb6N B\u1ea8N :A-521 DEGREASE &amp; CLEAN | C\u00d4NG TY TNHH BULK TRADE (VIET)\" \/>\n<meta property=\"og:description\" content=\"A-521 ch\u1ee9a t\u00e1c ch\u1ea5t nh\u0169 h\u00f3a v\u00e0 dung m\u00f4i c\u1ef1c m\u1ea1nh \u0111\u1ec3 h\u00f2a tan c\u00e1c lo\u1ea1i d\u1ea7u nh\u1eddn,\u00a0 b\u1ee5i b\u1ea9n, cacbon v\u00e0 c\u00e1c ch\u1ea5t b\u1ea9n c\u1ee9ng \u0111\u1ea7u kh\u00e1c kh\u00f4ng th\u1ec3 lo\u1ea1i b\u1ecf b\u1eb1ng ch\u1ea5t t\u1ea9y nh\u1eddn th\u00f4ng th\u01b0\u1eddng.A-521 c\u00f3 ch\u1ee9a dung m\u00f4i hi\u1ec7u t\u1ea9y r\u1eeda hi\u1ec7u qu\u1ea3 tr\u00ean c\u00e1c lo\u1ea1i nh\u1ef1a \u0111\u00e3 bi\u1ebft\" \/>\n<meta property=\"og:url\" content=\"https:\/\/bulktradeviet.com\/en\/product\/tay-nhon-dau-can-ban\/\" \/>\n<meta property=\"og:site_name\" content=\"C\u00d4NG TY TNHH BULK TRADE (VIET)\" \/>\n<meta property=\"article:modified_time\" content=\"2025-10-03T20:15:11+00:00\" \/>\n<meta property=\"og:image\" content=\"https:\/\/bulktradeviet.com\/wp-content\/uploads\/2020\/03\/A-521.jpg\" \/>\n\t<meta property=\"og:image:width\" content=\"2000\" \/>\n\t<meta property=\"og:image:height\" content=\"2000\" \/>\n\t<meta property=\"og:image:type\" content=\"image\/jpeg\" \/>\n<meta name=\"twitter:card\" content=\"summary_large_image\" \/>\n<meta name=\"twitter:label1\" content=\"Est. reading time\" \/>\n\t<meta name=\"twitter:data1\" content=\"3 minutes\" \/>\n<script type=\"application\/ld+json\" class=\"yoast-schema-graph\">{\"@context\":\"https:\/\/schema.org\",\"@graph\":[{\"@type\":\"WebPage\",\"@id\":\"https:\/\/bulktradeviet.com\/en\/product\/tay-nhon-dau-can-ban\/\",\"url\":\"https:\/\/bulktradeviet.com\/en\/product\/tay-nhon-dau-can-ban\/\",\"name\":\"T\u1ea8Y NH\u1edcN, D\u1ea6U, C\u1eb6N B\u1ea8N :A-521 DEGREASE &amp; CLEAN | C\u00d4NG TY TNHH BULK TRADE (VIET)\",\"isPartOf\":{\"@id\":\"https:\/\/bulktradeviet.com\/en\/#website\"},\"primaryImageOfPage\":{\"@id\":\"https:\/\/bulktradeviet.com\/en\/product\/tay-nhon-dau-can-ban\/#primaryimage\"},\"image\":{\"@id\":\"https:\/\/bulktradeviet.com\/en\/product\/tay-nhon-dau-can-ban\/#primaryimage\"},\"thumbnailUrl\":\"https:\/\/bulktradeviet.com\/wp-content\/uploads\/2020\/03\/A-521.jpg\",\"datePublished\":\"2020-03-24T06:52:00+00:00\",\"dateModified\":\"2025-10-03T20:15:11+00:00\",\"description\":\"A-521 ch\u1ee9a t\u00e1c ch\u1ea5t nh\u0169 h\u00f3a v\u00e0 dung m\u00f4i c\u1ef1c m\u1ea1nh \u0111\u1ec3 h\u00f2a tan c\u00e1c lo\u1ea1i d\u1ea7u nh\u1eddn,\u00a0 b\u1ee5i b\u1ea9n, cacbon v\u00e0 c\u00e1c ch\u1ea5t b\u1ea9n c\u1ee9ng \u0111\u1ea7u kh\u00e1c kh\u00f4ng th\u1ec3 lo\u1ea1i b\u1ecf b\u1eb1ng ch\u1ea5t t\u1ea9y nh\u1eddn th\u00f4ng th\u01b0\u1eddng.A-521 c\u00f3 ch\u1ee9a dung m\u00f4i hi\u1ec7u t\u1ea9y r\u1eeda hi\u1ec7u qu\u1ea3 tr\u00ean c\u00e1c lo\u1ea1i nh\u1ef1a \u0111\u00e3 bi\u1ebft\",\"breadcrumb\":{\"@id\":\"https:\/\/bulktradeviet.com\/en\/product\/tay-nhon-dau-can-ban\/#breadcrumb\"},\"inLanguage\":\"en-US\",\"potentialAction\":[{\"@type\":\"ReadAction\",\"target\":[\"https:\/\/bulktradeviet.com\/en\/product\/tay-nhon-dau-can-ban\/\"]}]},{\"@type\":\"ImageObject\",\"inLanguage\":\"en-US\",\"@id\":\"https:\/\/bulktradeviet.com\/en\/product\/tay-nhon-dau-can-ban\/#primaryimage\",\"url\":\"https:\/\/bulktradeviet.com\/wp-content\/uploads\/2020\/03\/A-521.jpg\",\"contentUrl\":\"https:\/\/bulktradeviet.com\/wp-content\/uploads\/2020\/03\/A-521.jpg\",\"width\":2000,\"height\":2000},{\"@type\":\"BreadcrumbList\",\"@id\":\"https:\/\/bulktradeviet.com\/en\/product\/tay-nhon-dau-can-ban\/#breadcrumb\",\"itemListElement\":[{\"@type\":\"ListItem\",\"position\":1,\"name\":\"Trang ch\u1ee7\",\"item\":\"https:\/\/bulktradeviet.com\/en\/\"},{\"@type\":\"ListItem\",\"position\":2,\"name\":\"Products\",\"item\":\"https:\/\/bulktradeviet.com\/en\/shop\/\"},{\"@type\":\"ListItem\",\"position\":3,\"name\":\"T\u1ea8Y NH\u1edcN, D\u1ea6U, C\u1eb6N B\u1ea8N :A-521 DEGREASE &amp; CLEAN\"}]},{\"@type\":\"WebSite\",\"@id\":\"https:\/\/bulktradeviet.com\/en\/#website\",\"url\":\"https:\/\/bulktradeviet.com\/en\/\",\"name\":\"C\u00d4NG TY TNHH BULK TRADE (VIET)\",\"description\":\"Nh\u1eadp Kh\u1ea9u Ph\u00e2n Ph\u1ed1i H\u00f3a Ch\u1ea5t C\u00f4ng Nghi\u1ec7p\",\"potentialAction\":[{\"@type\":\"SearchAction\",\"target\":{\"@type\":\"EntryPoint\",\"urlTemplate\":\"https:\/\/bulktradeviet.com\/en\/?s={search_term_string}\"},\"query-input\":{\"@type\":\"PropertyValueSpecification\",\"valueRequired\":true,\"valueName\":\"search_term_string\"}}],\"inLanguage\":\"en-US\"}]}<\/script>\n<!-- \/ Yoast SEO plugin. -->","yoast_head_json":{"title":"T\u1ea8Y NH\u1edcN, D\u1ea6U, C\u1eb6N B\u1ea8N :A-521 DEGREASE &amp; CLEAN | C\u00d4NG TY TNHH BULK TRADE (VIET)","description":"A-521 ch\u1ee9a t\u00e1c ch\u1ea5t nh\u0169 h\u00f3a v\u00e0 dung m\u00f4i c\u1ef1c m\u1ea1nh \u0111\u1ec3 h\u00f2a tan c\u00e1c lo\u1ea1i d\u1ea7u nh\u1eddn,\u00a0 b\u1ee5i b\u1ea9n, cacbon v\u00e0 c\u00e1c ch\u1ea5t b\u1ea9n c\u1ee9ng \u0111\u1ea7u kh\u00e1c kh\u00f4ng th\u1ec3 lo\u1ea1i b\u1ecf b\u1eb1ng ch\u1ea5t t\u1ea9y nh\u1eddn th\u00f4ng th\u01b0\u1eddng.A-521 c\u00f3 ch\u1ee9a dung m\u00f4i hi\u1ec7u t\u1ea9y r\u1eeda hi\u1ec7u qu\u1ea3 tr\u00ean c\u00e1c lo\u1ea1i nh\u1ef1a \u0111\u00e3 bi\u1ebft","robots":{"index":"index","follow":"follow","max-snippet":"max-snippet:-1","max-image-preview":"max-image-preview:large","max-video-preview":"max-video-preview:-1"},"canonical":"https:\/\/bulktradeviet.com\/en\/product\/tay-nhon-dau-can-ban\/","og_locale":"en_US","og_type":"article","og_title":"T\u1ea8Y NH\u1edcN, D\u1ea6U, C\u1eb6N B\u1ea8N :A-521 DEGREASE &amp; CLEAN | C\u00d4NG TY TNHH BULK TRADE (VIET)","og_description":"A-521 ch\u1ee9a t\u00e1c ch\u1ea5t nh\u0169 h\u00f3a v\u00e0 dung m\u00f4i c\u1ef1c m\u1ea1nh \u0111\u1ec3 h\u00f2a tan c\u00e1c lo\u1ea1i d\u1ea7u nh\u1eddn,\u00a0 b\u1ee5i b\u1ea9n, cacbon v\u00e0 c\u00e1c ch\u1ea5t b\u1ea9n c\u1ee9ng \u0111\u1ea7u kh\u00e1c kh\u00f4ng th\u1ec3 lo\u1ea1i b\u1ecf b\u1eb1ng ch\u1ea5t t\u1ea9y nh\u1eddn th\u00f4ng th\u01b0\u1eddng.A-521 c\u00f3 ch\u1ee9a dung m\u00f4i hi\u1ec7u t\u1ea9y r\u1eeda hi\u1ec7u qu\u1ea3 tr\u00ean c\u00e1c lo\u1ea1i nh\u1ef1a \u0111\u00e3 bi\u1ebft","og_url":"https:\/\/bulktradeviet.com\/en\/product\/tay-nhon-dau-can-ban\/","og_site_name":"C\u00d4NG TY TNHH BULK TRADE (VIET)","article_modified_time":"2025-10-03T20:15:11+00:00","og_image":[{"width":2000,"height":2000,"url":"https:\/\/bulktradeviet.com\/wp-content\/uploads\/2020\/03\/A-521.jpg","type":"image\/jpeg"}],"twitter_card":"summary_large_image","twitter_misc":{"Est. reading time":"3 minutes"},"schema":{"@context":"https:\/\/schema.org","@graph":[{"@type":"WebPage","@id":"https:\/\/bulktradeviet.com\/en\/product\/tay-nhon-dau-can-ban\/","url":"https:\/\/bulktradeviet.com\/en\/product\/tay-nhon-dau-can-ban\/","name":"T\u1ea8Y NH\u1edcN, D\u1ea6U, C\u1eb6N B\u1ea8N :A-521 DEGREASE &amp; CLEAN | C\u00d4NG TY TNHH BULK TRADE (VIET)","isPartOf":{"@id":"https:\/\/bulktradeviet.com\/en\/#website"},"primaryImageOfPage":{"@id":"https:\/\/bulktradeviet.com\/en\/product\/tay-nhon-dau-can-ban\/#primaryimage"},"image":{"@id":"https:\/\/bulktradeviet.com\/en\/product\/tay-nhon-dau-can-ban\/#primaryimage"},"thumbnailUrl":"https:\/\/bulktradeviet.com\/wp-content\/uploads\/2020\/03\/A-521.jpg","datePublished":"2020-03-24T06:52:00+00:00","dateModified":"2025-10-03T20:15:11+00:00","description":"A-521 ch\u1ee9a t\u00e1c ch\u1ea5t nh\u0169 h\u00f3a v\u00e0 dung m\u00f4i c\u1ef1c m\u1ea1nh \u0111\u1ec3 h\u00f2a tan c\u00e1c lo\u1ea1i d\u1ea7u nh\u1eddn,\u00a0 b\u1ee5i b\u1ea9n, cacbon v\u00e0 c\u00e1c ch\u1ea5t b\u1ea9n c\u1ee9ng \u0111\u1ea7u kh\u00e1c kh\u00f4ng th\u1ec3 lo\u1ea1i b\u1ecf b\u1eb1ng ch\u1ea5t t\u1ea9y nh\u1eddn th\u00f4ng th\u01b0\u1eddng.A-521 c\u00f3 ch\u1ee9a dung m\u00f4i hi\u1ec7u t\u1ea9y r\u1eeda hi\u1ec7u qu\u1ea3 tr\u00ean c\u00e1c lo\u1ea1i nh\u1ef1a \u0111\u00e3 bi\u1ebft","breadcrumb":{"@id":"https:\/\/bulktradeviet.com\/en\/product\/tay-nhon-dau-can-ban\/#breadcrumb"},"inLanguage":"en-US","potentialAction":[{"@type":"ReadAction","target":["https:\/\/bulktradeviet.com\/en\/product\/tay-nhon-dau-can-ban\/"]}]},{"@type":"ImageObject","inLanguage":"en-US","@id":"https:\/\/bulktradeviet.com\/en\/product\/tay-nhon-dau-can-ban\/#primaryimage","url":"https:\/\/bulktradeviet.com\/wp-content\/uploads\/2020\/03\/A-521.jpg","contentUrl":"https:\/\/bulktradeviet.com\/wp-content\/uploads\/2020\/03\/A-521.jpg","width":2000,"height":2000},{"@type":"BreadcrumbList","@id":"https:\/\/bulktradeviet.com\/en\/product\/tay-nhon-dau-can-ban\/#breadcrumb","itemListElement":[{"@type":"ListItem","position":1,"name":"Trang ch\u1ee7","item":"https:\/\/bulktradeviet.com\/en\/"},{"@type":"ListItem","position":2,"name":"Products","item":"https:\/\/bulktradeviet.com\/en\/shop\/"},{"@type":"ListItem","position":3,"name":"T\u1ea8Y NH\u1edcN, D\u1ea6U, C\u1eb6N B\u1ea8N :A-521 DEGREASE &amp; CLEAN"}]},{"@type":"WebSite","@id":"https:\/\/bulktradeviet.com\/en\/#website","url":"https:\/\/bulktradeviet.com\/en\/","name":"C\u00d4NG TY TNHH BULK TRADE (VIET)","description":"Nh\u1eadp Kh\u1ea9u Ph\u00e2n Ph\u1ed1i H\u00f3a Ch\u1ea5t C\u00f4ng Nghi\u1ec7p","potentialAction":[{"@type":"SearchAction","target":{"@type":"EntryPoint","urlTemplate":"https:\/\/bulktradeviet.com\/en\/?s={search_term_string}"},"query-input":{"@type":"PropertyValueSpecification","valueRequired":true,"valueName":"search_term_string"}}],"inLanguage":"en-US"}]}},"_links":{"self":[{"href":"https:\/\/bulktradeviet.com\/en\/wp-json\/wp\/v2\/product\/534","targetHints":{"allow":["GET"]}}],"collection":[{"href":"https:\/\/bulktradeviet.com\/en\/wp-json\/wp\/v2\/product"}],"about":[{"href":"https:\/\/bulktradeviet.com\/en\/wp-json\/wp\/v2\/types\/product"}],"replies":[{"embeddable":true,"href":"https:\/\/bulktradeviet.com\/en\/wp-json\/wp\/v2\/comments?post=534"}],"wp:featuredmedia":[{"embeddable":true,"href":"https:\/\/bulktradeviet.com\/en\/wp-json\/wp\/v2\/media\/600"}],"wp:attachment":[{"href":"https:\/\/bulktradeviet.com\/en\/wp-json\/wp\/v2\/media?parent=534"}],"wp:term":[{"taxonomy":"product_cat","embeddable":true,"href":"https:\/\/bulktradeviet.com\/en\/wp-json\/wp\/v2\/product_cat?post=534"},{"taxonomy":"product_tag","embeddable":true,"href":"https:\/\/bulktradeviet.com\/en\/wp-json\/wp\/v2\/product_tag?post=534"}],"curies":[{"name":"wp","href":"https:\/\/api.w.org\/{rel}","templated":true}]}}