{"id":530,"date":"2020-03-24T06:21:31","date_gmt":"2020-03-24T06:21:31","guid":{"rendered":"https:\/\/bulktradeviet.com\/?post_type=product&#038;p=530"},"modified":"2025-10-08T19:05:29","modified_gmt":"2025-10-08T19:05:29","slug":"dung-dich-tay-nhon-khu-than-carbon-va-lot-lop-son-a-577-decarbonizer-non-cresol","status":"publish","type":"product","link":"https:\/\/bulktradeviet.com\/en\/product\/dung-dich-tay-nhon-khu-than-carbon-va-lot-lop-son-a-577-decarbonizer-non-cresol\/","title":{"rendered":"Dung d\u1ecbch t\u1ea9y nh\u1eddn, kh\u1eed than carbon, v\u00e0 l\u1ed9t l\u1edbp s\u01a1n A-577 DECARBONIZER (NON-CRESOL)"},"content":{"rendered":"<h1><strong>A-577 DECARBONIZER (NON-CRESOL)<\/strong><\/h1>\n<ul>\n<li><strong>CH\u1ea4T KH\u00d3 CH\u00c1Y<\/strong><\/li>\n<li><strong>KH\u00d4NG G\u00c2Y N\u00d3NG, KH\u00d4NG KH\u00d3 CH\u00c0<\/strong><\/li>\n<li><strong>D\u1ec4 S\u1eec D\u1ee4NG <\/strong><\/li>\n<li><strong>HI\u1ec6U QU\u1ea2 KINH T\u1ebe<\/strong><\/li>\n<\/ul>\n<p><strong><img loading=\"lazy\" decoding=\"async\" class=\"alignnone wp-image-531\" src=\"https:\/\/bulktradeviet.com\/wp-content\/uploads\/2020\/03\/84723980_125600442296844_6153148767349506048_n-300x203.jpg\" alt=\"t\u1ea9y nh\u1eddn, kh\u1eed than cacbon \" width=\"381\" height=\"258\" srcset=\"https:\/\/bulktradeviet.com\/wp-content\/uploads\/2020\/03\/84723980_125600442296844_6153148767349506048_n-300x203.jpg 300w, https:\/\/bulktradeviet.com\/wp-content\/uploads\/2020\/03\/84723980_125600442296844_6153148767349506048_n-510x346.jpg 510w, https:\/\/bulktradeviet.com\/wp-content\/uploads\/2020\/03\/84723980_125600442296844_6153148767349506048_n-768x520.jpg 768w, https:\/\/bulktradeviet.com\/wp-content\/uploads\/2020\/03\/84723980_125600442296844_6153148767349506048_n-600x407.jpg 600w, https:\/\/bulktradeviet.com\/wp-content\/uploads\/2020\/03\/84723980_125600442296844_6153148767349506048_n.jpg 800w\" sizes=\"auto, (max-width: 381px) 100vw, 381px\" \/><br \/>\n<\/strong><\/p>\n<h4><strong><u>M\u00d4 T\u1ea2 S\u1ea2N PH\u1ea8M<\/u><\/strong><\/h4>\n<p><strong>A-577 <\/strong>k\u1ebft h\u1ee3p 3 thao t\u00e1c l\u00e0m s\u1ea1ch th\u00e0nh m\u1ed9t, bao g\u1ed3m <em>t\u1ea9y nh\u1eddn, kh\u1eed than carbon, v\u00e0 l\u1ed9t l\u1edbp s\u01a1n.<\/em><\/p>\n<p><strong>A-577<\/strong> l\u00e0 dung m\u00f4i c\u00f3 kh\u1ea3 n\u0103ng x\u00e2m nh\u1eadp m\u1ea1nh m\u1ebd, nh\u0169 h\u00f3a c\u00e1c ch\u1ea5t nh\u1eddn c\u1ee9ng \u0111\u1ea7u, c\u00e1c v\u1ebft b\u1ea9n d\u1ea7u, ch\u1ea5t c\u1eb7n \u2026 nhanh h\u01a1n c\u00e1c ch\u1ea5t t\u1ea9y nh\u1eddn th\u00f4ng th\u01b0\u1eddng.<\/p>\n<p><strong>A-577<\/strong> <strong>l\u00e0m m\u1ec1m l\u1edbp c\u1eb7n carbon<\/strong> tr\u00ean b\u1ec1 m\u1eb7t kim lo\u1ea1i. V\u00ec v\u1eady, s\u1eed d\u1ee5ng A-577 gi\u00fap ti\u1ebft ki\u1ec7m th\u1eddi gian, nh\u00e2n l\u1ef1c trong vi\u1ec7c lo\u1ea1i b\u1ecf l\u1edbp c\u1eb7n carbon b\u1eb1ng c\u00e1ch c\u1ea1o th\u1ee7 c\u00f4ng.<\/p>\n<p><strong>A-577<\/strong> c\u00f3 ch\u1ee9a m\u1ed9t lo\u1ea1i dung m\u00f4i <span style=\"text-decoration: underline\">c\u00f3 kh\u1ea3 n\u0103ng l\u1ed9t l\u1edbp s\u01a1n<\/span> c\u1ee7a c\u00e1c lo\u1ea1i \u0111\u00f4ng c\u01a1 m\u1ed9t c\u00e1ch an to\u00e0n.<\/p>\n<p><strong>A-577<\/strong> c\u00f3 th\u1eddi h\u1ea1n s\u1eed d\u1ee5ng l\u00e2u h\u01a1n so v\u1edbi c\u00e1c ch\u1ea5t t\u1ea9y nh\u1eddn kh\u00e1c.<\/p>\n<p><img loading=\"lazy\" decoding=\"async\" class=\"alignnone size-medium wp-image-532\" src=\"https:\/\/bulktradeviet.com\/wp-content\/uploads\/2020\/03\/72903086_125600405630181_6581909769051701248_n-300x128.jpg\" alt=\"l\u1ed9t s\u01a1n\" width=\"300\" height=\"128\" srcset=\"https:\/\/bulktradeviet.com\/wp-content\/uploads\/2020\/03\/72903086_125600405630181_6581909769051701248_n-300x128.jpg 300w, https:\/\/bulktradeviet.com\/wp-content\/uploads\/2020\/03\/72903086_125600405630181_6581909769051701248_n-510x218.jpg 510w, https:\/\/bulktradeviet.com\/wp-content\/uploads\/2020\/03\/72903086_125600405630181_6581909769051701248_n-600x257.jpg 600w, https:\/\/bulktradeviet.com\/wp-content\/uploads\/2020\/03\/72903086_125600405630181_6581909769051701248_n.jpg 710w\" sizes=\"auto, (max-width: 300px) 100vw, 300px\" \/><\/p>\n<p>&nbsp;<\/p>\n<h4><strong><u>H\u01af\u1edaNG D\u1eaaN S\u1eec D\u1ee4NG<\/u><\/strong><\/h4>\n<p>S\u1eed d\u1ee5ng <strong>A-577<\/strong> nguy\u00ean ch\u1ea5t, \u1edf nhi\u1ec7t \u0111\u1ed9 th\u1ea5p, ch\u1ee9a trong b\u1ec3 c\u00f3 k\u00edch th\u01b0\u1edbc ph\u00f9 h\u1ee3p. Ng\u00e2m v\u1eadt c\u1ea7n \u0111\u01b0\u1ee3c l\u00e0m s\u1ea1ch trong kho\u1ea3ng 2 t\u1edbi 5 gi\u1edd ( \u0111\u1ed1i v\u1edbi nhi\u1ec5m b\u1ea9n d\u1ea1ng nh\u1eb9 th\u00ec th\u1eddi gian ng\u00e2m th\u00f4ng th\u01b0\u1eddng \u00edt h\u01a1n 30 ph\u00fat<\/p>\n<p>&nbsp;<\/p>\n<p>&nbsp;<\/p>\n<p>&nbsp;<\/p>\n<p>&nbsp;<\/p>\n<p>&nbsp;<\/p>","protected":false},"excerpt":{"rendered":"<p><strong>A-577 <\/strong>k\u1ebft h\u1ee3p 3 thao t\u00e1c l\u00e0m s\u1ea1ch th\u00e0nh m\u1ed9t, bao g\u1ed3m t\u1ea9y nh\u1eddn, kh\u1eed than carbon, v\u00e0 l\u1ed9t l\u1edbp s\u01a1n.<\/p>\n<p>&nbsp;<\/p>\n<p>&nbsp;<\/p>","protected":false},"featured_media":619,"comment_status":"open","ping_status":"closed","template":"","meta":[],"product_cat":[18,27,34],"product_tag":[103,122,121,120,115,114,117],"class_list":{"0":"post-530","1":"product","2":"type-product","3":"status-publish","4":"has-post-thumbnail","6":"product_cat-hoa-chat-hang-hai","7":"product_cat-hoa-chat-tay-rua","8":"product_cat-hoa-chat-xu-ly-nuoc","9":"product_tag-dung-dich-tay-rua","10":"product_tag-hoa-chat-cong-nghiep","11":"product_tag-hoa-chat-tay-rua","12":"product_tag-lot-lop-son","13":"product_tag-tay-da-nang","14":"product_tag-tay-nhon","15":"product_tag-tay-than-cacbon","17":"first","18":"instock","19":"shipping-taxable","20":"product-type-simple"},"yoast_head":"<!-- This site is optimized with the Yoast SEO plugin v24.1 - https:\/\/yoast.com\/wordpress\/plugins\/seo\/ -->\n<title>Dung d\u1ecbch t\u1ea9y nh\u1eddn, kh\u1eed than carbon, v\u00e0 l\u1ed9t l\u1edbp s\u01a1n A-577 DECARBONIZER (NON-CRESOL) | C\u00d4NG TY TNHH BULK TRADE (VIET)<\/title>\n<meta name=\"description\" content=\"A-577 k\u1ebft h\u1ee3p 3 thao t\u00e1c l\u00e0m s\u1ea1ch th\u00e0nh m\u1ed9t, bao g\u1ed3m t\u1ea9y nh\u1eddn, kh\u1eed than carbon, v\u00e0 l\u1ed9t l\u1edbp s\u01a1n.\" \/>\n<meta name=\"robots\" content=\"index, follow, max-snippet:-1, max-image-preview:large, max-video-preview:-1\" \/>\n<link rel=\"canonical\" href=\"https:\/\/bulktradeviet.com\/en\/product\/dung-dich-tay-nhon-khu-than-carbon-va-lot-lop-son-a-577-decarbonizer-non-cresol\/\" \/>\n<meta property=\"og:locale\" content=\"en_US\" \/>\n<meta property=\"og:type\" content=\"article\" \/>\n<meta property=\"og:title\" content=\"Dung d\u1ecbch t\u1ea9y nh\u1eddn, kh\u1eed than carbon, v\u00e0 l\u1ed9t l\u1edbp s\u01a1n A-577 DECARBONIZER (NON-CRESOL) | C\u00d4NG TY TNHH BULK TRADE (VIET)\" \/>\n<meta property=\"og:description\" content=\"A-577 k\u1ebft h\u1ee3p 3 thao t\u00e1c l\u00e0m s\u1ea1ch th\u00e0nh m\u1ed9t, bao g\u1ed3m t\u1ea9y nh\u1eddn, kh\u1eed than carbon, v\u00e0 l\u1ed9t l\u1edbp s\u01a1n.\" \/>\n<meta property=\"og:url\" content=\"https:\/\/bulktradeviet.com\/en\/product\/dung-dich-tay-nhon-khu-than-carbon-va-lot-lop-son-a-577-decarbonizer-non-cresol\/\" \/>\n<meta property=\"og:site_name\" content=\"C\u00d4NG TY TNHH BULK TRADE (VIET)\" \/>\n<meta property=\"article:modified_time\" content=\"2025-10-08T19:05:29+00:00\" \/>\n<meta property=\"og:image\" content=\"https:\/\/bulktradeviet.com\/wp-content\/uploads\/2020\/03\/A-577.jpg\" \/>\n\t<meta property=\"og:image:width\" content=\"2000\" \/>\n\t<meta property=\"og:image:height\" content=\"2000\" \/>\n\t<meta property=\"og:image:type\" content=\"image\/jpeg\" \/>\n<meta name=\"twitter:card\" content=\"summary_large_image\" \/>\n<meta name=\"twitter:label1\" content=\"Est. reading time\" \/>\n\t<meta name=\"twitter:data1\" content=\"2 minutes\" \/>\n<script type=\"application\/ld+json\" class=\"yoast-schema-graph\">{\"@context\":\"https:\/\/schema.org\",\"@graph\":[{\"@type\":\"WebPage\",\"@id\":\"https:\/\/bulktradeviet.com\/en\/product\/dung-dich-tay-nhon-khu-than-carbon-va-lot-lop-son-a-577-decarbonizer-non-cresol\/\",\"url\":\"https:\/\/bulktradeviet.com\/en\/product\/dung-dich-tay-nhon-khu-than-carbon-va-lot-lop-son-a-577-decarbonizer-non-cresol\/\",\"name\":\"Dung d\u1ecbch t\u1ea9y nh\u1eddn, kh\u1eed than carbon, v\u00e0 l\u1ed9t l\u1edbp s\u01a1n A-577 DECARBONIZER (NON-CRESOL) | C\u00d4NG TY TNHH BULK TRADE (VIET)\",\"isPartOf\":{\"@id\":\"https:\/\/bulktradeviet.com\/en\/#website\"},\"primaryImageOfPage\":{\"@id\":\"https:\/\/bulktradeviet.com\/en\/product\/dung-dich-tay-nhon-khu-than-carbon-va-lot-lop-son-a-577-decarbonizer-non-cresol\/#primaryimage\"},\"image\":{\"@id\":\"https:\/\/bulktradeviet.com\/en\/product\/dung-dich-tay-nhon-khu-than-carbon-va-lot-lop-son-a-577-decarbonizer-non-cresol\/#primaryimage\"},\"thumbnailUrl\":\"https:\/\/bulktradeviet.com\/wp-content\/uploads\/2020\/03\/A-577.jpg\",\"datePublished\":\"2020-03-24T06:21:31+00:00\",\"dateModified\":\"2025-10-08T19:05:29+00:00\",\"description\":\"A-577 k\u1ebft h\u1ee3p 3 thao t\u00e1c l\u00e0m s\u1ea1ch th\u00e0nh m\u1ed9t, bao g\u1ed3m t\u1ea9y nh\u1eddn, kh\u1eed than carbon, v\u00e0 l\u1ed9t l\u1edbp s\u01a1n.\",\"breadcrumb\":{\"@id\":\"https:\/\/bulktradeviet.com\/en\/product\/dung-dich-tay-nhon-khu-than-carbon-va-lot-lop-son-a-577-decarbonizer-non-cresol\/#breadcrumb\"},\"inLanguage\":\"en-US\",\"potentialAction\":[{\"@type\":\"ReadAction\",\"target\":[\"https:\/\/bulktradeviet.com\/en\/product\/dung-dich-tay-nhon-khu-than-carbon-va-lot-lop-son-a-577-decarbonizer-non-cresol\/\"]}]},{\"@type\":\"ImageObject\",\"inLanguage\":\"en-US\",\"@id\":\"https:\/\/bulktradeviet.com\/en\/product\/dung-dich-tay-nhon-khu-than-carbon-va-lot-lop-son-a-577-decarbonizer-non-cresol\/#primaryimage\",\"url\":\"https:\/\/bulktradeviet.com\/wp-content\/uploads\/2020\/03\/A-577.jpg\",\"contentUrl\":\"https:\/\/bulktradeviet.com\/wp-content\/uploads\/2020\/03\/A-577.jpg\",\"width\":2000,\"height\":2000},{\"@type\":\"BreadcrumbList\",\"@id\":\"https:\/\/bulktradeviet.com\/en\/product\/dung-dich-tay-nhon-khu-than-carbon-va-lot-lop-son-a-577-decarbonizer-non-cresol\/#breadcrumb\",\"itemListElement\":[{\"@type\":\"ListItem\",\"position\":1,\"name\":\"Trang ch\u1ee7\",\"item\":\"https:\/\/bulktradeviet.com\/en\/\"},{\"@type\":\"ListItem\",\"position\":2,\"name\":\"Products\",\"item\":\"https:\/\/bulktradeviet.com\/en\/shop\/\"},{\"@type\":\"ListItem\",\"position\":3,\"name\":\"Dung d\u1ecbch t\u1ea9y nh\u1eddn, kh\u1eed than carbon, v\u00e0 l\u1ed9t l\u1edbp s\u01a1n A-577 DECARBONIZER (NON-CRESOL)\"}]},{\"@type\":\"WebSite\",\"@id\":\"https:\/\/bulktradeviet.com\/en\/#website\",\"url\":\"https:\/\/bulktradeviet.com\/en\/\",\"name\":\"C\u00d4NG TY TNHH BULK TRADE (VIET)\",\"description\":\"Nh\u1eadp Kh\u1ea9u Ph\u00e2n Ph\u1ed1i H\u00f3a Ch\u1ea5t C\u00f4ng Nghi\u1ec7p\",\"potentialAction\":[{\"@type\":\"SearchAction\",\"target\":{\"@type\":\"EntryPoint\",\"urlTemplate\":\"https:\/\/bulktradeviet.com\/en\/?s={search_term_string}\"},\"query-input\":{\"@type\":\"PropertyValueSpecification\",\"valueRequired\":true,\"valueName\":\"search_term_string\"}}],\"inLanguage\":\"en-US\"}]}<\/script>\n<!-- \/ Yoast SEO plugin. -->","yoast_head_json":{"title":"Dung d\u1ecbch t\u1ea9y nh\u1eddn, kh\u1eed than carbon, v\u00e0 l\u1ed9t l\u1edbp s\u01a1n A-577 DECARBONIZER (NON-CRESOL) | C\u00d4NG TY TNHH BULK TRADE (VIET)","description":"A-577 k\u1ebft h\u1ee3p 3 thao t\u00e1c l\u00e0m s\u1ea1ch th\u00e0nh m\u1ed9t, bao g\u1ed3m t\u1ea9y nh\u1eddn, kh\u1eed than carbon, v\u00e0 l\u1ed9t l\u1edbp s\u01a1n.","robots":{"index":"index","follow":"follow","max-snippet":"max-snippet:-1","max-image-preview":"max-image-preview:large","max-video-preview":"max-video-preview:-1"},"canonical":"https:\/\/bulktradeviet.com\/en\/product\/dung-dich-tay-nhon-khu-than-carbon-va-lot-lop-son-a-577-decarbonizer-non-cresol\/","og_locale":"en_US","og_type":"article","og_title":"Dung d\u1ecbch t\u1ea9y nh\u1eddn, kh\u1eed than carbon, v\u00e0 l\u1ed9t l\u1edbp s\u01a1n A-577 DECARBONIZER (NON-CRESOL) | C\u00d4NG TY TNHH BULK TRADE (VIET)","og_description":"A-577 k\u1ebft h\u1ee3p 3 thao t\u00e1c l\u00e0m s\u1ea1ch th\u00e0nh m\u1ed9t, bao g\u1ed3m t\u1ea9y nh\u1eddn, kh\u1eed than carbon, v\u00e0 l\u1ed9t l\u1edbp s\u01a1n.","og_url":"https:\/\/bulktradeviet.com\/en\/product\/dung-dich-tay-nhon-khu-than-carbon-va-lot-lop-son-a-577-decarbonizer-non-cresol\/","og_site_name":"C\u00d4NG TY TNHH BULK TRADE (VIET)","article_modified_time":"2025-10-08T19:05:29+00:00","og_image":[{"width":2000,"height":2000,"url":"https:\/\/bulktradeviet.com\/wp-content\/uploads\/2020\/03\/A-577.jpg","type":"image\/jpeg"}],"twitter_card":"summary_large_image","twitter_misc":{"Est. reading time":"2 minutes"},"schema":{"@context":"https:\/\/schema.org","@graph":[{"@type":"WebPage","@id":"https:\/\/bulktradeviet.com\/en\/product\/dung-dich-tay-nhon-khu-than-carbon-va-lot-lop-son-a-577-decarbonizer-non-cresol\/","url":"https:\/\/bulktradeviet.com\/en\/product\/dung-dich-tay-nhon-khu-than-carbon-va-lot-lop-son-a-577-decarbonizer-non-cresol\/","name":"Dung d\u1ecbch t\u1ea9y nh\u1eddn, kh\u1eed than carbon, v\u00e0 l\u1ed9t l\u1edbp s\u01a1n A-577 DECARBONIZER (NON-CRESOL) | C\u00d4NG TY TNHH BULK TRADE (VIET)","isPartOf":{"@id":"https:\/\/bulktradeviet.com\/en\/#website"},"primaryImageOfPage":{"@id":"https:\/\/bulktradeviet.com\/en\/product\/dung-dich-tay-nhon-khu-than-carbon-va-lot-lop-son-a-577-decarbonizer-non-cresol\/#primaryimage"},"image":{"@id":"https:\/\/bulktradeviet.com\/en\/product\/dung-dich-tay-nhon-khu-than-carbon-va-lot-lop-son-a-577-decarbonizer-non-cresol\/#primaryimage"},"thumbnailUrl":"https:\/\/bulktradeviet.com\/wp-content\/uploads\/2020\/03\/A-577.jpg","datePublished":"2020-03-24T06:21:31+00:00","dateModified":"2025-10-08T19:05:29+00:00","description":"A-577 k\u1ebft h\u1ee3p 3 thao t\u00e1c l\u00e0m s\u1ea1ch th\u00e0nh m\u1ed9t, bao g\u1ed3m t\u1ea9y nh\u1eddn, kh\u1eed than carbon, v\u00e0 l\u1ed9t l\u1edbp s\u01a1n.","breadcrumb":{"@id":"https:\/\/bulktradeviet.com\/en\/product\/dung-dich-tay-nhon-khu-than-carbon-va-lot-lop-son-a-577-decarbonizer-non-cresol\/#breadcrumb"},"inLanguage":"en-US","potentialAction":[{"@type":"ReadAction","target":["https:\/\/bulktradeviet.com\/en\/product\/dung-dich-tay-nhon-khu-than-carbon-va-lot-lop-son-a-577-decarbonizer-non-cresol\/"]}]},{"@type":"ImageObject","inLanguage":"en-US","@id":"https:\/\/bulktradeviet.com\/en\/product\/dung-dich-tay-nhon-khu-than-carbon-va-lot-lop-son-a-577-decarbonizer-non-cresol\/#primaryimage","url":"https:\/\/bulktradeviet.com\/wp-content\/uploads\/2020\/03\/A-577.jpg","contentUrl":"https:\/\/bulktradeviet.com\/wp-content\/uploads\/2020\/03\/A-577.jpg","width":2000,"height":2000},{"@type":"BreadcrumbList","@id":"https:\/\/bulktradeviet.com\/en\/product\/dung-dich-tay-nhon-khu-than-carbon-va-lot-lop-son-a-577-decarbonizer-non-cresol\/#breadcrumb","itemListElement":[{"@type":"ListItem","position":1,"name":"Trang ch\u1ee7","item":"https:\/\/bulktradeviet.com\/en\/"},{"@type":"ListItem","position":2,"name":"Products","item":"https:\/\/bulktradeviet.com\/en\/shop\/"},{"@type":"ListItem","position":3,"name":"Dung d\u1ecbch t\u1ea9y nh\u1eddn, kh\u1eed than carbon, v\u00e0 l\u1ed9t l\u1edbp s\u01a1n A-577 DECARBONIZER (NON-CRESOL)"}]},{"@type":"WebSite","@id":"https:\/\/bulktradeviet.com\/en\/#website","url":"https:\/\/bulktradeviet.com\/en\/","name":"C\u00d4NG TY TNHH BULK TRADE (VIET)","description":"Nh\u1eadp Kh\u1ea9u Ph\u00e2n Ph\u1ed1i H\u00f3a Ch\u1ea5t C\u00f4ng Nghi\u1ec7p","potentialAction":[{"@type":"SearchAction","target":{"@type":"EntryPoint","urlTemplate":"https:\/\/bulktradeviet.com\/en\/?s={search_term_string}"},"query-input":{"@type":"PropertyValueSpecification","valueRequired":true,"valueName":"search_term_string"}}],"inLanguage":"en-US"}]}},"_links":{"self":[{"href":"https:\/\/bulktradeviet.com\/en\/wp-json\/wp\/v2\/product\/530","targetHints":{"allow":["GET"]}}],"collection":[{"href":"https:\/\/bulktradeviet.com\/en\/wp-json\/wp\/v2\/product"}],"about":[{"href":"https:\/\/bulktradeviet.com\/en\/wp-json\/wp\/v2\/types\/product"}],"replies":[{"embeddable":true,"href":"https:\/\/bulktradeviet.com\/en\/wp-json\/wp\/v2\/comments?post=530"}],"wp:featuredmedia":[{"embeddable":true,"href":"https:\/\/bulktradeviet.com\/en\/wp-json\/wp\/v2\/media\/619"}],"wp:attachment":[{"href":"https:\/\/bulktradeviet.com\/en\/wp-json\/wp\/v2\/media?parent=530"}],"wp:term":[{"taxonomy":"product_cat","embeddable":true,"href":"https:\/\/bulktradeviet.com\/en\/wp-json\/wp\/v2\/product_cat?post=530"},{"taxonomy":"product_tag","embeddable":true,"href":"https:\/\/bulktradeviet.com\/en\/wp-json\/wp\/v2\/product_tag?post=530"}],"curies":[{"name":"wp","href":"https:\/\/api.w.org\/{rel}","templated":true}]}}