{"id":527,"date":"2020-03-24T05:54:11","date_gmt":"2020-03-24T05:54:11","guid":{"rendered":"https:\/\/bulktradeviet.com\/?post_type=product&#038;p=527"},"modified":"2026-03-17T04:41:26","modified_gmt":"2026-03-17T04:41:26","slug":"tay-xi-mang-a-131-cement-remover","status":"publish","type":"product","link":"https:\/\/bulktradeviet.com\/en\/product\/tay-xi-mang-a-131-cement-remover\/","title":{"rendered":"T\u1ea9y xi m\u0103ng:  A-131 Cement Remover"},"content":{"rendered":"<h1><strong>\u00a0 \u00a0 \u00a0A-131 CEMENT REMOVER<\/strong><\/h1>\n<ul>\n<li><strong>L\u00fd t\u01b0\u1edfng \u0111\u1ec3 <em>t\u1ea9y r\u1eeda xi m\u0103ng<\/em>, v\u1ebft v\u1eefa v\u00e0 g\u1ea1ch v\u1ee5n<\/strong><\/li>\n<li><strong>X\u1eed l\u00fd r\u1ea5t hi\u1ec7u qu\u1ea3, nhanh ch\u00f3ng v\u00e0 tri\u1ec7t \u0111\u1ec3<\/strong><\/li>\n<li><strong>C\u00f3 th\u1ec3 <em><span style=\"text-decoration: underline\">s\u1eed d\u1ee5ng tr\u00ean t\u1ea5t c\u1ea3 b\u1ec1 m\u1eb7t<\/span><\/em> kim lo\u1ea1i, ngo\u1ea1i tr\u1eeb nh\u00f4m, thi\u1ebfc, k\u1ebdm v\u00e0 c\u00e1c d\u1ea1ng tr\u00e1ng, m\u1ea1 \u0111i\u1ec7n c\u1ee7a ch\u00fang<\/strong><\/li>\n<li><strong>Tan trong n\u01b0\u1edbc v\u00e0 kh\u00f4ng b\u1eaft ch\u00e1y<\/strong><\/li>\n<li><strong>An to\u00e0n khi s\u1eed d\u1ee5ng cho cao su v\u00e0 c\u00e1c lo\u1ea1i nh\u1ef1a<\/strong><\/li>\n<li><strong>S\u1eed d\u1ee5ng d\u1ea1ng nguy\u00ean ch\u1ea5t ho\u1eb7c pha lo\u00e3ng 1 ph\u1ea7n A-131 v\u1edbi 10 \u0111\u1ebfn 40 ph\u1ea7n n\u01b0\u1edbc t\u00f9y thu\u1ed9c v\u00e0o s\u1ef1 t\u00edch t\u1ee5 c\u1ee7a xi m\u0103ng<\/strong><\/li>\n<li><strong>Chi ph\u00ed h\u1ee3p l\u00fd, d\u1ec5 s\u1eed d\u1ee5ng\u00a0 \u00a0<\/strong><br \/>\n<h4><strong><u>TH\u00d4NG TIN S\u1ea2N PH\u1ea8M<\/u><\/strong><\/h4>\n<p><strong>A-131 <\/strong>l\u00e0 h\u1ed7n h\u1ee3p ch\u1ea5t l\u1ecfng acid-bazo, chuy\u00ean d\u1ee5ng \u0111\u1ec3 <em>t\u1ea9y r\u1eeda xi m\u0103ng<\/em>, v\u1ebft v\u1eefa v\u00e0 g\u1ea1ch v\u1ee5n. <strong>A-131<\/strong> r\u1ea5t hi\u1ec7u qu\u1ea3, l\u00e0m l\u1ecfng l\u1ebbo l\u1edbp c\u1eb7n xi m\u0103ng, gi\u00fap vi\u1ec7c lo\u1ea1i b\u1ecf ch\u00fang d\u1ec5 d\u00e0ng v\u00e0 nhanh ch\u00f3ng<\/p>\n<h4><strong><u>T\u00cdNH CH\u1ea4T V\u1eacT L\u00dd<\/u><\/strong><\/h4>\n<p>TR\u1ea0NG TH\u00c1I:\u00a0\u00a0\u00a0\u00a0\u00a0\u00a0\u00a0\u00a0\u00a0\u00a0 \u00a0\u00a0\u00a0\u00a0\u00a0\u00a0\u00a0\u00a0\u00a0\u00a0\u00a0 CH\u1ea4T L\u1eceNG<\/p>\n<p>M\u00c0U S\u1eaeC:\u00a0\u00a0\u00a0\u00a0\u00a0\u00a0\u00a0\u00a0\u00a0\u00a0\u00a0\u00a0\u00a0\u00a0\u00a0\u00a0\u00a0\u00a0\u00a0\u00a0\u00a0\u00a0\u00a0\u00a0\u00a0\u00a0\u00a0\u00a0 M\u00c0U V\u00c0NG NH\u1ea0T<\/p>\n<p>M\u00d9I:\u00a0\u00a0\u00a0\u00a0\u00a0\u00a0\u00a0\u00a0\u00a0\u00a0\u00a0\u00a0\u00a0\u00a0 \u00a0\u00a0\u00a0\u00a0\u00a0\u00a0\u00a0\u00a0\u00a0\u00a0\u00a0 \u00a0\u00a0\u00a0\u00a0\u00a0\u00a0\u00a0\u00a0\u00a0\u00a0\u00a0 C\u00d3 M\u00d9I CHUA ACID<\/p>\n<p>KH\u1ea2 N\u0102NG CH\u00c1Y:\u00a0\u00a0\u00a0\u00a0\u00a0\u00a0\u00a0\u00a0\u00a0\u00a0\u00a0\u00a0\u00a0 KH\u00d4NG G\u00c2Y CH\u00c1Y<\/p>\n<h4><strong><u>\u1ee8NG D\u1ee4NG V\u00c0 C\u00c1CH S\u1eec D\u1ee4NG<\/u><\/strong><\/h4>\n<ul>\n<li>\n<h5><strong><u>LI\u1ec0U L\u01af\u1ee2NG<\/u><\/strong><\/h5>\n<\/li>\n<\/ul>\n<p><strong>Nguy\u00ean ch\u1ea5t: <\/strong>s\u1eed d\u1ee5ng A-131 kh\u00f4ng pha lo\u00e3ng khi ch\u1ea5t b\u1ea9n nhi\u1ec1u, n\u1eb7ng.<\/p>\n<p><strong>Pha lo\u00e3ng: <\/strong>dung d\u1ecbch 10-40% <strong>A-131 <\/strong>\u00a0c\u00f3 th\u1ec3 d\u00f9ng khi \u0111\u00f3ng b\u1ea9n d\u1ea1ng nh\u1eb9 tr\u00ean v\u00f9ng di\u1ec7n t\u00edch l\u1edbn.<\/p>\n<ul>\n<li>\n<h5><strong><u>QUY TR\u00ccNH<\/u><\/strong><\/h5>\n<\/li>\n<\/ul>\n<p><strong>Nguy\u00ean ch\u1ea5t: <\/strong>\u0110\u1ed5 c\u1ea9n th\u1eadn <strong>A-131 <\/strong>v\u00e0o nh\u1eefng khu v\u1ef1c nh\u01b0 g\u00f3c, l\u1ed7 h\u1ed5ng\u2026r\u1ed3i ch\u00e0, lau, ch\u00f9i ho\u1eb7c c\u00e1c c\u00e1ch th\u1ee7 c\u00f4ng kh\u00e1c \u0111\u1ec3 lo\u1ea1i b\u1ecf nhanh h\u01a1n ch\u1ea5t c\u1eb7n b\u1ea9n, ch\u1edd t\u1eeb 5 t\u1edbi 20 ph\u00fat, sau \u0111\u00f3 r\u1eeda l\u1ea1i v\u1edbi n\u01b0\u1edbc \u00e1p l\u1ef1c l\u1edbn. L\u1eb7p l\u1ea1i quy tr\u00ecnh v\u1ec7 sinh tr\u00ean trong tr\u01b0\u1eddng h\u1ee3p ch\u1ea5t b\u1ea9n c\u1ee9ng \u0111\u1ea7u.<\/p>\n<p><strong>Pha lo\u00e3ng: <\/strong>phun dung d\u1ecbch <strong>A-131 <\/strong>lo\u00e3ng l\u00ean b\u1ec1 m\u1eb7t c\u1ea7n l\u00e0m s\u1ea1ch, ch\u1edd t\u1eeb 5 \u0111\u1ebfn 20 ph\u00fat v\u00e0 r\u1eeda s\u1ea1ch l\u1ea1i v\u1edbi n\u01b0\u1edbc \u00e1p l\u1ef1c l\u1edbn. L\u1eb7p l\u1ea1i quy tr\u00ecnh v\u1ec7 sinh tr\u00ean trong tr\u01b0\u1eddng h\u1ee3p ch\u1ea5t b\u1ea9n c\u1ee9ng \u0111\u1ea7u.<\/p>\n<p><strong><u>L\u01b0u \u00fd<\/u><\/strong>: ch\u1ec9 s\u1eed d\u1ee5ng nh\u1eefng thi\u1ebft b\u1ecb, v\u1eadt d\u1ee5ng c\u00f3 t\u00ednh kh\u00e1ng acid \u0111\u1ec3 th\u1ef1c hi\u1ec7n quy tr\u00ecnh v\u1ec7 sinh \u1edf tr\u00ean<\/li>\n<\/ul>","protected":false},"excerpt":{"rendered":"<p><strong>A-131 <\/strong>l\u00e0 h\u1ed7n h\u1ee3p ch\u1ea5t l\u1ecfng acid-bazo, chuy\u00ean d\u1ee5ng \u0111\u1ec3 t\u1ea9y r\u1eeda xi m\u0103ng, v\u1ebft v\u1eefa v\u00e0 g\u1ea1ch v\u1ee5n. <strong>A-131<\/strong> r\u1ea5t hi\u1ec7u qu\u1ea3, l\u00e0m l\u1ecfng l\u1ebbo l\u1edbp c\u1eb7n xi m\u0103ng, gi\u00fap vi\u1ec7c lo\u1ea1i b\u1ecf ch\u00fang d\u1ec5 d\u00e0ng v\u00e0 nhanh ch\u00f3ng.<\/p>\n<p>&nbsp;<\/p>\n<p>&nbsp;<\/p>","protected":false},"featured_media":606,"comment_status":"open","ping_status":"closed","template":"","meta":[],"product_cat":[18,27,34],"product_tag":[109,110,108,111,107,106],"class_list":{"0":"post-527","1":"product","2":"type-product","3":"status-publish","4":"has-post-thumbnail","6":"product_cat-hoa-chat-hang-hai","7":"product_cat-hoa-chat-tay-rua","8":"product_cat-hoa-chat-xu-ly-nuoc","9":"product_tag-tay-beetoong","10":"product_tag-tay-vua-tren-nen-gach","11":"product_tag-tay-xi-mang","12":"product_tag-tay-xi-mang-tren-nen-gach","13":"product_tag-tay-ximang","14":"product_tag-tay-ximangw","16":"first","17":"instock","18":"shipping-taxable","19":"product-type-simple"},"yoast_head":"<!-- This site is optimized with the Yoast SEO plugin v24.1 - https:\/\/yoast.com\/wordpress\/plugins\/seo\/ -->\n<title>T\u1ea9y xi m\u0103ng: A-131 Cement Remover | C\u00d4NG TY TNHH BULK TRADE (VIET)<\/title>\n<meta name=\"description\" content=\"A-131 l\u00e0 h\u1ed7n h\u1ee3p ch\u1ea5t l\u1ecfng acid-bazo, chuy\u00ean d\u1ee5ng \u0111\u1ec3 t\u1ea9y r\u1eeda xi m\u0103ng, v\u1ebft v\u1eefa v\u00e0 g\u1ea1ch v\u1ee5n. A-131 r\u1ea5t hi\u1ec7u qu\u1ea3, l\u00e0m l\u1ecfng l\u1ebbo l\u1edbp c\u1eb7n xi m\u0103ng, gi\u00fap vi\u1ec7c lo\u1ea1i b\u1ecf ch\u00fang d\u1ec5 d\u00e0ng v\u00e0 nhanh ch\u00f3ng.\" \/>\n<meta name=\"robots\" content=\"index, follow, max-snippet:-1, max-image-preview:large, max-video-preview:-1\" \/>\n<link rel=\"canonical\" href=\"https:\/\/bulktradeviet.com\/en\/product\/tay-xi-mang-a-131-cement-remover\/\" \/>\n<meta property=\"og:locale\" content=\"en_US\" \/>\n<meta property=\"og:type\" content=\"article\" \/>\n<meta property=\"og:title\" content=\"T\u1ea9y xi m\u0103ng: A-131 Cement Remover | C\u00d4NG TY TNHH BULK TRADE (VIET)\" \/>\n<meta property=\"og:description\" content=\"A-131 l\u00e0 h\u1ed7n h\u1ee3p ch\u1ea5t l\u1ecfng acid-bazo, chuy\u00ean d\u1ee5ng \u0111\u1ec3 t\u1ea9y r\u1eeda xi m\u0103ng, v\u1ebft v\u1eefa v\u00e0 g\u1ea1ch v\u1ee5n. A-131 r\u1ea5t hi\u1ec7u qu\u1ea3, l\u00e0m l\u1ecfng l\u1ebbo l\u1edbp c\u1eb7n xi m\u0103ng, gi\u00fap vi\u1ec7c lo\u1ea1i b\u1ecf ch\u00fang d\u1ec5 d\u00e0ng v\u00e0 nhanh ch\u00f3ng.\" \/>\n<meta property=\"og:url\" content=\"https:\/\/bulktradeviet.com\/en\/product\/tay-xi-mang-a-131-cement-remover\/\" \/>\n<meta property=\"og:site_name\" content=\"C\u00d4NG TY TNHH BULK TRADE (VIET)\" \/>\n<meta property=\"article:modified_time\" content=\"2026-03-17T04:41:26+00:00\" \/>\n<meta property=\"og:image\" content=\"https:\/\/bulktradeviet.com\/wp-content\/uploads\/2020\/03\/A-131.jpg\" \/>\n\t<meta property=\"og:image:width\" content=\"2000\" \/>\n\t<meta property=\"og:image:height\" content=\"2000\" \/>\n\t<meta property=\"og:image:type\" content=\"image\/jpeg\" \/>\n<meta name=\"twitter:card\" content=\"summary_large_image\" \/>\n<meta name=\"twitter:label1\" content=\"Est. reading time\" \/>\n\t<meta name=\"twitter:data1\" content=\"3 minutes\" \/>\n<script type=\"application\/ld+json\" class=\"yoast-schema-graph\">{\"@context\":\"https:\/\/schema.org\",\"@graph\":[{\"@type\":\"WebPage\",\"@id\":\"https:\/\/bulktradeviet.com\/en\/product\/tay-xi-mang-a-131-cement-remover\/\",\"url\":\"https:\/\/bulktradeviet.com\/en\/product\/tay-xi-mang-a-131-cement-remover\/\",\"name\":\"T\u1ea9y xi m\u0103ng: A-131 Cement Remover | C\u00d4NG TY TNHH BULK TRADE (VIET)\",\"isPartOf\":{\"@id\":\"https:\/\/bulktradeviet.com\/en\/#website\"},\"primaryImageOfPage\":{\"@id\":\"https:\/\/bulktradeviet.com\/en\/product\/tay-xi-mang-a-131-cement-remover\/#primaryimage\"},\"image\":{\"@id\":\"https:\/\/bulktradeviet.com\/en\/product\/tay-xi-mang-a-131-cement-remover\/#primaryimage\"},\"thumbnailUrl\":\"https:\/\/bulktradeviet.com\/wp-content\/uploads\/2020\/03\/A-131.jpg\",\"datePublished\":\"2020-03-24T05:54:11+00:00\",\"dateModified\":\"2026-03-17T04:41:26+00:00\",\"description\":\"A-131 l\u00e0 h\u1ed7n h\u1ee3p ch\u1ea5t l\u1ecfng acid-bazo, chuy\u00ean d\u1ee5ng \u0111\u1ec3 t\u1ea9y r\u1eeda xi m\u0103ng, v\u1ebft v\u1eefa v\u00e0 g\u1ea1ch v\u1ee5n. A-131 r\u1ea5t hi\u1ec7u qu\u1ea3, l\u00e0m l\u1ecfng l\u1ebbo l\u1edbp c\u1eb7n xi m\u0103ng, gi\u00fap vi\u1ec7c lo\u1ea1i b\u1ecf ch\u00fang d\u1ec5 d\u00e0ng v\u00e0 nhanh ch\u00f3ng.\",\"breadcrumb\":{\"@id\":\"https:\/\/bulktradeviet.com\/en\/product\/tay-xi-mang-a-131-cement-remover\/#breadcrumb\"},\"inLanguage\":\"en-US\",\"potentialAction\":[{\"@type\":\"ReadAction\",\"target\":[\"https:\/\/bulktradeviet.com\/en\/product\/tay-xi-mang-a-131-cement-remover\/\"]}]},{\"@type\":\"ImageObject\",\"inLanguage\":\"en-US\",\"@id\":\"https:\/\/bulktradeviet.com\/en\/product\/tay-xi-mang-a-131-cement-remover\/#primaryimage\",\"url\":\"https:\/\/bulktradeviet.com\/wp-content\/uploads\/2020\/03\/A-131.jpg\",\"contentUrl\":\"https:\/\/bulktradeviet.com\/wp-content\/uploads\/2020\/03\/A-131.jpg\",\"width\":2000,\"height\":2000},{\"@type\":\"BreadcrumbList\",\"@id\":\"https:\/\/bulktradeviet.com\/en\/product\/tay-xi-mang-a-131-cement-remover\/#breadcrumb\",\"itemListElement\":[{\"@type\":\"ListItem\",\"position\":1,\"name\":\"Trang ch\u1ee7\",\"item\":\"https:\/\/bulktradeviet.com\/en\/\"},{\"@type\":\"ListItem\",\"position\":2,\"name\":\"Products\",\"item\":\"https:\/\/bulktradeviet.com\/en\/shop\/\"},{\"@type\":\"ListItem\",\"position\":3,\"name\":\"T\u1ea9y xi m\u0103ng: A-131 Cement Remover\"}]},{\"@type\":\"WebSite\",\"@id\":\"https:\/\/bulktradeviet.com\/en\/#website\",\"url\":\"https:\/\/bulktradeviet.com\/en\/\",\"name\":\"C\u00d4NG TY TNHH BULK TRADE (VIET)\",\"description\":\"Nh\u1eadp Kh\u1ea9u Ph\u00e2n Ph\u1ed1i H\u00f3a Ch\u1ea5t C\u00f4ng Nghi\u1ec7p\",\"potentialAction\":[{\"@type\":\"SearchAction\",\"target\":{\"@type\":\"EntryPoint\",\"urlTemplate\":\"https:\/\/bulktradeviet.com\/en\/?s={search_term_string}\"},\"query-input\":{\"@type\":\"PropertyValueSpecification\",\"valueRequired\":true,\"valueName\":\"search_term_string\"}}],\"inLanguage\":\"en-US\"}]}<\/script>\n<!-- \/ Yoast SEO plugin. -->","yoast_head_json":{"title":"T\u1ea9y xi m\u0103ng: A-131 Cement Remover | C\u00d4NG TY TNHH BULK TRADE (VIET)","description":"A-131 l\u00e0 h\u1ed7n h\u1ee3p ch\u1ea5t l\u1ecfng acid-bazo, chuy\u00ean d\u1ee5ng \u0111\u1ec3 t\u1ea9y r\u1eeda xi m\u0103ng, v\u1ebft v\u1eefa v\u00e0 g\u1ea1ch v\u1ee5n. A-131 r\u1ea5t hi\u1ec7u qu\u1ea3, l\u00e0m l\u1ecfng l\u1ebbo l\u1edbp c\u1eb7n xi m\u0103ng, gi\u00fap vi\u1ec7c lo\u1ea1i b\u1ecf ch\u00fang d\u1ec5 d\u00e0ng v\u00e0 nhanh ch\u00f3ng.","robots":{"index":"index","follow":"follow","max-snippet":"max-snippet:-1","max-image-preview":"max-image-preview:large","max-video-preview":"max-video-preview:-1"},"canonical":"https:\/\/bulktradeviet.com\/en\/product\/tay-xi-mang-a-131-cement-remover\/","og_locale":"en_US","og_type":"article","og_title":"T\u1ea9y xi m\u0103ng: A-131 Cement Remover | C\u00d4NG TY TNHH BULK TRADE (VIET)","og_description":"A-131 l\u00e0 h\u1ed7n h\u1ee3p ch\u1ea5t l\u1ecfng acid-bazo, chuy\u00ean d\u1ee5ng \u0111\u1ec3 t\u1ea9y r\u1eeda xi m\u0103ng, v\u1ebft v\u1eefa v\u00e0 g\u1ea1ch v\u1ee5n. A-131 r\u1ea5t hi\u1ec7u qu\u1ea3, l\u00e0m l\u1ecfng l\u1ebbo l\u1edbp c\u1eb7n xi m\u0103ng, gi\u00fap vi\u1ec7c lo\u1ea1i b\u1ecf ch\u00fang d\u1ec5 d\u00e0ng v\u00e0 nhanh ch\u00f3ng.","og_url":"https:\/\/bulktradeviet.com\/en\/product\/tay-xi-mang-a-131-cement-remover\/","og_site_name":"C\u00d4NG TY TNHH BULK TRADE (VIET)","article_modified_time":"2026-03-17T04:41:26+00:00","og_image":[{"width":2000,"height":2000,"url":"https:\/\/bulktradeviet.com\/wp-content\/uploads\/2020\/03\/A-131.jpg","type":"image\/jpeg"}],"twitter_card":"summary_large_image","twitter_misc":{"Est. reading time":"3 minutes"},"schema":{"@context":"https:\/\/schema.org","@graph":[{"@type":"WebPage","@id":"https:\/\/bulktradeviet.com\/en\/product\/tay-xi-mang-a-131-cement-remover\/","url":"https:\/\/bulktradeviet.com\/en\/product\/tay-xi-mang-a-131-cement-remover\/","name":"T\u1ea9y xi m\u0103ng: A-131 Cement Remover | C\u00d4NG TY TNHH BULK TRADE (VIET)","isPartOf":{"@id":"https:\/\/bulktradeviet.com\/en\/#website"},"primaryImageOfPage":{"@id":"https:\/\/bulktradeviet.com\/en\/product\/tay-xi-mang-a-131-cement-remover\/#primaryimage"},"image":{"@id":"https:\/\/bulktradeviet.com\/en\/product\/tay-xi-mang-a-131-cement-remover\/#primaryimage"},"thumbnailUrl":"https:\/\/bulktradeviet.com\/wp-content\/uploads\/2020\/03\/A-131.jpg","datePublished":"2020-03-24T05:54:11+00:00","dateModified":"2026-03-17T04:41:26+00:00","description":"A-131 l\u00e0 h\u1ed7n h\u1ee3p ch\u1ea5t l\u1ecfng acid-bazo, chuy\u00ean d\u1ee5ng \u0111\u1ec3 t\u1ea9y r\u1eeda xi m\u0103ng, v\u1ebft v\u1eefa v\u00e0 g\u1ea1ch v\u1ee5n. A-131 r\u1ea5t hi\u1ec7u qu\u1ea3, l\u00e0m l\u1ecfng l\u1ebbo l\u1edbp c\u1eb7n xi m\u0103ng, gi\u00fap vi\u1ec7c lo\u1ea1i b\u1ecf ch\u00fang d\u1ec5 d\u00e0ng v\u00e0 nhanh ch\u00f3ng.","breadcrumb":{"@id":"https:\/\/bulktradeviet.com\/en\/product\/tay-xi-mang-a-131-cement-remover\/#breadcrumb"},"inLanguage":"en-US","potentialAction":[{"@type":"ReadAction","target":["https:\/\/bulktradeviet.com\/en\/product\/tay-xi-mang-a-131-cement-remover\/"]}]},{"@type":"ImageObject","inLanguage":"en-US","@id":"https:\/\/bulktradeviet.com\/en\/product\/tay-xi-mang-a-131-cement-remover\/#primaryimage","url":"https:\/\/bulktradeviet.com\/wp-content\/uploads\/2020\/03\/A-131.jpg","contentUrl":"https:\/\/bulktradeviet.com\/wp-content\/uploads\/2020\/03\/A-131.jpg","width":2000,"height":2000},{"@type":"BreadcrumbList","@id":"https:\/\/bulktradeviet.com\/en\/product\/tay-xi-mang-a-131-cement-remover\/#breadcrumb","itemListElement":[{"@type":"ListItem","position":1,"name":"Trang ch\u1ee7","item":"https:\/\/bulktradeviet.com\/en\/"},{"@type":"ListItem","position":2,"name":"Products","item":"https:\/\/bulktradeviet.com\/en\/shop\/"},{"@type":"ListItem","position":3,"name":"T\u1ea9y xi m\u0103ng: A-131 Cement Remover"}]},{"@type":"WebSite","@id":"https:\/\/bulktradeviet.com\/en\/#website","url":"https:\/\/bulktradeviet.com\/en\/","name":"C\u00d4NG TY TNHH BULK TRADE (VIET)","description":"Nh\u1eadp Kh\u1ea9u Ph\u00e2n Ph\u1ed1i H\u00f3a Ch\u1ea5t C\u00f4ng Nghi\u1ec7p","potentialAction":[{"@type":"SearchAction","target":{"@type":"EntryPoint","urlTemplate":"https:\/\/bulktradeviet.com\/en\/?s={search_term_string}"},"query-input":{"@type":"PropertyValueSpecification","valueRequired":true,"valueName":"search_term_string"}}],"inLanguage":"en-US"}]}},"_links":{"self":[{"href":"https:\/\/bulktradeviet.com\/en\/wp-json\/wp\/v2\/product\/527","targetHints":{"allow":["GET"]}}],"collection":[{"href":"https:\/\/bulktradeviet.com\/en\/wp-json\/wp\/v2\/product"}],"about":[{"href":"https:\/\/bulktradeviet.com\/en\/wp-json\/wp\/v2\/types\/product"}],"replies":[{"embeddable":true,"href":"https:\/\/bulktradeviet.com\/en\/wp-json\/wp\/v2\/comments?post=527"}],"wp:featuredmedia":[{"embeddable":true,"href":"https:\/\/bulktradeviet.com\/en\/wp-json\/wp\/v2\/media\/606"}],"wp:attachment":[{"href":"https:\/\/bulktradeviet.com\/en\/wp-json\/wp\/v2\/media?parent=527"}],"wp:term":[{"taxonomy":"product_cat","embeddable":true,"href":"https:\/\/bulktradeviet.com\/en\/wp-json\/wp\/v2\/product_cat?post=527"},{"taxonomy":"product_tag","embeddable":true,"href":"https:\/\/bulktradeviet.com\/en\/wp-json\/wp\/v2\/product_tag?post=527"}],"curies":[{"name":"wp","href":"https:\/\/api.w.org\/{rel}","templated":true}]}}