{"id":522,"date":"2020-03-24T04:33:53","date_gmt":"2020-03-24T04:33:53","guid":{"rendered":"https:\/\/bulktradeviet.com\/?post_type=product&#038;p=522"},"modified":"2026-04-15T16:55:55","modified_gmt":"2026-04-15T16:55:55","slug":"a-303-ecoclean","status":"publish","type":"product","link":"https:\/\/bulktradeviet.com\/en\/product\/a-303-ecoclean\/","title":{"rendered":"T\u1ea9y d\u1ea7u nh\u1eddn, Polymer, Cacbon, c\u00e1u c\u1eb7n A-303 Ecoclean"},"content":{"rendered":"<h1><strong>APEX-303 ECOCLEAN<\/strong><\/h1>\n<ul>\n<li><strong>C\u00f4ng th\u1ee9c c\u1ea3i ti\u1ebfn m\u1edbi<\/strong><\/li>\n<li><em><strong>Ch\u1ea5t t\u1ea9y nh\u1eddn g\u1ed1c n\u01b0\u1edbc<\/strong><\/em><\/li>\n<li><strong>Kh\u00f4ng b\u1eaft ch\u00e1y<\/strong><\/li>\n<li><strong>Kh\u00f4ng \u0111\u1ed9c h\u1ea1i<\/strong><\/li>\n<li><strong>Kh\u00f4ng \u00f4 nhi\u1ec5m ngu\u1ed3n n\u01b0\u1edbc<\/strong><\/li>\n<li><strong>Ph\u00f9 h\u1ee3p v\u1edbi c\u00e1c ch\u1ea5t t\u00e1ch pha d\u1ea7u\/ n\u01b0\u1edbc<\/strong><\/li>\n<li><strong>C\u00f3 m\u00f9i d\u1ec5 ch\u1ecbu<\/strong><\/li>\n<li><strong>Hi\u1ec7u qu\u1ea3 kinh t\u1ebf cao khi pha lo\u00e3ng<\/strong><\/li>\n<li><strong>Ph\u00f9 h\u1ee3p v\u1edbi t\u1ea5t c\u1ea3 c\u00e1c lo\u1ea1i l\u1edbp ph\u1ee7<\/strong><\/li>\n<\/ul>\n<h4><strong>TH\u00d4NG TIN S\u1ea2N PH\u1ea8M<\/strong><\/h4>\n<p><strong>APEX-303 EcoClean<\/strong> l\u00e0 <em>ch\u1ea5t t\u1ea9y g\u1ed1c n\u01b0\u1edbc<\/em> d\u1ea1ng vi nh\u0169 t\u01b0\u01a1ng, c\u00f3 \u0111\u1ed9c t\u00ednh th\u1ea5p, c\u00f3 kh\u1ea3 n\u0103ng ph\u00e2n h\u1ee7y sinh h\u1ecdc, v\u00e0 an to\u00e0n khi s\u1eed d\u1ee5ng.<\/p>\n<p><strong>APEX-303 EcoClean<\/strong> c\u00f3 chi\u1ebft xu\u1ea5t t\u1eeb tinh d\u1ea7u cam qu\u00fdt t\u1ef1 nhi\u00ean k\u1ebft h\u1ee3p v\u1edbi ch\u1ea5t ho\u1ea1t \u0111\u1ed9ng b\u1ec1 m\u1eb7t \u0111\u01b0\u1ee3c c\u1ea3i ti\u1ebfn \u1ee9ng d\u1ee5ng \u0111\u1ec3 l\u00e0m s\u1ea1ch bu\u1ed3ng \u0111\u1ed9ng c\u01a1, s\u00e0n t\u00e0u, lo\u1ea1i b\u1ecf d\u1ea7u nh\u1eddn, c\u00e1c h\u1ee3p ch\u1ea5t Polymer, than carbon, v\u00e0 c\u00e1c lo\u1ea1i c\u00e1u b\u1ea9n kh\u00e1c.<\/p>\n<h4><strong><u>\u1ee8NG D\u1ee4NG<\/u><\/strong><\/h4>\n<p><strong>APEX-303 EcoClean <\/strong>c\u00f3 th\u1ec3 pha lo\u00e3ng th\u00e0nh nhi\u1ec1u n\u1ed3ng \u0111\u1ed9 kh\u00e1c nhau s\u1eed d\u1ee5ng cho nhi\u1ec1u m\u1ee5c \u0111\u00edch nh\u01b0<\/p>\n<ul>\n<li>V\u1ec7 sinh h\u00e0ng h\u1ea3i n\u00f3i chung : s\u1eed d\u1ee5ng \u0111\u1ec3 <span style=\"text-decoration: underline\">lo\u1ea1i b\u1ecf ch\u1ea5t d\u1ea7u<\/span>, nh\u1eddn, c\u1eb7n b\u1ea9n, than carbon, c\u00e1c h\u1ee3p ch\u1ea5t polymer, c\u00e1c <strong>lo\u1ea1i c\u00e1u b\u1ea9n<\/strong> n\u00f3i chung, c\u00e1c lo\u1ea1i d\u1ea7u \u0111\u1ed9ng th\u1ef1c v\u1eadt\u2026<\/li>\n<li>V\u1ec7 sinh bu\u1ed3ng \u0111\u1ed9ng c\u01a1: d\u00f9ng \u0111\u1ec3 v\u1ec7 sinh l\u1edbp s\u01a1n, <em>lo\u1ea1i b\u1ecf than carbon<\/em> b\u1eb1ng nhi\u1ec1u bi\u1ec7n ph\u00e1p nh\u01b0 ng\u00e2m, d\u00f9ng si\u00eau \u00e2m hay \u00e1p su\u1ea5t cao.<\/li>\n<li><strong>V\u1ec7 sinh c\u00e1c th\u00f9ng ch\u1ee9a<\/strong> h\u00e0ng nh\u01b0 rau c\u1ee7 qu\u1ea3, c\u00e1, \u0111\u1ed9ng v\u1eadt, c\u00e1c <em>h\u00f3a ch\u1ea5t c\u00f3 ngu\u1ed3n g\u1ed1c t\u1eeb d\u1ea7u kho\u00e1ng<\/em>, d\u1ea7u m\u1ecf, hydrocarbon \u2026<\/li>\n<\/ul>\n<h4><strong><u>H\u01af\u1edaNG D\u1eaaN S\u1eec D\u1ee4NG <\/u><\/strong><\/h4>\n<h5><strong>V\u1ec6 SINH B\u1ec2<\/strong><\/h5>\n<p>Khi v\u1ec7 sinh b\u1ec3 t\u1ef1 \u0111\u1ed9ng, b\u01a1m r\u1eeda tr\u1ef1c ti\u1ebfp ho\u1eb7c s\u1eed d\u1ee5ng s\u00fang x\u1ecbt dung d\u1ecbch \u0111\u01b0\u1ee3c pha t\u1eeb 10 \u2013 15 l\u00edt <strong>APEX-303 EcoClean <\/strong>v\u1edbi kho\u1ea3ng 1000 l\u00edt n\u01b0\u1edbc<\/p>\n<p>Khi t\u00e1i s\u1eed d\u1ee5ng dung d\u1ecbch t\u1eeb b\u1ec3 n\u00e0y cho b\u1ec3 kh\u00e1c, d\u00f9ng dung d\u1ecbch c\u00f3 n\u1ed3ng \u0111\u1ed9 t\u01b0\u01a1ng \u0111\u1ed1i kho\u1ea3ng 3 \u2013 4% \u0111\u1ec3 v\u1ec7 sinh cho kho\u1ea3ng kho\u1ea3ng 4 -5 b\u1ec3 t\u00f9y thu\u1ed9c v\u00e0o m\u1ee9c \u0111\u1ed9 nhi\u1ec5m b\u1ea9n.<\/p>\n<h5><strong>V\u1ec6 SINH C\u00c1C V\u1ebeT \u0110EN<\/strong><\/h5>\n<p>C\u00f3 th\u1ec3 d\u00f9ng dung d\u1ecbch nguy\u00ean ch\u1ea5t n\u1ebfu c\u1ea7n thi\u1ebft, phun l\u00ean b\u1ec1 m\u1eb7t c\u1ea7n l\u00e0m s\u1ea1ch v\u00e0 ch\u1edd kho\u1ea3ng 30 ph\u00fat, sau \u0111\u00f3 r\u1eeda th\u1eadt s\u1ea1ch v\u1edbi n\u01b0\u1edbc. Gia nhi\u1ec7t l\u00ean 40 \u2013 60<sup>o<\/sup>C cho hi\u1ec7u qu\u1ea3 l\u00e0m s\u1ea1ch cao.<\/p>\n<p>&nbsp;<\/p>\n<p>&nbsp;<\/p>\n<p>&nbsp;<\/p>\n<p>&nbsp;<\/p>","protected":false},"excerpt":{"rendered":"<p>&nbsp;<\/p>\n<p><em>A-303 <\/em>ECOCLEAN : <em>Ch\u1ea5t t\u1ea9y nh\u1eddn g\u1ed1c n\u01b0\u1edbc, <\/em>Kh\u00f4ng b\u1eaft ch\u00e1y, Kh\u00f4ng \u0111\u1ed9c h\u1ea1i, Kh\u00f4ng \u00f4 nhi\u1ec5m ngu\u1ed3n n\u01b0\u1edbc, Ph\u00f9 h\u1ee3p v\u1edbi c\u00e1c ch\u1ea5t t\u00e1ch pha d\u1ea7u\/ n\u01b0\u1edbc, C\u00f3 m\u00f9i d\u1ec5 ch\u1ecbu, Hi\u1ec7u qu\u1ea3 kinh t\u1ebf cao khi pha lo\u00e3ng, Ph\u00f9 h\u1ee3p v\u1edbi t\u1ea5t c\u1ea3 c\u00e1c lo\u1ea1i l\u1edbp ph\u1ee7<\/p>\n<p>&nbsp;<\/p>\n<p>&nbsp;<\/p>","protected":false},"featured_media":620,"comment_status":"open","ping_status":"closed","template":"","meta":[],"product_cat":[18,27,34],"product_tag":[116,118,115,114,117,119],"class_list":{"0":"post-522","1":"product","2":"type-product","3":"status-publish","4":"has-post-thumbnail","6":"product_cat-hoa-chat-hang-hai","7":"product_cat-hoa-chat-tay-rua","8":"product_cat-hoa-chat-xu-ly-nuoc","9":"product_tag-tay-can-ban","10":"product_tag-tay-cau-ban","11":"product_tag-tay-da-nang","12":"product_tag-tay-nhon","13":"product_tag-tay-than-cacbon","14":"product_tag-ve-sinh-be","16":"first","17":"instock","18":"shipping-taxable","19":"product-type-simple"},"yoast_head":"<!-- This site is optimized with the Yoast SEO plugin v24.1 - https:\/\/yoast.com\/wordpress\/plugins\/seo\/ -->\n<title>T\u1ea9y d\u1ea7u nh\u1eddn, Polymer, Cacbon, c\u00e1u c\u1eb7n A-303 Ecoclean | C\u00d4NG TY TNHH BULK TRADE (VIET)<\/title>\n<meta name=\"robots\" content=\"index, follow, max-snippet:-1, max-image-preview:large, max-video-preview:-1\" \/>\n<link rel=\"canonical\" href=\"https:\/\/bulktradeviet.com\/en\/product\/a-303-ecoclean\/\" \/>\n<meta property=\"og:locale\" content=\"en_US\" \/>\n<meta property=\"og:type\" content=\"article\" \/>\n<meta property=\"og:title\" content=\"T\u1ea9y d\u1ea7u nh\u1eddn, Polymer, Cacbon, c\u00e1u c\u1eb7n A-303 Ecoclean | C\u00d4NG TY TNHH BULK TRADE (VIET)\" \/>\n<meta property=\"og:description\" content=\"&nbsp;  A-303 ECOCLEAN : Ch\u1ea5t t\u1ea9y nh\u1eddn g\u1ed1c n\u01b0\u1edbc, Kh\u00f4ng b\u1eaft ch\u00e1y, Kh\u00f4ng \u0111\u1ed9c h\u1ea1i, Kh\u00f4ng \u00f4 nhi\u1ec5m ngu\u1ed3n n\u01b0\u1edbc, Ph\u00f9 h\u1ee3p v\u1edbi c\u00e1c ch\u1ea5t t\u00e1ch pha d\u1ea7u\/ n\u01b0\u1edbc, C\u00f3 m\u00f9i d\u1ec5 ch\u1ecbu, Hi\u1ec7u qu\u1ea3 kinh t\u1ebf cao khi pha lo\u00e3ng, Ph\u00f9 h\u1ee3p v\u1edbi t\u1ea5t c\u1ea3 c\u00e1c lo\u1ea1i l\u1edbp ph\u1ee7  &nbsp;  &nbsp;\" \/>\n<meta property=\"og:url\" content=\"https:\/\/bulktradeviet.com\/en\/product\/a-303-ecoclean\/\" \/>\n<meta property=\"og:site_name\" content=\"C\u00d4NG TY TNHH BULK TRADE (VIET)\" \/>\n<meta property=\"article:modified_time\" content=\"2026-04-15T16:55:55+00:00\" \/>\n<meta property=\"og:image\" content=\"https:\/\/bulktradeviet.com\/wp-content\/uploads\/2020\/03\/A-303.jpg\" \/>\n\t<meta property=\"og:image:width\" content=\"2000\" \/>\n\t<meta property=\"og:image:height\" content=\"2000\" \/>\n\t<meta property=\"og:image:type\" content=\"image\/jpeg\" \/>\n<meta name=\"twitter:card\" content=\"summary_large_image\" \/>\n<meta name=\"twitter:label1\" content=\"Est. reading time\" \/>\n\t<meta name=\"twitter:data1\" content=\"3 minutes\" \/>\n<script type=\"application\/ld+json\" class=\"yoast-schema-graph\">{\"@context\":\"https:\/\/schema.org\",\"@graph\":[{\"@type\":\"WebPage\",\"@id\":\"https:\/\/bulktradeviet.com\/en\/product\/a-303-ecoclean\/\",\"url\":\"https:\/\/bulktradeviet.com\/en\/product\/a-303-ecoclean\/\",\"name\":\"T\u1ea9y d\u1ea7u nh\u1eddn, Polymer, Cacbon, c\u00e1u c\u1eb7n A-303 Ecoclean | C\u00d4NG TY TNHH BULK TRADE (VIET)\",\"isPartOf\":{\"@id\":\"https:\/\/bulktradeviet.com\/en\/#website\"},\"primaryImageOfPage\":{\"@id\":\"https:\/\/bulktradeviet.com\/en\/product\/a-303-ecoclean\/#primaryimage\"},\"image\":{\"@id\":\"https:\/\/bulktradeviet.com\/en\/product\/a-303-ecoclean\/#primaryimage\"},\"thumbnailUrl\":\"https:\/\/bulktradeviet.com\/wp-content\/uploads\/2020\/03\/A-303.jpg\",\"datePublished\":\"2020-03-24T04:33:53+00:00\",\"dateModified\":\"2026-04-15T16:55:55+00:00\",\"breadcrumb\":{\"@id\":\"https:\/\/bulktradeviet.com\/en\/product\/a-303-ecoclean\/#breadcrumb\"},\"inLanguage\":\"en-US\",\"potentialAction\":[{\"@type\":\"ReadAction\",\"target\":[\"https:\/\/bulktradeviet.com\/en\/product\/a-303-ecoclean\/\"]}]},{\"@type\":\"ImageObject\",\"inLanguage\":\"en-US\",\"@id\":\"https:\/\/bulktradeviet.com\/en\/product\/a-303-ecoclean\/#primaryimage\",\"url\":\"https:\/\/bulktradeviet.com\/wp-content\/uploads\/2020\/03\/A-303.jpg\",\"contentUrl\":\"https:\/\/bulktradeviet.com\/wp-content\/uploads\/2020\/03\/A-303.jpg\",\"width\":2000,\"height\":2000},{\"@type\":\"BreadcrumbList\",\"@id\":\"https:\/\/bulktradeviet.com\/en\/product\/a-303-ecoclean\/#breadcrumb\",\"itemListElement\":[{\"@type\":\"ListItem\",\"position\":1,\"name\":\"Trang ch\u1ee7\",\"item\":\"https:\/\/bulktradeviet.com\/en\/\"},{\"@type\":\"ListItem\",\"position\":2,\"name\":\"Products\",\"item\":\"https:\/\/bulktradeviet.com\/en\/shop\/\"},{\"@type\":\"ListItem\",\"position\":3,\"name\":\"T\u1ea9y d\u1ea7u nh\u1eddn, Polymer, Cacbon, c\u00e1u c\u1eb7n A-303 Ecoclean\"}]},{\"@type\":\"WebSite\",\"@id\":\"https:\/\/bulktradeviet.com\/en\/#website\",\"url\":\"https:\/\/bulktradeviet.com\/en\/\",\"name\":\"C\u00d4NG TY TNHH BULK TRADE (VIET)\",\"description\":\"Nh\u1eadp Kh\u1ea9u Ph\u00e2n Ph\u1ed1i H\u00f3a Ch\u1ea5t C\u00f4ng Nghi\u1ec7p\",\"potentialAction\":[{\"@type\":\"SearchAction\",\"target\":{\"@type\":\"EntryPoint\",\"urlTemplate\":\"https:\/\/bulktradeviet.com\/en\/?s={search_term_string}\"},\"query-input\":{\"@type\":\"PropertyValueSpecification\",\"valueRequired\":true,\"valueName\":\"search_term_string\"}}],\"inLanguage\":\"en-US\"}]}<\/script>\n<!-- \/ Yoast SEO plugin. -->","yoast_head_json":{"title":"T\u1ea9y d\u1ea7u nh\u1eddn, Polymer, Cacbon, c\u00e1u c\u1eb7n A-303 Ecoclean | C\u00d4NG TY TNHH BULK TRADE (VIET)","robots":{"index":"index","follow":"follow","max-snippet":"max-snippet:-1","max-image-preview":"max-image-preview:large","max-video-preview":"max-video-preview:-1"},"canonical":"https:\/\/bulktradeviet.com\/en\/product\/a-303-ecoclean\/","og_locale":"en_US","og_type":"article","og_title":"T\u1ea9y d\u1ea7u nh\u1eddn, Polymer, Cacbon, c\u00e1u c\u1eb7n A-303 Ecoclean | C\u00d4NG TY TNHH BULK TRADE (VIET)","og_description":"&nbsp;  A-303 ECOCLEAN : Ch\u1ea5t t\u1ea9y nh\u1eddn g\u1ed1c n\u01b0\u1edbc, Kh\u00f4ng b\u1eaft ch\u00e1y, Kh\u00f4ng \u0111\u1ed9c h\u1ea1i, Kh\u00f4ng \u00f4 nhi\u1ec5m ngu\u1ed3n n\u01b0\u1edbc, Ph\u00f9 h\u1ee3p v\u1edbi c\u00e1c ch\u1ea5t t\u00e1ch pha d\u1ea7u\/ n\u01b0\u1edbc, C\u00f3 m\u00f9i d\u1ec5 ch\u1ecbu, Hi\u1ec7u qu\u1ea3 kinh t\u1ebf cao khi pha lo\u00e3ng, Ph\u00f9 h\u1ee3p v\u1edbi t\u1ea5t c\u1ea3 c\u00e1c lo\u1ea1i l\u1edbp ph\u1ee7  &nbsp;  &nbsp;","og_url":"https:\/\/bulktradeviet.com\/en\/product\/a-303-ecoclean\/","og_site_name":"C\u00d4NG TY TNHH BULK TRADE (VIET)","article_modified_time":"2026-04-15T16:55:55+00:00","og_image":[{"width":2000,"height":2000,"url":"https:\/\/bulktradeviet.com\/wp-content\/uploads\/2020\/03\/A-303.jpg","type":"image\/jpeg"}],"twitter_card":"summary_large_image","twitter_misc":{"Est. reading time":"3 minutes"},"schema":{"@context":"https:\/\/schema.org","@graph":[{"@type":"WebPage","@id":"https:\/\/bulktradeviet.com\/en\/product\/a-303-ecoclean\/","url":"https:\/\/bulktradeviet.com\/en\/product\/a-303-ecoclean\/","name":"T\u1ea9y d\u1ea7u nh\u1eddn, Polymer, Cacbon, c\u00e1u c\u1eb7n A-303 Ecoclean | C\u00d4NG TY TNHH BULK TRADE (VIET)","isPartOf":{"@id":"https:\/\/bulktradeviet.com\/en\/#website"},"primaryImageOfPage":{"@id":"https:\/\/bulktradeviet.com\/en\/product\/a-303-ecoclean\/#primaryimage"},"image":{"@id":"https:\/\/bulktradeviet.com\/en\/product\/a-303-ecoclean\/#primaryimage"},"thumbnailUrl":"https:\/\/bulktradeviet.com\/wp-content\/uploads\/2020\/03\/A-303.jpg","datePublished":"2020-03-24T04:33:53+00:00","dateModified":"2026-04-15T16:55:55+00:00","breadcrumb":{"@id":"https:\/\/bulktradeviet.com\/en\/product\/a-303-ecoclean\/#breadcrumb"},"inLanguage":"en-US","potentialAction":[{"@type":"ReadAction","target":["https:\/\/bulktradeviet.com\/en\/product\/a-303-ecoclean\/"]}]},{"@type":"ImageObject","inLanguage":"en-US","@id":"https:\/\/bulktradeviet.com\/en\/product\/a-303-ecoclean\/#primaryimage","url":"https:\/\/bulktradeviet.com\/wp-content\/uploads\/2020\/03\/A-303.jpg","contentUrl":"https:\/\/bulktradeviet.com\/wp-content\/uploads\/2020\/03\/A-303.jpg","width":2000,"height":2000},{"@type":"BreadcrumbList","@id":"https:\/\/bulktradeviet.com\/en\/product\/a-303-ecoclean\/#breadcrumb","itemListElement":[{"@type":"ListItem","position":1,"name":"Trang ch\u1ee7","item":"https:\/\/bulktradeviet.com\/en\/"},{"@type":"ListItem","position":2,"name":"Products","item":"https:\/\/bulktradeviet.com\/en\/shop\/"},{"@type":"ListItem","position":3,"name":"T\u1ea9y d\u1ea7u nh\u1eddn, Polymer, Cacbon, c\u00e1u c\u1eb7n A-303 Ecoclean"}]},{"@type":"WebSite","@id":"https:\/\/bulktradeviet.com\/en\/#website","url":"https:\/\/bulktradeviet.com\/en\/","name":"C\u00d4NG TY TNHH BULK TRADE (VIET)","description":"Nh\u1eadp Kh\u1ea9u Ph\u00e2n Ph\u1ed1i H\u00f3a Ch\u1ea5t C\u00f4ng Nghi\u1ec7p","potentialAction":[{"@type":"SearchAction","target":{"@type":"EntryPoint","urlTemplate":"https:\/\/bulktradeviet.com\/en\/?s={search_term_string}"},"query-input":{"@type":"PropertyValueSpecification","valueRequired":true,"valueName":"search_term_string"}}],"inLanguage":"en-US"}]}},"_links":{"self":[{"href":"https:\/\/bulktradeviet.com\/en\/wp-json\/wp\/v2\/product\/522","targetHints":{"allow":["GET"]}}],"collection":[{"href":"https:\/\/bulktradeviet.com\/en\/wp-json\/wp\/v2\/product"}],"about":[{"href":"https:\/\/bulktradeviet.com\/en\/wp-json\/wp\/v2\/types\/product"}],"replies":[{"embeddable":true,"href":"https:\/\/bulktradeviet.com\/en\/wp-json\/wp\/v2\/comments?post=522"}],"wp:featuredmedia":[{"embeddable":true,"href":"https:\/\/bulktradeviet.com\/en\/wp-json\/wp\/v2\/media\/620"}],"wp:attachment":[{"href":"https:\/\/bulktradeviet.com\/en\/wp-json\/wp\/v2\/media?parent=522"}],"wp:term":[{"taxonomy":"product_cat","embeddable":true,"href":"https:\/\/bulktradeviet.com\/en\/wp-json\/wp\/v2\/product_cat?post=522"},{"taxonomy":"product_tag","embeddable":true,"href":"https:\/\/bulktradeviet.com\/en\/wp-json\/wp\/v2\/product_tag?post=522"}],"curies":[{"name":"wp","href":"https:\/\/api.w.org\/{rel}","templated":true}]}}