{"id":478,"date":"2019-12-12T03:46:42","date_gmt":"2019-12-12T03:46:42","guid":{"rendered":"https:\/\/bulktradeviet.com\/?post_type=product&#038;p=478"},"modified":"2025-06-29T02:27:23","modified_gmt":"2025-06-29T02:27:23","slug":"hoa-cha-tay-gi-set-va-lam-sach-sang-kim-loai-a-120-metal-brite-hd","status":"publish","type":"product","link":"https:\/\/bulktradeviet.com\/en\/product\/hoa-cha-tay-gi-set-va-lam-sach-sang-kim-loai-a-120-metal-brite-hd\/","title":{"rendered":"Ho\u00e1 ch\u1ea9t t\u1ea9y g\u1ec9 s\u00e9t v\u00e0 l\u00e0m s\u1ea1ch s\u00e1ng kim lo\u1ea1i A-120 METAL BRITE HD"},"content":{"rendered":"<h1>A-120 METAL BRITE HD<\/h1>\n<h4><strong>M\u00d4 T\u1ea2 S\u1ea2N PH\u1ea8M<\/strong>:<\/h4>\n<p>\u00d8\u00a0\u00a0\u00a0 <strong>A-120<\/strong> l\u00e0 ch\u1ea5t t\u1ea9y r\u1eeda c\u00f3 t\u00ednh axit nh\u1eb9, n\u00f3 ch\u1ee9a m\u1ed9t s\u1ed1 ch\u1ea5t ho\u1ea1t \u0111\u1ed9ng b\u1ec1 m\u1eb7t c\u00f3 kh\u1ea3 n\u0103ng ph\u00e2n hu\u1ef7 sinh h\u1ecdc v\u00e0 ch\u1ea5t x\u00fac t\u00e1c \u0111\u1eb7c bi\u1ec7t d\u1ec5 d\u00e0ng th\u00e2m nh\u1eadp v\u00e0o c\u00e1c l\u1edbp oxit v\u00e0 m\u00e0ng d\u1ea7u tr\u00ean b\u1ec1 m\u1eb7t kim lo\u1ea1i.<\/p>\n<p>\u00d8\u00a0\u00a0\u00a0 <strong>A-120<\/strong> \u0111\u01b0\u1ee3c s\u1eed d\u1ee5ng \u0111\u1ec3 lo\u1ea1i b\u1ecf c\u00e1c v\u1ebft g\u1ec9 v\u00e0 v\u1ebft r\u1ec9 s\u00e9t, bi\u1ebfn m\u00e0u t\u1eeb th\u00e9p kh\u00f4ng g\u1ec9 v\u00e0 x\u1ec9n m\u00e0u t\u1eeb \u0111\u1ed3ng, \u0111\u1ed3ng thau v\u00e0 c\u00e1c kim lo\u1ea1i m\u00e0u kh\u00e1c.<\/p>\n<p>\u00d8\u00a0\u00a0\u00a0 <strong>A-120<\/strong> c\u0169ng c\u00f3 th\u1ec3 \u0111\u01b0\u1ee3c s\u1eed d\u1ee5ng tr\u00ean c\u00e1c v\u1ebft g\u1ec9, v\u1ebft d\u1ea7u v\u00e0 v\u1ebft \u0111\u1ed3ng t\u1eeb v\u00e1ch ng\u0103n, c\u00f4ng tr\u00ecnh s\u01a1n v\u00e0 s\u00e0n g\u1ed7, v.v.<\/p>\n<p>\u00d8\u00a0\u00a0\u00a0 Kh\u00f4ng n\u00ean s\u1eed d\u1ee5ng \u0111\u1ec3 l\u00e0m s\u1ea1ch b\u1ec1 m\u1eb7t m\u1ea1 k\u1ebdm, k\u1ebdm ho\u1eb7c \u0111\u00f3ng h\u1ed9p. A-120 c\u00f3 xu h\u01b0\u1edbng c\u00f3 m\u1ed9t s\u1ed1 hi\u1ec7u \u1ee9ng \u0103n m\u00f2n m\u1ea1nh tr\u00ean h\u1ee3p kim nh\u00f4m, k\u1ebdm.<\/p>\n<p>\u00d8\u00a0\u00a0\u00a0 A \u2013 120 t\u1ed1i \u01b0u trong vi\u1ec7c lo\u1ea1i b\u1ecf g\u1ec9 s\u00e9t, b\u1ee5i b\u1ea9n b\u1ec1 m\u1eb7t kim lo\u1ea1i tr\u01b0\u1edbc khi s\u01a1n mang l\u1ea1i s\u1ef1 k\u1ebft d\u00ednh t\u1ed1t h\u01a1n cho n\u01b0\u1edbc s\u01a1n m\u1edbi tr\u00ean kim lo\u1ea1i.<\/p>\n<h4><strong>H\u01af\u1edaNG D\u1eaaN S\u1eec D\u1ee4NG:<\/strong><\/h4>\n<p>\u00d8\u00a0\u00a0\u00a0 N\u00ean ch\u00e0 s\u01a1 b\u1ec1 m\u1eb7t c\u1ea7n l\u00e0m s\u1ea1ch tr\u01b0\u1edbc khi s\u1eed d\u1ee5ng A-120 nh\u1eb1m t\u0103ng hi\u1ec7u qu\u1ea3 t\u1ed1i \u0111a c\u1ee7a s\u1ea3n ph\u1ea9m. Nh\u1ea5t l\u00e0 c\u00e1c b\u1ec1 m\u1eb7t \u0111\u01b0\u1ee3c b\u1ea3o v\u1ec7 b\u1eb1ng l\u1edbp s\u01a1n, ph\u1ee7 d\u1ea7u ho\u1eb7c m\u1ee1, nh\u1edbt.<\/p>\n<p>\u00d8\u00a0\u00a0\u00a0 S\u1eed d\u1ee5ng b\u00ecnh phun \u0111\u1ec1u A-120 l\u00ean b\u1ec1 m\u1eb7t c\u1ea7n l\u00e0m s\u1ea1ch, ho\u1eb7c c\u00f3 th\u1ec3 ng\u00e2m trong dung d\u1ecbch t\u1eeb 15-20 ph\u00fat.<\/p>\n<p>\u00d8\u00a0\u00a0\u00a0 V\u1ec7 sinh l\u1ea1i b\u1ec1 m\u1eb7t v\u1eadt d\u1ee5ng c\u1ea7n l\u00e0m s\u1ea1ch b\u1eb1ng n\u01b0\u1edbc ho\u1eb7c c\u00e1c ch\u1ea5t t\u1ea9y axit kh\u00e1c. \u0110\u1ed1i v\u1edbi c\u00e1c b\u1ec1 m\u1eb7t \u0111\u01b0\u1ee3c s\u01a1n l\u1ea1i sau n\u00e0y\u00a0 th\u00ec s\u1eed d\u1ee5ng A-120 v\u1edbi n\u1ed3ng \u0111\u1ed9 lo\u00e3ng kh\u00f4ng c\u1ea7n r\u1eeda l\u1ea1i b\u1eb1ng n\u01b0\u1edbc \u0111\u1ec3 t\u0103ng hi\u1ec7u qu\u1ea3 b\u00e1m d\u00ednh l\u1edbp s\u01a1n l\u00f3t sau khi kh\u00f4.<\/p>\n<p>\u00d8\u00a0\u00a0\u00a0 \u0110\u1ed1i v\u1edbi c\u00e1c thi\u1ebft b\u1ecb, v\u1eadt d\u1ee5ng c\u1ea7n l\u00e0m s\u1ea1ch l\u1edbn, s\u1eed d\u1ee5ng A-120 pha v\u1edbi n\u01b0\u1edbc theo t\u1ef7 l\u1ec7 1:4-6 ph\u1ea7n n\u01b0\u1edbc. S\u1eed d\u1ee5ng b\u00e0n ch\u1ea3i ch\u00e0 l\u00ean b\u1ec1 m\u1eb7t v\u00e0 \u0111\u1ec3 qua \u0111\u00eam. C\u00e1c v\u1ec7t b\u1ea9n, g\u1ec9 s\u00e9t c\u1ee9ng \u0111\u1ea7u s\u1ebd \u0111\u01b0\u1ee3c d\u1ec5 d\u00e0ng lo\u1ea1i b\u1ecf b\u1eb1ng b\u00e0n ch\u1ea3i v\u00e0o ng\u00e0y h\u00f4m sau. C\u00f3 th\u1ec3 l\u1eb7p l\u1ea1i qu\u00e1 tr\u00ecnh n\u00e0y 1 l\u1ea7n n\u1eefa \u0111\u1ec3 l\u00e0m s\u1ea1ch ho\u00e0n to\u00e0n b\u1ec1 m\u1eb7t thi\u1ec7t b\u1ecb. Sau \u0111\u00f3 r\u1eeda s\u1ea1ch l\u1ea1i b\u1eb1ng n\u01b0\u1edbc s\u1ea1ch.<\/p>\n<h4><strong>T\u00cdNH CH\u1ea4T V\u1eacT L\u00dd:<\/strong><\/h4>\n<p>\u00d8\u00a0\u00a0\u00a0 Ngo\u1ea1i quan: Ch\u1ea5t l\u1ecfng trong su\u1ed1t t\u1edbi m\u00e0u v\u00e0ng nh\u1ea1t.<\/p>\n<p>\u00d8\u00a0\u00a0\u00a0 Nhi\u1ec7t \u0111\u1ed9 s\u00f4i: \u00a0\u00a0\u00a0\u00a0\u00a0\u00a0\u00a0\u00a0\u00a0\u00a0\u00a0\u00a0\u00a0 105<sup>o<\/sup>C<\/p>\n<p>\u00d8\u00a0\u00a0\u00a0 Nhi\u1ec7t \u0111\u1ed9 \u0111\u00f4ng \u0111\u1eb7c: \u00a0\u00a0\u00a0 3<sup>o<\/sup>C<\/p>\n<p>\u00d8\u00a0\u00a0\u00a0 T\u1ef7 tr\u1ecdng: \u00a0\u00a0\u00a0\u00a0\u00a0\u00a0\u00a0\u00a0\u00a0\u00a0\u00a0\u00a0\u00a0\u00a0\u00a0\u00a0\u00a0\u00a0\u00a0 1.15-1.20<\/p>\n<p>&nbsp;<\/p>\n<p><img loading=\"lazy\" decoding=\"async\" class=\"alignnone size-medium wp-image-482\" src=\"https:\/\/bulktradeviet.com\/wp-content\/uploads\/2019\/12\/a120-300x277.jpg\" alt=\"\" width=\"300\" height=\"277\" srcset=\"https:\/\/bulktradeviet.com\/wp-content\/uploads\/2019\/12\/a120-300x277.jpg 300w, https:\/\/bulktradeviet.com\/wp-content\/uploads\/2019\/12\/a120-510x471.jpg 510w, https:\/\/bulktradeviet.com\/wp-content\/uploads\/2019\/12\/a120-1024x946.jpg 1024w, https:\/\/bulktradeviet.com\/wp-content\/uploads\/2019\/12\/a120-768x710.jpg 768w, https:\/\/bulktradeviet.com\/wp-content\/uploads\/2019\/12\/a120-1536x1420.jpg 1536w, https:\/\/bulktradeviet.com\/wp-content\/uploads\/2019\/12\/a120-2048x1893.jpg 2048w, https:\/\/bulktradeviet.com\/wp-content\/uploads\/2019\/12\/a120-600x555.jpg 600w\" sizes=\"auto, (max-width: 300px) 100vw, 300px\" \/><\/p>\n<p>&nbsp;<\/p>\n<p>&nbsp;<\/p>\n<p>&nbsp;<\/p>\n<p>&nbsp;<\/p>\n<p>&nbsp;<\/p>\n<p>&nbsp;<\/p>\n<p>&nbsp;<\/p>\n<p>&nbsp;<\/p>","protected":false},"excerpt":{"rendered":"<p><strong>A-120<\/strong> l\u00e0 ch\u1ea5t t\u1ea9y r\u1eeda c\u00f3 t\u00ednh axit nh\u1eb9, n\u00f3 ch\u1ee9a m\u1ed9t s\u1ed1 ch\u1ea5t ho\u1ea1t \u0111\u1ed9ng b\u1ec1 m\u1eb7t c\u00f3 kh\u1ea3 n\u0103ng ph\u00e2n hu\u1ef7 sinh h\u1ecdc v\u00e0 ch\u1ea5t x\u00fac t\u00e1c \u0111\u1eb7c bi\u1ec7t d\u1ec5 d\u00e0ng th\u00e2m nh\u1eadp v\u00e0o c\u00e1c l\u1edbp oxit v\u00e0 m\u00e0ng d\u1ea7u tr\u00ean b\u1ec1 m\u1eb7t kim lo\u1ea1i.<\/p>\n<p><strong>A-120<\/strong> \u0111\u01b0\u1ee3c s\u1eed d\u1ee5ng \u0111\u1ec3 lo\u1ea1i b\u1ecf c\u00e1c v\u1ebft g\u1ec9 v\u00e0 v\u1ebft r\u1ec9 s\u00e9t, bi\u1ebfn m\u00e0u t\u1eeb th\u00e9p kh\u00f4ng g\u1ec9 v\u00e0 x\u1ec9n m\u00e0u t\u1eeb \u0111\u1ed3ng, \u0111\u1ed3ng thau v\u00e0 c\u00e1c kim lo\u1ea1i m\u00e0u kh\u00e1c.<\/p>","protected":false},"featured_media":612,"comment_status":"open","ping_status":"closed","template":"","meta":[],"product_cat":[27,15],"product_tag":[89,124,122,86,88,87,85,84],"class_list":{"0":"post-478","1":"product","2":"type-product","3":"status-publish","4":"has-post-thumbnail","6":"product_cat-hoa-chat-tay-rua","7":"product_cat-uncategorized","8":"product_tag-a-120-metal-brite","9":"product_tag-chat-tay-rua-cong-nghiep","10":"product_tag-hoa-chat-cong-nghiep","11":"product_tag-lam-sang-kim-loai","12":"product_tag-metal-bright","13":"product_tag-metal-brite","14":"product_tag-tay-gi","15":"product_tag-tay-ri-set","17":"first","18":"instock","19":"downloadable","20":"shipping-taxable","21":"product-type-simple"},"yoast_head":"<!-- This site is optimized with the Yoast SEO plugin v24.1 - https:\/\/yoast.com\/wordpress\/plugins\/seo\/ -->\n<title>Ho\u00e1 ch\u1ea9t t\u1ea9y g\u1ec9 s\u00e9t v\u00e0 l\u00e0m s\u1ea1ch s\u00e1ng kim lo\u1ea1i A-120 METAL BRITE HD | C\u00d4NG TY TNHH BULK TRADE (VIET)<\/title>\n<meta name=\"description\" content=\"A-120 l\u00e0 ch\u1ea5t t\u1ea9y r\u1eeda c\u00f3 t\u00ednh axit nh\u1eb9, n\u00f3 ch\u1ee9a m\u1ed9t s\u1ed1 ch\u1ea5t ho\u1ea1t \u0111\u1ed9ng b\u1ec1 m\u1eb7t c\u00f3 kh\u1ea3 n\u0103ng ph\u00e2n hu\u1ef7 sinh h\u1ecdc v\u00e0 ch\u1ea5t x\u00fac t\u00e1c \u0111\u1eb7c bi\u1ec7t d\u1ec5 d\u00e0ng th\u00e2m nh\u1eadp v\u00e0o c\u00e1c l\u1edbp oxit v\u00e0 m\u00e0ng d\u1ea7u tr\u00ean b\u1ec1 m\u1eb7t kim lo\u1ea1i.\" \/>\n<meta name=\"robots\" content=\"index, follow, max-snippet:-1, max-image-preview:large, max-video-preview:-1\" \/>\n<link rel=\"canonical\" href=\"https:\/\/bulktradeviet.com\/en\/product\/hoa-cha-tay-gi-set-va-lam-sach-sang-kim-loai-a-120-metal-brite-hd\/\" \/>\n<meta property=\"og:locale\" content=\"en_US\" \/>\n<meta property=\"og:type\" content=\"article\" \/>\n<meta property=\"og:title\" content=\"Ho\u00e1 ch\u1ea9t t\u1ea9y g\u1ec9 s\u00e9t v\u00e0 l\u00e0m s\u1ea1ch s\u00e1ng kim lo\u1ea1i A-120 METAL BRITE HD | C\u00d4NG TY TNHH BULK TRADE (VIET)\" \/>\n<meta property=\"og:description\" content=\"A-120 l\u00e0 ch\u1ea5t t\u1ea9y r\u1eeda c\u00f3 t\u00ednh axit nh\u1eb9, n\u00f3 ch\u1ee9a m\u1ed9t s\u1ed1 ch\u1ea5t ho\u1ea1t \u0111\u1ed9ng b\u1ec1 m\u1eb7t c\u00f3 kh\u1ea3 n\u0103ng ph\u00e2n hu\u1ef7 sinh h\u1ecdc v\u00e0 ch\u1ea5t x\u00fac t\u00e1c \u0111\u1eb7c bi\u1ec7t d\u1ec5 d\u00e0ng th\u00e2m nh\u1eadp v\u00e0o c\u00e1c l\u1edbp oxit v\u00e0 m\u00e0ng d\u1ea7u tr\u00ean b\u1ec1 m\u1eb7t kim lo\u1ea1i.\" \/>\n<meta property=\"og:url\" content=\"https:\/\/bulktradeviet.com\/en\/product\/hoa-cha-tay-gi-set-va-lam-sach-sang-kim-loai-a-120-metal-brite-hd\/\" \/>\n<meta property=\"og:site_name\" content=\"C\u00d4NG TY TNHH BULK TRADE (VIET)\" \/>\n<meta property=\"article:modified_time\" content=\"2025-06-29T02:27:23+00:00\" \/>\n<meta property=\"og:image\" content=\"https:\/\/bulktradeviet.com\/wp-content\/uploads\/2019\/12\/A-120.jpg\" \/>\n\t<meta property=\"og:image:width\" content=\"2000\" \/>\n\t<meta property=\"og:image:height\" content=\"2000\" \/>\n\t<meta property=\"og:image:type\" content=\"image\/jpeg\" \/>\n<meta name=\"twitter:card\" content=\"summary_large_image\" \/>\n<meta name=\"twitter:label1\" content=\"Est. reading time\" \/>\n\t<meta name=\"twitter:data1\" content=\"3 minutes\" \/>\n<script type=\"application\/ld+json\" class=\"yoast-schema-graph\">{\"@context\":\"https:\/\/schema.org\",\"@graph\":[{\"@type\":\"WebPage\",\"@id\":\"https:\/\/bulktradeviet.com\/en\/product\/hoa-cha-tay-gi-set-va-lam-sach-sang-kim-loai-a-120-metal-brite-hd\/\",\"url\":\"https:\/\/bulktradeviet.com\/en\/product\/hoa-cha-tay-gi-set-va-lam-sach-sang-kim-loai-a-120-metal-brite-hd\/\",\"name\":\"Ho\u00e1 ch\u1ea9t t\u1ea9y g\u1ec9 s\u00e9t v\u00e0 l\u00e0m s\u1ea1ch s\u00e1ng kim lo\u1ea1i A-120 METAL BRITE HD | C\u00d4NG TY TNHH BULK TRADE (VIET)\",\"isPartOf\":{\"@id\":\"https:\/\/bulktradeviet.com\/en\/#website\"},\"primaryImageOfPage\":{\"@id\":\"https:\/\/bulktradeviet.com\/en\/product\/hoa-cha-tay-gi-set-va-lam-sach-sang-kim-loai-a-120-metal-brite-hd\/#primaryimage\"},\"image\":{\"@id\":\"https:\/\/bulktradeviet.com\/en\/product\/hoa-cha-tay-gi-set-va-lam-sach-sang-kim-loai-a-120-metal-brite-hd\/#primaryimage\"},\"thumbnailUrl\":\"https:\/\/bulktradeviet.com\/wp-content\/uploads\/2019\/12\/A-120.jpg\",\"datePublished\":\"2019-12-12T03:46:42+00:00\",\"dateModified\":\"2025-06-29T02:27:23+00:00\",\"description\":\"A-120 l\u00e0 ch\u1ea5t t\u1ea9y r\u1eeda c\u00f3 t\u00ednh axit nh\u1eb9, n\u00f3 ch\u1ee9a m\u1ed9t s\u1ed1 ch\u1ea5t ho\u1ea1t \u0111\u1ed9ng b\u1ec1 m\u1eb7t c\u00f3 kh\u1ea3 n\u0103ng ph\u00e2n hu\u1ef7 sinh h\u1ecdc v\u00e0 ch\u1ea5t x\u00fac t\u00e1c \u0111\u1eb7c bi\u1ec7t d\u1ec5 d\u00e0ng th\u00e2m nh\u1eadp v\u00e0o c\u00e1c l\u1edbp oxit v\u00e0 m\u00e0ng d\u1ea7u tr\u00ean b\u1ec1 m\u1eb7t kim lo\u1ea1i.\",\"breadcrumb\":{\"@id\":\"https:\/\/bulktradeviet.com\/en\/product\/hoa-cha-tay-gi-set-va-lam-sach-sang-kim-loai-a-120-metal-brite-hd\/#breadcrumb\"},\"inLanguage\":\"en-US\",\"potentialAction\":[{\"@type\":\"ReadAction\",\"target\":[\"https:\/\/bulktradeviet.com\/en\/product\/hoa-cha-tay-gi-set-va-lam-sach-sang-kim-loai-a-120-metal-brite-hd\/\"]}]},{\"@type\":\"ImageObject\",\"inLanguage\":\"en-US\",\"@id\":\"https:\/\/bulktradeviet.com\/en\/product\/hoa-cha-tay-gi-set-va-lam-sach-sang-kim-loai-a-120-metal-brite-hd\/#primaryimage\",\"url\":\"https:\/\/bulktradeviet.com\/wp-content\/uploads\/2019\/12\/A-120.jpg\",\"contentUrl\":\"https:\/\/bulktradeviet.com\/wp-content\/uploads\/2019\/12\/A-120.jpg\",\"width\":2000,\"height\":2000},{\"@type\":\"BreadcrumbList\",\"@id\":\"https:\/\/bulktradeviet.com\/en\/product\/hoa-cha-tay-gi-set-va-lam-sach-sang-kim-loai-a-120-metal-brite-hd\/#breadcrumb\",\"itemListElement\":[{\"@type\":\"ListItem\",\"position\":1,\"name\":\"Trang ch\u1ee7\",\"item\":\"https:\/\/bulktradeviet.com\/en\/\"},{\"@type\":\"ListItem\",\"position\":2,\"name\":\"Products\",\"item\":\"https:\/\/bulktradeviet.com\/en\/shop\/\"},{\"@type\":\"ListItem\",\"position\":3,\"name\":\"Ho\u00e1 ch\u1ea9t t\u1ea9y g\u1ec9 s\u00e9t v\u00e0 l\u00e0m s\u1ea1ch s\u00e1ng kim lo\u1ea1i A-120 METAL BRITE HD\"}]},{\"@type\":\"WebSite\",\"@id\":\"https:\/\/bulktradeviet.com\/en\/#website\",\"url\":\"https:\/\/bulktradeviet.com\/en\/\",\"name\":\"C\u00d4NG TY TNHH BULK TRADE (VIET)\",\"description\":\"Nh\u1eadp Kh\u1ea9u Ph\u00e2n Ph\u1ed1i H\u00f3a Ch\u1ea5t C\u00f4ng Nghi\u1ec7p\",\"potentialAction\":[{\"@type\":\"SearchAction\",\"target\":{\"@type\":\"EntryPoint\",\"urlTemplate\":\"https:\/\/bulktradeviet.com\/en\/?s={search_term_string}\"},\"query-input\":{\"@type\":\"PropertyValueSpecification\",\"valueRequired\":true,\"valueName\":\"search_term_string\"}}],\"inLanguage\":\"en-US\"}]}<\/script>\n<!-- \/ Yoast SEO plugin. -->","yoast_head_json":{"title":"Ho\u00e1 ch\u1ea9t t\u1ea9y g\u1ec9 s\u00e9t v\u00e0 l\u00e0m s\u1ea1ch s\u00e1ng kim lo\u1ea1i A-120 METAL BRITE HD | C\u00d4NG TY TNHH BULK TRADE (VIET)","description":"A-120 l\u00e0 ch\u1ea5t t\u1ea9y r\u1eeda c\u00f3 t\u00ednh axit nh\u1eb9, n\u00f3 ch\u1ee9a m\u1ed9t s\u1ed1 ch\u1ea5t ho\u1ea1t \u0111\u1ed9ng b\u1ec1 m\u1eb7t c\u00f3 kh\u1ea3 n\u0103ng ph\u00e2n hu\u1ef7 sinh h\u1ecdc v\u00e0 ch\u1ea5t x\u00fac t\u00e1c \u0111\u1eb7c bi\u1ec7t d\u1ec5 d\u00e0ng th\u00e2m nh\u1eadp v\u00e0o c\u00e1c l\u1edbp oxit v\u00e0 m\u00e0ng d\u1ea7u tr\u00ean b\u1ec1 m\u1eb7t kim lo\u1ea1i.","robots":{"index":"index","follow":"follow","max-snippet":"max-snippet:-1","max-image-preview":"max-image-preview:large","max-video-preview":"max-video-preview:-1"},"canonical":"https:\/\/bulktradeviet.com\/en\/product\/hoa-cha-tay-gi-set-va-lam-sach-sang-kim-loai-a-120-metal-brite-hd\/","og_locale":"en_US","og_type":"article","og_title":"Ho\u00e1 ch\u1ea9t t\u1ea9y g\u1ec9 s\u00e9t v\u00e0 l\u00e0m s\u1ea1ch s\u00e1ng kim lo\u1ea1i A-120 METAL BRITE HD | C\u00d4NG TY TNHH BULK TRADE (VIET)","og_description":"A-120 l\u00e0 ch\u1ea5t t\u1ea9y r\u1eeda c\u00f3 t\u00ednh axit nh\u1eb9, n\u00f3 ch\u1ee9a m\u1ed9t s\u1ed1 ch\u1ea5t ho\u1ea1t \u0111\u1ed9ng b\u1ec1 m\u1eb7t c\u00f3 kh\u1ea3 n\u0103ng ph\u00e2n hu\u1ef7 sinh h\u1ecdc v\u00e0 ch\u1ea5t x\u00fac t\u00e1c \u0111\u1eb7c bi\u1ec7t d\u1ec5 d\u00e0ng th\u00e2m nh\u1eadp v\u00e0o c\u00e1c l\u1edbp oxit v\u00e0 m\u00e0ng d\u1ea7u tr\u00ean b\u1ec1 m\u1eb7t kim lo\u1ea1i.","og_url":"https:\/\/bulktradeviet.com\/en\/product\/hoa-cha-tay-gi-set-va-lam-sach-sang-kim-loai-a-120-metal-brite-hd\/","og_site_name":"C\u00d4NG TY TNHH BULK TRADE (VIET)","article_modified_time":"2025-06-29T02:27:23+00:00","og_image":[{"width":2000,"height":2000,"url":"https:\/\/bulktradeviet.com\/wp-content\/uploads\/2019\/12\/A-120.jpg","type":"image\/jpeg"}],"twitter_card":"summary_large_image","twitter_misc":{"Est. reading time":"3 minutes"},"schema":{"@context":"https:\/\/schema.org","@graph":[{"@type":"WebPage","@id":"https:\/\/bulktradeviet.com\/en\/product\/hoa-cha-tay-gi-set-va-lam-sach-sang-kim-loai-a-120-metal-brite-hd\/","url":"https:\/\/bulktradeviet.com\/en\/product\/hoa-cha-tay-gi-set-va-lam-sach-sang-kim-loai-a-120-metal-brite-hd\/","name":"Ho\u00e1 ch\u1ea9t t\u1ea9y g\u1ec9 s\u00e9t v\u00e0 l\u00e0m s\u1ea1ch s\u00e1ng kim lo\u1ea1i A-120 METAL BRITE HD | C\u00d4NG TY TNHH BULK TRADE (VIET)","isPartOf":{"@id":"https:\/\/bulktradeviet.com\/en\/#website"},"primaryImageOfPage":{"@id":"https:\/\/bulktradeviet.com\/en\/product\/hoa-cha-tay-gi-set-va-lam-sach-sang-kim-loai-a-120-metal-brite-hd\/#primaryimage"},"image":{"@id":"https:\/\/bulktradeviet.com\/en\/product\/hoa-cha-tay-gi-set-va-lam-sach-sang-kim-loai-a-120-metal-brite-hd\/#primaryimage"},"thumbnailUrl":"https:\/\/bulktradeviet.com\/wp-content\/uploads\/2019\/12\/A-120.jpg","datePublished":"2019-12-12T03:46:42+00:00","dateModified":"2025-06-29T02:27:23+00:00","description":"A-120 l\u00e0 ch\u1ea5t t\u1ea9y r\u1eeda c\u00f3 t\u00ednh axit nh\u1eb9, n\u00f3 ch\u1ee9a m\u1ed9t s\u1ed1 ch\u1ea5t ho\u1ea1t \u0111\u1ed9ng b\u1ec1 m\u1eb7t c\u00f3 kh\u1ea3 n\u0103ng ph\u00e2n hu\u1ef7 sinh h\u1ecdc v\u00e0 ch\u1ea5t x\u00fac t\u00e1c \u0111\u1eb7c bi\u1ec7t d\u1ec5 d\u00e0ng th\u00e2m nh\u1eadp v\u00e0o c\u00e1c l\u1edbp oxit v\u00e0 m\u00e0ng d\u1ea7u tr\u00ean b\u1ec1 m\u1eb7t kim lo\u1ea1i.","breadcrumb":{"@id":"https:\/\/bulktradeviet.com\/en\/product\/hoa-cha-tay-gi-set-va-lam-sach-sang-kim-loai-a-120-metal-brite-hd\/#breadcrumb"},"inLanguage":"en-US","potentialAction":[{"@type":"ReadAction","target":["https:\/\/bulktradeviet.com\/en\/product\/hoa-cha-tay-gi-set-va-lam-sach-sang-kim-loai-a-120-metal-brite-hd\/"]}]},{"@type":"ImageObject","inLanguage":"en-US","@id":"https:\/\/bulktradeviet.com\/en\/product\/hoa-cha-tay-gi-set-va-lam-sach-sang-kim-loai-a-120-metal-brite-hd\/#primaryimage","url":"https:\/\/bulktradeviet.com\/wp-content\/uploads\/2019\/12\/A-120.jpg","contentUrl":"https:\/\/bulktradeviet.com\/wp-content\/uploads\/2019\/12\/A-120.jpg","width":2000,"height":2000},{"@type":"BreadcrumbList","@id":"https:\/\/bulktradeviet.com\/en\/product\/hoa-cha-tay-gi-set-va-lam-sach-sang-kim-loai-a-120-metal-brite-hd\/#breadcrumb","itemListElement":[{"@type":"ListItem","position":1,"name":"Trang ch\u1ee7","item":"https:\/\/bulktradeviet.com\/en\/"},{"@type":"ListItem","position":2,"name":"Products","item":"https:\/\/bulktradeviet.com\/en\/shop\/"},{"@type":"ListItem","position":3,"name":"Ho\u00e1 ch\u1ea9t t\u1ea9y g\u1ec9 s\u00e9t v\u00e0 l\u00e0m s\u1ea1ch s\u00e1ng kim lo\u1ea1i A-120 METAL BRITE HD"}]},{"@type":"WebSite","@id":"https:\/\/bulktradeviet.com\/en\/#website","url":"https:\/\/bulktradeviet.com\/en\/","name":"C\u00d4NG TY TNHH BULK TRADE (VIET)","description":"Nh\u1eadp Kh\u1ea9u Ph\u00e2n Ph\u1ed1i H\u00f3a Ch\u1ea5t C\u00f4ng Nghi\u1ec7p","potentialAction":[{"@type":"SearchAction","target":{"@type":"EntryPoint","urlTemplate":"https:\/\/bulktradeviet.com\/en\/?s={search_term_string}"},"query-input":{"@type":"PropertyValueSpecification","valueRequired":true,"valueName":"search_term_string"}}],"inLanguage":"en-US"}]}},"_links":{"self":[{"href":"https:\/\/bulktradeviet.com\/en\/wp-json\/wp\/v2\/product\/478","targetHints":{"allow":["GET"]}}],"collection":[{"href":"https:\/\/bulktradeviet.com\/en\/wp-json\/wp\/v2\/product"}],"about":[{"href":"https:\/\/bulktradeviet.com\/en\/wp-json\/wp\/v2\/types\/product"}],"replies":[{"embeddable":true,"href":"https:\/\/bulktradeviet.com\/en\/wp-json\/wp\/v2\/comments?post=478"}],"wp:featuredmedia":[{"embeddable":true,"href":"https:\/\/bulktradeviet.com\/en\/wp-json\/wp\/v2\/media\/612"}],"wp:attachment":[{"href":"https:\/\/bulktradeviet.com\/en\/wp-json\/wp\/v2\/media?parent=478"}],"wp:term":[{"taxonomy":"product_cat","embeddable":true,"href":"https:\/\/bulktradeviet.com\/en\/wp-json\/wp\/v2\/product_cat?post=478"},{"taxonomy":"product_tag","embeddable":true,"href":"https:\/\/bulktradeviet.com\/en\/wp-json\/wp\/v2\/product_tag?post=478"}],"curies":[{"name":"wp","href":"https:\/\/api.w.org\/{rel}","templated":true}]}}