{"id":475,"date":"2019-12-11T08:26:56","date_gmt":"2019-12-11T08:26:56","guid":{"rendered":"https:\/\/bulktradeviet.com\/?post_type=product&#038;p=475"},"modified":"2025-09-09T15:09:34","modified_gmt":"2025-09-09T15:09:34","slug":"hoa-chat-tay-dau-mo-can-carbon","status":"publish","type":"product","link":"https:\/\/bulktradeviet.com\/en\/product\/hoa-chat-tay-dau-mo-can-carbon\/","title":{"rendered":"H\u00f3a ch\u1ea5t t\u1ea9y d\u1ea7u m\u1ee1, c\u1eb7n carbon A-377 ALKACLEAN PLUS"},"content":{"rendered":"<h1>A-377 ALKACLEAN PLUS<\/h1>\n<h4><strong><u>\u1ee8NG D\u1ee4NG S\u1ea2N PH\u1ea8M<\/u><\/strong><\/h4>\n<ul>\n<li>A-377 \u1ee9ng d\u1ee5ng r\u1ed9ng r\u00e3i cho vi\u1ec7c l\u1ea1i b\u1ecf c\u00e1c v\u1ebft ch\u00e1y s\u00e9m v\u00e0 c\u1eb7n m\u1ee1, d\u1ea7u oxy ho\u00e1, d\u1ea7u m\u1ee1 nh\u1eddn, s\u00e1p, b\u1ee5i b\u1ea9n c\u1ee9ng \u0111\u1ea7u, c\u1eb7n d\u1ea7u, m\u1ef1c in v\u00e0 c\u00e1c lo\u1ea1i c\u1eb7n carbon nh\u1eb9 m\u1ed9t c\u00e1ch nhanh ch\u00f3ng v\u00e0 hi\u1ec7u qu\u1ea3.<\/li>\n<li>A-377 c\u00f3 th\u1ec3 s\u1eed d\u1ee5ng \u0111\u1ec3 lo\u1ea1i b\u1ecf t\u1ea5t c\u1ea3 c\u00e1c v\u1ebft b\u1ea9n \u1edf tr\u00ean tr\u00ean t\u1ea5t c\u1ea3 c\u00e1c lo\u1ea1i v\u1eadt li\u1ec7u nh\u01b0 b\u1ec1 m\u1eb7t s\u00e0n nh\u1ef1a \u0111\u01b0\u1eddng, m\u00e1y m\u00f3c, kh\u1ed1i \u0111\u1ed9ng c\u01a1 v\u00e0 b\u00ecnh ch\u1ee9a\u2026<\/li>\n<li>A-377 \u1ee9ng d\u1ee5ng trong v\u1ec7 sinh c\u00f4ng nghi\u1ec7p nh\u01b0 v\u1ec7 sinh nh\u00e0 m\u00e1y, x\u01b0\u1edfng \u0111\u00f3ng t\u00e0u, x\u01b0\u1edfng c\u1edf kh\u00ed, v\u00e0 v\u1ec7 sinh t\u00e0u bi\u1ec3n trong h\u00e0ng h\u1ea3i.<\/li>\n<\/ul>\n<h4><strong><u>M\u00d4 T\u1ea2 S\u1ea2N PH\u1ea8M:<\/u><\/strong><\/h4>\n<p>A-377 l\u00e0 h\u1ed7n h\u1ee3p dung d\u1ecbch ch\u1ee9a c\u00e1c h\u1ee3p ch\u1ea5t mu\u1ed1i ki\u1ec1m v\u00f4 c\u01a1 k\u1ebft h\u1ee3p v\u1edbi c\u00e1cch\u1ea5t ho\u1ea1t \u0111\u1ed9ng b\u1ec1 m\u1eb7t m\u1ea1nh t\u1ea1o b\u1ecdt th\u1ea5p v\u00e0 c\u00e1c dung m\u00f4i h\u1eefu c\u01a1 \u0111\u1ec3 lo\u1ea1i b\u1ecf c\u00e1c v\u1ebft b\u1ea9n, d\u1ea7u m\u1ee1\u2026<\/p>\n<h4 style=\"text-align: center\"><\/h4>\n<h4><strong><u>H\u01af\u1edaNG D\u1eaaN S\u1eec D\u1ee4NG:<\/u><\/strong><\/h4>\n<p>A-377 c\u00f3 th\u1ec3 s\u1eed d\u1ee5ng k\u1ebft h\u1ee3p v\u1edbi c\u00e1c bi\u1ec7n ph\u00e1p v\u1ec7 sinh th\u00f4ng th\u01b0\u1eddng nh\u01b0 s\u1eed d\u1ee5ng b\u00ecnh x\u1ecbt, b\u00e0n ch\u1ea3i, gi\u1ebb lau&#8230;<\/p>\n<p>\u0110\u1ed1i v\u1edbi v\u1ec7 sinh c\u00f4ng nghi\u1ec7p th\u00f4ng th\u01b0\u1eddng: Pha A-377 v\u1edbi n\u01b0\u1edbc theo t\u1ef7 l\u1ec7 1:30 \u0111\u1ebfn 1:60. C\u00f3 th\u1ec3 s\u1eed d\u1ee5ng v\u1edbi t\u1ef7 l\u1ec7 \u0111\u1eadm \u0111\u1eb7c h\u01a1n tu\u1ef3 thu\u1ed9c v\u00e0o m\u1ee9c \u0111\u1ed9 b\u00e1m b\u1ea9n v\u00e0 b\u1ec1 m\u1eb7t v\u1eadt li\u1ec7u c\u1ea7n v\u1ec7 sinh.<\/p>\n<p>S\u1eed d\u1ee5ng h\u1ed7n h\u1ee3p dung d\u1ecbch A-377 \u0111\u00e3 \u0111\u01b0\u1ee3c pha theo t\u1ef7 l\u1ec7 tr\u00ean phun ho\u1eb7c ch\u1ea3i \u0111\u1ec1u cho b\u1ec1 m\u1eb7t c\u1ea7n v\u1ec7 sinh th\u1ea5m \u01b0\u1edbc \u0111\u1ec1u v\u00e0 \u0111\u1ee3i v\u00e0i ph\u00fat cho A-377 ho\u1ea1t \u0111\u1ed9ng.<\/p>\n<p>R\u1eeda s\u1ea1ch l\u1ea1i b\u1eb1ng n\u01b0\u1edbc ho\u1eb7c lau b\u1eb1ng t\u1ea5m v\u1ea3i \u01b0\u1edbt s\u1ea1ch \u0111\u1ec3 lo\u1ea1i b\u1ecf ho\u00e0n to\u00e0n ho\u00e1 ch\u1ea5t c\u00f2n t\u1ed3n \u0111\u1ed9ng tr\u00ean b\u1ec1 m\u1eb7t.<\/p>\n<h4><strong><u>T\u00cdNH CH\u1ea4T V\u1eacT L\u00dd<\/u><\/strong><\/h4>\n<p>\u0110\u1eb7c \u0111i\u1ec3m\u00a0\u00a0\u00a0\u00a0\u00a0\u00a0\u00a0 \u00a0\u00a0\u00a0\u00a0\u00a0\u00a0\u00a0\u00a0\u00a0\u00a0\u00a0 : Dung d\u1ecbch t\u1ea9y r\u1eeda c\u00f3 t\u00ednh ki\u1ec1m g\u1ed1c n\u01b0\u1edbc.<\/p>\n<p>Tr\u1ecdng l\u01b0\u1ee3ng ri\u00eang\u00a0\u00a0\u00a0\u00a0\u00a0 : 1.05 \u2013 1.15<\/p>\n<p>pH\u00a0\u00a0\u00a0\u00a0\u00a0\u00a0\u00a0\u00a0\u00a0\u00a0\u00a0\u00a0\u00a0\u00a0\u00a0\u00a0\u00a0\u00a0\u00a0\u00a0\u00a0\u00a0\u00a0\u00a0\u00a0\u00a0\u00a0\u00a0\u00a0\u00a0 : 12 \u2013 14<\/p>\n<p>\u0110i\u1ec3m ch\u1edbp ch\u00e1y\u00a0\u00a0\u00a0\u00a0\u00a0\u00a0\u00a0\u00a0\u00a0 : Kh\u00f4ng b\u1eaft l\u1eeda.<\/p>\n<p>M\u00e0u s\u1eafc\u00a0\u00a0\u00a0\u00a0\u00a0\u00a0\u00a0\u00a0\u00a0\u00a0\u00a0\u00a0\u00a0\u00a0\u00a0\u00a0\u00a0\u00a0\u00a0\u00a0\u00a0 : Xanh nh\u1ea1t<\/p>\n<p>H\u00ecnh th\u1ee9c\u00a0\u00a0\u00a0\u00a0\u00a0\u00a0\u00a0\u00a0\u00a0\u00a0\u00a0\u00a0\u00a0\u00a0\u00a0\u00a0\u00a0\u00a0\u00a0 : D\u1ea1ng l\u1ecfng.<\/p>\n<p>&nbsp;<\/p>\n<p>&nbsp;<\/p>\n<p>&nbsp;<\/p>\n<p>&nbsp;<\/p>\n<p>&nbsp;<\/p>","protected":false},"excerpt":{"rendered":"<p>A-377 \u1ee9ng d\u1ee5ng r\u1ed9ng r\u00e3i cho vi\u1ec7c l\u1ea1i b\u1ecf c\u00e1c v\u1ebft ch\u00e1y s\u00e9m v\u00e0 c\u1eb7n m\u1ee1, d\u1ea7u oxy ho\u00e1, d\u1ea7u m\u1ee1 nh\u1eddn, s\u00e1p, b\u1ee5i b\u1ea9n c\u1ee9ng \u0111\u1ea7u, c\u1eb7n d\u1ea7u, m\u1ef1c in v\u00e0 c\u00e1c lo\u1ea1i c\u1eb7n carbon nh\u1eb9 m\u1ed9t c\u00e1ch nhanh ch\u00f3ng v\u00e0 hi\u1ec7u qu\u1ea3.<\/p>","protected":false},"featured_media":621,"comment_status":"open","ping_status":"closed","template":"","meta":[],"product_cat":[18,27,34],"product_tag":[124,122,79,125,82,81,83,80,126],"class_list":{"0":"post-475","1":"product","2":"type-product","3":"status-publish","4":"has-post-thumbnail","6":"product_cat-hoa-chat-hang-hai","7":"product_cat-hoa-chat-tay-rua","8":"product_cat-hoa-chat-xu-ly-nuoc","9":"product_tag-chat-tay-rua-cong-nghiep","10":"product_tag-hoa-chat-cong-nghiep","11":"product_tag-tay-dau-nhot","12":"product_tag-tay-rua-dau-mo","13":"product_tag-tay-san-xuong","14":"product_tag-tay-vet-chay-xem","15":"product_tag-ve-sinh-dau-mo-xuong","16":"product_tag-ve-sinh-dau-nhot","17":"product_tag-ve-sinh-nha-xuong","19":"first","20":"instock","21":"downloadable","22":"shipping-taxable","23":"product-type-simple"},"yoast_head":"<!-- This site is optimized with the Yoast SEO plugin v24.1 - https:\/\/yoast.com\/wordpress\/plugins\/seo\/ -->\n<title>H\u00f3a ch\u1ea5t t\u1ea9y d\u1ea7u m\u1ee1, c\u1eb7n carbon A-377 ALKACLEAN PLUS | C\u00d4NG TY TNHH BULK TRADE (VIET)<\/title>\n<meta name=\"description\" content=\"A-377 l\u00e0 ch\u1ea5t t\u1ea9y gi\u00fap lo\u1ea1i b\u1ecf hi\u1ec7u qu\u1ea3 v\u00e0 nhanh ch\u00f3ng r\u1ea5t nhi\u1ec1u ch\u1ea5t b\u1ea9n kh\u00e1c nhau bao b\u1ed3m c\u00e1c l\u1edbp d\u1ea7u m\u1ee1 t\u00edch t\u1ee5, c\u00e1c ch\u1ea5t d\u1ea7u oxy h\u00f3a, ch\u1ea5t nh\u1eddn, s\u00e1p, c\u1eb7n b\u1ea9n, v\u1ebft b\u1ea9n m\u1ef1c v\u00e0 c\u00e1c l\u1edbp c\u1eb7n than d\u1ea1ng nh\u1eb9.A-377 c\u00f3 th\u1ec3 \u00e1p d\u1ee5ng \u0111\u1ec3 v\u1ec7 sinh c\u00e1c lo\u1ea1i nhi\u1ec5m b\u1ea9n n\u00f3i tr\u00ean tr\u00ean t\u1ea5t c\u1ea3 c\u00e1c lo\u1ea1i s\u00e0n nh\u00e0, nh\u1ef1a \u0111\u01b0\u1eddng, c\u00f4ng x\u01b0\u1edfng, \u0111\u1ed9ng c\u01a1, b\u1ec3 l\u00e0m n\u00f3ng\u2026\" \/>\n<meta name=\"robots\" content=\"index, follow, max-snippet:-1, max-image-preview:large, max-video-preview:-1\" \/>\n<link rel=\"canonical\" href=\"https:\/\/bulktradeviet.com\/en\/product\/hoa-chat-tay-dau-mo-can-carbon\/\" \/>\n<meta property=\"og:locale\" content=\"en_US\" \/>\n<meta property=\"og:type\" content=\"article\" \/>\n<meta property=\"og:title\" content=\"H\u00f3a ch\u1ea5t t\u1ea9y d\u1ea7u m\u1ee1, c\u1eb7n carbon A-377 ALKACLEAN PLUS | C\u00d4NG TY TNHH BULK TRADE (VIET)\" \/>\n<meta property=\"og:description\" content=\"A-377 l\u00e0 ch\u1ea5t t\u1ea9y gi\u00fap lo\u1ea1i b\u1ecf hi\u1ec7u qu\u1ea3 v\u00e0 nhanh ch\u00f3ng r\u1ea5t nhi\u1ec1u ch\u1ea5t b\u1ea9n kh\u00e1c nhau bao b\u1ed3m c\u00e1c l\u1edbp d\u1ea7u m\u1ee1 t\u00edch t\u1ee5, c\u00e1c ch\u1ea5t d\u1ea7u oxy h\u00f3a, ch\u1ea5t nh\u1eddn, s\u00e1p, c\u1eb7n b\u1ea9n, v\u1ebft b\u1ea9n m\u1ef1c v\u00e0 c\u00e1c l\u1edbp c\u1eb7n than d\u1ea1ng nh\u1eb9.A-377 c\u00f3 th\u1ec3 \u00e1p d\u1ee5ng \u0111\u1ec3 v\u1ec7 sinh c\u00e1c lo\u1ea1i nhi\u1ec5m b\u1ea9n n\u00f3i tr\u00ean tr\u00ean t\u1ea5t c\u1ea3 c\u00e1c lo\u1ea1i s\u00e0n nh\u00e0, nh\u1ef1a \u0111\u01b0\u1eddng, c\u00f4ng x\u01b0\u1edfng, \u0111\u1ed9ng c\u01a1, b\u1ec3 l\u00e0m n\u00f3ng\u2026\" \/>\n<meta property=\"og:url\" content=\"https:\/\/bulktradeviet.com\/en\/product\/hoa-chat-tay-dau-mo-can-carbon\/\" \/>\n<meta property=\"og:site_name\" content=\"C\u00d4NG TY TNHH BULK TRADE (VIET)\" \/>\n<meta property=\"article:modified_time\" content=\"2025-09-09T15:09:34+00:00\" \/>\n<meta property=\"og:image\" content=\"https:\/\/bulktradeviet.com\/wp-content\/uploads\/2019\/12\/A-377.jpg\" \/>\n\t<meta property=\"og:image:width\" content=\"2000\" \/>\n\t<meta property=\"og:image:height\" content=\"2000\" \/>\n\t<meta property=\"og:image:type\" content=\"image\/jpeg\" \/>\n<meta name=\"twitter:card\" content=\"summary_large_image\" \/>\n<meta name=\"twitter:label1\" content=\"Est. reading time\" \/>\n\t<meta name=\"twitter:data1\" content=\"3 minutes\" \/>\n<script type=\"application\/ld+json\" class=\"yoast-schema-graph\">{\"@context\":\"https:\/\/schema.org\",\"@graph\":[{\"@type\":\"WebPage\",\"@id\":\"https:\/\/bulktradeviet.com\/en\/product\/hoa-chat-tay-dau-mo-can-carbon\/\",\"url\":\"https:\/\/bulktradeviet.com\/en\/product\/hoa-chat-tay-dau-mo-can-carbon\/\",\"name\":\"H\u00f3a ch\u1ea5t t\u1ea9y d\u1ea7u m\u1ee1, c\u1eb7n carbon A-377 ALKACLEAN PLUS | C\u00d4NG TY TNHH BULK TRADE (VIET)\",\"isPartOf\":{\"@id\":\"https:\/\/bulktradeviet.com\/en\/#website\"},\"primaryImageOfPage\":{\"@id\":\"https:\/\/bulktradeviet.com\/en\/product\/hoa-chat-tay-dau-mo-can-carbon\/#primaryimage\"},\"image\":{\"@id\":\"https:\/\/bulktradeviet.com\/en\/product\/hoa-chat-tay-dau-mo-can-carbon\/#primaryimage\"},\"thumbnailUrl\":\"https:\/\/bulktradeviet.com\/wp-content\/uploads\/2019\/12\/A-377.jpg\",\"datePublished\":\"2019-12-11T08:26:56+00:00\",\"dateModified\":\"2025-09-09T15:09:34+00:00\",\"description\":\"A-377 l\u00e0 ch\u1ea5t t\u1ea9y gi\u00fap lo\u1ea1i b\u1ecf hi\u1ec7u qu\u1ea3 v\u00e0 nhanh ch\u00f3ng r\u1ea5t nhi\u1ec1u ch\u1ea5t b\u1ea9n kh\u00e1c nhau bao b\u1ed3m c\u00e1c l\u1edbp d\u1ea7u m\u1ee1 t\u00edch t\u1ee5, c\u00e1c ch\u1ea5t d\u1ea7u oxy h\u00f3a, ch\u1ea5t nh\u1eddn, s\u00e1p, c\u1eb7n b\u1ea9n, v\u1ebft b\u1ea9n m\u1ef1c v\u00e0 c\u00e1c l\u1edbp c\u1eb7n than d\u1ea1ng nh\u1eb9.A-377 c\u00f3 th\u1ec3 \u00e1p d\u1ee5ng \u0111\u1ec3 v\u1ec7 sinh c\u00e1c lo\u1ea1i nhi\u1ec5m b\u1ea9n n\u00f3i tr\u00ean tr\u00ean t\u1ea5t c\u1ea3 c\u00e1c lo\u1ea1i s\u00e0n nh\u00e0, nh\u1ef1a \u0111\u01b0\u1eddng, c\u00f4ng x\u01b0\u1edfng, \u0111\u1ed9ng c\u01a1, b\u1ec3 l\u00e0m n\u00f3ng\u2026\",\"breadcrumb\":{\"@id\":\"https:\/\/bulktradeviet.com\/en\/product\/hoa-chat-tay-dau-mo-can-carbon\/#breadcrumb\"},\"inLanguage\":\"en-US\",\"potentialAction\":[{\"@type\":\"ReadAction\",\"target\":[\"https:\/\/bulktradeviet.com\/en\/product\/hoa-chat-tay-dau-mo-can-carbon\/\"]}]},{\"@type\":\"ImageObject\",\"inLanguage\":\"en-US\",\"@id\":\"https:\/\/bulktradeviet.com\/en\/product\/hoa-chat-tay-dau-mo-can-carbon\/#primaryimage\",\"url\":\"https:\/\/bulktradeviet.com\/wp-content\/uploads\/2019\/12\/A-377.jpg\",\"contentUrl\":\"https:\/\/bulktradeviet.com\/wp-content\/uploads\/2019\/12\/A-377.jpg\",\"width\":2000,\"height\":2000},{\"@type\":\"BreadcrumbList\",\"@id\":\"https:\/\/bulktradeviet.com\/en\/product\/hoa-chat-tay-dau-mo-can-carbon\/#breadcrumb\",\"itemListElement\":[{\"@type\":\"ListItem\",\"position\":1,\"name\":\"Trang ch\u1ee7\",\"item\":\"https:\/\/bulktradeviet.com\/en\/\"},{\"@type\":\"ListItem\",\"position\":2,\"name\":\"Products\",\"item\":\"https:\/\/bulktradeviet.com\/en\/shop\/\"},{\"@type\":\"ListItem\",\"position\":3,\"name\":\"H\u00f3a ch\u1ea5t t\u1ea9y d\u1ea7u m\u1ee1, c\u1eb7n carbon A-377 ALKACLEAN PLUS\"}]},{\"@type\":\"WebSite\",\"@id\":\"https:\/\/bulktradeviet.com\/en\/#website\",\"url\":\"https:\/\/bulktradeviet.com\/en\/\",\"name\":\"C\u00d4NG TY TNHH BULK TRADE (VIET)\",\"description\":\"Nh\u1eadp Kh\u1ea9u Ph\u00e2n Ph\u1ed1i H\u00f3a Ch\u1ea5t C\u00f4ng Nghi\u1ec7p\",\"potentialAction\":[{\"@type\":\"SearchAction\",\"target\":{\"@type\":\"EntryPoint\",\"urlTemplate\":\"https:\/\/bulktradeviet.com\/en\/?s={search_term_string}\"},\"query-input\":{\"@type\":\"PropertyValueSpecification\",\"valueRequired\":true,\"valueName\":\"search_term_string\"}}],\"inLanguage\":\"en-US\"}]}<\/script>\n<!-- \/ Yoast SEO plugin. -->","yoast_head_json":{"title":"H\u00f3a ch\u1ea5t t\u1ea9y d\u1ea7u m\u1ee1, c\u1eb7n carbon A-377 ALKACLEAN PLUS | C\u00d4NG TY TNHH BULK TRADE (VIET)","description":"A-377 l\u00e0 ch\u1ea5t t\u1ea9y gi\u00fap lo\u1ea1i b\u1ecf hi\u1ec7u qu\u1ea3 v\u00e0 nhanh ch\u00f3ng r\u1ea5t nhi\u1ec1u ch\u1ea5t b\u1ea9n kh\u00e1c nhau bao b\u1ed3m c\u00e1c l\u1edbp d\u1ea7u m\u1ee1 t\u00edch t\u1ee5, c\u00e1c ch\u1ea5t d\u1ea7u oxy h\u00f3a, ch\u1ea5t nh\u1eddn, s\u00e1p, c\u1eb7n b\u1ea9n, v\u1ebft b\u1ea9n m\u1ef1c v\u00e0 c\u00e1c l\u1edbp c\u1eb7n than d\u1ea1ng nh\u1eb9.A-377 c\u00f3 th\u1ec3 \u00e1p d\u1ee5ng \u0111\u1ec3 v\u1ec7 sinh c\u00e1c lo\u1ea1i nhi\u1ec5m b\u1ea9n n\u00f3i tr\u00ean tr\u00ean t\u1ea5t c\u1ea3 c\u00e1c lo\u1ea1i s\u00e0n nh\u00e0, nh\u1ef1a \u0111\u01b0\u1eddng, c\u00f4ng x\u01b0\u1edfng, \u0111\u1ed9ng c\u01a1, b\u1ec3 l\u00e0m n\u00f3ng\u2026","robots":{"index":"index","follow":"follow","max-snippet":"max-snippet:-1","max-image-preview":"max-image-preview:large","max-video-preview":"max-video-preview:-1"},"canonical":"https:\/\/bulktradeviet.com\/en\/product\/hoa-chat-tay-dau-mo-can-carbon\/","og_locale":"en_US","og_type":"article","og_title":"H\u00f3a ch\u1ea5t t\u1ea9y d\u1ea7u m\u1ee1, c\u1eb7n carbon A-377 ALKACLEAN PLUS | C\u00d4NG TY TNHH BULK TRADE (VIET)","og_description":"A-377 l\u00e0 ch\u1ea5t t\u1ea9y gi\u00fap lo\u1ea1i b\u1ecf hi\u1ec7u qu\u1ea3 v\u00e0 nhanh ch\u00f3ng r\u1ea5t nhi\u1ec1u ch\u1ea5t b\u1ea9n kh\u00e1c nhau bao b\u1ed3m c\u00e1c l\u1edbp d\u1ea7u m\u1ee1 t\u00edch t\u1ee5, c\u00e1c ch\u1ea5t d\u1ea7u oxy h\u00f3a, ch\u1ea5t nh\u1eddn, s\u00e1p, c\u1eb7n b\u1ea9n, v\u1ebft b\u1ea9n m\u1ef1c v\u00e0 c\u00e1c l\u1edbp c\u1eb7n than d\u1ea1ng nh\u1eb9.A-377 c\u00f3 th\u1ec3 \u00e1p d\u1ee5ng \u0111\u1ec3 v\u1ec7 sinh c\u00e1c lo\u1ea1i nhi\u1ec5m b\u1ea9n n\u00f3i tr\u00ean tr\u00ean t\u1ea5t c\u1ea3 c\u00e1c lo\u1ea1i s\u00e0n nh\u00e0, nh\u1ef1a \u0111\u01b0\u1eddng, c\u00f4ng x\u01b0\u1edfng, \u0111\u1ed9ng c\u01a1, b\u1ec3 l\u00e0m n\u00f3ng\u2026","og_url":"https:\/\/bulktradeviet.com\/en\/product\/hoa-chat-tay-dau-mo-can-carbon\/","og_site_name":"C\u00d4NG TY TNHH BULK TRADE (VIET)","article_modified_time":"2025-09-09T15:09:34+00:00","og_image":[{"width":2000,"height":2000,"url":"https:\/\/bulktradeviet.com\/wp-content\/uploads\/2019\/12\/A-377.jpg","type":"image\/jpeg"}],"twitter_card":"summary_large_image","twitter_misc":{"Est. reading time":"3 minutes"},"schema":{"@context":"https:\/\/schema.org","@graph":[{"@type":"WebPage","@id":"https:\/\/bulktradeviet.com\/en\/product\/hoa-chat-tay-dau-mo-can-carbon\/","url":"https:\/\/bulktradeviet.com\/en\/product\/hoa-chat-tay-dau-mo-can-carbon\/","name":"H\u00f3a ch\u1ea5t t\u1ea9y d\u1ea7u m\u1ee1, c\u1eb7n carbon A-377 ALKACLEAN PLUS | C\u00d4NG TY TNHH BULK TRADE (VIET)","isPartOf":{"@id":"https:\/\/bulktradeviet.com\/en\/#website"},"primaryImageOfPage":{"@id":"https:\/\/bulktradeviet.com\/en\/product\/hoa-chat-tay-dau-mo-can-carbon\/#primaryimage"},"image":{"@id":"https:\/\/bulktradeviet.com\/en\/product\/hoa-chat-tay-dau-mo-can-carbon\/#primaryimage"},"thumbnailUrl":"https:\/\/bulktradeviet.com\/wp-content\/uploads\/2019\/12\/A-377.jpg","datePublished":"2019-12-11T08:26:56+00:00","dateModified":"2025-09-09T15:09:34+00:00","description":"A-377 l\u00e0 ch\u1ea5t t\u1ea9y gi\u00fap lo\u1ea1i b\u1ecf hi\u1ec7u qu\u1ea3 v\u00e0 nhanh ch\u00f3ng r\u1ea5t nhi\u1ec1u ch\u1ea5t b\u1ea9n kh\u00e1c nhau bao b\u1ed3m c\u00e1c l\u1edbp d\u1ea7u m\u1ee1 t\u00edch t\u1ee5, c\u00e1c ch\u1ea5t d\u1ea7u oxy h\u00f3a, ch\u1ea5t nh\u1eddn, s\u00e1p, c\u1eb7n b\u1ea9n, v\u1ebft b\u1ea9n m\u1ef1c v\u00e0 c\u00e1c l\u1edbp c\u1eb7n than d\u1ea1ng nh\u1eb9.A-377 c\u00f3 th\u1ec3 \u00e1p d\u1ee5ng \u0111\u1ec3 v\u1ec7 sinh c\u00e1c lo\u1ea1i nhi\u1ec5m b\u1ea9n n\u00f3i tr\u00ean tr\u00ean t\u1ea5t c\u1ea3 c\u00e1c lo\u1ea1i s\u00e0n nh\u00e0, nh\u1ef1a \u0111\u01b0\u1eddng, c\u00f4ng x\u01b0\u1edfng, \u0111\u1ed9ng c\u01a1, b\u1ec3 l\u00e0m n\u00f3ng\u2026","breadcrumb":{"@id":"https:\/\/bulktradeviet.com\/en\/product\/hoa-chat-tay-dau-mo-can-carbon\/#breadcrumb"},"inLanguage":"en-US","potentialAction":[{"@type":"ReadAction","target":["https:\/\/bulktradeviet.com\/en\/product\/hoa-chat-tay-dau-mo-can-carbon\/"]}]},{"@type":"ImageObject","inLanguage":"en-US","@id":"https:\/\/bulktradeviet.com\/en\/product\/hoa-chat-tay-dau-mo-can-carbon\/#primaryimage","url":"https:\/\/bulktradeviet.com\/wp-content\/uploads\/2019\/12\/A-377.jpg","contentUrl":"https:\/\/bulktradeviet.com\/wp-content\/uploads\/2019\/12\/A-377.jpg","width":2000,"height":2000},{"@type":"BreadcrumbList","@id":"https:\/\/bulktradeviet.com\/en\/product\/hoa-chat-tay-dau-mo-can-carbon\/#breadcrumb","itemListElement":[{"@type":"ListItem","position":1,"name":"Trang ch\u1ee7","item":"https:\/\/bulktradeviet.com\/en\/"},{"@type":"ListItem","position":2,"name":"Products","item":"https:\/\/bulktradeviet.com\/en\/shop\/"},{"@type":"ListItem","position":3,"name":"H\u00f3a ch\u1ea5t t\u1ea9y d\u1ea7u m\u1ee1, c\u1eb7n carbon A-377 ALKACLEAN PLUS"}]},{"@type":"WebSite","@id":"https:\/\/bulktradeviet.com\/en\/#website","url":"https:\/\/bulktradeviet.com\/en\/","name":"C\u00d4NG TY TNHH BULK TRADE (VIET)","description":"Nh\u1eadp Kh\u1ea9u Ph\u00e2n Ph\u1ed1i H\u00f3a Ch\u1ea5t C\u00f4ng Nghi\u1ec7p","potentialAction":[{"@type":"SearchAction","target":{"@type":"EntryPoint","urlTemplate":"https:\/\/bulktradeviet.com\/en\/?s={search_term_string}"},"query-input":{"@type":"PropertyValueSpecification","valueRequired":true,"valueName":"search_term_string"}}],"inLanguage":"en-US"}]}},"_links":{"self":[{"href":"https:\/\/bulktradeviet.com\/en\/wp-json\/wp\/v2\/product\/475","targetHints":{"allow":["GET"]}}],"collection":[{"href":"https:\/\/bulktradeviet.com\/en\/wp-json\/wp\/v2\/product"}],"about":[{"href":"https:\/\/bulktradeviet.com\/en\/wp-json\/wp\/v2\/types\/product"}],"replies":[{"embeddable":true,"href":"https:\/\/bulktradeviet.com\/en\/wp-json\/wp\/v2\/comments?post=475"}],"wp:featuredmedia":[{"embeddable":true,"href":"https:\/\/bulktradeviet.com\/en\/wp-json\/wp\/v2\/media\/621"}],"wp:attachment":[{"href":"https:\/\/bulktradeviet.com\/en\/wp-json\/wp\/v2\/media?parent=475"}],"wp:term":[{"taxonomy":"product_cat","embeddable":true,"href":"https:\/\/bulktradeviet.com\/en\/wp-json\/wp\/v2\/product_cat?post=475"},{"taxonomy":"product_tag","embeddable":true,"href":"https:\/\/bulktradeviet.com\/en\/wp-json\/wp\/v2\/product_tag?post=475"}],"curies":[{"name":"wp","href":"https:\/\/api.w.org\/{rel}","templated":true}]}}