{"id":472,"date":"2019-12-11T08:12:50","date_gmt":"2019-12-11T08:12:50","guid":{"rendered":"https:\/\/bulktradeviet.com\/?post_type=product&#038;p=472"},"modified":"2025-10-11T06:11:56","modified_gmt":"2025-10-11T06:11:56","slug":"hoa-chat-tay-cau-can-gi-set","status":"publish","type":"product","link":"https:\/\/bulktradeviet.com\/en\/product\/hoa-chat-tay-cau-can-gi-set\/","title":{"rendered":"Ho\u00e1 ch\u1ea5t t\u1ea9y c\u00e1u c\u1eb7n, g\u1ec9 s\u00e9t A-187 DESCALER HD"},"content":{"rendered":"<h1>A-187 DESCALER HD<\/h1>\n<h4><strong><u>M\u00d4 T\u1ea2 S\u1ea2N PH\u1ea8M:<\/u><\/strong><\/h4>\n<ul>\n<li>A-187 Descaler HD l\u00e0 dung d\u1ecbch \u0111\u01b0\u1ee3c thi\u1ebft k\u1ebf \u0111\u1ec3 <em>lo\u1ea1i b\u1ecf g\u1ec9 s\u00e9t, c\u1eb7n b\u00e1m<\/em> v\u00e0 c\u00e1c ch\u1ea5t b\u1ea9n b\u00e1m tr\u00ean b\u1ec1 m\u1eb7t kim lo\u1ea1i (ch\u1ea5t s\u1eaft, th\u00e9p).<\/li>\n<li>A-187 ch\u1ee9a axit, <strong>ch\u1ea5t \u1ee9c ch\u1ebf \u0103n m\u00f2n<\/strong> v\u00e0 c\u00e1c ho\u1ea1t ch\u1ea5t th\u1ea9m th\u1ea5u gi\u00fap l\u00e0m s\u1ea1ch b\u1ec1 m\u1eb7t c\u00e1c h\u1ec7 th\u1ed1ng l\u00e0m m\u00e1t b\u1ecb c\u1eb7n, ho\u1eb7c <span style=\"text-decoration: underline\">lo\u1ea1i b\u1ecf g\u1ec9 s\u00e9t,<\/span> c\u1eb7n b\u00e1m trong n\u1ed3i h\u01a1i, b\u1ed9 trao \u0111\u1ed5i nhi\u1ec7t, b\u00ecnh ng\u01b0ng, c\u00e1c \u0111\u01b0\u1eddng \u1ed1ng n\u01b0\u1edbc \u0111\u1ed9ng c\u01a1 diesel\u2026<\/li>\n<li>Vi\u1ec7c s\u1eed d\u1ee5ng A-187 s\u1ebd gi\u1ea3m \u0111\u01b0\u1ee3c chi ph\u00ed nh\u00e2n c\u00f4ng, th\u1eddi gian \u0111\u1ec3 v\u1ec7 sinh h\u01a1n so v\u1edbi vi\u1ec7c v\u1ec7 sinh c\u1eb7n b\u1eb1ng th\u1ee7 c\u00f4ng.<\/li>\n<li>A-187 c\u00f3 ch\u1ee9a ch\u1ea5t \u1ee9c ch\u1ebf \u0103n m\u00f2n \u0111\u1ec3 ng\u0103n ch\u1eb7n s\u1ef1 \u0103n m\u00f2n v\u1eadt li\u1ec7u kim lo\u1ea1i sau khi v\u1ec7 sinh c\u1eb7n. N\u00f3 c\u00f3 th\u1ec3 \u0111\u01b0\u1ee3c s\u1eed d\u1ee5ng m\u1ed9t c\u00e1ch th\u1eadn tr\u1ecdng theo h\u01b0\u1edbng d\u1eabn c\u1ee7a nh\u00e0 s\u1ea3n xu\u1ea5t \u0111\u1ec3 l\u00e0m s\u1ea1ch c\u00e1c h\u1ee3p ch\u1ea5t \u0111\u1ed3ng, \u0111\u1ed3ng thau v\u00e0 c\u00e1c kim lo\u1ea1i kh\u00e1c nh\u01b0 nh\u00f4m, k\u1ebdm.<\/li>\n<\/ul>\n<h4><strong><u>H\u01af\u1edaNG D\u1eaaN S\u1eec D\u1ee4NG:<\/u><\/strong><\/h4>\n<p>\u0110\u1ed1i v\u1edbi vi\u1ec7c t\u1ea9y c\u00e1u c\u1eb7n chung c\u1ee7a c\u00e1c b\u1ed9 ph\u1eadn trao \u0111\u1ed5i nhi\u1ec7t, n\u1ed3i h\u01a1i ho\u1eb7c h\u1ec7 th\u1ed1ng t\u1ea3n nhi\u1ec7t, s\u1eed d\u1ee5ng dung d\u1ecbch A-187 v\u1edbi n\u1ed3ng \u0111\u1ed9 20% &#8211; 40% tu\u1ef3 thu\u1ed9c v\u00e0o m\u1ee9c \u0111\u1ed9 c\u00e1u c\u1eb7n trong h\u1ec7 th\u1ed1ng. Sau \u0111\u00f3 ch\u1ea1y tu\u1ea7n ho\u00e0n dung d\u1ecbch c\u00f3 ho\u00e1 ch\u1ea5t A-187 \u0111\u1ec3 lo\u1ea1i b\u1ecf c\u00e1u c\u1eb7n. C\u00f3 th\u1ec3 h\u00e2m n\u00f3ng dung d\u1ecbch ch\u1ea1y x\u1eed l\u00fd c\u00e1u c\u1eb7n l\u00ean kho\u1ea3ng 40 \u2013 50<sub>\u00ad<\/sub><sup>0<\/sup>C n\u1ebfu c\u1ea7n thi\u1ebft. Khi g\u1eb7p h\u1ec7 th\u1ed1ng v\u1edbi c\u00e1u c\u1eb7n n\u1eb7ng, n\u00ean s\u1eed d\u1ee5ng 1 m\u1eabu c\u00e1u c\u1eb7n trong h\u1ec7 th\u1ed1ng ng\u00e2m trong dung d\u1ecbch x\u1eed l\u00fd c\u00e1u c\u1eb7n A-187 \u0111\u1ec3 x\u00e1c \u0111\u1ecbnh th\u1eddi gian c\u00f3 th\u1ec3 lo\u1ea1i b\u1ecf ho\u00e0n to\u00e0n c\u00e1u c\u1eb7n.<\/p>\n<p>Sau khi ho\u00e0n th\u00e0nh vi\u1ec7c <strong>x\u1eed l\u00fd c\u00e1u c\u1eb7n<\/strong>, c\u1ea7n ph\u1ea3i r\u1eeda l\u1ea1i h\u1ec7 th\u1ed1ng b\u1eb1ng n\u01b0\u1edbc s\u1ea1ch ho\u1eb7c s\u1eed d\u1ee5ng m\u1ed9t dung d\u1ecbch ki\u1ec1m \u0111\u1ec3 trung ho\u00e0 axit c\u00f2n t\u1ed3n d\u01b0 trong h\u1ec7 th\u1ed1ng.<\/p>\n<h5><strong><u>X\u1eed l\u00fd r\u1ec9 c\u1eb7n g\u1ec9 s\u1eaft th\u00e9p trong h\u1ec7 th\u1ed1ng:<\/u><\/strong><\/h5>\n<p>N\u00ean s\u1eed d\u1ee5ng b\u00e0n ch\u1ea3i, v\u00e0 c\u00e1c thi\u1ebft b\u1ecb ph\u00f9 h\u1ee3p kh\u00e1c \u0111\u1ec3 nh\u1eb1m l\u00e0m l\u1ecfng c\u1eb7n g\u1ec9 tr\u01b0\u1edbc khi s\u1eed d\u1ee5ng A-187 \u0111\u1ec3 \u0111\u1ea1t hi\u1ec3u qu\u1ea3 t\u1ed1i \u0111a. N\u1ebfu nh\u01b0 b\u1ec1 m\u1eb7t c\u1ea7n x\u1eed l\u00fd d\u00ednh nhi\u1ec1u d\u1ea7u nh\u1edbt, d\u1ea7u, m\u1ee1 th\u00ec n\u00ean l\u00e0m s\u1ea1ch s\u01a1 b\u1ed9 c\u00e1c ch\u1ea5t b\u1ea9n s\u01a1 b\u1ed9 tr\u01b0\u1edbc khi s\u1eed d\u1ee5ng A-187. Chu\u1ea9n b\u1ecb dung d\u1ecbch ch\u1ee9a 20 \u2013 40% A-187 tu\u1ef3 thu\u1ed9c v\u00e0o m\u1ee9c \u0111\u1ed9 c\u1eb7n g\u1ec9. Ng\u00e2m c\u00e1c v\u1eadt li\u1ec7u c\u1ea7n t\u1ea9y c\u1eb7n g\u1ec9 v\u00e0o dung d\u1ecbch trong v\u00f2ng 05 \u2013 10 ph\u00fat. Sau khi l\u00e0m s\u1ea1ch ho\u00e0n to\u00e0n c\u1eb7n g\u1ec9 l\u1ea5y v\u1eadt li\u1ec7u ra kh\u1ecfi b\u1ec3 ch\u1ee9a v\u00e0 r\u1eeda s\u1ea1ch l\u1ea1i b\u1eb1ng n\u01b0\u1edbc. L\u01b0\u1ee3ng c\u1eb7n g\u1ec9 s\u00f3t l\u1ea1i trong b\u1ec3 ch\u01b0a dung d\u1ecbch A-187 n\u00ean \u0111\u01b0\u1ee3c lo\u1ea1i b\u1ecf \u0111\u1ec3 tr\u00e1nh l\u00e0m th\u1ea5t tho\u00e1t ho\u00e1 ch\u1ea5t do ph\u1ea3n \u1ee9ng v\u1edbi c\u1eb7n g\u1ec9. Sau m\u1ed7i l\u01b0\u1ee3t t\u1ea9y c\u1eb7n g\u1ec9 m\u1ed7i v\u1eadt li\u1ec7u, n\u00ean ch\u00e2m th\u00eam dung d\u1ecbch A-187 \u0111\u1ec3 \u0111\u1ea1t hi\u1ec7u qu\u1ea3 t\u1ea9y g\u1ec9 nh\u01b0 mong mu\u1ed1n.<\/p>\n<h5><strong><u>C\u1ea9n tr\u1ecdng:<\/u><\/strong><\/h5>\n<p>Trong c\u00e1c h\u1ec7 th\u1ed1ng c\u0169 ch\u01b0a \u0111\u01b0\u1ee3c x\u1eed l\u00fd tr\u01b0\u1edbc \u0111\u00e2y ho\u1eb7c th\u01b0\u1eddng xuy\u00ean \u0111\u01b0\u1ee3c b\u1ea3o d\u01b0\u1ee1ng \u0111\u1eb7c bi\u1ec7t l\u00e0 c\u00e1c \u0111\u01b0\u1eddng \u1ed1ng ng\u01b0ng t\u1ee5 b\u1ecb l\u1ee7ng r\u1ea5t nhi\u1ec1u m\u00e0 kh\u00f4ng th\u1ec3 ph\u00e1t hi\u1ec7n \u0111\u01b0\u1ee3c tr\u01b0\u1edbc khi x\u1eed l\u00fd b\u1eb1ng A-187, ph\u1ea3i c\u1ea9n tr\u1ecdng v\u00ec t\u00ednh ch\u1ea5t lo\u1ea1i b\u1ecf g\u1ec9 s\u00e9t c\u1ee7a A-187 c\u00f3 th\u1ec3 l\u00e0m xu\u1ea5t hi\u1ec7n c\u00e1c l\u1ed7 th\u1ee7ng do g\u1ec9 s\u00e9t g\u00e2y ra sau khi x\u1eed l\u00fd.<\/p>\n<p>&nbsp;<\/p>\n<p>&nbsp;<\/p>\n<p>&nbsp;<\/p>","protected":false},"excerpt":{"rendered":"<p><span style=\"text-align: left;color: #333333;text-transform: none;text-indent: 0px;letter-spacing: normal;font-family: Arial,'Times New Roman','Bitstream Charter',Times,serif;font-size: 14.4px;font-style: normal;font-variant: normal;text-decoration: none;cursor: text;float: none;background-color: transparent\">A-187 Descaler HD l\u00e0 dung d\u1ecbch \u0111\u01b0\u1ee3c thi\u1ebft k\u1ebf \u0111\u1ec3 lo\u1ea1i b\u1ecf g\u1ec9 s\u00e9t, c\u1eb7n b\u00e1m v\u00e0 c\u00e1c ch\u1ea5t b\u1ea9n b\u00e1m tr\u00ean b\u1ec1 m\u1eb7t kim lo\u1ea1i s\u1eaft, th\u00e9p, \u0111\u1ed3ng..bao g\u1ed3m <\/span>b\u1ec1 m\u1eb7t c\u00e1c h\u1ec7 th\u1ed1ng l\u00e0m m\u00e1t b\u1ecb c\u1eb7n, ho\u1eb7c lo\u1ea1i b\u1ecf g\u1ec9 s\u00e9t, c\u1eb7n b\u00e1m trong n\u1ed3i h\u01a1i, b\u1ed9 trao \u0111\u1ed5i nhi\u1ec7t, b\u00ecnh ng\u01b0ng, c\u00e1c \u0111\u01b0\u1eddng \u1ed1ng n\u01b0\u1edbc \u0111\u1ed9ng c\u01a1 diesel\u2026<\/p>\n<p>&nbsp;<\/p>","protected":false},"featured_media":613,"comment_status":"open","ping_status":"closed","template":"","meta":[],"product_cat":[18,27,32,34],"product_tag":[124,122,128,78,127,25,76,77],"class_list":{"0":"post-472","1":"product","2":"type-product","3":"status-publish","4":"has-post-thumbnail","6":"product_cat-hoa-chat-hang-hai","7":"product_cat-hoa-chat-tay-rua","8":"product_cat-hoa-chat-tong-hop","9":"product_cat-hoa-chat-xu-ly-nuoc","10":"product_tag-chat-tay-rua-cong-nghiep","11":"product_tag-hoa-chat-cong-nghiep","12":"product_tag-loai-bo-gi","13":"product_tag-tay-bau-ngung-nuoc-da","14":"product_tag-tay-be-tong","15":"product_tag-tay-cau-can","16":"product_tag-tay-cau-can-chiller","17":"product_tag-tay-gi-set","19":"first","20":"instock","21":"downloadable","22":"shipping-taxable","23":"product-type-simple"},"yoast_head":"<!-- This site is optimized with the Yoast SEO plugin v24.1 - https:\/\/yoast.com\/wordpress\/plugins\/seo\/ -->\n<title>Ho\u00e1 ch\u1ea5t t\u1ea9y c\u00e1u c\u1eb7n, g\u1ec9 s\u00e9t A-187 DESCALER HD | C\u00d4NG TY TNHH BULK TRADE (VIET)<\/title>\n<meta name=\"description\" content=\"A-187 l\u00e0 ch\u1ea5t t\u1ea9y r\u1eeda m\u1ea1nh m\u1ebd, \u1edf d\u1ea1ng l\u1ecfng, chuy\u00ean d\u1ee5ng \u0111\u1ec3 lo\u1ea1i b\u1ecf g\u1ec9, c\u1eb7n v\u00e0 l\u1edbp b\u1ecb \u0103n m\u00f2n c\u1ee7a c\u00e1c kim lo\u1ea1i m\u00e0u. A-187 c\u00f3 ch\u1ee9a c\u00e1c acid, ch\u1ea5t \u1ee9c ch\u1ebf v\u00e0 c\u00e1c t\u00e1c ch\u1ea5t th\u00e2m nh\u1eadp d\u00f9ng \u0111\u1ec3 v\u1ec7 sinh h\u1ec7 th\u1ed1ng l\u00e0m l\u1ea1nh, n\u1ed3i h\u01a1i, thi\u1ebft b\u1ecb trao \u0111\u1ed5i nhi\u1ec7t, n\u1ed3i ng\u01b0ng h\u01a1i, \u1ed1ng n\u01b0\u1edbc, \u0111\u1ed9ng c\u01a1 nhi\u1ec7t v\u00e0 \u0111\u1ed9ng c\u01a1 Diesel.\" \/>\n<meta name=\"robots\" content=\"index, follow, max-snippet:-1, max-image-preview:large, max-video-preview:-1\" \/>\n<link rel=\"canonical\" href=\"https:\/\/bulktradeviet.com\/en\/product\/hoa-chat-tay-cau-can-gi-set\/\" \/>\n<meta property=\"og:locale\" content=\"en_US\" \/>\n<meta property=\"og:type\" content=\"article\" \/>\n<meta property=\"og:title\" content=\"Ho\u00e1 ch\u1ea5t t\u1ea9y c\u00e1u c\u1eb7n, g\u1ec9 s\u00e9t A-187 DESCALER HD | C\u00d4NG TY TNHH BULK TRADE (VIET)\" \/>\n<meta property=\"og:description\" content=\"A-187 l\u00e0 ch\u1ea5t t\u1ea9y r\u1eeda m\u1ea1nh m\u1ebd, \u1edf d\u1ea1ng l\u1ecfng, chuy\u00ean d\u1ee5ng \u0111\u1ec3 lo\u1ea1i b\u1ecf g\u1ec9, c\u1eb7n v\u00e0 l\u1edbp b\u1ecb \u0103n m\u00f2n c\u1ee7a c\u00e1c kim lo\u1ea1i m\u00e0u. A-187 c\u00f3 ch\u1ee9a c\u00e1c acid, ch\u1ea5t \u1ee9c ch\u1ebf v\u00e0 c\u00e1c t\u00e1c ch\u1ea5t th\u00e2m nh\u1eadp d\u00f9ng \u0111\u1ec3 v\u1ec7 sinh h\u1ec7 th\u1ed1ng l\u00e0m l\u1ea1nh, n\u1ed3i h\u01a1i, thi\u1ebft b\u1ecb trao \u0111\u1ed5i nhi\u1ec7t, n\u1ed3i ng\u01b0ng h\u01a1i, \u1ed1ng n\u01b0\u1edbc, \u0111\u1ed9ng c\u01a1 nhi\u1ec7t v\u00e0 \u0111\u1ed9ng c\u01a1 Diesel.\" \/>\n<meta property=\"og:url\" content=\"https:\/\/bulktradeviet.com\/en\/product\/hoa-chat-tay-cau-can-gi-set\/\" \/>\n<meta property=\"og:site_name\" content=\"C\u00d4NG TY TNHH BULK TRADE (VIET)\" \/>\n<meta property=\"article:modified_time\" content=\"2025-10-11T06:11:56+00:00\" \/>\n<meta property=\"og:image\" content=\"https:\/\/bulktradeviet.com\/wp-content\/uploads\/2019\/12\/A-187.jpg\" \/>\n\t<meta property=\"og:image:width\" content=\"2000\" \/>\n\t<meta property=\"og:image:height\" content=\"2000\" \/>\n\t<meta property=\"og:image:type\" content=\"image\/jpeg\" \/>\n<meta name=\"twitter:card\" content=\"summary_large_image\" \/>\n<meta name=\"twitter:label1\" content=\"Est. reading time\" \/>\n\t<meta name=\"twitter:data1\" content=\"4 minutes\" \/>\n<script type=\"application\/ld+json\" class=\"yoast-schema-graph\">{\"@context\":\"https:\/\/schema.org\",\"@graph\":[{\"@type\":\"WebPage\",\"@id\":\"https:\/\/bulktradeviet.com\/en\/product\/hoa-chat-tay-cau-can-gi-set\/\",\"url\":\"https:\/\/bulktradeviet.com\/en\/product\/hoa-chat-tay-cau-can-gi-set\/\",\"name\":\"Ho\u00e1 ch\u1ea5t t\u1ea9y c\u00e1u c\u1eb7n, g\u1ec9 s\u00e9t A-187 DESCALER HD | C\u00d4NG TY TNHH BULK TRADE (VIET)\",\"isPartOf\":{\"@id\":\"https:\/\/bulktradeviet.com\/en\/#website\"},\"primaryImageOfPage\":{\"@id\":\"https:\/\/bulktradeviet.com\/en\/product\/hoa-chat-tay-cau-can-gi-set\/#primaryimage\"},\"image\":{\"@id\":\"https:\/\/bulktradeviet.com\/en\/product\/hoa-chat-tay-cau-can-gi-set\/#primaryimage\"},\"thumbnailUrl\":\"https:\/\/bulktradeviet.com\/wp-content\/uploads\/2019\/12\/A-187.jpg\",\"datePublished\":\"2019-12-11T08:12:50+00:00\",\"dateModified\":\"2025-10-11T06:11:56+00:00\",\"description\":\"A-187 l\u00e0 ch\u1ea5t t\u1ea9y r\u1eeda m\u1ea1nh m\u1ebd, \u1edf d\u1ea1ng l\u1ecfng, chuy\u00ean d\u1ee5ng \u0111\u1ec3 lo\u1ea1i b\u1ecf g\u1ec9, c\u1eb7n v\u00e0 l\u1edbp b\u1ecb \u0103n m\u00f2n c\u1ee7a c\u00e1c kim lo\u1ea1i m\u00e0u. A-187 c\u00f3 ch\u1ee9a c\u00e1c acid, ch\u1ea5t \u1ee9c ch\u1ebf v\u00e0 c\u00e1c t\u00e1c ch\u1ea5t th\u00e2m nh\u1eadp d\u00f9ng \u0111\u1ec3 v\u1ec7 sinh h\u1ec7 th\u1ed1ng l\u00e0m l\u1ea1nh, n\u1ed3i h\u01a1i, thi\u1ebft b\u1ecb trao \u0111\u1ed5i nhi\u1ec7t, n\u1ed3i ng\u01b0ng h\u01a1i, \u1ed1ng n\u01b0\u1edbc, \u0111\u1ed9ng c\u01a1 nhi\u1ec7t v\u00e0 \u0111\u1ed9ng c\u01a1 Diesel.\",\"breadcrumb\":{\"@id\":\"https:\/\/bulktradeviet.com\/en\/product\/hoa-chat-tay-cau-can-gi-set\/#breadcrumb\"},\"inLanguage\":\"en-US\",\"potentialAction\":[{\"@type\":\"ReadAction\",\"target\":[\"https:\/\/bulktradeviet.com\/en\/product\/hoa-chat-tay-cau-can-gi-set\/\"]}]},{\"@type\":\"ImageObject\",\"inLanguage\":\"en-US\",\"@id\":\"https:\/\/bulktradeviet.com\/en\/product\/hoa-chat-tay-cau-can-gi-set\/#primaryimage\",\"url\":\"https:\/\/bulktradeviet.com\/wp-content\/uploads\/2019\/12\/A-187.jpg\",\"contentUrl\":\"https:\/\/bulktradeviet.com\/wp-content\/uploads\/2019\/12\/A-187.jpg\",\"width\":2000,\"height\":2000},{\"@type\":\"BreadcrumbList\",\"@id\":\"https:\/\/bulktradeviet.com\/en\/product\/hoa-chat-tay-cau-can-gi-set\/#breadcrumb\",\"itemListElement\":[{\"@type\":\"ListItem\",\"position\":1,\"name\":\"Trang ch\u1ee7\",\"item\":\"https:\/\/bulktradeviet.com\/en\/\"},{\"@type\":\"ListItem\",\"position\":2,\"name\":\"Products\",\"item\":\"https:\/\/bulktradeviet.com\/en\/shop\/\"},{\"@type\":\"ListItem\",\"position\":3,\"name\":\"Ho\u00e1 ch\u1ea5t t\u1ea9y c\u00e1u c\u1eb7n, g\u1ec9 s\u00e9t A-187 DESCALER HD\"}]},{\"@type\":\"WebSite\",\"@id\":\"https:\/\/bulktradeviet.com\/en\/#website\",\"url\":\"https:\/\/bulktradeviet.com\/en\/\",\"name\":\"C\u00d4NG TY TNHH BULK TRADE (VIET)\",\"description\":\"Nh\u1eadp Kh\u1ea9u Ph\u00e2n Ph\u1ed1i H\u00f3a Ch\u1ea5t C\u00f4ng Nghi\u1ec7p\",\"potentialAction\":[{\"@type\":\"SearchAction\",\"target\":{\"@type\":\"EntryPoint\",\"urlTemplate\":\"https:\/\/bulktradeviet.com\/en\/?s={search_term_string}\"},\"query-input\":{\"@type\":\"PropertyValueSpecification\",\"valueRequired\":true,\"valueName\":\"search_term_string\"}}],\"inLanguage\":\"en-US\"}]}<\/script>\n<!-- \/ Yoast SEO plugin. -->","yoast_head_json":{"title":"Ho\u00e1 ch\u1ea5t t\u1ea9y c\u00e1u c\u1eb7n, g\u1ec9 s\u00e9t A-187 DESCALER HD | C\u00d4NG TY TNHH BULK TRADE (VIET)","description":"A-187 l\u00e0 ch\u1ea5t t\u1ea9y r\u1eeda m\u1ea1nh m\u1ebd, \u1edf d\u1ea1ng l\u1ecfng, chuy\u00ean d\u1ee5ng \u0111\u1ec3 lo\u1ea1i b\u1ecf g\u1ec9, c\u1eb7n v\u00e0 l\u1edbp b\u1ecb \u0103n m\u00f2n c\u1ee7a c\u00e1c kim lo\u1ea1i m\u00e0u. A-187 c\u00f3 ch\u1ee9a c\u00e1c acid, ch\u1ea5t \u1ee9c ch\u1ebf v\u00e0 c\u00e1c t\u00e1c ch\u1ea5t th\u00e2m nh\u1eadp d\u00f9ng \u0111\u1ec3 v\u1ec7 sinh h\u1ec7 th\u1ed1ng l\u00e0m l\u1ea1nh, n\u1ed3i h\u01a1i, thi\u1ebft b\u1ecb trao \u0111\u1ed5i nhi\u1ec7t, n\u1ed3i ng\u01b0ng h\u01a1i, \u1ed1ng n\u01b0\u1edbc, \u0111\u1ed9ng c\u01a1 nhi\u1ec7t v\u00e0 \u0111\u1ed9ng c\u01a1 Diesel.","robots":{"index":"index","follow":"follow","max-snippet":"max-snippet:-1","max-image-preview":"max-image-preview:large","max-video-preview":"max-video-preview:-1"},"canonical":"https:\/\/bulktradeviet.com\/en\/product\/hoa-chat-tay-cau-can-gi-set\/","og_locale":"en_US","og_type":"article","og_title":"Ho\u00e1 ch\u1ea5t t\u1ea9y c\u00e1u c\u1eb7n, g\u1ec9 s\u00e9t A-187 DESCALER HD | C\u00d4NG TY TNHH BULK TRADE (VIET)","og_description":"A-187 l\u00e0 ch\u1ea5t t\u1ea9y r\u1eeda m\u1ea1nh m\u1ebd, \u1edf d\u1ea1ng l\u1ecfng, chuy\u00ean d\u1ee5ng \u0111\u1ec3 lo\u1ea1i b\u1ecf g\u1ec9, c\u1eb7n v\u00e0 l\u1edbp b\u1ecb \u0103n m\u00f2n c\u1ee7a c\u00e1c kim lo\u1ea1i m\u00e0u. A-187 c\u00f3 ch\u1ee9a c\u00e1c acid, ch\u1ea5t \u1ee9c ch\u1ebf v\u00e0 c\u00e1c t\u00e1c ch\u1ea5t th\u00e2m nh\u1eadp d\u00f9ng \u0111\u1ec3 v\u1ec7 sinh h\u1ec7 th\u1ed1ng l\u00e0m l\u1ea1nh, n\u1ed3i h\u01a1i, thi\u1ebft b\u1ecb trao \u0111\u1ed5i nhi\u1ec7t, n\u1ed3i ng\u01b0ng h\u01a1i, \u1ed1ng n\u01b0\u1edbc, \u0111\u1ed9ng c\u01a1 nhi\u1ec7t v\u00e0 \u0111\u1ed9ng c\u01a1 Diesel.","og_url":"https:\/\/bulktradeviet.com\/en\/product\/hoa-chat-tay-cau-can-gi-set\/","og_site_name":"C\u00d4NG TY TNHH BULK TRADE (VIET)","article_modified_time":"2025-10-11T06:11:56+00:00","og_image":[{"width":2000,"height":2000,"url":"https:\/\/bulktradeviet.com\/wp-content\/uploads\/2019\/12\/A-187.jpg","type":"image\/jpeg"}],"twitter_card":"summary_large_image","twitter_misc":{"Est. reading time":"4 minutes"},"schema":{"@context":"https:\/\/schema.org","@graph":[{"@type":"WebPage","@id":"https:\/\/bulktradeviet.com\/en\/product\/hoa-chat-tay-cau-can-gi-set\/","url":"https:\/\/bulktradeviet.com\/en\/product\/hoa-chat-tay-cau-can-gi-set\/","name":"Ho\u00e1 ch\u1ea5t t\u1ea9y c\u00e1u c\u1eb7n, g\u1ec9 s\u00e9t A-187 DESCALER HD | C\u00d4NG TY TNHH BULK TRADE (VIET)","isPartOf":{"@id":"https:\/\/bulktradeviet.com\/en\/#website"},"primaryImageOfPage":{"@id":"https:\/\/bulktradeviet.com\/en\/product\/hoa-chat-tay-cau-can-gi-set\/#primaryimage"},"image":{"@id":"https:\/\/bulktradeviet.com\/en\/product\/hoa-chat-tay-cau-can-gi-set\/#primaryimage"},"thumbnailUrl":"https:\/\/bulktradeviet.com\/wp-content\/uploads\/2019\/12\/A-187.jpg","datePublished":"2019-12-11T08:12:50+00:00","dateModified":"2025-10-11T06:11:56+00:00","description":"A-187 l\u00e0 ch\u1ea5t t\u1ea9y r\u1eeda m\u1ea1nh m\u1ebd, \u1edf d\u1ea1ng l\u1ecfng, chuy\u00ean d\u1ee5ng \u0111\u1ec3 lo\u1ea1i b\u1ecf g\u1ec9, c\u1eb7n v\u00e0 l\u1edbp b\u1ecb \u0103n m\u00f2n c\u1ee7a c\u00e1c kim lo\u1ea1i m\u00e0u. A-187 c\u00f3 ch\u1ee9a c\u00e1c acid, ch\u1ea5t \u1ee9c ch\u1ebf v\u00e0 c\u00e1c t\u00e1c ch\u1ea5t th\u00e2m nh\u1eadp d\u00f9ng \u0111\u1ec3 v\u1ec7 sinh h\u1ec7 th\u1ed1ng l\u00e0m l\u1ea1nh, n\u1ed3i h\u01a1i, thi\u1ebft b\u1ecb trao \u0111\u1ed5i nhi\u1ec7t, n\u1ed3i ng\u01b0ng h\u01a1i, \u1ed1ng n\u01b0\u1edbc, \u0111\u1ed9ng c\u01a1 nhi\u1ec7t v\u00e0 \u0111\u1ed9ng c\u01a1 Diesel.","breadcrumb":{"@id":"https:\/\/bulktradeviet.com\/en\/product\/hoa-chat-tay-cau-can-gi-set\/#breadcrumb"},"inLanguage":"en-US","potentialAction":[{"@type":"ReadAction","target":["https:\/\/bulktradeviet.com\/en\/product\/hoa-chat-tay-cau-can-gi-set\/"]}]},{"@type":"ImageObject","inLanguage":"en-US","@id":"https:\/\/bulktradeviet.com\/en\/product\/hoa-chat-tay-cau-can-gi-set\/#primaryimage","url":"https:\/\/bulktradeviet.com\/wp-content\/uploads\/2019\/12\/A-187.jpg","contentUrl":"https:\/\/bulktradeviet.com\/wp-content\/uploads\/2019\/12\/A-187.jpg","width":2000,"height":2000},{"@type":"BreadcrumbList","@id":"https:\/\/bulktradeviet.com\/en\/product\/hoa-chat-tay-cau-can-gi-set\/#breadcrumb","itemListElement":[{"@type":"ListItem","position":1,"name":"Trang ch\u1ee7","item":"https:\/\/bulktradeviet.com\/en\/"},{"@type":"ListItem","position":2,"name":"Products","item":"https:\/\/bulktradeviet.com\/en\/shop\/"},{"@type":"ListItem","position":3,"name":"Ho\u00e1 ch\u1ea5t t\u1ea9y c\u00e1u c\u1eb7n, g\u1ec9 s\u00e9t A-187 DESCALER HD"}]},{"@type":"WebSite","@id":"https:\/\/bulktradeviet.com\/en\/#website","url":"https:\/\/bulktradeviet.com\/en\/","name":"C\u00d4NG TY TNHH BULK TRADE (VIET)","description":"Nh\u1eadp Kh\u1ea9u Ph\u00e2n Ph\u1ed1i H\u00f3a Ch\u1ea5t C\u00f4ng Nghi\u1ec7p","potentialAction":[{"@type":"SearchAction","target":{"@type":"EntryPoint","urlTemplate":"https:\/\/bulktradeviet.com\/en\/?s={search_term_string}"},"query-input":{"@type":"PropertyValueSpecification","valueRequired":true,"valueName":"search_term_string"}}],"inLanguage":"en-US"}]}},"_links":{"self":[{"href":"https:\/\/bulktradeviet.com\/en\/wp-json\/wp\/v2\/product\/472","targetHints":{"allow":["GET"]}}],"collection":[{"href":"https:\/\/bulktradeviet.com\/en\/wp-json\/wp\/v2\/product"}],"about":[{"href":"https:\/\/bulktradeviet.com\/en\/wp-json\/wp\/v2\/types\/product"}],"replies":[{"embeddable":true,"href":"https:\/\/bulktradeviet.com\/en\/wp-json\/wp\/v2\/comments?post=472"}],"wp:featuredmedia":[{"embeddable":true,"href":"https:\/\/bulktradeviet.com\/en\/wp-json\/wp\/v2\/media\/613"}],"wp:attachment":[{"href":"https:\/\/bulktradeviet.com\/en\/wp-json\/wp\/v2\/media?parent=472"}],"wp:term":[{"taxonomy":"product_cat","embeddable":true,"href":"https:\/\/bulktradeviet.com\/en\/wp-json\/wp\/v2\/product_cat?post=472"},{"taxonomy":"product_tag","embeddable":true,"href":"https:\/\/bulktradeviet.com\/en\/wp-json\/wp\/v2\/product_tag?post=472"}],"curies":[{"name":"wp","href":"https:\/\/api.w.org\/{rel}","templated":true}]}}