{"id":367,"date":"2019-10-24T07:24:08","date_gmt":"2019-10-24T07:24:08","guid":{"rendered":"https:\/\/bulktradeviet.com\/?post_type=product&#038;p=367"},"modified":"2026-03-30T16:52:55","modified_gmt":"2026-03-30T16:52:55","slug":"awt-11-alkalinity-compound-hoa-chat-xu-ly-nuoc-noi-hoi","status":"publish","type":"product","link":"https:\/\/bulktradeviet.com\/en\/product\/awt-11-alkalinity-compound-hoa-chat-xu-ly-nuoc-noi-hoi\/","title":{"rendered":"Ho\u00e1 ch\u1ea5t \u0111i\u1ec1u ch\u1ec9nh \u0111\u1ed9 ki\u1ec1m n\u01b0\u1edbc n\u1ed3i h\u01a1i AWT-11 Alkalinity Compound"},"content":{"rendered":"<p><strong>M\u00d4 T\u1ea2:<\/strong><\/p>\n<ul class=\"font_8\">\n<li>\n<p class=\"font_8\">AWT-11 l\u00e0 m\u1ed9t ch\u1ea5t ki\u1ec1m v\u00f4 c\u01a1 v\u00e0 kh\u00f4ng bay h\u01a1i \u0111\u1ec3 s\u1eed d\u1ee5ng trong c\u00f3 th\u1ec3 s\u1eed d\u1ee5ng cho n\u1ed3i h\u01a1i \u00e1p su\u1ea5t cao v\u00e0 \u00e1p su\u1ea5t th\u1ea5p.<\/p>\n<\/li>\n<li>\n<p class=\"font_8\">AWT \u2013 11 h\u1ea1n ch\u1ebf s\u1ef1 \u0103n m\u00f2n v\u00e0 h\u1ed7 tr\u1ee3 trong vi\u1ec7c chuy\u1ec3n \u0111\u1ed5i c\u00e1c k\u1ebft t\u1ee7a c\u1ee9ng th\u00e0nh b\u00f9n m\u1ec1m v\u00e0 kh\u00f4ng k\u1ebft d\u00ednh. Ngo\u00e0i ra c\u00f3 th\u1ec3 \u0111\u01b0\u1ee3c s\u1eed d\u1ee5ng nh\u01b0 m\u1ed9t ch\u1ea5t trung h\u00f2a sau khi kh\u1eed c\u1eb7n b\u1eb1ng h\u00f3a ch\u1ea5t axit.<\/p>\n<\/li>\n<li>\n<p class=\"font_8\">S\u1eed d\u1ee5ng AWT \u2013 11 theo thang \u0111o P-Alkalinity. Th\u00f4ng th\u01b0\u1eddng v\u1edbi vi\u1ec7c b\u1ed5 sung 100 ml ho\u00e1 ch\u1ea5t cho m\u1ed7i 1000 l\u00edt n\u01b0\u1edbc n\u1ed3i h\u01a1i s\u1ebd l\u00e0m t\u0103ng n\u1ed3ng \u0111\u1ed9 P-Alkalinity t\u1eeb 50 \u2013 60 ppm CaCO3.\u00a0C\u1ea7n ph\u1ea3i xem x\u00e9t \u0111\u1ed9 l\u1ec7ch l\u01b0\u1edbn gi\u1eefa c\u00e1c gi\u00e1 tr\u1ecb n\u00e0y. Do \u0111\u00f3 li\u1ec1u l\u01b0\u1ee3ng cho vi\u1ec7c b\u1ed5 sung ho\u00e1 ch\u1ea5t n\u00e0y \u0111\u01b0\u1ee3c khuy\u1ebfn ngh\u1ecb d\u1ef1a tr\u00ean nh\u1eadt k\u00fd ghi ch\u00e9p h\u1eb1ng ng\u00e0y.<\/p>\n<\/li>\n<li>\n<p class=\"font_8\">L\u01b0\u1ee3ng AWT-11 th\u00edch h\u1ee3p \u0111\u01b0\u1ee3c h\u00f2a tan trong kho\u1ea3ng 5 l\u00edt n\u01b0\u1edbc c\u1ea5p v\u00e0 \u0111\u01b0\u1ee3c \u0111\u01b0a v\u00e0o \u1ed1ng h\u1ed3i l\u01b0u ho\u1eb7c \u1ed1ng n\u01b0\u1edbc c\u1ea5p. \u0110\u1ed1i v\u1edbi n\u1ed3i h\u01a1i \u00e1p su\u1ea5t cao, dung d\u1ecbch \u0111\u01b0\u1ee3c \u0111\u01b0a v\u00e0o tr\u1ed1ng h\u01a1i, tr\u1ed1ng n\u01b0\u1edbc ho\u1eb7c \u0111\u1ea7u v\u00e0o ti\u1ebft ki\u1ec7m b\u1eb1ng b\u01a1m h\u00f3a ch\u1ea5t. \u0110\u1ed1i v\u1edbi n\u1ed3i h\u01a1i \u00e1p su\u1ea5t th\u1ea5p, n\u00f3 c\u00f3 th\u1ec3 \u0111\u01b0\u1ee3c \u0111\u1ecbnh l\u01b0\u1ee3ng v\u00e0o b\u1ec3 h\u1ed3i nhi\u1ec7t ho\u1eb7c b\u1ec3 ng\u01b0ng t\u1ee5.<\/p>\n<\/li>\n<li>\n<p class=\"font_8\">K\u1ebft qu\u1ea3 s\u1ebd \u0111\u01b0\u1ee3c \u0111\u01b0a ra sau kho\u1ea3ng 3 -6 gi\u1edd.<\/p>\n<\/li>\n<\/ul>\n<p class=\"font_8\"><strong>PH\u00c2N T\u00cdCH<\/strong><\/p>\n<ul class=\"font_8\">\n<li>\n<p class=\"font_8\">Th\u1ef1c hi\u1ec7n b\u1eb1ng ph\u01b0\u01a1ng ph\u00e1p \u0111o pH ho\u1eb7c chu\u1ea9n \u0111\u1ed9 b\u1eb1ng axit s\u1eed d\u1ee5ng phemophthalein l\u00e0m ch\u1ec9 th\u1ecb. \u0110\u1ed9 ki\u1ec1m \u0111\u01b0\u1ee3c bi\u1ec3u th\u1ecb b\u1eb1ng ppm c\u1ee7a CaCO3. Khuy\u1ebfn ngh\u1ecb chung l\u00e0 100 &#8211; 200 ppm CaCO3 cho n\u1ed3i h\u01a1i ho\u1ea1t \u0111\u1ed9ng l\u00ean \u0111\u1ebfn 28 bar v\u00e0 100 &#8211; 150 ppm CaCO3 cho n\u1ed3i h\u01a1i trong ph\u1ea1m vi 28 &#8211; 60 bar.<\/p>\n<\/li>\n<\/ul>\n<p class=\"font_8\"><strong>T\u00cdNH CH\u1ea4T HO\u00c1 H\u1eccC<\/strong><\/p>\n<ul class=\"font_8\">\n<li>\n<p class=\"font_8\">AWT -11 l\u00e0 dung d\u1ecbch n\u01b0\u1edbc natri hydroxit NaOH, v\u00e0 c\u00f3 t\u00ednh ki\u1ec1m m\u1ea1nh. N\u00f3 c\u00f3 th\u1ec3 \u0103n m\u00f2n nh\u00f4m, k\u1ebdm v\u00e0 thi\u1ebfc. C\u00f3 th\u1ec3 tr\u1ed9n v\u1edbi n\u01b0\u1edbc \u1edf t\u1ea5t c\u1ea3 c\u00e1c t\u1ef7 l\u1ec7 nh\u01b0ng c\u00f3 th\u1ec3 ph\u00e1t tri\u1ec3n nhi\u1ec7t \u0111\u00e1ng k\u1ec3 khi pha lo\u00e3ng v\u1edbi n\u01b0\u1edbc. \u00a0S\u1ea3n ph\u1ea9m c\u00f3 c\u00f3 hi\u1ec7n t\u01b0\u1ee3ng g\u00e2y h\u1ea1i \u0111\u1ed1i v\u1edbi d\u1ea7u v\u00e0 ch\u1ea5t b\u00e9o t\u1ef1 nhi\u00ean v\u1edbi \u0111\u1ed9 pH 14 trong dung d\u1ecbch 4%.<\/p>\n<\/li>\n<\/ul>\n<p class=\"font_8\"><strong>T\u00cdNH CH\u1ea4T V\u1eacT L\u00dd<\/strong><\/p>\n<ul class=\"font_8\">\n<li>\n<p class=\"font_8\">Ngo\u1ea1i quan: Ch\u1ea5t l\u1ecfng nh\u1edbt<\/p>\n<\/li>\n<li>\n<p class=\"font_8\">\u0110i\u1ec3m s\u00f4i: 140oC (284oF)<\/p>\n<\/li>\n<li>\n<p class=\"font_8\">Tr\u1ecdng l\u01b0\u1ee3ng ri\u00eang: 1,3 gm \/ cm<\/p>\n<\/li>\n<li>\n<p class=\"font_8\">\u0110i\u1ec3m \u0111\u00f3ng b\u0103ng: 12oC (54oF)<\/p>\n<\/li>\n<\/ul>\n<p><!--more--><\/p>","protected":false},"excerpt":{"rendered":"<p>&nbsp;<\/p>\n<p>AWT-11 l\u00e0 ch\u1ea5t ki\u1ec1m v\u00f4 c\u01a1\u00a0kh\u00f4ng bay h\u01a1i \u0111\u01b0\u1ee3c\u00a0s\u1eed d\u1ee5ng trong c\u1ea3 n\u1ed3i h\u01a1i \u00e1p su\u1ea5t cao v\u00e0 \u00e1p su\u1ea5t th\u1ea5p. N\u00f3 \u1ee9c ch\u1ebf s\u1ef1 \u0103n m\u00f2n v\u00e0 h\u1ed7 tr\u1ee3 chuy\u1ec3n \u0111\u1ed5i c\u00e1c k\u1ebft t\u1ee7a c\u1ee9ng th\u00e0nh b\u00f9n m\u1ec1m v\u00e0 kh\u00f4ng d\u00ednh. N\u00f3 c\u0169ng c\u00f3 th\u1ec3 \u0111\u01b0\u1ee3c s\u1eed d\u1ee5ng l\u00e0m ch\u1ea5t trung h\u00f2a sau khi kh\u1eed c\u1eb7n b\u1eb1ng h\u00f3a ch\u1ea5t axit.<\/p>","protected":false},"featured_media":622,"comment_status":"open","ping_status":"closed","template":"","meta":[],"product_cat":[18,34],"product_tag":[60,59,58],"class_list":{"0":"post-367","1":"product","2":"type-product","3":"status-publish","4":"has-post-thumbnail","6":"product_cat-hoa-chat-hang-hai","7":"product_cat-hoa-chat-xu-ly-nuoc","8":"product_tag-alkalinity","9":"product_tag-hoa-chat-dieu-chinh-do-kiem","10":"product_tag-hoa-chat-xu-ly-nuoc-noi-hoi","12":"first","13":"instock","14":"shipping-taxable","15":"product-type-simple"},"yoast_head":"<!-- This site is optimized with the Yoast SEO plugin v24.1 - https:\/\/yoast.com\/wordpress\/plugins\/seo\/ -->\n<title>Ho\u00e1 ch\u1ea5t \u0111i\u1ec1u ch\u1ec9nh \u0111\u1ed9 ki\u1ec1m n\u01b0\u1edbc n\u1ed3i h\u01a1i AWT-11 Alkalinity Compound | C\u00d4NG TY TNHH BULK TRADE (VIET)<\/title>\n<meta name=\"description\" content=\"Ho\u00e1 ch\u1ea5t \u0111i\u1ec1u ch\u1ec9nh \u0111\u1ed9 ki\u1ec1m n\u01b0\u1edbc n\u1ed3i h\u01a1i | ho\u00e1 ch\u1ea5t x\u1eed l\u00fd n\u01b0\u1edbc n\u1ed3i h\u01a1i Ho\u00e1 ch\u1ea5t \u0111i\u1ec1u ch\u1ec9nh \u0111\u1ed9 ki\u1ec1m n\u01b0\u1edbc n\u1ed3i h\u01a1i AWT-11 Alkalinity Compound\" \/>\n<meta name=\"robots\" content=\"index, follow, max-snippet:-1, max-image-preview:large, max-video-preview:-1\" \/>\n<link rel=\"canonical\" href=\"https:\/\/bulktradeviet.com\/en\/product\/awt-11-alkalinity-compound-hoa-chat-xu-ly-nuoc-noi-hoi\/\" \/>\n<meta property=\"og:locale\" content=\"en_US\" \/>\n<meta property=\"og:type\" content=\"article\" \/>\n<meta property=\"og:title\" content=\"Ho\u00e1 ch\u1ea5t \u0111i\u1ec1u ch\u1ec9nh \u0111\u1ed9 ki\u1ec1m n\u01b0\u1edbc n\u1ed3i h\u01a1i AWT-11 Alkalinity Compound | C\u00d4NG TY TNHH BULK TRADE (VIET)\" \/>\n<meta property=\"og:description\" content=\"Ho\u00e1 ch\u1ea5t \u0111i\u1ec1u ch\u1ec9nh \u0111\u1ed9 ki\u1ec1m n\u01b0\u1edbc n\u1ed3i h\u01a1i | ho\u00e1 ch\u1ea5t x\u1eed l\u00fd n\u01b0\u1edbc n\u1ed3i h\u01a1i Ho\u00e1 ch\u1ea5t \u0111i\u1ec1u ch\u1ec9nh \u0111\u1ed9 ki\u1ec1m n\u01b0\u1edbc n\u1ed3i h\u01a1i AWT-11 Alkalinity Compound\" \/>\n<meta property=\"og:url\" content=\"https:\/\/bulktradeviet.com\/en\/product\/awt-11-alkalinity-compound-hoa-chat-xu-ly-nuoc-noi-hoi\/\" \/>\n<meta property=\"og:site_name\" content=\"C\u00d4NG TY TNHH BULK TRADE (VIET)\" \/>\n<meta property=\"article:modified_time\" content=\"2026-03-30T16:52:55+00:00\" \/>\n<meta property=\"og:image\" content=\"https:\/\/bulktradeviet.com\/wp-content\/uploads\/2019\/10\/AWT-11.jpg\" \/>\n\t<meta property=\"og:image:width\" content=\"2000\" \/>\n\t<meta property=\"og:image:height\" content=\"2000\" \/>\n\t<meta property=\"og:image:type\" content=\"image\/jpeg\" \/>\n<meta name=\"twitter:card\" content=\"summary_large_image\" \/>\n<meta name=\"twitter:label1\" content=\"Est. reading time\" \/>\n\t<meta name=\"twitter:data1\" content=\"3 minutes\" \/>\n<script type=\"application\/ld+json\" class=\"yoast-schema-graph\">{\"@context\":\"https:\/\/schema.org\",\"@graph\":[{\"@type\":\"WebPage\",\"@id\":\"https:\/\/bulktradeviet.com\/san-pham\/awt-11-alkalinity-compound-hoa-chat-xu-ly-nuoc-noi-hoi\/\",\"url\":\"https:\/\/bulktradeviet.com\/san-pham\/awt-11-alkalinity-compound-hoa-chat-xu-ly-nuoc-noi-hoi\/\",\"name\":\"Ho\u00e1 ch\u1ea5t \u0111i\u1ec1u ch\u1ec9nh \u0111\u1ed9 ki\u1ec1m n\u01b0\u1edbc n\u1ed3i h\u01a1i AWT-11 Alkalinity Compound | C\u00d4NG TY TNHH BULK TRADE (VIET)\",\"isPartOf\":{\"@id\":\"https:\/\/bulktradeviet.com\/en\/#website\"},\"primaryImageOfPage\":{\"@id\":\"https:\/\/bulktradeviet.com\/san-pham\/awt-11-alkalinity-compound-hoa-chat-xu-ly-nuoc-noi-hoi\/#primaryimage\"},\"image\":{\"@id\":\"https:\/\/bulktradeviet.com\/san-pham\/awt-11-alkalinity-compound-hoa-chat-xu-ly-nuoc-noi-hoi\/#primaryimage\"},\"thumbnailUrl\":\"https:\/\/bulktradeviet.com\/wp-content\/uploads\/2019\/10\/AWT-11.jpg\",\"datePublished\":\"2019-10-24T07:24:08+00:00\",\"dateModified\":\"2026-03-30T16:52:55+00:00\",\"description\":\"Ho\u00e1 ch\u1ea5t \u0111i\u1ec1u ch\u1ec9nh \u0111\u1ed9 ki\u1ec1m n\u01b0\u1edbc n\u1ed3i h\u01a1i | ho\u00e1 ch\u1ea5t x\u1eed l\u00fd n\u01b0\u1edbc n\u1ed3i h\u01a1i Ho\u00e1 ch\u1ea5t \u0111i\u1ec1u ch\u1ec9nh \u0111\u1ed9 ki\u1ec1m n\u01b0\u1edbc n\u1ed3i h\u01a1i AWT-11 Alkalinity Compound\",\"breadcrumb\":{\"@id\":\"https:\/\/bulktradeviet.com\/san-pham\/awt-11-alkalinity-compound-hoa-chat-xu-ly-nuoc-noi-hoi\/#breadcrumb\"},\"inLanguage\":\"en-US\",\"potentialAction\":[{\"@type\":\"ReadAction\",\"target\":[\"https:\/\/bulktradeviet.com\/san-pham\/awt-11-alkalinity-compound-hoa-chat-xu-ly-nuoc-noi-hoi\/\"]}]},{\"@type\":\"ImageObject\",\"inLanguage\":\"en-US\",\"@id\":\"https:\/\/bulktradeviet.com\/san-pham\/awt-11-alkalinity-compound-hoa-chat-xu-ly-nuoc-noi-hoi\/#primaryimage\",\"url\":\"https:\/\/bulktradeviet.com\/wp-content\/uploads\/2019\/10\/AWT-11.jpg\",\"contentUrl\":\"https:\/\/bulktradeviet.com\/wp-content\/uploads\/2019\/10\/AWT-11.jpg\",\"width\":2000,\"height\":2000},{\"@type\":\"BreadcrumbList\",\"@id\":\"https:\/\/bulktradeviet.com\/san-pham\/awt-11-alkalinity-compound-hoa-chat-xu-ly-nuoc-noi-hoi\/#breadcrumb\",\"itemListElement\":[{\"@type\":\"ListItem\",\"position\":1,\"name\":\"Trang ch\u1ee7\",\"item\":\"https:\/\/bulktradeviet.com\/en\/\"},{\"@type\":\"ListItem\",\"position\":2,\"name\":\"Products\",\"item\":\"https:\/\/bulktradeviet.com\/en\/shop\/\"},{\"@type\":\"ListItem\",\"position\":3,\"name\":\"Ho\u00e1 ch\u1ea5t \u0111i\u1ec1u ch\u1ec9nh \u0111\u1ed9 ki\u1ec1m n\u01b0\u1edbc n\u1ed3i h\u01a1i AWT-11 Alkalinity Compound\"}]},{\"@type\":\"WebSite\",\"@id\":\"https:\/\/bulktradeviet.com\/en\/#website\",\"url\":\"https:\/\/bulktradeviet.com\/en\/\",\"name\":\"C\u00d4NG TY TNHH BULK TRADE (VIET)\",\"description\":\"Nh\u1eadp Kh\u1ea9u Ph\u00e2n Ph\u1ed1i H\u00f3a Ch\u1ea5t C\u00f4ng Nghi\u1ec7p\",\"potentialAction\":[{\"@type\":\"SearchAction\",\"target\":{\"@type\":\"EntryPoint\",\"urlTemplate\":\"https:\/\/bulktradeviet.com\/en\/?s={search_term_string}\"},\"query-input\":{\"@type\":\"PropertyValueSpecification\",\"valueRequired\":true,\"valueName\":\"search_term_string\"}}],\"inLanguage\":\"en-US\"}]}<\/script>\n<!-- \/ Yoast SEO plugin. -->","yoast_head_json":{"title":"Ho\u00e1 ch\u1ea5t \u0111i\u1ec1u ch\u1ec9nh \u0111\u1ed9 ki\u1ec1m n\u01b0\u1edbc n\u1ed3i h\u01a1i AWT-11 Alkalinity Compound | C\u00d4NG TY TNHH BULK TRADE (VIET)","description":"Ho\u00e1 ch\u1ea5t \u0111i\u1ec1u ch\u1ec9nh \u0111\u1ed9 ki\u1ec1m n\u01b0\u1edbc n\u1ed3i h\u01a1i | ho\u00e1 ch\u1ea5t x\u1eed l\u00fd n\u01b0\u1edbc n\u1ed3i h\u01a1i Ho\u00e1 ch\u1ea5t \u0111i\u1ec1u ch\u1ec9nh \u0111\u1ed9 ki\u1ec1m n\u01b0\u1edbc n\u1ed3i h\u01a1i AWT-11 Alkalinity Compound","robots":{"index":"index","follow":"follow","max-snippet":"max-snippet:-1","max-image-preview":"max-image-preview:large","max-video-preview":"max-video-preview:-1"},"canonical":"https:\/\/bulktradeviet.com\/en\/product\/awt-11-alkalinity-compound-hoa-chat-xu-ly-nuoc-noi-hoi\/","og_locale":"en_US","og_type":"article","og_title":"Ho\u00e1 ch\u1ea5t \u0111i\u1ec1u ch\u1ec9nh \u0111\u1ed9 ki\u1ec1m n\u01b0\u1edbc n\u1ed3i h\u01a1i AWT-11 Alkalinity Compound | C\u00d4NG TY TNHH BULK TRADE (VIET)","og_description":"Ho\u00e1 ch\u1ea5t \u0111i\u1ec1u ch\u1ec9nh \u0111\u1ed9 ki\u1ec1m n\u01b0\u1edbc n\u1ed3i h\u01a1i | ho\u00e1 ch\u1ea5t x\u1eed l\u00fd n\u01b0\u1edbc n\u1ed3i h\u01a1i Ho\u00e1 ch\u1ea5t \u0111i\u1ec1u ch\u1ec9nh \u0111\u1ed9 ki\u1ec1m n\u01b0\u1edbc n\u1ed3i h\u01a1i AWT-11 Alkalinity Compound","og_url":"https:\/\/bulktradeviet.com\/en\/product\/awt-11-alkalinity-compound-hoa-chat-xu-ly-nuoc-noi-hoi\/","og_site_name":"C\u00d4NG TY TNHH BULK TRADE (VIET)","article_modified_time":"2026-03-30T16:52:55+00:00","og_image":[{"width":2000,"height":2000,"url":"https:\/\/bulktradeviet.com\/wp-content\/uploads\/2019\/10\/AWT-11.jpg","type":"image\/jpeg"}],"twitter_card":"summary_large_image","twitter_misc":{"Est. reading time":"3 minutes"},"schema":{"@context":"https:\/\/schema.org","@graph":[{"@type":"WebPage","@id":"https:\/\/bulktradeviet.com\/san-pham\/awt-11-alkalinity-compound-hoa-chat-xu-ly-nuoc-noi-hoi\/","url":"https:\/\/bulktradeviet.com\/san-pham\/awt-11-alkalinity-compound-hoa-chat-xu-ly-nuoc-noi-hoi\/","name":"Ho\u00e1 ch\u1ea5t \u0111i\u1ec1u ch\u1ec9nh \u0111\u1ed9 ki\u1ec1m n\u01b0\u1edbc n\u1ed3i h\u01a1i AWT-11 Alkalinity Compound | C\u00d4NG TY TNHH BULK TRADE (VIET)","isPartOf":{"@id":"https:\/\/bulktradeviet.com\/en\/#website"},"primaryImageOfPage":{"@id":"https:\/\/bulktradeviet.com\/san-pham\/awt-11-alkalinity-compound-hoa-chat-xu-ly-nuoc-noi-hoi\/#primaryimage"},"image":{"@id":"https:\/\/bulktradeviet.com\/san-pham\/awt-11-alkalinity-compound-hoa-chat-xu-ly-nuoc-noi-hoi\/#primaryimage"},"thumbnailUrl":"https:\/\/bulktradeviet.com\/wp-content\/uploads\/2019\/10\/AWT-11.jpg","datePublished":"2019-10-24T07:24:08+00:00","dateModified":"2026-03-30T16:52:55+00:00","description":"Ho\u00e1 ch\u1ea5t \u0111i\u1ec1u ch\u1ec9nh \u0111\u1ed9 ki\u1ec1m n\u01b0\u1edbc n\u1ed3i h\u01a1i | ho\u00e1 ch\u1ea5t x\u1eed l\u00fd n\u01b0\u1edbc n\u1ed3i h\u01a1i Ho\u00e1 ch\u1ea5t \u0111i\u1ec1u ch\u1ec9nh \u0111\u1ed9 ki\u1ec1m n\u01b0\u1edbc n\u1ed3i h\u01a1i AWT-11 Alkalinity Compound","breadcrumb":{"@id":"https:\/\/bulktradeviet.com\/san-pham\/awt-11-alkalinity-compound-hoa-chat-xu-ly-nuoc-noi-hoi\/#breadcrumb"},"inLanguage":"en-US","potentialAction":[{"@type":"ReadAction","target":["https:\/\/bulktradeviet.com\/san-pham\/awt-11-alkalinity-compound-hoa-chat-xu-ly-nuoc-noi-hoi\/"]}]},{"@type":"ImageObject","inLanguage":"en-US","@id":"https:\/\/bulktradeviet.com\/san-pham\/awt-11-alkalinity-compound-hoa-chat-xu-ly-nuoc-noi-hoi\/#primaryimage","url":"https:\/\/bulktradeviet.com\/wp-content\/uploads\/2019\/10\/AWT-11.jpg","contentUrl":"https:\/\/bulktradeviet.com\/wp-content\/uploads\/2019\/10\/AWT-11.jpg","width":2000,"height":2000},{"@type":"BreadcrumbList","@id":"https:\/\/bulktradeviet.com\/san-pham\/awt-11-alkalinity-compound-hoa-chat-xu-ly-nuoc-noi-hoi\/#breadcrumb","itemListElement":[{"@type":"ListItem","position":1,"name":"Trang ch\u1ee7","item":"https:\/\/bulktradeviet.com\/en\/"},{"@type":"ListItem","position":2,"name":"Products","item":"https:\/\/bulktradeviet.com\/en\/shop\/"},{"@type":"ListItem","position":3,"name":"Ho\u00e1 ch\u1ea5t \u0111i\u1ec1u ch\u1ec9nh \u0111\u1ed9 ki\u1ec1m n\u01b0\u1edbc n\u1ed3i h\u01a1i AWT-11 Alkalinity Compound"}]},{"@type":"WebSite","@id":"https:\/\/bulktradeviet.com\/en\/#website","url":"https:\/\/bulktradeviet.com\/en\/","name":"C\u00d4NG TY TNHH BULK TRADE (VIET)","description":"Nh\u1eadp Kh\u1ea9u Ph\u00e2n Ph\u1ed1i H\u00f3a Ch\u1ea5t C\u00f4ng Nghi\u1ec7p","potentialAction":[{"@type":"SearchAction","target":{"@type":"EntryPoint","urlTemplate":"https:\/\/bulktradeviet.com\/en\/?s={search_term_string}"},"query-input":{"@type":"PropertyValueSpecification","valueRequired":true,"valueName":"search_term_string"}}],"inLanguage":"en-US"}]}},"_links":{"self":[{"href":"https:\/\/bulktradeviet.com\/en\/wp-json\/wp\/v2\/product\/367","targetHints":{"allow":["GET"]}}],"collection":[{"href":"https:\/\/bulktradeviet.com\/en\/wp-json\/wp\/v2\/product"}],"about":[{"href":"https:\/\/bulktradeviet.com\/en\/wp-json\/wp\/v2\/types\/product"}],"replies":[{"embeddable":true,"href":"https:\/\/bulktradeviet.com\/en\/wp-json\/wp\/v2\/comments?post=367"}],"wp:featuredmedia":[{"embeddable":true,"href":"https:\/\/bulktradeviet.com\/en\/wp-json\/wp\/v2\/media\/622"}],"wp:attachment":[{"href":"https:\/\/bulktradeviet.com\/en\/wp-json\/wp\/v2\/media?parent=367"}],"wp:term":[{"taxonomy":"product_cat","embeddable":true,"href":"https:\/\/bulktradeviet.com\/en\/wp-json\/wp\/v2\/product_cat?post=367"},{"taxonomy":"product_tag","embeddable":true,"href":"https:\/\/bulktradeviet.com\/en\/wp-json\/wp\/v2\/product_tag?post=367"}],"curies":[{"name":"wp","href":"https:\/\/api.w.org\/{rel}","templated":true}]}}