{"id":260,"date":"2019-10-22T07:50:44","date_gmt":"2019-10-22T07:50:44","guid":{"rendered":"https:\/\/bulktradeviet.com\/?post_type=product&#038;p=260"},"modified":"2026-04-04T11:21:57","modified_gmt":"2026-04-04T11:21:57","slug":"a-808-slip-coat-lop-phu-bao-be-hang-hoa","status":"publish","type":"product","link":"https:\/\/bulktradeviet.com\/en\/product\/a-808-slip-coat-lop-phu-bao-be-hang-hoa\/","title":{"rendered":"A-808 Slip Coat"},"content":{"rendered":"<p><strong>PEX 808 SLIP COAT (L\u1edaP PH\u1ee6 B\u1ec0 M\u1eb6T)<\/strong><\/p>\n<p><strong>SLIP COAT<\/strong> l\u00e0 dung d\u1ecbch t\u1ea1o l\u1edbp m\u00e0ng ph\u1ee7 ch\u1ee7 y\u1ebfu \u0111\u1ec3 b\u1ea3o v\u1ec7 b\u1ec1 m\u1eb7t gi\u1eef h\u00e0ng ho\u00e1 tr\u01b0\u1edbc khi x\u1ebfp h\u00e0ng. N\u00f3 b\u1ea3o v\u1ec7 t\u1ea5t c\u1ea3 c\u00e1c b\u1ec1 m\u1eb7t ch\u1ee9a h\u00e0ng ho\u00e1 k\u1ec3 c\u1ea3 nh\u1eefng h\u00e0ng h\u00f3a kh\u00f3 l\u00e0m s\u1ea1ch<\/p>\n<p><strong>SLIP COAT<\/strong> l\u00e0 m\u1ed9t l\u1edbp ph\u1ee7 n\u1ec1n n\u01b0\u1edbc c\u1ea3i ti\u1ebfn, \u0111\u01b0\u1ee3c thi\u1ebft k\u1ebf \u0111\u1ec3 l\u1ea1i m\u1ed9t m\u00e0ng m\u1ecfng, t\u1ea1m th\u1eddi tr\u00ean b\u1ec1 m\u1eb7t ch\u1ee9a h\u00e0ng. N\u00f3 l\u00e0 m\u1ed9t s\u1ea3n ph\u1ea9m c\u00f3 hi\u1ec7u qu\u1ea3 cao, \u0111\u01b0\u1ee3c ch\u1ebf t\u1ea1o v\u1edbi c\u00e1c dung m\u00f4i \u0111\u1eb7c tr\u01b0ng n\u1ec1n n\u01b0\u1edbc v\u00e0 c\u00e1c h\u1ee3p ch\u1ea5t ph\u1ee5 gia tr\u01a1 \u0111\u1eb7c bi\u1ec7t \u0111\u01b0\u1ee3c tr\u1ed9n l\u1eabn v\u1edbi nhau \u0111\u1ec3 t\u1ea1o ra m\u1ed9t m\u00e0ng m\u1ecfng, \u0111\u1ed3ng nh\u1ea5t v\u00e0 t\u1ea1m th\u1eddi, gi\u00fap b\u1ea3o v\u1ec7 t\u1ea5t c\u1ea3 c\u00e1c b\u1ec1 m\u1eb7t ch\u1ee9a h\u00e0ng t\u1eeb c\u00e1c lo\u1ea1i h\u00e0ng ho\u00e1 kh\u00e1c nhau \u0111\u01b0\u1ee3c x\u1ebfp. \u01afu \u0111i\u1ec3m ch\u00ednh c\u1ee7a <em>SLIP COAT<\/em> l\u00e0 n\u00f3 t\u1ea1o th\u00e0nh r\u00e0o ch\u1eafn ch\u1ee9a h\u00e0ng h\u00f3a h\u00f2a tan trong n\u01b0\u1edbc c\u00f3 th\u1ec3 d\u1ec5 d\u00e0ng lo\u1ea1i b\u1ecf, ngay c\u1ea3 khi s\u1eed d\u1ee5ng n\u01b0\u1edbc bi\u1ec3n l\u1ea1nh. N\u00f3 c\u00f3 th\u1ec3 \u0111\u01b0\u1ee3c s\u1eed d\u1ee5ng cho c\u00e1c t\u00e0u ch\u1edf h\u00e0ng nh\u01b0 xi m\u0103ng, l\u01b0u hu\u1ef3nh, petcoke, than v\u00e0 c\u00e1c ch\u1ea5t c\u00f4 \u0111\u1eb7c.<\/p>\n<p><strong>Nh\u1eefng \u01b0u \u0111i\u1ec3m ch\u00ednh c\u1ee7a SLIP COAT nh\u01b0 sau:<\/strong><\/p>\n<ul>\n<li>N\u00f3 b\u1ea3o v\u1ec7 kim lo\u1ea1i ch\u1ed1ng l\u1ea1i h\u00e0ng h\u00f3a \u0103n m\u00f2n.<\/li>\n<li>Dung d\u1ecbch r\u00e0o ch\u1eafn n\u1ec1n n\u01b0\u1edbc d\u1ec5 d\u00e0ng lo\u1ea1i b\u1ecf v\u1edbi vi\u1ec7c s\u1eed d\u1ee5ng n\u01b0\u1edbc<\/li>\n<li>Kh\u00f4ng m\u00f9i, kh\u00f4ng \u0111\u1ed9c, kh\u00f4ng oxy h\u00f3a, kh\u00f4ng \u0103n m\u00f2n v\u00e0 kh\u00f4ng ch\u00e1y.<\/li>\n<li>H\u00ecnh th\u00e0nh m\u1ed9t m\u00e0ng m\u1ecfng, b\u1ea3o v\u1ec7 v\u00e0 t\u1ea1m th\u1eddi.<\/li>\n<li>C\u00f3 th\u1ec3 s\u1eed d\u1ee5ng an to\u00e0n tr\u00ean t\u1ea5t c\u1ea3 c\u00e1c b\u1ec1 m\u1eb7t kim lo\u1ea1i v\u00e0 h\u1ee3p kim.<\/li>\n<li>N\u00f3 kh\u00f4ng c\u00f3 t\u00e1c d\u1ee5ng l\u00ean cao su, h\u1ee3p ch\u1ea5t nh\u1ef1a v\u00e0 tr\u00ean t\u1ea5t c\u1ea3 c\u00e1c l\u1edbp ph\u1ee7.<\/li>\n<li>B\u1ea3o v\u1ec7 s\u01a1n ch\u1ed1ng l\u1ea1i s\u1ef1 x\u00e2m nh\u1eadp h\u00e0ng h\u00f3a.<\/li>\n<li>Ph\u00f9 h\u1ee3p v\u1edbi t\u1ea5t c\u1ea3 c\u00e1c quy \u0111\u1ecbnh v\u1ec1 m\u00f4i tr\u01b0\u1eddng.<\/li>\n<\/ul>\n<p><strong>H\u01af\u1edaNG D\u1eaaN S\u1eec D\u1ee4NG<\/strong><\/p>\n<ol>\n<li>Ph\u1ea3i d\u1ee1 b\u1ecf c\u00e1c ph\u1ea7n c\u00f2n l\u1ea1i c\u1ee7a h\u00e0ng ho\u00e1 tr\u01b0\u1edbc \u0111\u00f3 tr\u01b0\u1edbc khi s\u1eed d\u1ee5ng SLIP COAT.<\/li>\n<li>S\u01a1n tr\u00ean b\u1ec1 m\u1eb7t ph\u1ea3i \u0111\u01b0\u1ee3c x\u1eed l\u00fd \u0111\u00fang c\u00e1ch tr\u01b0\u1edbc khi s\u1eed d\u1ee5ng SLIP COAT.<\/li>\n<li>S\u1eed d\u1ee5ng thi\u1ebft b\u1ecb \u1ee9ng d\u1ee5ng \u00e1p su\u1ea5t th\u1ea5p th\u00edch h\u1ee3p \u0111\u1ec3 phun l\u00ean b\u1ec1 m\u1eb7t ch\u1ee9a h\u00e0ng.<\/li>\n<li>B\u1eaft \u0111\u1ea7u s\u1eed d\u1ee5ng s\u1ea3n ph\u1ea9m \u1edf \u0111\u00e1y v\u00e1ch ng\u0103n v\u00e0 sau \u0111\u00f3 l\u00ean tr\u00ean. \u0110\u1ea7u phun ph\u1ea3i \u0111\u01b0\u1ee3c gi\u1eef c\u00e1ch b\u1ec1 m\u1eb7t n\u1eeda m\u00e9t. B\u01b0\u1edbc b\u00ean d\u1ecdc theo v\u00e1ch ng\u0103n v\u00e0 di chuy\u1ec3n t\u1eeb t\u1eeb. Sau khi ho\u00e0n th\u00e0nh c\u00e1c b\u00ean b\u1ec3, c\u0169ng s\u1eed d\u1ee5ng c\u00e1c s\u1ea3n ph\u1ea9m \u1edf n\u1eafp b\u1ec3. 1 l\u00edt SLIP COAT s\u1ebd ph\u1ee7 16-18 m2 di\u1ec7n t\u00edch b\u1ec1 m\u1eb7t.<\/li>\n<li>Sau khi s\u1ea5y kh\u00f4, SLIP COAT t\u1ea1o ra m\u1ed9t m\u00e0ng m\u1ecfng, t\u1ea1m th\u1eddi tr\u00ean b\u1ec1 m\u1eb7t c\u1ee7a h\u00e0ng h\u00f3a. L\u1edbp m\u00e0ng n\u00e0y l\u00e0m \u0111\u1ea7y c\u00e1c l\u1ed7 r\u1ed7ng tr\u00ean b\u1ec1 m\u1eb7t, \u0111\u1ed3ng th\u1eddi ng\u0103n ng\u1eeba c\u00e1c h\u1ea1t nh\u1ecf b\u1ecb m\u1eafc k\u1eb9t trong c\u00e1c l\u1ed7 n\u00e0y. \u0110\u1ec3 l\u1edbp m\u00e0ng kh\u00f4 ho\u00e0n to\u00e0n tr\u01b0\u1edbc khi x\u1ebfp h\u00e0ng. T\u00f9y thu\u1ed9c v\u00e0o nhi\u1ec7t \u0111\u1ed9 v\u00e0 \u0111\u1ed9 \u1ea9m kh\u00f4ng kh\u00ed s\u1ebd m\u1ea5t 1-2 gi\u1edd.<\/li>\n<li>Sau khi d\u1ee1 h\u00e0ng h\u00f3a, l\u1edbp m\u00e0ng c\u00f3 th\u1ec3 d\u1ec5 d\u00e0ng \u0111\u01b0\u1ee3c th\u00e1o b\u1ecf ngay c\u1ea3 khi s\u1eed d\u1ee5ng n\u01b0\u1edbc bi\u1ec3n l\u1ea1nh d\u01b0\u1edbi \u00e1p su\u1ea5t.<\/li>\n<\/ol>","protected":false},"excerpt":{"rendered":"<p>PEX 808 SLIP COAT (L\u1edaP PH\u1ee6 B\u1ec0 M\u1eb6T) SLIP COAT l\u00e0 dung d\u1ecbch t\u1ea1o l\u1edbp m\u00e0ng ph\u1ee7 ch\u1ee7 y\u1ebfu \u0111\u1ec3 b\u1ea3o v\u1ec7 b\u1ec1 m\u1eb7t gi\u1eef h\u00e0ng ho\u00e1 tr\u01b0\u1edbc khi x\u1ebfp h\u00e0ng. N\u00f3 b\u1ea3o v\u1ec7 t\u1ea5t c\u1ea3 c\u00e1c b\u1ec1 m\u1eb7t ch\u1ee9a h\u00e0ng ho\u00e1 k\u1ec3 c\u1ea3 nh\u1eefng h\u00e0ng h\u00f3a kh\u00f3 l\u00e0m s\u1ea1ch SLIP COAT l\u00e0 m\u1ed9t l\u1edbp [&#8230;]","protected":false},"featured_media":261,"comment_status":"open","ping_status":"closed","template":"","meta":[],"product_cat":[18],"product_tag":[],"class_list":{"0":"post-260","1":"product","2":"type-product","3":"status-publish","4":"has-post-thumbnail","6":"product_cat-hoa-chat-hang-hai","8":"first","9":"instock","10":"shipping-taxable","11":"product-type-simple"},"yoast_head":"<!-- This site is optimized with the Yoast SEO plugin v24.1 - https:\/\/yoast.com\/wordpress\/plugins\/seo\/ -->\n<title>A-808 Slip Coat | C\u00d4NG TY TNHH BULK TRADE (VIET)<\/title>\n<meta name=\"robots\" content=\"index, follow, max-snippet:-1, max-image-preview:large, max-video-preview:-1\" \/>\n<link rel=\"canonical\" href=\"https:\/\/bulktradeviet.com\/en\/product\/a-808-slip-coat-lop-phu-bao-be-hang-hoa\/\" \/>\n<meta property=\"og:locale\" content=\"en_US\" \/>\n<meta property=\"og:type\" content=\"article\" \/>\n<meta property=\"og:title\" content=\"A-808 Slip Coat | C\u00d4NG TY TNHH BULK TRADE (VIET)\" \/>\n<meta property=\"og:description\" content=\"PEX 808 SLIP COAT (L\u1edaP PH\u1ee6 B\u1ec0 M\u1eb6T) SLIP COAT l\u00e0 dung d\u1ecbch t\u1ea1o l\u1edbp m\u00e0ng ph\u1ee7 ch\u1ee7 y\u1ebfu \u0111\u1ec3 b\u1ea3o v\u1ec7 b\u1ec1 m\u1eb7t gi\u1eef h\u00e0ng ho\u00e1 tr\u01b0\u1edbc khi x\u1ebfp h\u00e0ng. N\u00f3 b\u1ea3o v\u1ec7 t\u1ea5t c\u1ea3 c\u00e1c b\u1ec1 m\u1eb7t ch\u1ee9a h\u00e0ng ho\u00e1 k\u1ec3 c\u1ea3 nh\u1eefng h\u00e0ng h\u00f3a kh\u00f3 l\u00e0m s\u1ea1ch SLIP COAT l\u00e0 m\u1ed9t l\u1edbp [...]\" \/>\n<meta property=\"og:url\" content=\"https:\/\/bulktradeviet.com\/en\/product\/a-808-slip-coat-lop-phu-bao-be-hang-hoa\/\" \/>\n<meta property=\"og:site_name\" content=\"C\u00d4NG TY TNHH BULK TRADE (VIET)\" \/>\n<meta property=\"article:modified_time\" content=\"2026-04-04T11:21:57+00:00\" \/>\n<meta property=\"og:image\" content=\"https:\/\/bulktradeviet.com\/wp-content\/uploads\/2019\/10\/a808-slip-coat-lop-phu-bao-be-hang-hoa-992755756660.png\" \/>\n\t<meta property=\"og:image:width\" content=\"400\" \/>\n\t<meta property=\"og:image:height\" content=\"500\" \/>\n\t<meta property=\"og:image:type\" content=\"image\/png\" \/>\n<meta name=\"twitter:card\" content=\"summary_large_image\" \/>\n<meta name=\"twitter:label1\" content=\"Est. reading time\" \/>\n\t<meta name=\"twitter:data1\" content=\"4 minutes\" \/>\n<script type=\"application\/ld+json\" class=\"yoast-schema-graph\">{\"@context\":\"https:\/\/schema.org\",\"@graph\":[{\"@type\":\"WebPage\",\"@id\":\"https:\/\/bulktradeviet.com\/san-pham\/a-808-slip-coat-lop-phu-bao-be-hang-hoa\/\",\"url\":\"https:\/\/bulktradeviet.com\/san-pham\/a-808-slip-coat-lop-phu-bao-be-hang-hoa\/\",\"name\":\"A-808 Slip Coat | C\u00d4NG TY TNHH BULK TRADE (VIET)\",\"isPartOf\":{\"@id\":\"https:\/\/bulktradeviet.com\/en\/#website\"},\"primaryImageOfPage\":{\"@id\":\"https:\/\/bulktradeviet.com\/san-pham\/a-808-slip-coat-lop-phu-bao-be-hang-hoa\/#primaryimage\"},\"image\":{\"@id\":\"https:\/\/bulktradeviet.com\/san-pham\/a-808-slip-coat-lop-phu-bao-be-hang-hoa\/#primaryimage\"},\"thumbnailUrl\":\"https:\/\/bulktradeviet.com\/wp-content\/uploads\/2019\/10\/a808-slip-coat-lop-phu-bao-be-hang-hoa-992755756660.png\",\"datePublished\":\"2019-10-22T07:50:44+00:00\",\"dateModified\":\"2026-04-04T11:21:57+00:00\",\"breadcrumb\":{\"@id\":\"https:\/\/bulktradeviet.com\/san-pham\/a-808-slip-coat-lop-phu-bao-be-hang-hoa\/#breadcrumb\"},\"inLanguage\":\"en-US\",\"potentialAction\":[{\"@type\":\"ReadAction\",\"target\":[\"https:\/\/bulktradeviet.com\/san-pham\/a-808-slip-coat-lop-phu-bao-be-hang-hoa\/\"]}]},{\"@type\":\"ImageObject\",\"inLanguage\":\"en-US\",\"@id\":\"https:\/\/bulktradeviet.com\/san-pham\/a-808-slip-coat-lop-phu-bao-be-hang-hoa\/#primaryimage\",\"url\":\"https:\/\/bulktradeviet.com\/wp-content\/uploads\/2019\/10\/a808-slip-coat-lop-phu-bao-be-hang-hoa-992755756660.png\",\"contentUrl\":\"https:\/\/bulktradeviet.com\/wp-content\/uploads\/2019\/10\/a808-slip-coat-lop-phu-bao-be-hang-hoa-992755756660.png\",\"width\":400,\"height\":500},{\"@type\":\"BreadcrumbList\",\"@id\":\"https:\/\/bulktradeviet.com\/san-pham\/a-808-slip-coat-lop-phu-bao-be-hang-hoa\/#breadcrumb\",\"itemListElement\":[{\"@type\":\"ListItem\",\"position\":1,\"name\":\"Trang ch\u1ee7\",\"item\":\"https:\/\/bulktradeviet.com\/en\/\"},{\"@type\":\"ListItem\",\"position\":2,\"name\":\"Products\",\"item\":\"https:\/\/bulktradeviet.com\/en\/shop\/\"},{\"@type\":\"ListItem\",\"position\":3,\"name\":\"A-808 Slip Coat\"}]},{\"@type\":\"WebSite\",\"@id\":\"https:\/\/bulktradeviet.com\/en\/#website\",\"url\":\"https:\/\/bulktradeviet.com\/en\/\",\"name\":\"C\u00d4NG TY TNHH BULK TRADE (VIET)\",\"description\":\"Nh\u1eadp Kh\u1ea9u Ph\u00e2n Ph\u1ed1i H\u00f3a Ch\u1ea5t C\u00f4ng Nghi\u1ec7p\",\"potentialAction\":[{\"@type\":\"SearchAction\",\"target\":{\"@type\":\"EntryPoint\",\"urlTemplate\":\"https:\/\/bulktradeviet.com\/en\/?s={search_term_string}\"},\"query-input\":{\"@type\":\"PropertyValueSpecification\",\"valueRequired\":true,\"valueName\":\"search_term_string\"}}],\"inLanguage\":\"en-US\"}]}<\/script>\n<!-- \/ Yoast SEO plugin. -->","yoast_head_json":{"title":"A-808 Slip Coat | C\u00d4NG TY TNHH BULK TRADE (VIET)","robots":{"index":"index","follow":"follow","max-snippet":"max-snippet:-1","max-image-preview":"max-image-preview:large","max-video-preview":"max-video-preview:-1"},"canonical":"https:\/\/bulktradeviet.com\/en\/product\/a-808-slip-coat-lop-phu-bao-be-hang-hoa\/","og_locale":"en_US","og_type":"article","og_title":"A-808 Slip Coat | C\u00d4NG TY TNHH BULK TRADE (VIET)","og_description":"PEX 808 SLIP COAT (L\u1edaP PH\u1ee6 B\u1ec0 M\u1eb6T) SLIP COAT l\u00e0 dung d\u1ecbch t\u1ea1o l\u1edbp m\u00e0ng ph\u1ee7 ch\u1ee7 y\u1ebfu \u0111\u1ec3 b\u1ea3o v\u1ec7 b\u1ec1 m\u1eb7t gi\u1eef h\u00e0ng ho\u00e1 tr\u01b0\u1edbc khi x\u1ebfp h\u00e0ng. N\u00f3 b\u1ea3o v\u1ec7 t\u1ea5t c\u1ea3 c\u00e1c b\u1ec1 m\u1eb7t ch\u1ee9a h\u00e0ng ho\u00e1 k\u1ec3 c\u1ea3 nh\u1eefng h\u00e0ng h\u00f3a kh\u00f3 l\u00e0m s\u1ea1ch SLIP COAT l\u00e0 m\u1ed9t l\u1edbp [...]","og_url":"https:\/\/bulktradeviet.com\/en\/product\/a-808-slip-coat-lop-phu-bao-be-hang-hoa\/","og_site_name":"C\u00d4NG TY TNHH BULK TRADE (VIET)","article_modified_time":"2026-04-04T11:21:57+00:00","og_image":[{"width":400,"height":500,"url":"https:\/\/bulktradeviet.com\/wp-content\/uploads\/2019\/10\/a808-slip-coat-lop-phu-bao-be-hang-hoa-992755756660.png","type":"image\/png"}],"twitter_card":"summary_large_image","twitter_misc":{"Est. reading time":"4 minutes"},"schema":{"@context":"https:\/\/schema.org","@graph":[{"@type":"WebPage","@id":"https:\/\/bulktradeviet.com\/san-pham\/a-808-slip-coat-lop-phu-bao-be-hang-hoa\/","url":"https:\/\/bulktradeviet.com\/san-pham\/a-808-slip-coat-lop-phu-bao-be-hang-hoa\/","name":"A-808 Slip Coat | C\u00d4NG TY TNHH BULK TRADE (VIET)","isPartOf":{"@id":"https:\/\/bulktradeviet.com\/en\/#website"},"primaryImageOfPage":{"@id":"https:\/\/bulktradeviet.com\/san-pham\/a-808-slip-coat-lop-phu-bao-be-hang-hoa\/#primaryimage"},"image":{"@id":"https:\/\/bulktradeviet.com\/san-pham\/a-808-slip-coat-lop-phu-bao-be-hang-hoa\/#primaryimage"},"thumbnailUrl":"https:\/\/bulktradeviet.com\/wp-content\/uploads\/2019\/10\/a808-slip-coat-lop-phu-bao-be-hang-hoa-992755756660.png","datePublished":"2019-10-22T07:50:44+00:00","dateModified":"2026-04-04T11:21:57+00:00","breadcrumb":{"@id":"https:\/\/bulktradeviet.com\/san-pham\/a-808-slip-coat-lop-phu-bao-be-hang-hoa\/#breadcrumb"},"inLanguage":"en-US","potentialAction":[{"@type":"ReadAction","target":["https:\/\/bulktradeviet.com\/san-pham\/a-808-slip-coat-lop-phu-bao-be-hang-hoa\/"]}]},{"@type":"ImageObject","inLanguage":"en-US","@id":"https:\/\/bulktradeviet.com\/san-pham\/a-808-slip-coat-lop-phu-bao-be-hang-hoa\/#primaryimage","url":"https:\/\/bulktradeviet.com\/wp-content\/uploads\/2019\/10\/a808-slip-coat-lop-phu-bao-be-hang-hoa-992755756660.png","contentUrl":"https:\/\/bulktradeviet.com\/wp-content\/uploads\/2019\/10\/a808-slip-coat-lop-phu-bao-be-hang-hoa-992755756660.png","width":400,"height":500},{"@type":"BreadcrumbList","@id":"https:\/\/bulktradeviet.com\/san-pham\/a-808-slip-coat-lop-phu-bao-be-hang-hoa\/#breadcrumb","itemListElement":[{"@type":"ListItem","position":1,"name":"Trang ch\u1ee7","item":"https:\/\/bulktradeviet.com\/en\/"},{"@type":"ListItem","position":2,"name":"Products","item":"https:\/\/bulktradeviet.com\/en\/shop\/"},{"@type":"ListItem","position":3,"name":"A-808 Slip Coat"}]},{"@type":"WebSite","@id":"https:\/\/bulktradeviet.com\/en\/#website","url":"https:\/\/bulktradeviet.com\/en\/","name":"C\u00d4NG TY TNHH BULK TRADE (VIET)","description":"Nh\u1eadp Kh\u1ea9u Ph\u00e2n Ph\u1ed1i H\u00f3a Ch\u1ea5t C\u00f4ng Nghi\u1ec7p","potentialAction":[{"@type":"SearchAction","target":{"@type":"EntryPoint","urlTemplate":"https:\/\/bulktradeviet.com\/en\/?s={search_term_string}"},"query-input":{"@type":"PropertyValueSpecification","valueRequired":true,"valueName":"search_term_string"}}],"inLanguage":"en-US"}]}},"_links":{"self":[{"href":"https:\/\/bulktradeviet.com\/en\/wp-json\/wp\/v2\/product\/260","targetHints":{"allow":["GET"]}}],"collection":[{"href":"https:\/\/bulktradeviet.com\/en\/wp-json\/wp\/v2\/product"}],"about":[{"href":"https:\/\/bulktradeviet.com\/en\/wp-json\/wp\/v2\/types\/product"}],"replies":[{"embeddable":true,"href":"https:\/\/bulktradeviet.com\/en\/wp-json\/wp\/v2\/comments?post=260"}],"wp:featuredmedia":[{"embeddable":true,"href":"https:\/\/bulktradeviet.com\/en\/wp-json\/wp\/v2\/media\/261"}],"wp:attachment":[{"href":"https:\/\/bulktradeviet.com\/en\/wp-json\/wp\/v2\/media?parent=260"}],"wp:term":[{"taxonomy":"product_cat","embeddable":true,"href":"https:\/\/bulktradeviet.com\/en\/wp-json\/wp\/v2\/product_cat?post=260"},{"taxonomy":"product_tag","embeddable":true,"href":"https:\/\/bulktradeviet.com\/en\/wp-json\/wp\/v2\/product_tag?post=260"}],"curies":[{"name":"wp","href":"https:\/\/api.w.org\/{rel}","templated":true}]}}