{"id":187,"date":"2019-10-22T06:01:44","date_gmt":"2019-10-22T06:01:44","guid":{"rendered":"https:\/\/bulktradeviet.com\/?post_type=product&#038;p=187"},"modified":"2026-04-15T16:56:22","modified_gmt":"2026-04-15T16:56:22","slug":"chat-ve-sinh-loc-gio","status":"publish","type":"product","link":"https:\/\/bulktradeviet.com\/en\/product\/chat-ve-sinh-loc-gio\/","title":{"rendered":"Ho\u00e1 ch\u1ea5t v\u1ec7 sinh b\u1ed9 l\u1ecdc A-525 Filter Cleaner"},"content":{"rendered":"<h1>A-525 Filter Cleaner<\/h1>\n<h4><strong>M\u00d4 T\u1ea2<\/strong><\/h4>\n<p><strong>A-525 Filter Cleaner<\/strong> l\u00e0 ch\u1ea5t t\u1ea9y r\u1eeda dung m\u00f4i \u0111\u1ec3 lo\u1ea1i b\u1ecf d\u1ea7u n\u1eb7ng. \u0110\u01b0\u1ee3c d\u00f9ng \u0111\u1ec3 lo\u1ea1i b\u1ecf d\u1ea7u cacbon h\u00f3a, m\u1ee1 b\u00f4i tr\u01a1n, c\u1eb7n b\u1ea9n v\u00e0 c\u00e1c t\u1ea1p ch\u1ea5t kh\u00e1c t\u1eeb nhi\u00ean li\u1ec7u sinh ra b\u00e1m v\u00e0o b\u1ed9 l\u1ecdc d\u1ea7u b\u00f4i tr\u01a1n,b\u1ed9 l\u00e0m m\u00e1t d\u1ea7u.<\/p>\n<p>Dung d\u1ecbch v\u1ec7 sinh b\u1ed9 l\u1ecdc A-525 n\u00ean \u0111\u01b0\u1ee3c s\u1eed d\u1ee5ng \u0111\u1ecbnh k\u00ec gi\u00fap ng\u0103n ch\u1eb7n s\u1ef1 h\u00ecnh th\u00e0nh c\u1ee7a c\u00e1c t\u00e1c nh\u00e2n g\u00e2y t\u1eafc ng\u1ebdn m\u00e0 s\u1ebd kh\u00f3 lo\u1ea1i b\u1ecf n\u1ebfu \u0111\u01b0\u1ee3c h\u00ecnh th\u00e0nh trong th\u1eddi gian d\u00e0i.<\/p>\n<p><strong>H\u01af\u1edaNG D\u1eaaN S\u1eec D\u1ee4NG\u00a0<\/strong><\/p>\n<p>A-525 Filter Cleaner c\u00f3 th\u1ec3 \u0111\u01b0\u1ee3c \u00e1p d\u1ee5ng b\u1eb1ng c\u00e1ch phun, ch\u1ea3i, lau ho\u1eb7c ng\u00e2m.<\/p>\n<p>Th\u1eddi gian s\u1eed d\u1ee5ng t\u00f9y thu\u1ed9c v\u00e0o m\u1ee9c \u0111\u1ed9 b\u00e1m b\u1ea9n c\u1ee7a b\u1ed9 l\u1ecdc d\u1ea7u<\/p>\n<p>&nbsp;<\/p>\n<p>&nbsp;<\/p>\n<p>&nbsp;<\/p>\n<p>&nbsp;<\/p>\n<p>&nbsp;<\/p>\n<p>&nbsp;<\/p>","protected":false},"excerpt":{"rendered":"<p><strong>A-525 Filter Cleaner<\/strong> l\u00e0 ch\u1ea5t t\u1ea9y r\u1eeda dung m\u00f4i \u0111\u1ec3 lo\u1ea1i b\u1ecf d\u1ea7u n\u1eb7ng. \u0110\u01b0\u1ee3c d\u00f9ng \u0111\u1ec3 lo\u1ea1i b\u1ecf d\u1ea7u cacbon h\u00f3a, m\u1ee1 b\u00f4i tr\u01a1n, c\u1eb7n b\u1ea9n v\u00e0 c\u00e1c t\u1ea1p ch\u1ea5t kh\u00e1c t\u1eeb nhi\u00ean li\u1ec7u sinh ra b\u00e1m v\u00e0o b\u1ed9 l\u1ecdc d\u1ea7u b\u00f4i tr\u01a1n,b\u1ed9 l\u00e0m m\u00e1t d\u1ea7u.<\/p>","protected":false},"featured_media":604,"comment_status":"open","ping_status":"closed","template":"","meta":[],"product_cat":[18,27,32,34],"product_tag":[74,122,130,131,129,75],"class_list":{"0":"post-187","1":"product","2":"type-product","3":"status-publish","4":"has-post-thumbnail","6":"product_cat-hoa-chat-hang-hai","7":"product_cat-hoa-chat-tay-rua","8":"product_cat-hoa-chat-tong-hop","9":"product_cat-hoa-chat-xu-ly-nuoc","10":"product_tag-filter-cleaner","11":"product_tag-hoa-chat-cong-nghiep","12":"product_tag-hoa-chat-hang-hai","13":"product_tag-loai-bo-dau-cacbon-hoa","14":"product_tag-tay-dau-nang","15":"product_tag-ve-sinh-bo-loc-dau","17":"first","18":"instock","19":"shipping-taxable","20":"product-type-simple"},"yoast_head":"<!-- This site is optimized with the Yoast SEO plugin v24.1 - https:\/\/yoast.com\/wordpress\/plugins\/seo\/ -->\n<title>Ho\u00e1 ch\u1ea5t v\u1ec7 sinh b\u1ed9 l\u1ecdc A-525 Filter Cleaner | C\u00d4NG TY TNHH BULK TRADE (VIET)<\/title>\n<meta name=\"description\" content=\"A-525 Filter Cleaner l\u00e0 ch\u1ea5t t\u1ea9y r\u1eeda dung m\u00f4i \u0111\u1ec3 lo\u1ea1i b\u1ecf d\u1ea7u n\u1eb7ng. \u0110\u01b0\u1ee3c d\u00f9ng \u0111\u1ec3 lo\u1ea1i b\u1ecf d\u1ea7u cacbon h\u00f3a, m\u1ee1 b\u00f4i tr\u01a1n, c\u1eb7n b\u1ea9n v\u00e0 c\u00e1c t\u1ea1p ch\u1ea5t kh\u00e1c t\u1eeb nhi\u00ean li\u1ec7u sinh ra b\u00e1m v\u00e0o b\u1ed9 l\u1ecdc d\u1ea7u b\u00f4i tr\u01a1n,b\u1ed9 l\u00e0m m\u00e1t d\u1ea7u.\" \/>\n<meta name=\"robots\" content=\"index, follow, max-snippet:-1, max-image-preview:large, max-video-preview:-1\" \/>\n<link rel=\"canonical\" href=\"https:\/\/bulktradeviet.com\/en\/product\/chat-ve-sinh-loc-gio\/\" \/>\n<meta property=\"og:locale\" content=\"en_US\" \/>\n<meta property=\"og:type\" content=\"article\" \/>\n<meta property=\"og:title\" content=\"Ho\u00e1 ch\u1ea5t v\u1ec7 sinh b\u1ed9 l\u1ecdc A-525 Filter Cleaner | C\u00d4NG TY TNHH BULK TRADE (VIET)\" \/>\n<meta property=\"og:description\" content=\"A-525 Filter Cleaner l\u00e0 ch\u1ea5t t\u1ea9y r\u1eeda dung m\u00f4i \u0111\u1ec3 lo\u1ea1i b\u1ecf d\u1ea7u n\u1eb7ng. \u0110\u01b0\u1ee3c d\u00f9ng \u0111\u1ec3 lo\u1ea1i b\u1ecf d\u1ea7u cacbon h\u00f3a, m\u1ee1 b\u00f4i tr\u01a1n, c\u1eb7n b\u1ea9n v\u00e0 c\u00e1c t\u1ea1p ch\u1ea5t kh\u00e1c t\u1eeb nhi\u00ean li\u1ec7u sinh ra b\u00e1m v\u00e0o b\u1ed9 l\u1ecdc d\u1ea7u b\u00f4i tr\u01a1n,b\u1ed9 l\u00e0m m\u00e1t d\u1ea7u.\" \/>\n<meta property=\"og:url\" content=\"https:\/\/bulktradeviet.com\/en\/product\/chat-ve-sinh-loc-gio\/\" \/>\n<meta property=\"og:site_name\" content=\"C\u00d4NG TY TNHH BULK TRADE (VIET)\" \/>\n<meta property=\"article:modified_time\" content=\"2026-04-15T16:56:22+00:00\" \/>\n<meta property=\"og:image\" content=\"https:\/\/bulktradeviet.com\/wp-content\/uploads\/2019\/10\/A-525.jpg\" \/>\n\t<meta property=\"og:image:width\" content=\"2000\" \/>\n\t<meta property=\"og:image:height\" content=\"2000\" \/>\n\t<meta property=\"og:image:type\" content=\"image\/jpeg\" \/>\n<meta name=\"twitter:card\" content=\"summary_large_image\" \/>\n<meta name=\"twitter:label1\" content=\"Est. reading time\" \/>\n\t<meta name=\"twitter:data1\" content=\"1 minute\" \/>\n<script type=\"application\/ld+json\" class=\"yoast-schema-graph\">{\"@context\":\"https:\/\/schema.org\",\"@graph\":[{\"@type\":\"WebPage\",\"@id\":\"https:\/\/bulktradeviet.com\/en\/product\/chat-ve-sinh-loc-gio\/\",\"url\":\"https:\/\/bulktradeviet.com\/en\/product\/chat-ve-sinh-loc-gio\/\",\"name\":\"Ho\u00e1 ch\u1ea5t v\u1ec7 sinh b\u1ed9 l\u1ecdc A-525 Filter Cleaner | C\u00d4NG TY TNHH BULK TRADE (VIET)\",\"isPartOf\":{\"@id\":\"https:\/\/bulktradeviet.com\/en\/#website\"},\"primaryImageOfPage\":{\"@id\":\"https:\/\/bulktradeviet.com\/en\/product\/chat-ve-sinh-loc-gio\/#primaryimage\"},\"image\":{\"@id\":\"https:\/\/bulktradeviet.com\/en\/product\/chat-ve-sinh-loc-gio\/#primaryimage\"},\"thumbnailUrl\":\"https:\/\/bulktradeviet.com\/wp-content\/uploads\/2019\/10\/A-525.jpg\",\"datePublished\":\"2019-10-22T06:01:44+00:00\",\"dateModified\":\"2026-04-15T16:56:22+00:00\",\"description\":\"A-525 Filter Cleaner l\u00e0 ch\u1ea5t t\u1ea9y r\u1eeda dung m\u00f4i \u0111\u1ec3 lo\u1ea1i b\u1ecf d\u1ea7u n\u1eb7ng. \u0110\u01b0\u1ee3c d\u00f9ng \u0111\u1ec3 lo\u1ea1i b\u1ecf d\u1ea7u cacbon h\u00f3a, m\u1ee1 b\u00f4i tr\u01a1n, c\u1eb7n b\u1ea9n v\u00e0 c\u00e1c t\u1ea1p ch\u1ea5t kh\u00e1c t\u1eeb nhi\u00ean li\u1ec7u sinh ra b\u00e1m v\u00e0o b\u1ed9 l\u1ecdc d\u1ea7u b\u00f4i tr\u01a1n,b\u1ed9 l\u00e0m m\u00e1t d\u1ea7u.\",\"breadcrumb\":{\"@id\":\"https:\/\/bulktradeviet.com\/en\/product\/chat-ve-sinh-loc-gio\/#breadcrumb\"},\"inLanguage\":\"en-US\",\"potentialAction\":[{\"@type\":\"ReadAction\",\"target\":[\"https:\/\/bulktradeviet.com\/en\/product\/chat-ve-sinh-loc-gio\/\"]}]},{\"@type\":\"ImageObject\",\"inLanguage\":\"en-US\",\"@id\":\"https:\/\/bulktradeviet.com\/en\/product\/chat-ve-sinh-loc-gio\/#primaryimage\",\"url\":\"https:\/\/bulktradeviet.com\/wp-content\/uploads\/2019\/10\/A-525.jpg\",\"contentUrl\":\"https:\/\/bulktradeviet.com\/wp-content\/uploads\/2019\/10\/A-525.jpg\",\"width\":2000,\"height\":2000},{\"@type\":\"BreadcrumbList\",\"@id\":\"https:\/\/bulktradeviet.com\/en\/product\/chat-ve-sinh-loc-gio\/#breadcrumb\",\"itemListElement\":[{\"@type\":\"ListItem\",\"position\":1,\"name\":\"Trang ch\u1ee7\",\"item\":\"https:\/\/bulktradeviet.com\/en\/\"},{\"@type\":\"ListItem\",\"position\":2,\"name\":\"Products\",\"item\":\"https:\/\/bulktradeviet.com\/en\/shop\/\"},{\"@type\":\"ListItem\",\"position\":3,\"name\":\"Ho\u00e1 ch\u1ea5t v\u1ec7 sinh b\u1ed9 l\u1ecdc A-525 Filter Cleaner\"}]},{\"@type\":\"WebSite\",\"@id\":\"https:\/\/bulktradeviet.com\/en\/#website\",\"url\":\"https:\/\/bulktradeviet.com\/en\/\",\"name\":\"C\u00d4NG TY TNHH BULK TRADE (VIET)\",\"description\":\"Nh\u1eadp Kh\u1ea9u Ph\u00e2n Ph\u1ed1i H\u00f3a Ch\u1ea5t C\u00f4ng Nghi\u1ec7p\",\"potentialAction\":[{\"@type\":\"SearchAction\",\"target\":{\"@type\":\"EntryPoint\",\"urlTemplate\":\"https:\/\/bulktradeviet.com\/en\/?s={search_term_string}\"},\"query-input\":{\"@type\":\"PropertyValueSpecification\",\"valueRequired\":true,\"valueName\":\"search_term_string\"}}],\"inLanguage\":\"en-US\"}]}<\/script>\n<!-- \/ Yoast SEO plugin. -->","yoast_head_json":{"title":"Ho\u00e1 ch\u1ea5t v\u1ec7 sinh b\u1ed9 l\u1ecdc A-525 Filter Cleaner | C\u00d4NG TY TNHH BULK TRADE (VIET)","description":"A-525 Filter Cleaner l\u00e0 ch\u1ea5t t\u1ea9y r\u1eeda dung m\u00f4i \u0111\u1ec3 lo\u1ea1i b\u1ecf d\u1ea7u n\u1eb7ng. \u0110\u01b0\u1ee3c d\u00f9ng \u0111\u1ec3 lo\u1ea1i b\u1ecf d\u1ea7u cacbon h\u00f3a, m\u1ee1 b\u00f4i tr\u01a1n, c\u1eb7n b\u1ea9n v\u00e0 c\u00e1c t\u1ea1p ch\u1ea5t kh\u00e1c t\u1eeb nhi\u00ean li\u1ec7u sinh ra b\u00e1m v\u00e0o b\u1ed9 l\u1ecdc d\u1ea7u b\u00f4i tr\u01a1n,b\u1ed9 l\u00e0m m\u00e1t d\u1ea7u.","robots":{"index":"index","follow":"follow","max-snippet":"max-snippet:-1","max-image-preview":"max-image-preview:large","max-video-preview":"max-video-preview:-1"},"canonical":"https:\/\/bulktradeviet.com\/en\/product\/chat-ve-sinh-loc-gio\/","og_locale":"en_US","og_type":"article","og_title":"Ho\u00e1 ch\u1ea5t v\u1ec7 sinh b\u1ed9 l\u1ecdc A-525 Filter Cleaner | C\u00d4NG TY TNHH BULK TRADE (VIET)","og_description":"A-525 Filter Cleaner l\u00e0 ch\u1ea5t t\u1ea9y r\u1eeda dung m\u00f4i \u0111\u1ec3 lo\u1ea1i b\u1ecf d\u1ea7u n\u1eb7ng. \u0110\u01b0\u1ee3c d\u00f9ng \u0111\u1ec3 lo\u1ea1i b\u1ecf d\u1ea7u cacbon h\u00f3a, m\u1ee1 b\u00f4i tr\u01a1n, c\u1eb7n b\u1ea9n v\u00e0 c\u00e1c t\u1ea1p ch\u1ea5t kh\u00e1c t\u1eeb nhi\u00ean li\u1ec7u sinh ra b\u00e1m v\u00e0o b\u1ed9 l\u1ecdc d\u1ea7u b\u00f4i tr\u01a1n,b\u1ed9 l\u00e0m m\u00e1t d\u1ea7u.","og_url":"https:\/\/bulktradeviet.com\/en\/product\/chat-ve-sinh-loc-gio\/","og_site_name":"C\u00d4NG TY TNHH BULK TRADE (VIET)","article_modified_time":"2026-04-15T16:56:22+00:00","og_image":[{"width":2000,"height":2000,"url":"https:\/\/bulktradeviet.com\/wp-content\/uploads\/2019\/10\/A-525.jpg","type":"image\/jpeg"}],"twitter_card":"summary_large_image","twitter_misc":{"Est. reading time":"1 minute"},"schema":{"@context":"https:\/\/schema.org","@graph":[{"@type":"WebPage","@id":"https:\/\/bulktradeviet.com\/en\/product\/chat-ve-sinh-loc-gio\/","url":"https:\/\/bulktradeviet.com\/en\/product\/chat-ve-sinh-loc-gio\/","name":"Ho\u00e1 ch\u1ea5t v\u1ec7 sinh b\u1ed9 l\u1ecdc A-525 Filter Cleaner | C\u00d4NG TY TNHH BULK TRADE (VIET)","isPartOf":{"@id":"https:\/\/bulktradeviet.com\/en\/#website"},"primaryImageOfPage":{"@id":"https:\/\/bulktradeviet.com\/en\/product\/chat-ve-sinh-loc-gio\/#primaryimage"},"image":{"@id":"https:\/\/bulktradeviet.com\/en\/product\/chat-ve-sinh-loc-gio\/#primaryimage"},"thumbnailUrl":"https:\/\/bulktradeviet.com\/wp-content\/uploads\/2019\/10\/A-525.jpg","datePublished":"2019-10-22T06:01:44+00:00","dateModified":"2026-04-15T16:56:22+00:00","description":"A-525 Filter Cleaner l\u00e0 ch\u1ea5t t\u1ea9y r\u1eeda dung m\u00f4i \u0111\u1ec3 lo\u1ea1i b\u1ecf d\u1ea7u n\u1eb7ng. \u0110\u01b0\u1ee3c d\u00f9ng \u0111\u1ec3 lo\u1ea1i b\u1ecf d\u1ea7u cacbon h\u00f3a, m\u1ee1 b\u00f4i tr\u01a1n, c\u1eb7n b\u1ea9n v\u00e0 c\u00e1c t\u1ea1p ch\u1ea5t kh\u00e1c t\u1eeb nhi\u00ean li\u1ec7u sinh ra b\u00e1m v\u00e0o b\u1ed9 l\u1ecdc d\u1ea7u b\u00f4i tr\u01a1n,b\u1ed9 l\u00e0m m\u00e1t d\u1ea7u.","breadcrumb":{"@id":"https:\/\/bulktradeviet.com\/en\/product\/chat-ve-sinh-loc-gio\/#breadcrumb"},"inLanguage":"en-US","potentialAction":[{"@type":"ReadAction","target":["https:\/\/bulktradeviet.com\/en\/product\/chat-ve-sinh-loc-gio\/"]}]},{"@type":"ImageObject","inLanguage":"en-US","@id":"https:\/\/bulktradeviet.com\/en\/product\/chat-ve-sinh-loc-gio\/#primaryimage","url":"https:\/\/bulktradeviet.com\/wp-content\/uploads\/2019\/10\/A-525.jpg","contentUrl":"https:\/\/bulktradeviet.com\/wp-content\/uploads\/2019\/10\/A-525.jpg","width":2000,"height":2000},{"@type":"BreadcrumbList","@id":"https:\/\/bulktradeviet.com\/en\/product\/chat-ve-sinh-loc-gio\/#breadcrumb","itemListElement":[{"@type":"ListItem","position":1,"name":"Trang ch\u1ee7","item":"https:\/\/bulktradeviet.com\/en\/"},{"@type":"ListItem","position":2,"name":"Products","item":"https:\/\/bulktradeviet.com\/en\/shop\/"},{"@type":"ListItem","position":3,"name":"Ho\u00e1 ch\u1ea5t v\u1ec7 sinh b\u1ed9 l\u1ecdc A-525 Filter Cleaner"}]},{"@type":"WebSite","@id":"https:\/\/bulktradeviet.com\/en\/#website","url":"https:\/\/bulktradeviet.com\/en\/","name":"C\u00d4NG TY TNHH BULK TRADE (VIET)","description":"Nh\u1eadp Kh\u1ea9u Ph\u00e2n Ph\u1ed1i H\u00f3a Ch\u1ea5t C\u00f4ng Nghi\u1ec7p","potentialAction":[{"@type":"SearchAction","target":{"@type":"EntryPoint","urlTemplate":"https:\/\/bulktradeviet.com\/en\/?s={search_term_string}"},"query-input":{"@type":"PropertyValueSpecification","valueRequired":true,"valueName":"search_term_string"}}],"inLanguage":"en-US"}]}},"_links":{"self":[{"href":"https:\/\/bulktradeviet.com\/en\/wp-json\/wp\/v2\/product\/187","targetHints":{"allow":["GET"]}}],"collection":[{"href":"https:\/\/bulktradeviet.com\/en\/wp-json\/wp\/v2\/product"}],"about":[{"href":"https:\/\/bulktradeviet.com\/en\/wp-json\/wp\/v2\/types\/product"}],"replies":[{"embeddable":true,"href":"https:\/\/bulktradeviet.com\/en\/wp-json\/wp\/v2\/comments?post=187"}],"wp:featuredmedia":[{"embeddable":true,"href":"https:\/\/bulktradeviet.com\/en\/wp-json\/wp\/v2\/media\/604"}],"wp:attachment":[{"href":"https:\/\/bulktradeviet.com\/en\/wp-json\/wp\/v2\/media?parent=187"}],"wp:term":[{"taxonomy":"product_cat","embeddable":true,"href":"https:\/\/bulktradeviet.com\/en\/wp-json\/wp\/v2\/product_cat?post=187"},{"taxonomy":"product_tag","embeddable":true,"href":"https:\/\/bulktradeviet.com\/en\/wp-json\/wp\/v2\/product_tag?post=187"}],"curies":[{"name":"wp","href":"https:\/\/api.w.org\/{rel}","templated":true}]}}