{"id":121,"date":"2019-10-22T02:39:15","date_gmt":"2019-10-22T02:39:15","guid":{"rendered":"https:\/\/bulktradeviet.com\/?post_type=product&#038;p=121"},"modified":"2025-08-19T22:27:53","modified_gmt":"2025-08-19T22:27:53","slug":"hoa-chat-khu-trung","status":"publish","type":"product","link":"https:\/\/bulktradeviet.com\/en\/product\/hoa-chat-khu-trung\/","title":{"rendered":"Ho\u00e1 ch\u1ea5t di\u1ec7t vi sinh x\u1eed l\u00fd n\u01b0\u1edbc l\u00e0m m\u00e1t AWT-375 Microbiocide"},"content":{"rendered":"<h1>AWR-375 MICROBIOCIDE<\/h1>\n<div><\/div>\n<h4><strong>TH\u00d4NG TIN S\u1ea2N PH\u1ea8M<\/strong><\/h4>\n<div>AWT-375 l\u00e0 <span style=\"text-decoration: underline\"><em><strong>ch\u1ea5t di\u1ec7t khu\u1ea9n<\/strong><\/em><\/span> hi\u1ec7u qu\u1ea3 cao d\u00f9ng \u0111\u1ec3 ki\u1ec3m so\u00e1t s\u1ef1 ph\u00e1t tri\u1ec3n c\u1ee7a c\u00e1c lo\u1ea1i \u0111\u1ed9ng<\/div>\n<div>v\u1eadt c\u00f3 v\u1ecf nh\u01b0 cua, s\u00f2\u2026, t\u1ea3o bi\u1ec3n, n\u1ea5m, v\u00e0 c\u00e1c vi sinh v\u1eadt sinh s\u00f4i \u1edf c\u00e1c h\u1ec7 th\u1ed1ng n\u01b0\u1edbc bi\u1ec3n,<\/div>\n<div>ch\u1eb3ng h\u1ea1n nh\u01b0 \u1ed1ng d\u1eabn n\u01b0\u1edbc bi\u1ec3n, \u0111\u1ed3 l\u1ecdc, \u0111\u00e1y t\u00e0u, c\u00e1c b\u1ec3 \u1ed5n \u0111\u1ecbnh, ch\u00e2n d\u00e0n khoan d\u1ea7u tr\u00ean<\/div>\n<div>bi\u1ec3n\u2026 AWT-375 kh\u00f4ng \u0111\u01b0\u1ee3c ph\u00e9p s\u1eed d\u1ee5ng \u0111\u1ed1i thi\u1ebft b\u1ecb ch\u1ee9a n\u01b0\u1edbc c\u00f3 th\u1ec3 u\u1ed1ng \u0111\u01b0\u1ee3c, ho\u1eb7c \u00e1p<\/div>\n<div>d\u1ee5ng \u1edf nh\u1eefng n\u01a1i x\u1ea3y ra nhi\u1ec5m b\u1ea9n n\u01b0\u1edbc u\u1ed1ng.<\/div>\n<h4><strong>H\u01af\u1edaNG D\u1eaaN S\u1eec D\u1ee4NG<\/strong><\/h4>\n<div>AWT-375 b\u01b0\u1edbc \u0111\u1ea7u n\u00ean \u0111\u01b0\u1ee3c b\u1ed5 sung v\u1edbi t\u1ec9 l\u1ec7 1.2 \u2013 2.0 l\u00edt v\u00e0o 10.000 l\u00edt n\u01b0\u1edbc c\u1ee7a h\u1ec7 th\u1ed1ng<\/div>\n<div>c\u1ea7n l\u00e0m s\u1ea1ch, b\u1ed5 sung \u0111\u1ecbnh k\u1ef3 h\u00e0ng tu\u1ea7n cho \u0111\u1ebfn khi c\u00e1c sinh v\u1eadt b\u1ecb ti\u00eau di\u1ec7t. Khi h\u1ec7 th\u1ed1ng \u0111\u00e3<\/div>\n<div>\u0111\u01b0\u1ee3c l\u00e0m s\u1ea1ch, khuy\u1ebfn c\u00e1o n\u00ean b\u1ed5 sung \u0111\u1ecbnh k\u1ef3 0.4 \u2013 1.0 l\u00edt tr\u00ean 10.000 l\u00edt n\u01b0\u1edbc h\u1ec7 th\u1ed1ng \u0111\u1ec3<\/div>\n<div>duy tr\u00ec t\u00ecnh tr\u1ea1ng t\u1ed1t. \u0110\u1ed1i v\u1edbi c\u00e1c h\u1ec7 th\u1ed1ng b\u1ecb t\u1eafc ngh\u1ebdn nghi\u00eam tr\u1ecdng n\u00ean \u0111\u01b0\u1ee3c l\u00e0m s\u1ea1ch b\u01b0\u1edbc<\/div>\n<div>\u0111\u1ea7u tr\u01b0\u1edbc khi b\u1eaft \u0111\u1ea7u x\u1eed l\u00fd. AWT-375 n\u00ean \u0111\u01b0\u1ee3c b\u1ed5 sung v\u00e0o h\u1ec7 th\u1ed1ng \u1edf v\u1ecb tr\u00ed m\u00e0 n\u00f3 d\u1ec5 d\u00e0ng<\/div>\n<div>ph\u00e2n t\u00e1n \u0111\u1ec1u v\u00e0 nhanh trong to\u00e0n b\u1ed9 h\u1ec7 th\u1ed1ng.<\/div>\n<h4><strong>T\u00cdNH CH\u1ea4T V\u1eacT L\u00dd<\/strong><\/h4>\n<div>D\u1ea0NG DUNG D\u1ecaCH M\u00c0U V\u00c0NG NH\u1ea0T NG\u1ea2 M\u00c0U XANH<\/div>\n<div>T\u1ef6 TR\u1eccNG 1.18<\/div>\n<div>pH 10.5 \u2013 12.4<\/div>\n<div>M\u00d9I C\u00d3 M\u00d9I L\u01afU HU\u1ef2NH<\/div>\n<div>B\u1ea2O QU\u1ea2N TR\u00c1NH XA NGU\u1ed2N NHI\u1ec6T<\/div>\n<p>&nbsp;<\/p>\n<p>&nbsp;<\/p>\n<p>&nbsp;<\/p>\n<p>&nbsp;<\/p>\n<p>&nbsp;<\/p>\n<p>&nbsp;<\/p>\n<p>&nbsp;<\/p>\n<p>&nbsp;<\/p>\n<p>&nbsp;<\/p>","protected":false},"excerpt":{"rendered":"<div>AWT-375 l\u00e0 ch\u1ea5t di\u1ec7t khu\u1ea9n hi\u1ec7u qu\u1ea3 cao d\u00f9ng \u0111\u1ec3 ki\u1ec3m so\u00e1t s\u1ef1 ph\u00e1t tri\u1ec3n c\u1ee7a c\u00e1c lo\u1ea1i \u0111\u1ed9ng<\/div>\n<div>v\u1eadt c\u00f3 v\u1ecf nh\u01b0 cua, s\u00f2\u2026, t\u1ea3o bi\u1ec3n, n\u1ea5m, v\u00e0 c\u00e1c vi sinh v\u1eadt sinh s\u00f4i \u1edf c\u00e1c h\u1ec7 th\u1ed1ng n\u01b0\u1edbc bi\u1ec3n,<\/div>\n<div>ch\u1eb3ng h\u1ea1n nh\u01b0 \u1ed1ng d\u1eabn n\u01b0\u1edbc bi\u1ec3n, \u0111\u1ed3 l\u1ecdc, \u0111\u00e1y t\u00e0u, c\u00e1c b\u1ec3 \u1ed5n \u0111\u1ecbnh, ch\u00e2n d\u00e0n khoan d\u1ea7u tr\u00ean<\/div>\n<div>bi\u1ec3n\u2026<\/div>\n<p>&nbsp;<\/p>\n<p>&nbsp;<\/p>","protected":false},"featured_media":614,"comment_status":"open","ping_status":"closed","template":"","meta":[],"product_cat":[18,27,32,34],"product_tag":[26,124,68,122,132,69,67,70],"class_list":{"0":"post-121","1":"product","2":"type-product","3":"status-publish","4":"has-post-thumbnail","6":"product_cat-hoa-chat-hang-hai","7":"product_cat-hoa-chat-tay-rua","8":"product_cat-hoa-chat-tong-hop","9":"product_cat-hoa-chat-xu-ly-nuoc","10":"product_tag-bon-chua","11":"product_tag-chat-tay-rua-cong-nghiep","12":"product_tag-diet-vi-khuan-chiller","13":"product_tag-hoa-chat-cong-nghiep","14":"product_tag-hoa-chat-xu-ly-cong-nghiep","15":"product_tag-ngan-ngua-rong-reu-chiller","16":"product_tag-xu-ly-nuoc-chiller","17":"product_tag-xu-ly-nuoc-lam-mat","19":"first","20":"instock","21":"shipping-taxable","22":"product-type-simple"},"yoast_head":"<!-- This site is optimized with the Yoast SEO plugin v24.1 - https:\/\/yoast.com\/wordpress\/plugins\/seo\/ -->\n<title>Ho\u00e1 ch\u1ea5t di\u1ec7t vi sinh x\u1eed l\u00fd n\u01b0\u1edbc l\u00e0m m\u00e1t AWT-375 Microbiocide | C\u00d4NG TY TNHH BULK TRADE (VIET)<\/title>\n<meta name=\"description\" content=\"AWT-375 l\u00e0 ch\u1ea5t di\u1ec7t khu\u1ea9n hi\u1ec7u qu\u1ea3 cao d\u00f9ng \u0111\u1ec3 ki\u1ec3m so\u00e1t s\u1ef1 ph\u00e1t tri\u1ec3n c\u1ee7a c\u00e1c lo\u1ea1i \u0111\u1ed9ngv\u1eadt c\u00f3 v\u1ecf nh\u01b0 cua, s\u00f2\u2026, t\u1ea3o bi\u1ec3n, n\u1ea5m, v\u00e0 c\u00e1c vi sinh v\u1eadt sinh s\u00f4i \u1edf c\u00e1c h\u1ec7 th\u1ed1ng n\u01b0\u1edbc bi\u1ec3n,ch\u1eb3ng h\u1ea1n nh\u01b0 \u1ed1ng d\u1eabn n\u01b0\u1edbc bi\u1ec3n, \u0111\u1ed3 l\u1ecdc, \u0111\u00e1y t\u00e0u, c\u00e1c b\u1ec3 \u1ed5n \u0111\u1ecbnh, ch\u00e2n d\u00e0n khoan d\u1ea7u tr\u00eanbi\u1ec3n\u2026\" \/>\n<meta name=\"robots\" content=\"index, follow, max-snippet:-1, max-image-preview:large, max-video-preview:-1\" \/>\n<link rel=\"canonical\" href=\"https:\/\/bulktradeviet.com\/en\/product\/hoa-chat-khu-trung\/\" \/>\n<meta property=\"og:locale\" content=\"en_US\" \/>\n<meta property=\"og:type\" content=\"article\" \/>\n<meta property=\"og:title\" content=\"Ho\u00e1 ch\u1ea5t di\u1ec7t vi sinh x\u1eed l\u00fd n\u01b0\u1edbc l\u00e0m m\u00e1t AWT-375 Microbiocide | C\u00d4NG TY TNHH BULK TRADE (VIET)\" \/>\n<meta property=\"og:description\" content=\"AWT-375 l\u00e0 ch\u1ea5t di\u1ec7t khu\u1ea9n hi\u1ec7u qu\u1ea3 cao d\u00f9ng \u0111\u1ec3 ki\u1ec3m so\u00e1t s\u1ef1 ph\u00e1t tri\u1ec3n c\u1ee7a c\u00e1c lo\u1ea1i \u0111\u1ed9ngv\u1eadt c\u00f3 v\u1ecf nh\u01b0 cua, s\u00f2\u2026, t\u1ea3o bi\u1ec3n, n\u1ea5m, v\u00e0 c\u00e1c vi sinh v\u1eadt sinh s\u00f4i \u1edf c\u00e1c h\u1ec7 th\u1ed1ng n\u01b0\u1edbc bi\u1ec3n,ch\u1eb3ng h\u1ea1n nh\u01b0 \u1ed1ng d\u1eabn n\u01b0\u1edbc bi\u1ec3n, \u0111\u1ed3 l\u1ecdc, \u0111\u00e1y t\u00e0u, c\u00e1c b\u1ec3 \u1ed5n \u0111\u1ecbnh, ch\u00e2n d\u00e0n khoan d\u1ea7u tr\u00eanbi\u1ec3n\u2026\" \/>\n<meta property=\"og:url\" content=\"https:\/\/bulktradeviet.com\/en\/product\/hoa-chat-khu-trung\/\" \/>\n<meta property=\"og:site_name\" content=\"C\u00d4NG TY TNHH BULK TRADE (VIET)\" \/>\n<meta property=\"article:modified_time\" content=\"2025-08-19T22:27:53+00:00\" \/>\n<meta property=\"og:image\" content=\"https:\/\/bulktradeviet.com\/wp-content\/uploads\/2019\/10\/AWT-375.jpg\" \/>\n\t<meta property=\"og:image:width\" content=\"2000\" \/>\n\t<meta property=\"og:image:height\" content=\"2000\" \/>\n\t<meta property=\"og:image:type\" content=\"image\/jpeg\" \/>\n<meta name=\"twitter:card\" content=\"summary_large_image\" \/>\n<meta name=\"twitter:label1\" content=\"Est. reading time\" \/>\n\t<meta name=\"twitter:data1\" content=\"2 minutes\" \/>\n<script type=\"application\/ld+json\" class=\"yoast-schema-graph\">{\"@context\":\"https:\/\/schema.org\",\"@graph\":[{\"@type\":\"WebPage\",\"@id\":\"https:\/\/bulktradeviet.com\/en\/product\/hoa-chat-khu-trung\/\",\"url\":\"https:\/\/bulktradeviet.com\/en\/product\/hoa-chat-khu-trung\/\",\"name\":\"Ho\u00e1 ch\u1ea5t di\u1ec7t vi sinh x\u1eed l\u00fd n\u01b0\u1edbc l\u00e0m m\u00e1t AWT-375 Microbiocide | C\u00d4NG TY TNHH BULK TRADE (VIET)\",\"isPartOf\":{\"@id\":\"https:\/\/bulktradeviet.com\/en\/#website\"},\"primaryImageOfPage\":{\"@id\":\"https:\/\/bulktradeviet.com\/en\/product\/hoa-chat-khu-trung\/#primaryimage\"},\"image\":{\"@id\":\"https:\/\/bulktradeviet.com\/en\/product\/hoa-chat-khu-trung\/#primaryimage\"},\"thumbnailUrl\":\"https:\/\/bulktradeviet.com\/wp-content\/uploads\/2019\/10\/AWT-375.jpg\",\"datePublished\":\"2019-10-22T02:39:15+00:00\",\"dateModified\":\"2025-08-19T22:27:53+00:00\",\"description\":\"AWT-375 l\u00e0 ch\u1ea5t di\u1ec7t khu\u1ea9n hi\u1ec7u qu\u1ea3 cao d\u00f9ng \u0111\u1ec3 ki\u1ec3m so\u00e1t s\u1ef1 ph\u00e1t tri\u1ec3n c\u1ee7a c\u00e1c lo\u1ea1i \u0111\u1ed9ngv\u1eadt c\u00f3 v\u1ecf nh\u01b0 cua, s\u00f2\u2026, t\u1ea3o bi\u1ec3n, n\u1ea5m, v\u00e0 c\u00e1c vi sinh v\u1eadt sinh s\u00f4i \u1edf c\u00e1c h\u1ec7 th\u1ed1ng n\u01b0\u1edbc bi\u1ec3n,ch\u1eb3ng h\u1ea1n nh\u01b0 \u1ed1ng d\u1eabn n\u01b0\u1edbc bi\u1ec3n, \u0111\u1ed3 l\u1ecdc, \u0111\u00e1y t\u00e0u, c\u00e1c b\u1ec3 \u1ed5n \u0111\u1ecbnh, ch\u00e2n d\u00e0n khoan d\u1ea7u tr\u00eanbi\u1ec3n\u2026\",\"breadcrumb\":{\"@id\":\"https:\/\/bulktradeviet.com\/en\/product\/hoa-chat-khu-trung\/#breadcrumb\"},\"inLanguage\":\"en-US\",\"potentialAction\":[{\"@type\":\"ReadAction\",\"target\":[\"https:\/\/bulktradeviet.com\/en\/product\/hoa-chat-khu-trung\/\"]}]},{\"@type\":\"ImageObject\",\"inLanguage\":\"en-US\",\"@id\":\"https:\/\/bulktradeviet.com\/en\/product\/hoa-chat-khu-trung\/#primaryimage\",\"url\":\"https:\/\/bulktradeviet.com\/wp-content\/uploads\/2019\/10\/AWT-375.jpg\",\"contentUrl\":\"https:\/\/bulktradeviet.com\/wp-content\/uploads\/2019\/10\/AWT-375.jpg\",\"width\":2000,\"height\":2000},{\"@type\":\"BreadcrumbList\",\"@id\":\"https:\/\/bulktradeviet.com\/en\/product\/hoa-chat-khu-trung\/#breadcrumb\",\"itemListElement\":[{\"@type\":\"ListItem\",\"position\":1,\"name\":\"Trang ch\u1ee7\",\"item\":\"https:\/\/bulktradeviet.com\/en\/\"},{\"@type\":\"ListItem\",\"position\":2,\"name\":\"Products\",\"item\":\"https:\/\/bulktradeviet.com\/en\/shop\/\"},{\"@type\":\"ListItem\",\"position\":3,\"name\":\"Ho\u00e1 ch\u1ea5t di\u1ec7t vi sinh x\u1eed l\u00fd n\u01b0\u1edbc l\u00e0m m\u00e1t AWT-375 Microbiocide\"}]},{\"@type\":\"WebSite\",\"@id\":\"https:\/\/bulktradeviet.com\/en\/#website\",\"url\":\"https:\/\/bulktradeviet.com\/en\/\",\"name\":\"C\u00d4NG TY TNHH BULK TRADE (VIET)\",\"description\":\"Nh\u1eadp Kh\u1ea9u Ph\u00e2n Ph\u1ed1i H\u00f3a Ch\u1ea5t C\u00f4ng Nghi\u1ec7p\",\"potentialAction\":[{\"@type\":\"SearchAction\",\"target\":{\"@type\":\"EntryPoint\",\"urlTemplate\":\"https:\/\/bulktradeviet.com\/en\/?s={search_term_string}\"},\"query-input\":{\"@type\":\"PropertyValueSpecification\",\"valueRequired\":true,\"valueName\":\"search_term_string\"}}],\"inLanguage\":\"en-US\"}]}<\/script>\n<!-- \/ Yoast SEO plugin. -->","yoast_head_json":{"title":"Ho\u00e1 ch\u1ea5t di\u1ec7t vi sinh x\u1eed l\u00fd n\u01b0\u1edbc l\u00e0m m\u00e1t AWT-375 Microbiocide | C\u00d4NG TY TNHH BULK TRADE (VIET)","description":"AWT-375 l\u00e0 ch\u1ea5t di\u1ec7t khu\u1ea9n hi\u1ec7u qu\u1ea3 cao d\u00f9ng \u0111\u1ec3 ki\u1ec3m so\u00e1t s\u1ef1 ph\u00e1t tri\u1ec3n c\u1ee7a c\u00e1c lo\u1ea1i \u0111\u1ed9ngv\u1eadt c\u00f3 v\u1ecf nh\u01b0 cua, s\u00f2\u2026, t\u1ea3o bi\u1ec3n, n\u1ea5m, v\u00e0 c\u00e1c vi sinh v\u1eadt sinh s\u00f4i \u1edf c\u00e1c h\u1ec7 th\u1ed1ng n\u01b0\u1edbc bi\u1ec3n,ch\u1eb3ng h\u1ea1n nh\u01b0 \u1ed1ng d\u1eabn n\u01b0\u1edbc bi\u1ec3n, \u0111\u1ed3 l\u1ecdc, \u0111\u00e1y t\u00e0u, c\u00e1c b\u1ec3 \u1ed5n \u0111\u1ecbnh, ch\u00e2n d\u00e0n khoan d\u1ea7u tr\u00eanbi\u1ec3n\u2026","robots":{"index":"index","follow":"follow","max-snippet":"max-snippet:-1","max-image-preview":"max-image-preview:large","max-video-preview":"max-video-preview:-1"},"canonical":"https:\/\/bulktradeviet.com\/en\/product\/hoa-chat-khu-trung\/","og_locale":"en_US","og_type":"article","og_title":"Ho\u00e1 ch\u1ea5t di\u1ec7t vi sinh x\u1eed l\u00fd n\u01b0\u1edbc l\u00e0m m\u00e1t AWT-375 Microbiocide | C\u00d4NG TY TNHH BULK TRADE (VIET)","og_description":"AWT-375 l\u00e0 ch\u1ea5t di\u1ec7t khu\u1ea9n hi\u1ec7u qu\u1ea3 cao d\u00f9ng \u0111\u1ec3 ki\u1ec3m so\u00e1t s\u1ef1 ph\u00e1t tri\u1ec3n c\u1ee7a c\u00e1c lo\u1ea1i \u0111\u1ed9ngv\u1eadt c\u00f3 v\u1ecf nh\u01b0 cua, s\u00f2\u2026, t\u1ea3o bi\u1ec3n, n\u1ea5m, v\u00e0 c\u00e1c vi sinh v\u1eadt sinh s\u00f4i \u1edf c\u00e1c h\u1ec7 th\u1ed1ng n\u01b0\u1edbc bi\u1ec3n,ch\u1eb3ng h\u1ea1n nh\u01b0 \u1ed1ng d\u1eabn n\u01b0\u1edbc bi\u1ec3n, \u0111\u1ed3 l\u1ecdc, \u0111\u00e1y t\u00e0u, c\u00e1c b\u1ec3 \u1ed5n \u0111\u1ecbnh, ch\u00e2n d\u00e0n khoan d\u1ea7u tr\u00eanbi\u1ec3n\u2026","og_url":"https:\/\/bulktradeviet.com\/en\/product\/hoa-chat-khu-trung\/","og_site_name":"C\u00d4NG TY TNHH BULK TRADE (VIET)","article_modified_time":"2025-08-19T22:27:53+00:00","og_image":[{"width":2000,"height":2000,"url":"https:\/\/bulktradeviet.com\/wp-content\/uploads\/2019\/10\/AWT-375.jpg","type":"image\/jpeg"}],"twitter_card":"summary_large_image","twitter_misc":{"Est. reading time":"2 minutes"},"schema":{"@context":"https:\/\/schema.org","@graph":[{"@type":"WebPage","@id":"https:\/\/bulktradeviet.com\/en\/product\/hoa-chat-khu-trung\/","url":"https:\/\/bulktradeviet.com\/en\/product\/hoa-chat-khu-trung\/","name":"Ho\u00e1 ch\u1ea5t di\u1ec7t vi sinh x\u1eed l\u00fd n\u01b0\u1edbc l\u00e0m m\u00e1t AWT-375 Microbiocide | C\u00d4NG TY TNHH BULK TRADE (VIET)","isPartOf":{"@id":"https:\/\/bulktradeviet.com\/en\/#website"},"primaryImageOfPage":{"@id":"https:\/\/bulktradeviet.com\/en\/product\/hoa-chat-khu-trung\/#primaryimage"},"image":{"@id":"https:\/\/bulktradeviet.com\/en\/product\/hoa-chat-khu-trung\/#primaryimage"},"thumbnailUrl":"https:\/\/bulktradeviet.com\/wp-content\/uploads\/2019\/10\/AWT-375.jpg","datePublished":"2019-10-22T02:39:15+00:00","dateModified":"2025-08-19T22:27:53+00:00","description":"AWT-375 l\u00e0 ch\u1ea5t di\u1ec7t khu\u1ea9n hi\u1ec7u qu\u1ea3 cao d\u00f9ng \u0111\u1ec3 ki\u1ec3m so\u00e1t s\u1ef1 ph\u00e1t tri\u1ec3n c\u1ee7a c\u00e1c lo\u1ea1i \u0111\u1ed9ngv\u1eadt c\u00f3 v\u1ecf nh\u01b0 cua, s\u00f2\u2026, t\u1ea3o bi\u1ec3n, n\u1ea5m, v\u00e0 c\u00e1c vi sinh v\u1eadt sinh s\u00f4i \u1edf c\u00e1c h\u1ec7 th\u1ed1ng n\u01b0\u1edbc bi\u1ec3n,ch\u1eb3ng h\u1ea1n nh\u01b0 \u1ed1ng d\u1eabn n\u01b0\u1edbc bi\u1ec3n, \u0111\u1ed3 l\u1ecdc, \u0111\u00e1y t\u00e0u, c\u00e1c b\u1ec3 \u1ed5n \u0111\u1ecbnh, ch\u00e2n d\u00e0n khoan d\u1ea7u tr\u00eanbi\u1ec3n\u2026","breadcrumb":{"@id":"https:\/\/bulktradeviet.com\/en\/product\/hoa-chat-khu-trung\/#breadcrumb"},"inLanguage":"en-US","potentialAction":[{"@type":"ReadAction","target":["https:\/\/bulktradeviet.com\/en\/product\/hoa-chat-khu-trung\/"]}]},{"@type":"ImageObject","inLanguage":"en-US","@id":"https:\/\/bulktradeviet.com\/en\/product\/hoa-chat-khu-trung\/#primaryimage","url":"https:\/\/bulktradeviet.com\/wp-content\/uploads\/2019\/10\/AWT-375.jpg","contentUrl":"https:\/\/bulktradeviet.com\/wp-content\/uploads\/2019\/10\/AWT-375.jpg","width":2000,"height":2000},{"@type":"BreadcrumbList","@id":"https:\/\/bulktradeviet.com\/en\/product\/hoa-chat-khu-trung\/#breadcrumb","itemListElement":[{"@type":"ListItem","position":1,"name":"Trang ch\u1ee7","item":"https:\/\/bulktradeviet.com\/en\/"},{"@type":"ListItem","position":2,"name":"Products","item":"https:\/\/bulktradeviet.com\/en\/shop\/"},{"@type":"ListItem","position":3,"name":"Ho\u00e1 ch\u1ea5t di\u1ec7t vi sinh x\u1eed l\u00fd n\u01b0\u1edbc l\u00e0m m\u00e1t AWT-375 Microbiocide"}]},{"@type":"WebSite","@id":"https:\/\/bulktradeviet.com\/en\/#website","url":"https:\/\/bulktradeviet.com\/en\/","name":"C\u00d4NG TY TNHH BULK TRADE (VIET)","description":"Nh\u1eadp Kh\u1ea9u Ph\u00e2n Ph\u1ed1i H\u00f3a Ch\u1ea5t C\u00f4ng Nghi\u1ec7p","potentialAction":[{"@type":"SearchAction","target":{"@type":"EntryPoint","urlTemplate":"https:\/\/bulktradeviet.com\/en\/?s={search_term_string}"},"query-input":{"@type":"PropertyValueSpecification","valueRequired":true,"valueName":"search_term_string"}}],"inLanguage":"en-US"}]}},"_links":{"self":[{"href":"https:\/\/bulktradeviet.com\/en\/wp-json\/wp\/v2\/product\/121","targetHints":{"allow":["GET"]}}],"collection":[{"href":"https:\/\/bulktradeviet.com\/en\/wp-json\/wp\/v2\/product"}],"about":[{"href":"https:\/\/bulktradeviet.com\/en\/wp-json\/wp\/v2\/types\/product"}],"replies":[{"embeddable":true,"href":"https:\/\/bulktradeviet.com\/en\/wp-json\/wp\/v2\/comments?post=121"}],"wp:featuredmedia":[{"embeddable":true,"href":"https:\/\/bulktradeviet.com\/en\/wp-json\/wp\/v2\/media\/614"}],"wp:attachment":[{"href":"https:\/\/bulktradeviet.com\/en\/wp-json\/wp\/v2\/media?parent=121"}],"wp:term":[{"taxonomy":"product_cat","embeddable":true,"href":"https:\/\/bulktradeviet.com\/en\/wp-json\/wp\/v2\/product_cat?post=121"},{"taxonomy":"product_tag","embeddable":true,"href":"https:\/\/bulktradeviet.com\/en\/wp-json\/wp\/v2\/product_tag?post=121"}],"curies":[{"name":"wp","href":"https:\/\/api.w.org\/{rel}","templated":true}]}}