{"id":116,"date":"2019-10-22T02:24:46","date_gmt":"2019-10-22T02:24:46","guid":{"rendered":"https:\/\/bulktradeviet.com\/?post_type=product&#038;p=116"},"modified":"2025-08-22T19:25:54","modified_gmt":"2025-08-22T19:25:54","slug":"awt-426","status":"publish","type":"product","link":"https:\/\/bulktradeviet.com\/en\/product\/awt-426\/","title":{"rendered":"Ho\u00e1 ch\u1ea5t ch\u1ed1ng \u0103n m\u00f2n v\u00e0 c\u00e1u c\u1eb7n n\u01b0\u1edbc n\u1ed3i h\u01a1i, chiller AWT-426 Liquid Treat DCWT"},"content":{"rendered":"<h1>AWT-426 Liquid Treat DCWT<\/h1>\n<ul>\n<li>\n<h5><strong>\u1ee8C CH\u1ebe \u0102N M\u00d2N HI\u1ec6U QU\u1ea2 C\u00c1C KIM LO\u1ea0I TRONG C\u00c1C H\u1ec6 TH\u1ed0NG GIA NHI\u1ec6T V\u00c0 L\u00c0M L\u1ea0NH KH\u00c9P K\u00cdN<\/strong><\/h5>\n<\/li>\n<li>\n<h5><strong>KH\u00d4NG X\u1ea2Y RA HI\u1ec6N T\u01af\u1ee2NG C\u00c1C C\u1eb6N KHO\u00c1NG, B\u00d9N H\u1ea4P TH\u1ee4 NHI\u1ec6T<\/strong><\/h5>\n<\/li>\n<li>\n<h5><strong>T\u0102NG C\u01af\u1edcNG HI\u1ec6U QU\u1ea2 L\u00c0M L\u1ea0NH CHO THI\u1ebeT B\u1eca<\/strong><\/h5>\n<\/li>\n<li>\n<h5><strong>T\u01af\u01a0NG TH\u00cdCH V\u1edaI C\u00c1C CH\u1ea4T \u1ee8C CH\u1ebe C\u00d3 G\u1ed0C NITRITE V\u00c0 GLYCOL CH\u1ed0NG \u0110\u00d4NG C\u1ee8NG<\/strong><\/h5>\n<\/li>\n<li>\n<h5><strong>HI\u1ec6U QU\u1ea2 KINH T\u1ebe CAO<\/strong><\/h5>\n<h4><strong><u>TH\u00d4NG TIN S\u1ea2N PH\u1ea8M<\/u><\/strong><\/h4>\n<p><strong>AWT-426 <\/strong>l\u00e0 h\u1ed7n h\u1ee3p c\u1ee7a Nitrite v\u00e0 Borax, chuy\u00ean d\u00f9ng \u0111\u1ec3 ki\u1ec3m so\u00e1t m\u1ee9c \u0111\u1ed9 \u0103n m\u00f2n m\u1ed9t c\u00e1ch to\u00e0n di\u1ec7n trong c\u00e1c h\u1ec7 th\u1ed1ng n\u01b0\u1edbc kh\u00e9p k\u00edn c\u1ee7a c\u00e1c thi\u1ebft b\u1ecb \u0111\u1ed9ng c\u01a1. <strong>AWT-426 <\/strong>t\u1ea1o th\u00e0nh m\u1ed9t l\u1edbp m\u00e0ng \u1ee9c ch\u1ebf b\u1ea3o v\u1ec7 c\u00e1c b\u1ec1 m\u1eb7t kim lo\u1ea1i trong c\u00e1c h\u1ec7 th\u1ed1ng l\u00e0m l\u1ea1nh ch\u1ed1ng l\u1ea1i vi\u1ec7c b\u1ecb \u0103n m\u00f2n, gi\u00fap cho \u0111\u1ed9ng c\u01a1 lu\u00f4n s\u1ea1ch s\u1ebd v\u00e0 kh\u00f4ng b\u1ecb hi\u1ec7n t\u01b0\u1ee3ng qu\u00e1 nhi\u1ec7t.<\/p>\n<p>C\u00e1c h\u1ec7 th\u1ed1ng c\u0169 k\u1ef9, kh\u00f4ng \u0111\u01b0\u1ee3c b\u1ea3o d\u01b0\u1ee1ng hay x\u1eed l\u00fd th\u01b0\u1eddng xuy\u00ean, \u0111\u1eb7c bi\u1ec7t \u1edf nh\u1eefng n\u01a1i c\u00e1u b\u1ea9n t\u00edch t\u1ee5 hay b\u1ecb \u0103n m\u00f2n nhi\u1ec1u th\u00ec n\u00ean \u0111\u01b0\u1ee3c x\u1eed l\u00fd tr\u01b0\u1edbc khi \u00e1p d\u1ee5ng <strong>AWT-426.<\/strong><\/p>\n<h4><strong><u>NHI\u1ec4M B\u1ea8N D\u1ea6U<\/u><\/strong><\/h4>\n<p>N\u00ean s\u1eed d\u1ee5ng dung d\u1ecbch 2% <strong>A-433 PRECLEAN <\/strong>v\u00e0 tu\u1ea7n ho\u00e0n trong v\u00f2ng 30 ph\u00fat, x\u1ea3 b\u1ecf, r\u1eeda s\u1ea1ch v\u1edbi n\u01b0\u1edbc r\u1ed3i m\u1edbi s\u1eed d\u1ee5ng l\u01b0\u1ee3ng c\u1ea7n thi\u1ebft <strong>AWT-426 LIQUIDTREAT DCWT<\/strong><\/p>\n<h4><strong><u>NHI\u1ec4M C\u1eb6N B\u1ea8N<\/u><\/strong><\/h4>\n<p>S\u1eed d\u1ee5ng dung d\u1ecbch <strong>A-175 DESCALEX HD <\/strong>3 \u0111\u1ebfn 5%, tu\u1ea7n ho\u00e0n trong v\u00f2ng 2- 3 ti\u1ebfng t\u00f9y thu\u1ed9c v\u00e0o l\u01b0\u1ee3ng c\u1eb7n b\u1ea9n t\u00edch t\u1ee5. Sau \u0111\u00f3 x\u1ea3 b\u1ecf, r\u1eeda s\u1ea1ch v\u1edbi n\u01b0\u1edbc v\u00e0 \u0111\u1ea3m b\u1ea3o r\u1eb1ng \u0111\u00e3 lo\u1ea1i s\u1ea1ch b\u1ecf c\u00e1c c\u1eb7n b\u1ea9n trong h\u1ec7 th\u1ed1ng. N\u00ean s\u1eed d\u1ee5ng dung d\u1ecbch ki\u1ec1m tu\u1ea7n ho\u00e0n m\u1ed9t th\u1eddi gian \u0111\u1ec3 th\u1ee5 \u0111\u1ed9ng b\u1ec1 m\u1eb7t kim lo\u1ea1i, x\u1ea3 b\u1ecf, ch\u00e2m n\u01b0\u1edbc r\u1ed3i b\u1ed5 sung l\u01b0\u1ee3ng c\u1ea7n thi\u1ebft\u00a0 <strong>AWT-426 LIQUIDTREAT DCWT <\/strong>v\u00e0o h\u1ec7 th\u1ed1ng, sau \u0111\u00f3 ch\u1ea1y \u0111\u1ed9ng c\u01a1 kho\u1ea3ng 30 ph\u00fat.<\/p>\n<h4><strong><u>D\u00d9NG CHO H\u1ec6 TH\u1ed0NG C\u0168 HO\u1eb6C M\u1edaI<\/u><\/strong><\/h4>\n<p>Ban \u0111\u1ea7u, th\u00eam 10 \u2013 15 mL <strong>AWT-426 <\/strong>\u00a0cho m\u1ed7i l\u00edt dung d\u1ecbch l\u00e0m l\u1ea1nh, b\u1ed5 sung 200mL <strong>AWT-426 <\/strong>cho m\u1ed7i 15.000 km ho\u1eb7c 250 gi\u1edd v\u1eadn h\u00e0nh tr\u1eeb khi c\u1ea1n n\u01b0\u1edbc \u0111\u00e1ng k\u1ec3.<\/p>\n<h4><strong><u>D\u00d9NG CHO H\u1ec6 TH\u1ed0NG L\u00c0M L\u1ea0NH \u0110\u1ed8NG C\u01a0 KH\u00c9P K\u00cdN<\/u><\/strong><\/h4>\n<p>Th\u00eam 1.5L <strong>AWT-426 <\/strong>cho m\u1ed7i 100 l\u00edt dung d\u1ecbch l\u00e0m l\u1ea1nh. \u0110i\u1ec1u n\u00e0y s\u1ebd t\u00edch l\u0169y l\u01b0\u1ee3ng NO<sub>2<\/sub> kho\u1ea3ng 1000-1400 ppm<\/p>\n<h4><strong><u>C\u1ea2NH B\u00c1O<\/u><\/strong><\/h4>\n<p>V\u1eadt li\u1ec7u b\u1eb1ng nh\u00f4m ho\u1eb7c \u0111\u1ed3ng thau n\u00ean \u0111\u01b0\u1ee3c x\u1eed l\u00fd \u1edf kho\u1ea3ng pH t\u1eeb 7.5 t\u1edbi 8.5.<\/p>\n<h4><strong><u>KI\u1ec2M SO\u00c1T<\/u><\/strong><\/h4>\n<p>pH th\u00f4ng th\u01b0\u1eddng n\u00ean \u0111\u01b0\u1ee3c duy tr\u00ec \u1edf kho\u1ea3ng 8.5 t\u1edbi 9.5 v\u00e0 n\u1ed3ng \u0111\u1ed9 Nitrite n\u00ean n\u1eb1m trong kho\u1ea3ng 1000 \u2013 2000 ppm. \u0110i\u1ec1u n\u00e0y c\u00f3 th\u1ec3 \u0111\u01b0\u1ee3c x\u00e1c \u0111\u1ecbnh d\u1ec5 d\u00e0ng b\u1eb1ng test kit.<\/li>\n<\/ul>\n<p>&nbsp;<\/p>\n<p>&nbsp;<\/p>\n<p>&nbsp;<\/p>\n<p>&nbsp;<\/p>","protected":false},"excerpt":{"rendered":"<p>AWT-426 chuy\u00ean d\u00f9ng \u0111\u1ec3 ki\u1ec3m so\u00e1t m\u1ee9c \u0111\u1ed9 \u0103n m\u00f2n m\u1ed9t c\u00e1ch to\u00e0n di\u1ec7n trong c\u00e1c h\u1ec7 th\u1ed1ng n\u01b0\u1edbc kh\u00e9p k\u00edn c\u1ee7a c\u00e1c thi\u1ebft b\u1ecb \u0111\u1ed9ng c\u01a1. AWT-17 t\u1ea1o th\u00e0nh m\u1ed9t l\u1edbp m\u00e0ng \u1ee9c ch\u1ebf b\u1ea3o v\u1ec7 c\u00e1c b\u1ec1 m\u1eb7t kim lo\u1ea1i trong c\u00e1c h\u1ec7 th\u1ed1ng l\u00e0m l\u1ea1nh ch\u1ed1ng l\u1ea1i vi\u1ec7c b\u1ecb \u0103n m\u00f2n, gi\u00fap cho \u0111\u1ed9ng c\u01a1 lu\u00f4n s\u1ea1ch s\u1ebd v\u00e0 kh\u00f4ng b\u1ecb hi\u1ec7n t\u01b0\u1ee3ng qu\u00e1 nhi\u1ec7t.<\/p>\n<p>&nbsp;<\/p>\n<p>&nbsp;<\/p>","protected":false},"featured_media":617,"comment_status":"open","ping_status":"closed","template":"","meta":[],"product_cat":[18,27,32,34],"product_tag":[28,31,30,73,29,72,71],"class_list":{"0":"post-116","1":"product","2":"type-product","3":"status-publish","4":"has-post-thumbnail","6":"product_cat-hoa-chat-hang-hai","7":"product_cat-hoa-chat-tay-rua","8":"product_cat-hoa-chat-tong-hop","9":"product_cat-hoa-chat-xu-ly-nuoc","10":"product_tag-awt-426","11":"product_tag-cau-can-chiller","12":"product_tag-chong-an-mon","13":"product_tag-chong-an-mon-noi-hoi","14":"product_tag-liquid-treat-dcwt","15":"product_tag-xu-ly-nuoc-boiler","16":"product_tag-xu-ly-nuoc-noi-hoi","18":"first","19":"instock","20":"shipping-taxable","21":"product-type-simple"},"yoast_head":"<!-- This site is optimized with the Yoast SEO plugin v24.1 - https:\/\/yoast.com\/wordpress\/plugins\/seo\/ -->\n<title>Ho\u00e1 ch\u1ea5t ch\u1ed1ng \u0103n m\u00f2n v\u00e0 c\u00e1u c\u1eb7n n\u01b0\u1edbc n\u1ed3i h\u01a1i, chiller AWT-426 Liquid Treat DCWT | C\u00d4NG TY TNHH BULK TRADE (VIET)<\/title>\n<meta name=\"description\" content=\"AWT-426 chuy\u00ean d\u00f9ng \u0111\u1ec3 ki\u1ec3m so\u00e1t m\u1ee9c \u0111\u1ed9 \u0103n m\u00f2n m\u1ed9t c\u00e1ch to\u00e0n di\u1ec7n trong c\u00e1c h\u1ec7 th\u1ed1ng n\u01b0\u1edbc kh\u00e9p k\u00edn c\u1ee7a c\u00e1c thi\u1ebft b\u1ecb \u0111\u1ed9ng c\u01a1. AWT-17 t\u1ea1o th\u00e0nh m\u1ed9t l\u1edbp m\u00e0ng \u1ee9c ch\u1ebf b\u1ea3o v\u1ec7 c\u00e1c b\u1ec1 m\u1eb7t kim lo\u1ea1i trong c\u00e1c h\u1ec7 th\u1ed1ng l\u00e0m l\u1ea1nh ch\u1ed1ng l\u1ea1i vi\u1ec7c b\u1ecb \u0103n m\u00f2n, gi\u00fap cho \u0111\u1ed9ng c\u01a1 lu\u00f4n s\u1ea1ch s\u1ebd v\u00e0 kh\u00f4ng b\u1ecb hi\u1ec7n t\u01b0\u1ee3ng qu\u00e1 nhi\u1ec7t.\" \/>\n<meta name=\"robots\" content=\"index, follow, max-snippet:-1, max-image-preview:large, max-video-preview:-1\" \/>\n<link rel=\"canonical\" href=\"https:\/\/bulktradeviet.com\/en\/product\/awt-426\/\" \/>\n<meta property=\"og:locale\" content=\"en_US\" \/>\n<meta property=\"og:type\" content=\"article\" \/>\n<meta property=\"og:title\" content=\"Ho\u00e1 ch\u1ea5t ch\u1ed1ng \u0103n m\u00f2n v\u00e0 c\u00e1u c\u1eb7n n\u01b0\u1edbc n\u1ed3i h\u01a1i, chiller AWT-426 Liquid Treat DCWT | C\u00d4NG TY TNHH BULK TRADE (VIET)\" \/>\n<meta property=\"og:description\" content=\"AWT-426 chuy\u00ean d\u00f9ng \u0111\u1ec3 ki\u1ec3m so\u00e1t m\u1ee9c \u0111\u1ed9 \u0103n m\u00f2n m\u1ed9t c\u00e1ch to\u00e0n di\u1ec7n trong c\u00e1c h\u1ec7 th\u1ed1ng n\u01b0\u1edbc kh\u00e9p k\u00edn c\u1ee7a c\u00e1c thi\u1ebft b\u1ecb \u0111\u1ed9ng c\u01a1. AWT-17 t\u1ea1o th\u00e0nh m\u1ed9t l\u1edbp m\u00e0ng \u1ee9c ch\u1ebf b\u1ea3o v\u1ec7 c\u00e1c b\u1ec1 m\u1eb7t kim lo\u1ea1i trong c\u00e1c h\u1ec7 th\u1ed1ng l\u00e0m l\u1ea1nh ch\u1ed1ng l\u1ea1i vi\u1ec7c b\u1ecb \u0103n m\u00f2n, gi\u00fap cho \u0111\u1ed9ng c\u01a1 lu\u00f4n s\u1ea1ch s\u1ebd v\u00e0 kh\u00f4ng b\u1ecb hi\u1ec7n t\u01b0\u1ee3ng qu\u00e1 nhi\u1ec7t.\" \/>\n<meta property=\"og:url\" content=\"https:\/\/bulktradeviet.com\/en\/product\/awt-426\/\" \/>\n<meta property=\"og:site_name\" content=\"C\u00d4NG TY TNHH BULK TRADE (VIET)\" \/>\n<meta property=\"article:modified_time\" content=\"2025-08-22T19:25:54+00:00\" \/>\n<meta property=\"og:image\" content=\"https:\/\/bulktradeviet.com\/wp-content\/uploads\/2019\/10\/A-426.jpg\" \/>\n\t<meta property=\"og:image:width\" content=\"2000\" \/>\n\t<meta property=\"og:image:height\" content=\"2000\" \/>\n\t<meta property=\"og:image:type\" content=\"image\/jpeg\" \/>\n<meta name=\"twitter:card\" content=\"summary_large_image\" \/>\n<meta name=\"twitter:label1\" content=\"Est. reading time\" \/>\n\t<meta name=\"twitter:data1\" content=\"3 minutes\" \/>\n<script type=\"application\/ld+json\" class=\"yoast-schema-graph\">{\"@context\":\"https:\/\/schema.org\",\"@graph\":[{\"@type\":\"WebPage\",\"@id\":\"https:\/\/bulktradeviet.com\/en\/product\/awt-426\/\",\"url\":\"https:\/\/bulktradeviet.com\/en\/product\/awt-426\/\",\"name\":\"Ho\u00e1 ch\u1ea5t ch\u1ed1ng \u0103n m\u00f2n v\u00e0 c\u00e1u c\u1eb7n n\u01b0\u1edbc n\u1ed3i h\u01a1i, chiller AWT-426 Liquid Treat DCWT | C\u00d4NG TY TNHH BULK TRADE (VIET)\",\"isPartOf\":{\"@id\":\"https:\/\/bulktradeviet.com\/en\/#website\"},\"primaryImageOfPage\":{\"@id\":\"https:\/\/bulktradeviet.com\/en\/product\/awt-426\/#primaryimage\"},\"image\":{\"@id\":\"https:\/\/bulktradeviet.com\/en\/product\/awt-426\/#primaryimage\"},\"thumbnailUrl\":\"https:\/\/bulktradeviet.com\/wp-content\/uploads\/2019\/10\/A-426.jpg\",\"datePublished\":\"2019-10-22T02:24:46+00:00\",\"dateModified\":\"2025-08-22T19:25:54+00:00\",\"description\":\"AWT-426 chuy\u00ean d\u00f9ng \u0111\u1ec3 ki\u1ec3m so\u00e1t m\u1ee9c \u0111\u1ed9 \u0103n m\u00f2n m\u1ed9t c\u00e1ch to\u00e0n di\u1ec7n trong c\u00e1c h\u1ec7 th\u1ed1ng n\u01b0\u1edbc kh\u00e9p k\u00edn c\u1ee7a c\u00e1c thi\u1ebft b\u1ecb \u0111\u1ed9ng c\u01a1. AWT-17 t\u1ea1o th\u00e0nh m\u1ed9t l\u1edbp m\u00e0ng \u1ee9c ch\u1ebf b\u1ea3o v\u1ec7 c\u00e1c b\u1ec1 m\u1eb7t kim lo\u1ea1i trong c\u00e1c h\u1ec7 th\u1ed1ng l\u00e0m l\u1ea1nh ch\u1ed1ng l\u1ea1i vi\u1ec7c b\u1ecb \u0103n m\u00f2n, gi\u00fap cho \u0111\u1ed9ng c\u01a1 lu\u00f4n s\u1ea1ch s\u1ebd v\u00e0 kh\u00f4ng b\u1ecb hi\u1ec7n t\u01b0\u1ee3ng qu\u00e1 nhi\u1ec7t.\",\"breadcrumb\":{\"@id\":\"https:\/\/bulktradeviet.com\/en\/product\/awt-426\/#breadcrumb\"},\"inLanguage\":\"en-US\",\"potentialAction\":[{\"@type\":\"ReadAction\",\"target\":[\"https:\/\/bulktradeviet.com\/en\/product\/awt-426\/\"]}]},{\"@type\":\"ImageObject\",\"inLanguage\":\"en-US\",\"@id\":\"https:\/\/bulktradeviet.com\/en\/product\/awt-426\/#primaryimage\",\"url\":\"https:\/\/bulktradeviet.com\/wp-content\/uploads\/2019\/10\/A-426.jpg\",\"contentUrl\":\"https:\/\/bulktradeviet.com\/wp-content\/uploads\/2019\/10\/A-426.jpg\",\"width\":2000,\"height\":2000},{\"@type\":\"BreadcrumbList\",\"@id\":\"https:\/\/bulktradeviet.com\/en\/product\/awt-426\/#breadcrumb\",\"itemListElement\":[{\"@type\":\"ListItem\",\"position\":1,\"name\":\"Trang ch\u1ee7\",\"item\":\"https:\/\/bulktradeviet.com\/en\/\"},{\"@type\":\"ListItem\",\"position\":2,\"name\":\"Products\",\"item\":\"https:\/\/bulktradeviet.com\/en\/shop\/\"},{\"@type\":\"ListItem\",\"position\":3,\"name\":\"Ho\u00e1 ch\u1ea5t ch\u1ed1ng \u0103n m\u00f2n v\u00e0 c\u00e1u c\u1eb7n n\u01b0\u1edbc n\u1ed3i h\u01a1i, chiller AWT-426 Liquid Treat DCWT\"}]},{\"@type\":\"WebSite\",\"@id\":\"https:\/\/bulktradeviet.com\/en\/#website\",\"url\":\"https:\/\/bulktradeviet.com\/en\/\",\"name\":\"C\u00d4NG TY TNHH BULK TRADE (VIET)\",\"description\":\"Nh\u1eadp Kh\u1ea9u Ph\u00e2n Ph\u1ed1i H\u00f3a Ch\u1ea5t C\u00f4ng Nghi\u1ec7p\",\"potentialAction\":[{\"@type\":\"SearchAction\",\"target\":{\"@type\":\"EntryPoint\",\"urlTemplate\":\"https:\/\/bulktradeviet.com\/en\/?s={search_term_string}\"},\"query-input\":{\"@type\":\"PropertyValueSpecification\",\"valueRequired\":true,\"valueName\":\"search_term_string\"}}],\"inLanguage\":\"en-US\"}]}<\/script>\n<!-- \/ Yoast SEO plugin. -->","yoast_head_json":{"title":"Ho\u00e1 ch\u1ea5t ch\u1ed1ng \u0103n m\u00f2n v\u00e0 c\u00e1u c\u1eb7n n\u01b0\u1edbc n\u1ed3i h\u01a1i, chiller AWT-426 Liquid Treat DCWT | C\u00d4NG TY TNHH BULK TRADE (VIET)","description":"AWT-426 chuy\u00ean d\u00f9ng \u0111\u1ec3 ki\u1ec3m so\u00e1t m\u1ee9c \u0111\u1ed9 \u0103n m\u00f2n m\u1ed9t c\u00e1ch to\u00e0n di\u1ec7n trong c\u00e1c h\u1ec7 th\u1ed1ng n\u01b0\u1edbc kh\u00e9p k\u00edn c\u1ee7a c\u00e1c thi\u1ebft b\u1ecb \u0111\u1ed9ng c\u01a1. AWT-17 t\u1ea1o th\u00e0nh m\u1ed9t l\u1edbp m\u00e0ng \u1ee9c ch\u1ebf b\u1ea3o v\u1ec7 c\u00e1c b\u1ec1 m\u1eb7t kim lo\u1ea1i trong c\u00e1c h\u1ec7 th\u1ed1ng l\u00e0m l\u1ea1nh ch\u1ed1ng l\u1ea1i vi\u1ec7c b\u1ecb \u0103n m\u00f2n, gi\u00fap cho \u0111\u1ed9ng c\u01a1 lu\u00f4n s\u1ea1ch s\u1ebd v\u00e0 kh\u00f4ng b\u1ecb hi\u1ec7n t\u01b0\u1ee3ng qu\u00e1 nhi\u1ec7t.","robots":{"index":"index","follow":"follow","max-snippet":"max-snippet:-1","max-image-preview":"max-image-preview:large","max-video-preview":"max-video-preview:-1"},"canonical":"https:\/\/bulktradeviet.com\/en\/product\/awt-426\/","og_locale":"en_US","og_type":"article","og_title":"Ho\u00e1 ch\u1ea5t ch\u1ed1ng \u0103n m\u00f2n v\u00e0 c\u00e1u c\u1eb7n n\u01b0\u1edbc n\u1ed3i h\u01a1i, chiller AWT-426 Liquid Treat DCWT | C\u00d4NG TY TNHH BULK TRADE (VIET)","og_description":"AWT-426 chuy\u00ean d\u00f9ng \u0111\u1ec3 ki\u1ec3m so\u00e1t m\u1ee9c \u0111\u1ed9 \u0103n m\u00f2n m\u1ed9t c\u00e1ch to\u00e0n di\u1ec7n trong c\u00e1c h\u1ec7 th\u1ed1ng n\u01b0\u1edbc kh\u00e9p k\u00edn c\u1ee7a c\u00e1c thi\u1ebft b\u1ecb \u0111\u1ed9ng c\u01a1. AWT-17 t\u1ea1o th\u00e0nh m\u1ed9t l\u1edbp m\u00e0ng \u1ee9c ch\u1ebf b\u1ea3o v\u1ec7 c\u00e1c b\u1ec1 m\u1eb7t kim lo\u1ea1i trong c\u00e1c h\u1ec7 th\u1ed1ng l\u00e0m l\u1ea1nh ch\u1ed1ng l\u1ea1i vi\u1ec7c b\u1ecb \u0103n m\u00f2n, gi\u00fap cho \u0111\u1ed9ng c\u01a1 lu\u00f4n s\u1ea1ch s\u1ebd v\u00e0 kh\u00f4ng b\u1ecb hi\u1ec7n t\u01b0\u1ee3ng qu\u00e1 nhi\u1ec7t.","og_url":"https:\/\/bulktradeviet.com\/en\/product\/awt-426\/","og_site_name":"C\u00d4NG TY TNHH BULK TRADE (VIET)","article_modified_time":"2025-08-22T19:25:54+00:00","og_image":[{"width":2000,"height":2000,"url":"https:\/\/bulktradeviet.com\/wp-content\/uploads\/2019\/10\/A-426.jpg","type":"image\/jpeg"}],"twitter_card":"summary_large_image","twitter_misc":{"Est. reading time":"3 minutes"},"schema":{"@context":"https:\/\/schema.org","@graph":[{"@type":"WebPage","@id":"https:\/\/bulktradeviet.com\/en\/product\/awt-426\/","url":"https:\/\/bulktradeviet.com\/en\/product\/awt-426\/","name":"Ho\u00e1 ch\u1ea5t ch\u1ed1ng \u0103n m\u00f2n v\u00e0 c\u00e1u c\u1eb7n n\u01b0\u1edbc n\u1ed3i h\u01a1i, chiller AWT-426 Liquid Treat DCWT | C\u00d4NG TY TNHH BULK TRADE (VIET)","isPartOf":{"@id":"https:\/\/bulktradeviet.com\/en\/#website"},"primaryImageOfPage":{"@id":"https:\/\/bulktradeviet.com\/en\/product\/awt-426\/#primaryimage"},"image":{"@id":"https:\/\/bulktradeviet.com\/en\/product\/awt-426\/#primaryimage"},"thumbnailUrl":"https:\/\/bulktradeviet.com\/wp-content\/uploads\/2019\/10\/A-426.jpg","datePublished":"2019-10-22T02:24:46+00:00","dateModified":"2025-08-22T19:25:54+00:00","description":"AWT-426 chuy\u00ean d\u00f9ng \u0111\u1ec3 ki\u1ec3m so\u00e1t m\u1ee9c \u0111\u1ed9 \u0103n m\u00f2n m\u1ed9t c\u00e1ch to\u00e0n di\u1ec7n trong c\u00e1c h\u1ec7 th\u1ed1ng n\u01b0\u1edbc kh\u00e9p k\u00edn c\u1ee7a c\u00e1c thi\u1ebft b\u1ecb \u0111\u1ed9ng c\u01a1. AWT-17 t\u1ea1o th\u00e0nh m\u1ed9t l\u1edbp m\u00e0ng \u1ee9c ch\u1ebf b\u1ea3o v\u1ec7 c\u00e1c b\u1ec1 m\u1eb7t kim lo\u1ea1i trong c\u00e1c h\u1ec7 th\u1ed1ng l\u00e0m l\u1ea1nh ch\u1ed1ng l\u1ea1i vi\u1ec7c b\u1ecb \u0103n m\u00f2n, gi\u00fap cho \u0111\u1ed9ng c\u01a1 lu\u00f4n s\u1ea1ch s\u1ebd v\u00e0 kh\u00f4ng b\u1ecb hi\u1ec7n t\u01b0\u1ee3ng qu\u00e1 nhi\u1ec7t.","breadcrumb":{"@id":"https:\/\/bulktradeviet.com\/en\/product\/awt-426\/#breadcrumb"},"inLanguage":"en-US","potentialAction":[{"@type":"ReadAction","target":["https:\/\/bulktradeviet.com\/en\/product\/awt-426\/"]}]},{"@type":"ImageObject","inLanguage":"en-US","@id":"https:\/\/bulktradeviet.com\/en\/product\/awt-426\/#primaryimage","url":"https:\/\/bulktradeviet.com\/wp-content\/uploads\/2019\/10\/A-426.jpg","contentUrl":"https:\/\/bulktradeviet.com\/wp-content\/uploads\/2019\/10\/A-426.jpg","width":2000,"height":2000},{"@type":"BreadcrumbList","@id":"https:\/\/bulktradeviet.com\/en\/product\/awt-426\/#breadcrumb","itemListElement":[{"@type":"ListItem","position":1,"name":"Trang ch\u1ee7","item":"https:\/\/bulktradeviet.com\/en\/"},{"@type":"ListItem","position":2,"name":"Products","item":"https:\/\/bulktradeviet.com\/en\/shop\/"},{"@type":"ListItem","position":3,"name":"Ho\u00e1 ch\u1ea5t ch\u1ed1ng \u0103n m\u00f2n v\u00e0 c\u00e1u c\u1eb7n n\u01b0\u1edbc n\u1ed3i h\u01a1i, chiller AWT-426 Liquid Treat DCWT"}]},{"@type":"WebSite","@id":"https:\/\/bulktradeviet.com\/en\/#website","url":"https:\/\/bulktradeviet.com\/en\/","name":"C\u00d4NG TY TNHH BULK TRADE (VIET)","description":"Nh\u1eadp Kh\u1ea9u Ph\u00e2n Ph\u1ed1i H\u00f3a Ch\u1ea5t C\u00f4ng Nghi\u1ec7p","potentialAction":[{"@type":"SearchAction","target":{"@type":"EntryPoint","urlTemplate":"https:\/\/bulktradeviet.com\/en\/?s={search_term_string}"},"query-input":{"@type":"PropertyValueSpecification","valueRequired":true,"valueName":"search_term_string"}}],"inLanguage":"en-US"}]}},"_links":{"self":[{"href":"https:\/\/bulktradeviet.com\/en\/wp-json\/wp\/v2\/product\/116","targetHints":{"allow":["GET"]}}],"collection":[{"href":"https:\/\/bulktradeviet.com\/en\/wp-json\/wp\/v2\/product"}],"about":[{"href":"https:\/\/bulktradeviet.com\/en\/wp-json\/wp\/v2\/types\/product"}],"replies":[{"embeddable":true,"href":"https:\/\/bulktradeviet.com\/en\/wp-json\/wp\/v2\/comments?post=116"}],"wp:featuredmedia":[{"embeddable":true,"href":"https:\/\/bulktradeviet.com\/en\/wp-json\/wp\/v2\/media\/617"}],"wp:attachment":[{"href":"https:\/\/bulktradeviet.com\/en\/wp-json\/wp\/v2\/media?parent=116"}],"wp:term":[{"taxonomy":"product_cat","embeddable":true,"href":"https:\/\/bulktradeviet.com\/en\/wp-json\/wp\/v2\/product_cat?post=116"},{"taxonomy":"product_tag","embeddable":true,"href":"https:\/\/bulktradeviet.com\/en\/wp-json\/wp\/v2\/product_tag?post=116"}],"curies":[{"name":"wp","href":"https:\/\/api.w.org\/{rel}","templated":true}]}}