{"id":111,"date":"2019-10-22T02:16:41","date_gmt":"2019-10-22T02:16:41","guid":{"rendered":"https:\/\/bulktradeviet.com\/?post_type=product&#038;p=111"},"modified":"2023-03-07T09:06:35","modified_gmt":"2023-03-07T09:06:35","slug":"a-400-coil-kleen","status":"publish","type":"product","link":"https:\/\/bulktradeviet.com\/en\/product\/a-400-coil-kleen\/","title":{"rendered":"Ho\u00e1 ch\u1ea5t v\u1ec7 sinh m\u00e1y l\u1ea1nh A-400 Coil Kleen"},"content":{"rendered":"<h1><strong>A-400 COIL KLEEN<\/strong><\/h1>\n<ul>\n<li><strong>Lo\u1ea1i b\u1ecf nhanh v\u00e0 hi\u1ec7u qu\u1ea3 c\u00e1c l\u1edbp m\u00e0ng oxide kim lo\u1ea1i, nh\u1eddn, b\u1ee5i, c\u00e1u b\u1ea9n<\/strong><\/li>\n<li><strong>Kh\u00f4ng c\u1ea7n c\u1ecd r\u1eeda<\/strong><\/li>\n<li><strong>K\u00e9o d\u00e0i tu\u1ed5i th\u1ecd b\u00ecnh ng\u01b0ng h\u01a1i<\/strong><\/li>\n<li><strong>D\u1ec5 s\u1eed d\u1ee5ng v\u00e0 c\u00f3 hi\u1ec7u qu\u1ea3 kinh t\u1ebf<\/strong><\/li>\n<li><strong>D\u1ec5 d\u00e0ng r\u1eeda s\u1ea1ch<\/strong><\/li>\n<\/ul>\n<p><strong>\u00a0<\/strong><\/p>\n<h4><strong><u>M\u00d4 T\u1ea2 S\u1ea2N PH\u1ea8M<\/u><\/strong><\/h4>\n<p><strong>A-400 <\/strong>l\u00e0 ch\u1ea5t l\u1ecfng c\u00f3 ch\u1ee9a t\u00e1c ch\u1ea5t th\u1ea5m \u01b0\u1edbt b\u1ec1 m\u1eb7t v\u00e0 c\u00f3 t\u00ednh ki\u1ec1m, l\u00e0 ch\u1ea5t chuy\u00ean d\u1ee5ng \u0111\u1ec3 lo\u1ea1i b\u1ecf ch\u1ea5t b\u1ea9n, nh\u1eddn, c\u1eb7n b\u1ee5i v\u00e0 c\u00e1c t\u1ea1p ch\u1ea5t th\u00f4ng th\u01b0\u1eddng \u1edf c\u00e1c h\u1ec7 th\u1ed1ng l\u00e0m l\u1ea1nh, \u0111i\u1ec1u h\u00f2a kh\u00f4ng kh\u00ed.<\/p>\n<p><strong>A-400<\/strong> l\u00e0 s\u1ea3n ph\u1ea9m l\u00e0m s\u1ea1ch m\u1ea1nh m\u1ebd, \u0111\u00e3 \u0111\u01b0\u1ee3c ph\u1ed5 bi\u1ebfn th\u01b0\u01a1ng m\u1ea1i r\u1ed9ng r\u00e3i trong nhi\u1ec1u l\u0129nh v\u1ef1c nh\u01b0 c\u00e1c c\u00f4ng tr\u00ecnh, kh\u00e1ch s\u1ea1n, c\u0103n h\u1ed9, c\u00e1c khu ph\u1ee9c h\u1ee3p, nh\u00e0 m\u00e1y, c\u00e1c c\u00f4ng ty d\u1ecbch v\u1ee5 s\u1eeda ch\u1eefa \u0111i\u1ec1u h\u00f2a kh\u00f4ng kh\u00ed.<\/p>\n<p><strong>A-400<\/strong> \u0111\u01b0\u1ee3c s\u1eed d\u1ee5ng b\u1eb1ng c\u00e1ch phun, ch\u00e0 ho\u1eb7c nh\u00fang v\u1eadt c\u1ea7n l\u00e0m s\u1ea1ch. C\u00f3 th\u1ec3 s\u1eed d\u1ee5ng <strong>A-400<\/strong> nguy\u00ean ch\u1ea5t ho\u1eb7c pha lo\u00e3ng v\u1edbi 1 \u0111\u1ebfn 10 ph\u1ea7n n\u01b0\u1edbc t\u00f9y thu\u1ed9c v\u00e0o m\u1ee9c \u0111\u1ed9 nhi\u1ec5m b\u1ea9n.<\/p>\n<p>&nbsp;<\/p>\n<h4><strong><u>H\u01af\u1edaNG D\u1eaaN S\u1eec D\u1ee4NG<\/u><\/strong><\/h4>\n<p>S\u1eed d\u1ee5ng <strong>A-400<\/strong> sau khi b\u1ec1 m\u1eb7t c\u1ea7n l\u00e0m s\u1ea1ch \u0111\u00e3 \u0111\u01b0\u1ee3c th\u1ea5m \u01b0\u1edbt, ch\u1edd t\u1eeb 5 t\u1edbi 10 ph\u00fat, r\u1eeda l\u1ea1i v\u1edbi n\u01b0\u1edbc v\u00e0 \u0111\u1ec3 kh\u00f4. <strong>A-400<\/strong> kh\u00f4ng n\u00ean \u0111\u01b0\u1ee3c s\u1eed d\u1ee5ng \u1edf nh\u1eefng n\u01a1i kh\u00f4ng th\u1ec3 d\u00f9ng n\u01b0\u1edbc \u0111\u1ec3 r\u1eeda.<\/p>\n<p>Kh\u00f4ng s\u1eed d\u1ee5ng <strong>A-400<\/strong> \u1edf nh\u1eefng n\u01a1i kh\u00f4ng tho\u00e1ng kh\u00ed ho\u1eb7c khu v\u1ef1c k\u00edn.<\/p>\n<p><img loading=\"lazy\" decoding=\"async\" class=\"alignnone size-medium wp-image-453\" src=\"https:\/\/bulktradeviet.com\/wp-content\/uploads\/2019\/10\/Apex_-_Dung_dich_ve_sinh_may_lanh_oto-300x225.jpg\" alt=\"\" width=\"300\" height=\"225\" srcset=\"https:\/\/bulktradeviet.com\/wp-content\/uploads\/2019\/10\/Apex_-_Dung_dich_ve_sinh_may_lanh_oto-300x225.jpg 300w, https:\/\/bulktradeviet.com\/wp-content\/uploads\/2019\/10\/Apex_-_Dung_dich_ve_sinh_may_lanh_oto-510x383.jpg 510w, https:\/\/bulktradeviet.com\/wp-content\/uploads\/2019\/10\/Apex_-_Dung_dich_ve_sinh_may_lanh_oto.jpg 600w\" sizes=\"auto, (max-width: 300px) 100vw, 300px\" \/><img loading=\"lazy\" decoding=\"async\" class=\"alignnone wp-image-454 size-medium\" src=\"https:\/\/bulktradeviet.com\/wp-content\/uploads\/2019\/10\/Dung_A400_COIL_KLEEN-300x201.jpg\" alt=\"So s\u00e1nh tr\u01b0\u1edbc v\u00e0 sau khi s\u1eed d\u1ee5ng A-400 Coil Kleen\" width=\"300\" height=\"201\" srcset=\"https:\/\/bulktradeviet.com\/wp-content\/uploads\/2019\/10\/Dung_A400_COIL_KLEEN-300x201.jpg 300w, https:\/\/bulktradeviet.com\/wp-content\/uploads\/2019\/10\/Dung_A400_COIL_KLEEN.jpg 350w\" sizes=\"auto, (max-width: 300px) 100vw, 300px\" \/><\/p>\n<p>&nbsp;<\/p>\n<p><img loading=\"lazy\" decoding=\"async\" class=\"alignnone size-medium wp-image-452\" src=\"https:\/\/bulktradeviet.com\/wp-content\/uploads\/2019\/10\/44871356_320712348741447_3618744207281225728_o-300x159.png\" alt=\"\" width=\"300\" height=\"159\" srcset=\"https:\/\/bulktradeviet.com\/wp-content\/uploads\/2019\/10\/44871356_320712348741447_3618744207281225728_o-300x159.png 300w, https:\/\/bulktradeviet.com\/wp-content\/uploads\/2019\/10\/44871356_320712348741447_3618744207281225728_o-510x270.png 510w, https:\/\/bulktradeviet.com\/wp-content\/uploads\/2019\/10\/44871356_320712348741447_3618744207281225728_o-768x406.png 768w, https:\/\/bulktradeviet.com\/wp-content\/uploads\/2019\/10\/44871356_320712348741447_3618744207281225728_o-600x317.png 600w, https:\/\/bulktradeviet.com\/wp-content\/uploads\/2019\/10\/44871356_320712348741447_3618744207281225728_o.png 1018w\" sizes=\"auto, (max-width: 300px) 100vw, 300px\" \/><\/p>\n<p>&nbsp;<\/p>\n<p>&nbsp;<\/p>\n<p>&nbsp;<\/p>","protected":false},"excerpt":{"rendered":"<p>A 400 Coil Kleen d\u00f9ng \u0111\u1ec3 v\u1ec7 sinh l\u00e1 nh\u00f4m d\u00e0n t\u1ea3n nhi\u1ec7t m\u00e1y \u0111i\u1ec1u ho\u00e0, d\u00e0n AHU, FCU.<br \/>\nA400 \u2013 Coil Kleen \u0111\u01b0\u1ee3c thi\u1ebft k\u1ebf \u0111\u1ec3 lo\u1ea1i b\u1ecf b\u1ee5i b\u1ea9n, d\u1ea7u m\u1ee1 v\u00e0 t\u1ea1p ch\u1ea5t b\u1ea9n trong c\u00e1c h\u1ec7 th\u1ed1ng \u0111i\u1ec1u ho\u00e0 kh\u00f4ng kh\u00ed, t\u1ea5m trao \u0111\u1ed5i nhi\u1ec7t nh\u00f4m, d\u00e0n l\u1ea1nh AHU, FCU.<br \/>\nA400 \u2013 Coil Kleen kh\u00f4ng g\u00e2y \u0103n m\u00f2n l\u00ean l\u00e1 nh\u00f4m c\u1ee7a thi\u1ebft b\u1ecb, an to\u00e0n v\u1edbi ng\u01b0\u1eddi s\u1eed d\u1ee5ng.<\/p>","protected":false},"featured_media":611,"comment_status":"open","ping_status":"closed","template":"","meta":[],"product_cat":[18,27,32],"product_tag":[124,57,122,53,54,55,144,143,56,142,52],"class_list":{"0":"post-111","1":"product","2":"type-product","3":"status-publish","4":"has-post-thumbnail","6":"product_cat-hoa-chat-hang-hai","7":"product_cat-hoa-chat-tay-rua","8":"product_cat-hoa-chat-tong-hop","9":"product_tag-chat-tay-rua-cong-nghiep","10":"product_tag-coil-kleen","11":"product_tag-hoa-chat-cong-nghiep","12":"product_tag-hoa-chat-ve-sinh-may-lanh","13":"product_tag-nuoc-tay-dan","14":"product_tag-nuoc-tay-gian-lanh","15":"product_tag-tay-rua-dan-tan-nhiet","16":"product_tag-ve-sinh-ahu","17":"product_tag-ve-sinh-dan-coil","18":"product_tag-ve-sinh-dan-fcu","19":"product_tag-ve-sinh-may-lanh","21":"first","22":"instock","23":"shipping-taxable","24":"product-type-simple"},"yoast_head":"<!-- This site is optimized with the Yoast SEO plugin v24.1 - https:\/\/yoast.com\/wordpress\/plugins\/seo\/ -->\n<title>Ho\u00e1 ch\u1ea5t v\u1ec7 sinh m\u00e1y l\u1ea1nh A-400 Coil Kleen | C\u00d4NG TY TNHH BULK TRADE (VIET)<\/title>\n<meta name=\"description\" content=\"Ho\u00e1 ch\u1ea5t v\u1ec7 sinh d\u00e0n l\u1ea1nh, Ho\u00e1 ch\u1ea5t v\u1ec7 sinh m\u00e1y l\u1ea1nh A-400 Coil Kleen N\u01b0\u1edbc t\u1ea9y gi\u00e0n l\u1ea1nh Ho\u00e1 ch\u1ea5t v\u1ec7 sinh m\u00e1y l\u1ea1nh A-400 Coil Kleen\" \/>\n<meta name=\"robots\" content=\"index, follow, max-snippet:-1, max-image-preview:large, max-video-preview:-1\" \/>\n<link rel=\"canonical\" href=\"https:\/\/bulktradeviet.com\/en\/product\/a-400-coil-kleen\/\" \/>\n<meta property=\"og:locale\" content=\"en_US\" \/>\n<meta property=\"og:type\" content=\"article\" \/>\n<meta property=\"og:title\" content=\"Ho\u00e1 ch\u1ea5t v\u1ec7 sinh m\u00e1y l\u1ea1nh A-400 Coil Kleen | C\u00d4NG TY TNHH BULK TRADE (VIET)\" \/>\n<meta property=\"og:description\" content=\"Ho\u00e1 ch\u1ea5t v\u1ec7 sinh d\u00e0n l\u1ea1nh, Ho\u00e1 ch\u1ea5t v\u1ec7 sinh m\u00e1y l\u1ea1nh A-400 Coil Kleen N\u01b0\u1edbc t\u1ea9y gi\u00e0n l\u1ea1nh Ho\u00e1 ch\u1ea5t v\u1ec7 sinh m\u00e1y l\u1ea1nh A-400 Coil Kleen\" \/>\n<meta property=\"og:url\" content=\"https:\/\/bulktradeviet.com\/en\/product\/a-400-coil-kleen\/\" \/>\n<meta property=\"og:site_name\" content=\"C\u00d4NG TY TNHH BULK TRADE (VIET)\" \/>\n<meta property=\"article:modified_time\" content=\"2023-03-07T09:06:35+00:00\" \/>\n<meta property=\"og:image\" content=\"https:\/\/bulktradeviet.com\/wp-content\/uploads\/2019\/10\/A-400.jpg\" \/>\n\t<meta property=\"og:image:width\" content=\"2000\" \/>\n\t<meta property=\"og:image:height\" content=\"2000\" \/>\n\t<meta property=\"og:image:type\" content=\"image\/jpeg\" \/>\n<meta name=\"twitter:card\" content=\"summary_large_image\" \/>\n<meta name=\"twitter:label1\" content=\"Est. reading time\" \/>\n\t<meta name=\"twitter:data1\" content=\"2 minutes\" \/>\n<script type=\"application\/ld+json\" class=\"yoast-schema-graph\">{\"@context\":\"https:\/\/schema.org\",\"@graph\":[{\"@type\":\"WebPage\",\"@id\":\"https:\/\/bulktradeviet.com\/en\/product\/a-400-coil-kleen\/\",\"url\":\"https:\/\/bulktradeviet.com\/en\/product\/a-400-coil-kleen\/\",\"name\":\"Ho\u00e1 ch\u1ea5t v\u1ec7 sinh m\u00e1y l\u1ea1nh A-400 Coil Kleen | C\u00d4NG TY TNHH BULK TRADE (VIET)\",\"isPartOf\":{\"@id\":\"https:\/\/bulktradeviet.com\/en\/#website\"},\"primaryImageOfPage\":{\"@id\":\"https:\/\/bulktradeviet.com\/en\/product\/a-400-coil-kleen\/#primaryimage\"},\"image\":{\"@id\":\"https:\/\/bulktradeviet.com\/en\/product\/a-400-coil-kleen\/#primaryimage\"},\"thumbnailUrl\":\"https:\/\/bulktradeviet.com\/wp-content\/uploads\/2019\/10\/A-400.jpg\",\"datePublished\":\"2019-10-22T02:16:41+00:00\",\"dateModified\":\"2023-03-07T09:06:35+00:00\",\"description\":\"Ho\u00e1 ch\u1ea5t v\u1ec7 sinh d\u00e0n l\u1ea1nh, Ho\u00e1 ch\u1ea5t v\u1ec7 sinh m\u00e1y l\u1ea1nh A-400 Coil Kleen N\u01b0\u1edbc t\u1ea9y gi\u00e0n l\u1ea1nh Ho\u00e1 ch\u1ea5t v\u1ec7 sinh m\u00e1y l\u1ea1nh A-400 Coil Kleen\",\"breadcrumb\":{\"@id\":\"https:\/\/bulktradeviet.com\/en\/product\/a-400-coil-kleen\/#breadcrumb\"},\"inLanguage\":\"en-US\",\"potentialAction\":[{\"@type\":\"ReadAction\",\"target\":[\"https:\/\/bulktradeviet.com\/en\/product\/a-400-coil-kleen\/\"]}]},{\"@type\":\"ImageObject\",\"inLanguage\":\"en-US\",\"@id\":\"https:\/\/bulktradeviet.com\/en\/product\/a-400-coil-kleen\/#primaryimage\",\"url\":\"https:\/\/bulktradeviet.com\/wp-content\/uploads\/2019\/10\/A-400.jpg\",\"contentUrl\":\"https:\/\/bulktradeviet.com\/wp-content\/uploads\/2019\/10\/A-400.jpg\",\"width\":2000,\"height\":2000},{\"@type\":\"BreadcrumbList\",\"@id\":\"https:\/\/bulktradeviet.com\/en\/product\/a-400-coil-kleen\/#breadcrumb\",\"itemListElement\":[{\"@type\":\"ListItem\",\"position\":1,\"name\":\"Trang ch\u1ee7\",\"item\":\"https:\/\/bulktradeviet.com\/en\/\"},{\"@type\":\"ListItem\",\"position\":2,\"name\":\"Products\",\"item\":\"https:\/\/bulktradeviet.com\/en\/shop\/\"},{\"@type\":\"ListItem\",\"position\":3,\"name\":\"Ho\u00e1 ch\u1ea5t v\u1ec7 sinh m\u00e1y l\u1ea1nh A-400 Coil Kleen\"}]},{\"@type\":\"WebSite\",\"@id\":\"https:\/\/bulktradeviet.com\/en\/#website\",\"url\":\"https:\/\/bulktradeviet.com\/en\/\",\"name\":\"C\u00d4NG TY TNHH BULK TRADE (VIET)\",\"description\":\"Nh\u1eadp Kh\u1ea9u Ph\u00e2n Ph\u1ed1i H\u00f3a Ch\u1ea5t C\u00f4ng Nghi\u1ec7p\",\"potentialAction\":[{\"@type\":\"SearchAction\",\"target\":{\"@type\":\"EntryPoint\",\"urlTemplate\":\"https:\/\/bulktradeviet.com\/en\/?s={search_term_string}\"},\"query-input\":{\"@type\":\"PropertyValueSpecification\",\"valueRequired\":true,\"valueName\":\"search_term_string\"}}],\"inLanguage\":\"en-US\"}]}<\/script>\n<!-- \/ Yoast SEO plugin. -->","yoast_head_json":{"title":"Ho\u00e1 ch\u1ea5t v\u1ec7 sinh m\u00e1y l\u1ea1nh A-400 Coil Kleen | C\u00d4NG TY TNHH BULK TRADE (VIET)","description":"Ho\u00e1 ch\u1ea5t v\u1ec7 sinh d\u00e0n l\u1ea1nh, Ho\u00e1 ch\u1ea5t v\u1ec7 sinh m\u00e1y l\u1ea1nh A-400 Coil Kleen N\u01b0\u1edbc t\u1ea9y gi\u00e0n l\u1ea1nh Ho\u00e1 ch\u1ea5t v\u1ec7 sinh m\u00e1y l\u1ea1nh A-400 Coil Kleen","robots":{"index":"index","follow":"follow","max-snippet":"max-snippet:-1","max-image-preview":"max-image-preview:large","max-video-preview":"max-video-preview:-1"},"canonical":"https:\/\/bulktradeviet.com\/en\/product\/a-400-coil-kleen\/","og_locale":"en_US","og_type":"article","og_title":"Ho\u00e1 ch\u1ea5t v\u1ec7 sinh m\u00e1y l\u1ea1nh A-400 Coil Kleen | C\u00d4NG TY TNHH BULK TRADE (VIET)","og_description":"Ho\u00e1 ch\u1ea5t v\u1ec7 sinh d\u00e0n l\u1ea1nh, Ho\u00e1 ch\u1ea5t v\u1ec7 sinh m\u00e1y l\u1ea1nh A-400 Coil Kleen N\u01b0\u1edbc t\u1ea9y gi\u00e0n l\u1ea1nh Ho\u00e1 ch\u1ea5t v\u1ec7 sinh m\u00e1y l\u1ea1nh A-400 Coil Kleen","og_url":"https:\/\/bulktradeviet.com\/en\/product\/a-400-coil-kleen\/","og_site_name":"C\u00d4NG TY TNHH BULK TRADE (VIET)","article_modified_time":"2023-03-07T09:06:35+00:00","og_image":[{"width":2000,"height":2000,"url":"https:\/\/bulktradeviet.com\/wp-content\/uploads\/2019\/10\/A-400.jpg","type":"image\/jpeg"}],"twitter_card":"summary_large_image","twitter_misc":{"Est. reading time":"2 minutes"},"schema":{"@context":"https:\/\/schema.org","@graph":[{"@type":"WebPage","@id":"https:\/\/bulktradeviet.com\/en\/product\/a-400-coil-kleen\/","url":"https:\/\/bulktradeviet.com\/en\/product\/a-400-coil-kleen\/","name":"Ho\u00e1 ch\u1ea5t v\u1ec7 sinh m\u00e1y l\u1ea1nh A-400 Coil Kleen | C\u00d4NG TY TNHH BULK TRADE (VIET)","isPartOf":{"@id":"https:\/\/bulktradeviet.com\/en\/#website"},"primaryImageOfPage":{"@id":"https:\/\/bulktradeviet.com\/en\/product\/a-400-coil-kleen\/#primaryimage"},"image":{"@id":"https:\/\/bulktradeviet.com\/en\/product\/a-400-coil-kleen\/#primaryimage"},"thumbnailUrl":"https:\/\/bulktradeviet.com\/wp-content\/uploads\/2019\/10\/A-400.jpg","datePublished":"2019-10-22T02:16:41+00:00","dateModified":"2023-03-07T09:06:35+00:00","description":"Ho\u00e1 ch\u1ea5t v\u1ec7 sinh d\u00e0n l\u1ea1nh, Ho\u00e1 ch\u1ea5t v\u1ec7 sinh m\u00e1y l\u1ea1nh A-400 Coil Kleen N\u01b0\u1edbc t\u1ea9y gi\u00e0n l\u1ea1nh Ho\u00e1 ch\u1ea5t v\u1ec7 sinh m\u00e1y l\u1ea1nh A-400 Coil Kleen","breadcrumb":{"@id":"https:\/\/bulktradeviet.com\/en\/product\/a-400-coil-kleen\/#breadcrumb"},"inLanguage":"en-US","potentialAction":[{"@type":"ReadAction","target":["https:\/\/bulktradeviet.com\/en\/product\/a-400-coil-kleen\/"]}]},{"@type":"ImageObject","inLanguage":"en-US","@id":"https:\/\/bulktradeviet.com\/en\/product\/a-400-coil-kleen\/#primaryimage","url":"https:\/\/bulktradeviet.com\/wp-content\/uploads\/2019\/10\/A-400.jpg","contentUrl":"https:\/\/bulktradeviet.com\/wp-content\/uploads\/2019\/10\/A-400.jpg","width":2000,"height":2000},{"@type":"BreadcrumbList","@id":"https:\/\/bulktradeviet.com\/en\/product\/a-400-coil-kleen\/#breadcrumb","itemListElement":[{"@type":"ListItem","position":1,"name":"Trang ch\u1ee7","item":"https:\/\/bulktradeviet.com\/en\/"},{"@type":"ListItem","position":2,"name":"Products","item":"https:\/\/bulktradeviet.com\/en\/shop\/"},{"@type":"ListItem","position":3,"name":"Ho\u00e1 ch\u1ea5t v\u1ec7 sinh m\u00e1y l\u1ea1nh A-400 Coil Kleen"}]},{"@type":"WebSite","@id":"https:\/\/bulktradeviet.com\/en\/#website","url":"https:\/\/bulktradeviet.com\/en\/","name":"C\u00d4NG TY TNHH BULK TRADE (VIET)","description":"Nh\u1eadp Kh\u1ea9u Ph\u00e2n Ph\u1ed1i H\u00f3a Ch\u1ea5t C\u00f4ng Nghi\u1ec7p","potentialAction":[{"@type":"SearchAction","target":{"@type":"EntryPoint","urlTemplate":"https:\/\/bulktradeviet.com\/en\/?s={search_term_string}"},"query-input":{"@type":"PropertyValueSpecification","valueRequired":true,"valueName":"search_term_string"}}],"inLanguage":"en-US"}]}},"_links":{"self":[{"href":"https:\/\/bulktradeviet.com\/en\/wp-json\/wp\/v2\/product\/111","targetHints":{"allow":["GET"]}}],"collection":[{"href":"https:\/\/bulktradeviet.com\/en\/wp-json\/wp\/v2\/product"}],"about":[{"href":"https:\/\/bulktradeviet.com\/en\/wp-json\/wp\/v2\/types\/product"}],"replies":[{"embeddable":true,"href":"https:\/\/bulktradeviet.com\/en\/wp-json\/wp\/v2\/comments?post=111"}],"wp:featuredmedia":[{"embeddable":true,"href":"https:\/\/bulktradeviet.com\/en\/wp-json\/wp\/v2\/media\/611"}],"wp:attachment":[{"href":"https:\/\/bulktradeviet.com\/en\/wp-json\/wp\/v2\/media?parent=111"}],"wp:term":[{"taxonomy":"product_cat","embeddable":true,"href":"https:\/\/bulktradeviet.com\/en\/wp-json\/wp\/v2\/product_cat?post=111"},{"taxonomy":"product_tag","embeddable":true,"href":"https:\/\/bulktradeviet.com\/en\/wp-json\/wp\/v2\/product_tag?post=111"}],"curies":[{"name":"wp","href":"https:\/\/api.w.org\/{rel}","templated":true}]}}