{"id":109,"date":"2019-10-22T02:11:43","date_gmt":"2019-10-22T02:11:43","guid":{"rendered":"https:\/\/bulktradeviet.com\/?post_type=product&#038;p=109"},"modified":"2025-09-09T15:09:13","modified_gmt":"2025-09-09T15:09:13","slug":"a-101-eco-acid-tay-cau-can-bon-chua","status":"publish","type":"product","link":"https:\/\/bulktradeviet.com\/en\/product\/a-101-eco-acid-tay-cau-can-bon-chua\/","title":{"rendered":"Ho\u00e1 ch\u1ea5t t\u1ea9y c\u00e1u c\u1eb7n A-101 Eco Acid"},"content":{"rendered":"<p><strong>Apex &#8211; 101 Eco Acid (Descaler, rust remover, tank cleaning) T\u1ea9y c\u00e1u c\u1eb7n<\/strong><\/p>\n<p>APEX 101 ECO ACID l\u00e0 h\u00f3a ch\u1ea5t chuy\u00ean t\u1ea9y r\u1eeda \u0111\u01b0\u1eddng \u1ed1ng, b\u1ed3n ch\u1ee9a \u0111\u1ec3 lo\u1ea1i b\u1ecf c\u1eb7n oxit kim lo\u1ea1i, g\u1ec9 s\u00e9t, c\u1eb7n v\u00f4i, c\u1eb7n canxi b\u00e1m c\u1ee9ng v\u00e0o thi\u1ebft b\u1ecb trong h\u1ec7 th\u1ed1ng l\u1ea1nh, \u0111\u01b0\u1eddng \u1ed1ng trao \u0111\u1ed5i nhi\u1ec7t, b\u1ea7u ng\u01b0ng, n\u1ed3i h\u01a1i v\u00e0 b\u1ea5t k\u00ec thi\u1ebft b\u1ecb \u1ea3nh h\u01b0\u1edfng b\u1edfi c\u1eb7n canxi, magie v\u00e0 c\u00e1c c\u1eb7n b\u00e1m do n\u01b0\u1edbc c\u1ee9ng g\u00e2y ra.<\/p>\n<p>APEX-101 Eco Acid chuy\u00ean t\u1ea9y r\u1eeda g\u1ec9 s\u00e9t v\u00e0 c\u1eb7n v\u00f4i, g\u1ec9 s\u00e9t v\u1edbi hi\u1ec7u qu\u1ea3 cao h\u01a1n v\u00e0 an to\u00e0n h\u01a1n so v\u1edbi d\u00f9ng tr\u1ef1c ti\u1ebfp Acid Clohydric.<\/p>\n<p>V\u1edbi c\u00f4ng th\u1ee9c m\u1edbi, Apex-101 Eco Acid mang l\u1ea1i hi\u1ec7u qu\u1ea3 t\u1ea9y r\u1eeda nhanh nh\u01b0ng v\u1eabn kh\u00f4ng g\u00e2y \u0103n m\u00f2n v\u00e0 \u1ea3nh h\u01b0\u1edfng \u0111\u1ebfn thi\u1ebft b\u1ecb. \u0110i\u1ec1u quan tr\u1ecdng nh\u1ea5t l\u00e0 an to\u00e0n cho con ng\u01b0\u1eddi v\u00e0 m\u00f4i tr\u01b0\u1eddng trong qu\u00e1 tr\u00ecnh s\u1eed d\u1ee5ng.<\/p>\n<p style=\"text-align: center\"><strong>C\u00e1c b\u01b0\u1edbc s\u1eed d\u1ee5ng khi ch\u1ea1y tu\u1ea7n ho\u00e0n dung d\u1ecbch Eco 101 (T\u1ea9y c\u00e1u c\u1eb7n)<\/strong><\/p>\n<ol>\n<li>Pha Eco 101 v\u1edbi n\u01b0\u1edbc theo t\u1ec9 l\u1ec7 1:1 \u0111\u1ebfn 1:3 (T\u00f9y m\u1ee9c \u0111\u1ed9 c\u1eb7n b\u1ea9n)<\/li>\n<li>L\u1eafp \u0111\u1eb7t \u0111\u01b0\u1eddng \u1ed1ng v\u00e0 b\u01a1m tu\u1ea7n ho\u00e0n h\u00f3a ch\u1ea5t Eco 101<\/li>\n<li>Ch\u1ea1y tu\u1ea7n ho\u00e0n t\u1eeb 3h \u0111\u1ebfn 5h t\u00f9y v\u00e0o m\u1ee9c \u0111\u1ed9 c\u00e1u c\u1eb7n b\u00e1m c\u1ee9ng.<\/li>\n<li>X\u1ea3 h\u00f3a ch\u1ea5t, c\u00e1u c\u1eb7n b\u1ea9n v\u00e0 ch\u1ea1y l\u1ea1i h\u1ec7 th\u1ed1ng b\u1eb1ng n\u01b0\u1edbc s\u1ea1ch<\/li>\n<\/ol>\n<p style=\"text-align: center\"><strong>Th\u00f4ng tin s\u1ea3n ph\u1ea9m:<\/strong><\/p>\n<ul>\n<li><em>T\u1ea9y c\u00e1u c\u1eb7n v\u00f4i, canxi, ph\u00e8n b\u00e1m c\u1ee9ng<\/em><\/li>\n<li><em>T\u1ea9y g\u1ec9, oxit kim lo\u1ea1i trong \u0111\u01b0\u1eddng \u1ed1ng<\/em><\/li>\n<li><em>Chuy\u00ean d\u00f9ng t\u1ea7y c\u00e1u c\u1eb7n h\u1ec7 th\u1ed1ng \u1ed1ng trao \u0111\u1ed5i nhi\u1ec7t, b\u1ea7u ng\u01b0ng, \u0111\u01b0\u1eddng \u1ed1ng, b\u1ed3n ch\u1ee9a, l\u00f2 h\u01a1i, h\u1ec7 th\u1ed1ng chiller l\u00e0m l\u1ea1nh n\u01b0\u1edbc.<\/em><\/li>\n<li><em>H\u00f2a tan t\u1ed1t v\u1edbi n\u01b0\u1edbc<\/em><\/li>\n<li><em>Ph\u00e2n h\u1ee7y sinh h\u1ecdc khi th\u1ea3i b\u1ecf<\/em><\/li>\n<li><em>Kh\u00f4ng g\u00e2y ch\u00e1y n\u1ed5<\/em><\/li>\n<li><em>Kh\u00f4ng \u0103n da tay, an to\u00e0n cho m\u00f4i tr\u01b0\u1eddng<\/em><\/li>\n<\/ul>\n<p><img loading=\"lazy\" decoding=\"async\" class=\"alignnone size-medium wp-image-461\" src=\"https:\/\/bulktradeviet.com\/wp-content\/uploads\/2019\/10\/66b680a58b486e163759-300x266.jpg\" alt=\"\" width=\"300\" height=\"266\" srcset=\"https:\/\/bulktradeviet.com\/wp-content\/uploads\/2019\/10\/66b680a58b486e163759-300x266.jpg 300w, https:\/\/bulktradeviet.com\/wp-content\/uploads\/2019\/10\/66b680a58b486e163759-510x453.jpg 510w, https:\/\/bulktradeviet.com\/wp-content\/uploads\/2019\/10\/66b680a58b486e163759-1024x909.jpg 1024w, https:\/\/bulktradeviet.com\/wp-content\/uploads\/2019\/10\/66b680a58b486e163759-768x682.jpg 768w, https:\/\/bulktradeviet.com\/wp-content\/uploads\/2019\/10\/66b680a58b486e163759-600x533.jpg 600w, https:\/\/bulktradeviet.com\/wp-content\/uploads\/2019\/10\/66b680a58b486e163759.jpg 1445w\" sizes=\"auto, (max-width: 300px) 100vw, 300px\" \/><img loading=\"lazy\" decoding=\"async\" class=\"alignnone size-medium wp-image-464\" src=\"https:\/\/bulktradeviet.com\/wp-content\/uploads\/2019\/10\/f7d7f86af28717d94e96-1-300x139.jpg\" alt=\"\" width=\"300\" height=\"139\" srcset=\"https:\/\/bulktradeviet.com\/wp-content\/uploads\/2019\/10\/f7d7f86af28717d94e96-1-300x139.jpg 300w, https:\/\/bulktradeviet.com\/wp-content\/uploads\/2019\/10\/f7d7f86af28717d94e96-1-510x236.jpg 510w, https:\/\/bulktradeviet.com\/wp-content\/uploads\/2019\/10\/f7d7f86af28717d94e96-1-600x278.jpg 600w, https:\/\/bulktradeviet.com\/wp-content\/uploads\/2019\/10\/f7d7f86af28717d94e96-1.jpg 640w\" sizes=\"auto, (max-width: 300px) 100vw, 300px\" \/><\/p>","protected":false},"excerpt":{"rendered":"<p><strong>APEX 101 ECO ACID<\/strong> l\u00e0 h\u00f3a ch\u1ea5t chuy\u00ean t\u1ea9y r\u1eeda \u0111\u01b0\u1eddng \u1ed1ng, b\u1ed3n ch\u1ee9a \u0111\u1ec3 lo\u1ea1i b\u1ecf c\u1eb7n oxit kim lo\u1ea1i, g\u1ec9 s\u00e9t, c\u1eb7n v\u00f4i, c\u1eb7n canxi b\u00e1m c\u1ee9ng v\u00e0o thi\u1ebft b\u1ecb trong h\u1ec7 th\u1ed1ng l\u1ea1nh, \u0111\u01b0\u1eddng \u1ed1ng trao \u0111\u1ed5i nhi\u1ec7t, b\u1ea7u ng\u01b0ng, n\u1ed3i h\u01a1i v\u00e0 b\u1ea5t k\u00ec thi\u1ebft b\u1ecb \u1ea3nh h\u01b0\u1edfng b\u1edfi c\u1eb7n canxi, magie v\u00e0 c\u00e1c c\u1eb7n b\u00e1m do n\u01b0\u1edbc c\u1ee9ng g\u00e2y ra.<\/p>\n<p>APEX-101 Eco Acid chuy\u00ean t\u1ea9y r\u1eeda g\u1ec9 s\u00e9t v\u00e0 c\u1eb7n v\u00f4i, g\u1ec9 s\u00e9t v\u1edbi hi\u1ec7u qu\u1ea3 cao h\u01a1n v\u00e0 an to\u00e0n h\u01a1n so v\u1edbi d\u00f9ng tr\u1ef1c ti\u1ebfp acid clohydric.<\/p>","protected":false},"featured_media":618,"comment_status":"open","ping_status":"closed","template":"","meta":[],"product_cat":[18,27],"product_tag":[23,26,24,61,65,64,25,62,66,63,123],"class_list":{"0":"post-109","1":"product","2":"type-product","3":"status-publish","4":"has-post-thumbnail","6":"product_cat-hoa-chat-hang-hai","7":"product_cat-hoa-chat-tay-rua","8":"product_tag-a-101","9":"product_tag-bon-chua","10":"product_tag-eco-acid","11":"product_tag-tay-bau-ngung","12":"product_tag-tay-can-canxi","13":"product_tag-tay-can-voi","14":"product_tag-tay-cau-can","15":"product_tag-tay-duong-ong-chiller","16":"product_tag-tay-gi-set-duong-ong","17":"product_tag-ve-sinh-bau-ngung-may-nuoc-da","18":"product_tag-ve-sinh-ket-nuoc","20":"first","21":"instock","22":"downloadable","23":"shipping-taxable","24":"product-type-simple"},"yoast_head":"<!-- This site is optimized with the Yoast SEO plugin v24.1 - https:\/\/yoast.com\/wordpress\/plugins\/seo\/ -->\n<title>Ho\u00e1 ch\u1ea5t t\u1ea9y c\u00e1u c\u1eb7n A-101 Eco Acid | C\u00d4NG TY TNHH BULK TRADE (VIET)<\/title>\n<meta name=\"description\" content=\"T\u1ea9y c\u1eb7n v\u00f4i, canxi \u0111\u01b0\u1eddng \u1ed1ng Ho\u00e1 ch\u1ea5t t\u1ea9y c\u00e1u c\u1eb7n A-101 Eco Acid t\u1ea9y b\u1ea7u ng\u01b0ng Ho\u00e1 ch\u1ea5t t\u1ea9y c\u00e1u c\u1eb7n A-101 Eco Acid t\u1ea9y c\u00e1u c\u1eb7n h\u1ec7 th\u1ed1ng chiller\" \/>\n<meta name=\"robots\" content=\"index, follow, max-snippet:-1, max-image-preview:large, max-video-preview:-1\" \/>\n<link rel=\"canonical\" href=\"https:\/\/bulktradeviet.com\/en\/product\/a-101-eco-acid-tay-cau-can-bon-chua\/\" \/>\n<meta property=\"og:locale\" content=\"en_US\" \/>\n<meta property=\"og:type\" content=\"article\" \/>\n<meta property=\"og:title\" content=\"Ho\u00e1 ch\u1ea5t t\u1ea9y c\u00e1u c\u1eb7n A-101 Eco Acid | C\u00d4NG TY TNHH BULK TRADE (VIET)\" \/>\n<meta property=\"og:description\" content=\"T\u1ea9y c\u1eb7n v\u00f4i, canxi \u0111\u01b0\u1eddng \u1ed1ng Ho\u00e1 ch\u1ea5t t\u1ea9y c\u00e1u c\u1eb7n A-101 Eco Acid t\u1ea9y b\u1ea7u ng\u01b0ng Ho\u00e1 ch\u1ea5t t\u1ea9y c\u00e1u c\u1eb7n A-101 Eco Acid t\u1ea9y c\u00e1u c\u1eb7n h\u1ec7 th\u1ed1ng chiller\" \/>\n<meta property=\"og:url\" content=\"https:\/\/bulktradeviet.com\/en\/product\/a-101-eco-acid-tay-cau-can-bon-chua\/\" \/>\n<meta property=\"og:site_name\" content=\"C\u00d4NG TY TNHH BULK TRADE (VIET)\" \/>\n<meta property=\"article:modified_time\" content=\"2025-09-09T15:09:13+00:00\" \/>\n<meta property=\"og:image\" content=\"https:\/\/bulktradeviet.com\/wp-content\/uploads\/2019\/10\/A-101.jpg\" \/>\n\t<meta property=\"og:image:width\" content=\"2000\" \/>\n\t<meta property=\"og:image:height\" content=\"2000\" \/>\n\t<meta property=\"og:image:type\" content=\"image\/jpeg\" \/>\n<meta name=\"twitter:card\" content=\"summary_large_image\" \/>\n<meta name=\"twitter:label1\" content=\"Est. reading time\" \/>\n\t<meta name=\"twitter:data1\" content=\"2 minutes\" \/>\n<script type=\"application\/ld+json\" class=\"yoast-schema-graph\">{\"@context\":\"https:\/\/schema.org\",\"@graph\":[{\"@type\":\"WebPage\",\"@id\":\"https:\/\/bulktradeviet.com\/en\/product\/a-101-eco-acid-tay-cau-can-bon-chua\/\",\"url\":\"https:\/\/bulktradeviet.com\/en\/product\/a-101-eco-acid-tay-cau-can-bon-chua\/\",\"name\":\"Ho\u00e1 ch\u1ea5t t\u1ea9y c\u00e1u c\u1eb7n A-101 Eco Acid | C\u00d4NG TY TNHH BULK TRADE (VIET)\",\"isPartOf\":{\"@id\":\"https:\/\/bulktradeviet.com\/en\/#website\"},\"primaryImageOfPage\":{\"@id\":\"https:\/\/bulktradeviet.com\/en\/product\/a-101-eco-acid-tay-cau-can-bon-chua\/#primaryimage\"},\"image\":{\"@id\":\"https:\/\/bulktradeviet.com\/en\/product\/a-101-eco-acid-tay-cau-can-bon-chua\/#primaryimage\"},\"thumbnailUrl\":\"https:\/\/bulktradeviet.com\/wp-content\/uploads\/2019\/10\/A-101.jpg\",\"datePublished\":\"2019-10-22T02:11:43+00:00\",\"dateModified\":\"2025-09-09T15:09:13+00:00\",\"description\":\"T\u1ea9y c\u1eb7n v\u00f4i, canxi \u0111\u01b0\u1eddng \u1ed1ng Ho\u00e1 ch\u1ea5t t\u1ea9y c\u00e1u c\u1eb7n A-101 Eco Acid t\u1ea9y b\u1ea7u ng\u01b0ng Ho\u00e1 ch\u1ea5t t\u1ea9y c\u00e1u c\u1eb7n A-101 Eco Acid t\u1ea9y c\u00e1u c\u1eb7n h\u1ec7 th\u1ed1ng chiller\",\"breadcrumb\":{\"@id\":\"https:\/\/bulktradeviet.com\/en\/product\/a-101-eco-acid-tay-cau-can-bon-chua\/#breadcrumb\"},\"inLanguage\":\"en-US\",\"potentialAction\":[{\"@type\":\"ReadAction\",\"target\":[\"https:\/\/bulktradeviet.com\/en\/product\/a-101-eco-acid-tay-cau-can-bon-chua\/\"]}]},{\"@type\":\"ImageObject\",\"inLanguage\":\"en-US\",\"@id\":\"https:\/\/bulktradeviet.com\/en\/product\/a-101-eco-acid-tay-cau-can-bon-chua\/#primaryimage\",\"url\":\"https:\/\/bulktradeviet.com\/wp-content\/uploads\/2019\/10\/A-101.jpg\",\"contentUrl\":\"https:\/\/bulktradeviet.com\/wp-content\/uploads\/2019\/10\/A-101.jpg\",\"width\":2000,\"height\":2000},{\"@type\":\"BreadcrumbList\",\"@id\":\"https:\/\/bulktradeviet.com\/en\/product\/a-101-eco-acid-tay-cau-can-bon-chua\/#breadcrumb\",\"itemListElement\":[{\"@type\":\"ListItem\",\"position\":1,\"name\":\"Trang ch\u1ee7\",\"item\":\"https:\/\/bulktradeviet.com\/en\/\"},{\"@type\":\"ListItem\",\"position\":2,\"name\":\"Products\",\"item\":\"https:\/\/bulktradeviet.com\/en\/shop\/\"},{\"@type\":\"ListItem\",\"position\":3,\"name\":\"Ho\u00e1 ch\u1ea5t t\u1ea9y c\u00e1u c\u1eb7n A-101 Eco Acid\"}]},{\"@type\":\"WebSite\",\"@id\":\"https:\/\/bulktradeviet.com\/en\/#website\",\"url\":\"https:\/\/bulktradeviet.com\/en\/\",\"name\":\"C\u00d4NG TY TNHH BULK TRADE (VIET)\",\"description\":\"Nh\u1eadp Kh\u1ea9u Ph\u00e2n Ph\u1ed1i H\u00f3a Ch\u1ea5t C\u00f4ng Nghi\u1ec7p\",\"potentialAction\":[{\"@type\":\"SearchAction\",\"target\":{\"@type\":\"EntryPoint\",\"urlTemplate\":\"https:\/\/bulktradeviet.com\/en\/?s={search_term_string}\"},\"query-input\":{\"@type\":\"PropertyValueSpecification\",\"valueRequired\":true,\"valueName\":\"search_term_string\"}}],\"inLanguage\":\"en-US\"}]}<\/script>\n<!-- \/ Yoast SEO plugin. -->","yoast_head_json":{"title":"Ho\u00e1 ch\u1ea5t t\u1ea9y c\u00e1u c\u1eb7n A-101 Eco Acid | C\u00d4NG TY TNHH BULK TRADE (VIET)","description":"T\u1ea9y c\u1eb7n v\u00f4i, canxi \u0111\u01b0\u1eddng \u1ed1ng Ho\u00e1 ch\u1ea5t t\u1ea9y c\u00e1u c\u1eb7n A-101 Eco Acid t\u1ea9y b\u1ea7u ng\u01b0ng Ho\u00e1 ch\u1ea5t t\u1ea9y c\u00e1u c\u1eb7n A-101 Eco Acid t\u1ea9y c\u00e1u c\u1eb7n h\u1ec7 th\u1ed1ng chiller","robots":{"index":"index","follow":"follow","max-snippet":"max-snippet:-1","max-image-preview":"max-image-preview:large","max-video-preview":"max-video-preview:-1"},"canonical":"https:\/\/bulktradeviet.com\/en\/product\/a-101-eco-acid-tay-cau-can-bon-chua\/","og_locale":"en_US","og_type":"article","og_title":"Ho\u00e1 ch\u1ea5t t\u1ea9y c\u00e1u c\u1eb7n A-101 Eco Acid | C\u00d4NG TY TNHH BULK TRADE (VIET)","og_description":"T\u1ea9y c\u1eb7n v\u00f4i, canxi \u0111\u01b0\u1eddng \u1ed1ng Ho\u00e1 ch\u1ea5t t\u1ea9y c\u00e1u c\u1eb7n A-101 Eco Acid t\u1ea9y b\u1ea7u ng\u01b0ng Ho\u00e1 ch\u1ea5t t\u1ea9y c\u00e1u c\u1eb7n A-101 Eco Acid t\u1ea9y c\u00e1u c\u1eb7n h\u1ec7 th\u1ed1ng chiller","og_url":"https:\/\/bulktradeviet.com\/en\/product\/a-101-eco-acid-tay-cau-can-bon-chua\/","og_site_name":"C\u00d4NG TY TNHH BULK TRADE (VIET)","article_modified_time":"2025-09-09T15:09:13+00:00","og_image":[{"width":2000,"height":2000,"url":"https:\/\/bulktradeviet.com\/wp-content\/uploads\/2019\/10\/A-101.jpg","type":"image\/jpeg"}],"twitter_card":"summary_large_image","twitter_misc":{"Est. reading time":"2 minutes"},"schema":{"@context":"https:\/\/schema.org","@graph":[{"@type":"WebPage","@id":"https:\/\/bulktradeviet.com\/en\/product\/a-101-eco-acid-tay-cau-can-bon-chua\/","url":"https:\/\/bulktradeviet.com\/en\/product\/a-101-eco-acid-tay-cau-can-bon-chua\/","name":"Ho\u00e1 ch\u1ea5t t\u1ea9y c\u00e1u c\u1eb7n A-101 Eco Acid | C\u00d4NG TY TNHH BULK TRADE (VIET)","isPartOf":{"@id":"https:\/\/bulktradeviet.com\/en\/#website"},"primaryImageOfPage":{"@id":"https:\/\/bulktradeviet.com\/en\/product\/a-101-eco-acid-tay-cau-can-bon-chua\/#primaryimage"},"image":{"@id":"https:\/\/bulktradeviet.com\/en\/product\/a-101-eco-acid-tay-cau-can-bon-chua\/#primaryimage"},"thumbnailUrl":"https:\/\/bulktradeviet.com\/wp-content\/uploads\/2019\/10\/A-101.jpg","datePublished":"2019-10-22T02:11:43+00:00","dateModified":"2025-09-09T15:09:13+00:00","description":"T\u1ea9y c\u1eb7n v\u00f4i, canxi \u0111\u01b0\u1eddng \u1ed1ng Ho\u00e1 ch\u1ea5t t\u1ea9y c\u00e1u c\u1eb7n A-101 Eco Acid t\u1ea9y b\u1ea7u ng\u01b0ng Ho\u00e1 ch\u1ea5t t\u1ea9y c\u00e1u c\u1eb7n A-101 Eco Acid t\u1ea9y c\u00e1u c\u1eb7n h\u1ec7 th\u1ed1ng chiller","breadcrumb":{"@id":"https:\/\/bulktradeviet.com\/en\/product\/a-101-eco-acid-tay-cau-can-bon-chua\/#breadcrumb"},"inLanguage":"en-US","potentialAction":[{"@type":"ReadAction","target":["https:\/\/bulktradeviet.com\/en\/product\/a-101-eco-acid-tay-cau-can-bon-chua\/"]}]},{"@type":"ImageObject","inLanguage":"en-US","@id":"https:\/\/bulktradeviet.com\/en\/product\/a-101-eco-acid-tay-cau-can-bon-chua\/#primaryimage","url":"https:\/\/bulktradeviet.com\/wp-content\/uploads\/2019\/10\/A-101.jpg","contentUrl":"https:\/\/bulktradeviet.com\/wp-content\/uploads\/2019\/10\/A-101.jpg","width":2000,"height":2000},{"@type":"BreadcrumbList","@id":"https:\/\/bulktradeviet.com\/en\/product\/a-101-eco-acid-tay-cau-can-bon-chua\/#breadcrumb","itemListElement":[{"@type":"ListItem","position":1,"name":"Trang ch\u1ee7","item":"https:\/\/bulktradeviet.com\/en\/"},{"@type":"ListItem","position":2,"name":"Products","item":"https:\/\/bulktradeviet.com\/en\/shop\/"},{"@type":"ListItem","position":3,"name":"Ho\u00e1 ch\u1ea5t t\u1ea9y c\u00e1u c\u1eb7n A-101 Eco Acid"}]},{"@type":"WebSite","@id":"https:\/\/bulktradeviet.com\/en\/#website","url":"https:\/\/bulktradeviet.com\/en\/","name":"C\u00d4NG TY TNHH BULK TRADE (VIET)","description":"Nh\u1eadp Kh\u1ea9u Ph\u00e2n Ph\u1ed1i H\u00f3a Ch\u1ea5t C\u00f4ng Nghi\u1ec7p","potentialAction":[{"@type":"SearchAction","target":{"@type":"EntryPoint","urlTemplate":"https:\/\/bulktradeviet.com\/en\/?s={search_term_string}"},"query-input":{"@type":"PropertyValueSpecification","valueRequired":true,"valueName":"search_term_string"}}],"inLanguage":"en-US"}]}},"_links":{"self":[{"href":"https:\/\/bulktradeviet.com\/en\/wp-json\/wp\/v2\/product\/109","targetHints":{"allow":["GET"]}}],"collection":[{"href":"https:\/\/bulktradeviet.com\/en\/wp-json\/wp\/v2\/product"}],"about":[{"href":"https:\/\/bulktradeviet.com\/en\/wp-json\/wp\/v2\/types\/product"}],"replies":[{"embeddable":true,"href":"https:\/\/bulktradeviet.com\/en\/wp-json\/wp\/v2\/comments?post=109"}],"wp:featuredmedia":[{"embeddable":true,"href":"https:\/\/bulktradeviet.com\/en\/wp-json\/wp\/v2\/media\/618"}],"wp:attachment":[{"href":"https:\/\/bulktradeviet.com\/en\/wp-json\/wp\/v2\/media?parent=109"}],"wp:term":[{"taxonomy":"product_cat","embeddable":true,"href":"https:\/\/bulktradeviet.com\/en\/wp-json\/wp\/v2\/product_cat?post=109"},{"taxonomy":"product_tag","embeddable":true,"href":"https:\/\/bulktradeviet.com\/en\/wp-json\/wp\/v2\/product_tag?post=109"}],"curies":[{"name":"wp","href":"https:\/\/api.w.org\/{rel}","templated":true}]}}