{"id":49,"date":"2019-10-21T13:18:50","date_gmt":"2019-10-21T13:18:50","guid":{"rendered":"https:\/\/bulktradeviet.com\/?page_id=49"},"modified":"2019-10-22T07:54:32","modified_gmt":"2019-10-22T07:54:32","slug":"gioi-thieu-cong-ty","status":"publish","type":"page","link":"https:\/\/bulktradeviet.com\/en\/gioi-thieu-cong-ty\/","title":{"rendered":"About Us"},"content":{"rendered":"<p><strong>APEX CHEMICALS (S) PTE LTD<\/strong> \u0111\u01b0\u1ee3c th\u00e0nh l\u1eadp v\u00e0o n\u0103m 1993 t\u1ea1i Singapore. T\u1eeb \u0111\u00f3 \u0111\u1ebfn nay, C\u00f4ng ty \u0111\u00e3 tr\u1edf th\u00e0nh m\u1ed9t trong nh\u1eefng nh\u00e0 s\u1ea3n xu\u1ea5t, cung c\u1ea5p ho\u00e1 ch\u1ea5t h\u00e0ng \u0111\u1ea7u trong l\u0129nh v\u1ef1c h\u00e0ng h\u1ea3i, x\u1eed l\u00fd n\u01b0\u1edbc, c\u00f4ng nghi\u1ec7p v\u00e0 nh\u1eefng ho\u00e1 ch\u1ea5t \u0111\u1eb7c bi\u1ec7t t\u1ea1i khu v\u1ef1c Ch\u00e2u \u00c1 Th\u00e1i B\u00ecnh D\u01b0\u01a1ng.<br>K\u1ebft h\u1ee3p v\u1edbi m\u1ea1ng l\u01b0\u1edbi tr\u00ean to\u00e0n th\u1ebf gi\u1edbi, \u0111\u1ed9i ng\u0169 nh\u00e2n vi\u00ean t\u1eadn t\u00e2m, gi\u00e0u kinh nghi\u1ec7m c\u1ee7a <strong>Apex Chemicals<\/strong> \u0111\u00e3 cung c\u1ea5p cho kh\u00e1ch h\u00e0ng c\u00e1c h\u00f3a ch\u1ea5t ph\u00f9 h\u1ee3p m\u1ecdi y\u00eau c\u1ea7u \u1edf m\u1ecdi n\u01a1i v\u00e0 m\u1ecdi l\u00fac.<\/p>\n<p>Trong nh\u1eefng n\u0103m qua, v\u1edbi nh\u1eefng kinh nghi\u1ec7m v\u00e0 ki\u1ebfn th\u1ee9c s\u00e2u r\u1ed9ng trong l\u0129nh v\u1ef1c s\u1ea3n xu\u1ea5t v\u00e0 cung c\u1ea5p ho\u00e1 ch\u1ea5t \u0111\u00e3 cho ph\u00e9p ch\u00fang t\u00f4i \u0111\u00e1p \u1ee9ng \u0111\u1ea7y \u0111\u1ee7 nhu c\u1ea7u v\u00e0 c\u00e1c y\u00eau c\u1ea7u kh\u1eaft khe c\u1ee7a c\u00e1c kh\u00e1ch h\u00e0ng tr\u00ean to\u00e0n th\u1ebf gi\u1edbi<br>\u0110\u1ed9i ng\u0169 nghi\u00ean c\u1ee9u v\u00e0 ph\u00e1t tri\u1ec3n c\u1ee7a ch\u00fang t\u00f4i kh\u00f4ng ng\u1eebng n\u1ed7 l\u1ef1c c\u1ea3i ti\u1ebfn v\u00e0 t\u1ea1o ra c\u00e1c s\u1ea3n ph\u1ea9m m\u1edbi nh\u1eb1m \u0111\u00e1p \u1ee9ng c\u00e1c qui t\u1eafc v\u00e0 ti\u00eau chu\u1ea9n c\u1ee7a c\u1ed9ng \u0111\u1ed3ng qu\u1ed1c t\u1ebf. Portflio s\u1ea3n ph\u1ea9m h\u00e0ng h\u1ea3i r\u1ed9ng l\u1edbn c\u1ee7a ch\u00fang t\u00f4i \u0111\u00e3 \u0111\u01b0\u1ee3c ph\u00e1t tri\u1ec3n \u0111\u1ec3 \u0111\u00e1p \u1ee9ng m\u1ecdi nhu c\u1ea7u c\u1ee7a kh\u00e1ch h\u00e0ng qu\u1ed1c t\u1ebf c\u1ee7a ch\u00fang t\u00f4i. Danh m\u1ee5c s\u1ea3n ph\u1ea9m phong ph\u00fa c\u1ee7a ch\u00fang t\u00f4i \u0111\u00e3 \u0111\u01b0\u1ee3c ph\u00e1t tri\u1ec3n \u0111\u1ec3 \u0111\u00e1p \u1ee9ng m\u1ecdi nhu c\u1ea7u c\u1ee7a kh\u00e1ch h\u00e0ng qu\u1ed1c t\u1ebf.<\/p>\n<p>Ngo\u00e0i c\u00e1c s\u1ea3n ph\u1ea9m ho\u00e1 ch\u1ea5t do ch\u00fang t\u00f4i cung c\u1ea5p, v\u1edbi th\u1ebf m\u1ea1nh c\u1ee7a ch\u00fang t\u00f4i v\u1ec1 chuy\u00ean m\u00f4n, kinh nghi\u1ec7m v\u00e0 ki\u1ebfn th\u1ee9c trong l\u0129nh v\u1ef1c cho ph\u00e9p ch\u00fang t\u00f4i cung c\u1ea5p m\u1ed9t lo\u1ea1t c\u00e1c d\u1ecbch v\u1ee5 gi\u00e1 tr\u1ecb gia t\u0103ng nh\u1eb1m mang l\u1ea1i cho kh\u00e1ch h\u00e0ng nh\u1eefng l\u1ee3i \u00edch t\u1ed1i \u0111a v\u1edbi chi ph\u00ed t\u1ed1i thi\u1ec3u.<\/p>\n<p><strong>Apex Chemicals<\/strong> \u0111\u00e3 \u0111\u01b0\u1ee3c <strong>ch\u1ee9ng nh\u1eadn ISO<\/strong> h\u01a1n 17 n\u0103m qua, ngo\u00e0i ra ch\u00fang t\u00f4i c\u0169ng c\u00f3 <strong>ch\u1ee9ng nh\u1eadn an to\u00e0n th\u1ef1c ph\u1ea9m (NSF)<\/strong> cho m\u1ed9t s\u1ed1 s\u1ea3n ph\u1ea9m ho\u00e1 ch\u1ea5t t\u1ea9y r\u1eeda, v\u00e0 <strong>ch\u1ee9ng nh\u1eadn c\u1ee7a T\u1ed5 ch\u1ee9c h\u00e0ng h\u1ea3i Qu\u1ed1c T\u1ebf (IMO)<\/strong> cho c\u00e1c s\u1ea3n ph\u1ea9m v\u1ec7 sinh h\u1ea7m h\u00e0ng.<\/p>\n<p><strong>C\u00d4NG TY TNHH BULK TRADE (VIET)<\/strong> \u0111\u01b0\u1ee3c th\u00e0nh l\u1eadp v\u00e0o n\u0103m 2017 t\u1ea1i Vi\u1ec7t Nam l\u00e0 m\u1ed9t th\u00e0nh vi\u00ean ph\u00e2n ph\u1ed1i s\u1ea3n ph\u1ea9m c\u1ee7a Apex Chemicals t\u1ea1i khu v\u1ef1c \u0110\u00f4ng Nam \u00c1.<br><strong>Bulk Trade (Viet)<\/strong> cam k\u1ebft m\u1ea1nh m\u1ebd \u0111\u1ebfn to\u00e0n b\u1ed9 kh\u00e1ch h\u00e0ng vi\u1ec7c cung c\u1ea5p c\u00e1c s\u1ea3n ph\u1ea9m ch\u1ea5t l\u01b0\u1ee3ng v\u1edbi hi\u1ec7u su\u1ea5t tuy\u1ec7t v\u1eddi \u1edf trong m\u1ecdi l\u0129nh v\u1ef1c.<br>Ng\u00e0nh ngh\u1ec1 kinh doanh c\u1ee7a c\u00f4ng ty ch\u00fang t\u00f4i bao g\u1ed3m ph\u00e2n ph\u1ed1i b\u00e1n bu\u00f4n, b\u00e1n l\u1ebb ho\u00e1 ch\u1ea5t h\u00e0ng h\u1ea3i, v\u1ec7 sinh c\u00f4ng nghi\u1ec7p, x\u1eed l\u00fd n\u01b0\u1edbc v\u00e0 c\u00e1c s\u1ea3n ph\u1ea9m b\u1ed5 tr\u1ee3 kh\u00e1c.<\/p>\n<p><em>\u0110\u1ed9i ng\u0169 nh\u00e2n vi\u00ean t\u1eadn t\u00e2m, k\u1ebft h\u1ee3p v\u1edbi m\u1ea1ng l\u01b0\u1edbi tr\u00ean to\u00e0n th\u1ebf gi\u1edbi c\u1ee7a ch\u00fang t\u00f4i cam k\u1ebft mang \u0111\u1ebfn cho ng\u01b0\u1eddi d\u00f9ng nh\u1eefng s\u1ea3n ph\u1ea9m ch\u1ea5t l\u01b0\u1ee3ng cao \u0111\u00e1p \u1ee9ng \u0111\u1ee7 m\u1ecdi nhu c\u1ea7u, ti\u00eau chu\u1ea9n kh\u00e1ch h\u00e0ng y\u00eau c\u1ea7u.<\/em><\/p>","protected":false},"excerpt":{"rendered":"<p>APEX CHEMICALS (S) PTE LTD \u0111\u01b0\u1ee3c th\u00e0nh l\u1eadp v\u00e0o n\u0103m 1993 t\u1ea1i Singapore. T\u1eeb \u0111\u00f3 \u0111\u1ebfn nay, C\u00f4ng ty \u0111\u00e3 tr\u1edf th\u00e0nh m\u1ed9t trong nh\u1eefng nh\u00e0 s\u1ea3n xu\u1ea5t, cung c\u1ea5p ho\u00e1 ch\u1ea5t h\u00e0ng \u0111\u1ea7u trong l\u0129nh v\u1ef1c h\u00e0ng h\u1ea3i, x\u1eed l\u00fd n\u01b0\u1edbc, c\u00f4ng nghi\u1ec7p v\u00e0 nh\u1eefng ho\u00e1 ch\u1ea5t \u0111\u1eb7c bi\u1ec7t t\u1ea1i khu v\u1ef1c Ch\u00e2u \u00c1 [&#8230;]","protected":false},"author":1,"featured_media":0,"parent":0,"menu_order":0,"comment_status":"closed","ping_status":"closed","template":"","meta":{"footnotes":""},"class_list":["post-49","page","type-page","status-publish","hentry"],"yoast_head":"<!-- This site is optimized with the Yoast SEO plugin v24.1 - https:\/\/yoast.com\/wordpress\/plugins\/seo\/ -->\n<title>GI\u1edaI THI\u1ec6U C\u00d4NG TY | C\u00d4NG TY TNHH BULK TRADE (VIET)<\/title>\n<meta name=\"robots\" content=\"index, follow, max-snippet:-1, max-image-preview:large, max-video-preview:-1\" \/>\n<link rel=\"canonical\" href=\"https:\/\/bulktradeviet.com\/en\/gioi-thieu-cong-ty\/\" \/>\n<meta property=\"og:locale\" content=\"en_US\" \/>\n<meta property=\"og:type\" content=\"article\" \/>\n<meta property=\"og:title\" content=\"GI\u1edaI THI\u1ec6U C\u00d4NG TY | C\u00d4NG TY TNHH BULK TRADE (VIET)\" \/>\n<meta property=\"og:description\" content=\"APEX CHEMICALS (S) PTE LTD \u0111\u01b0\u1ee3c th\u00e0nh l\u1eadp v\u00e0o n\u0103m 1993 t\u1ea1i Singapore. T\u1eeb \u0111\u00f3 \u0111\u1ebfn nay, C\u00f4ng ty \u0111\u00e3 tr\u1edf th\u00e0nh m\u1ed9t trong nh\u1eefng nh\u00e0 s\u1ea3n xu\u1ea5t, cung c\u1ea5p ho\u00e1 ch\u1ea5t h\u00e0ng \u0111\u1ea7u trong l\u0129nh v\u1ef1c h\u00e0ng h\u1ea3i, x\u1eed l\u00fd n\u01b0\u1edbc, c\u00f4ng nghi\u1ec7p v\u00e0 nh\u1eefng ho\u00e1 ch\u1ea5t \u0111\u1eb7c bi\u1ec7t t\u1ea1i khu v\u1ef1c Ch\u00e2u \u00c1 [...]\" \/>\n<meta property=\"og:url\" content=\"https:\/\/bulktradeviet.com\/en\/gioi-thieu-cong-ty\/\" \/>\n<meta property=\"og:site_name\" content=\"C\u00d4NG TY TNHH BULK TRADE (VIET)\" \/>\n<meta property=\"article:modified_time\" content=\"2019-10-22T07:54:32+00:00\" \/>\n<meta name=\"twitter:card\" content=\"summary_large_image\" \/>\n<meta name=\"twitter:label1\" content=\"Est. reading time\" \/>\n\t<meta name=\"twitter:data1\" content=\"4 minutes\" \/>\n<script type=\"application\/ld+json\" class=\"yoast-schema-graph\">{\"@context\":\"https:\/\/schema.org\",\"@graph\":[{\"@type\":\"WebPage\",\"@id\":\"https:\/\/bulktradeviet.com\/gioi-thieu-cong-ty\/\",\"url\":\"https:\/\/bulktradeviet.com\/gioi-thieu-cong-ty\/\",\"name\":\"GI\u1edaI THI\u1ec6U C\u00d4NG TY | C\u00d4NG TY TNHH BULK TRADE (VIET)\",\"isPartOf\":{\"@id\":\"https:\/\/bulktradeviet.com\/en\/#website\"},\"datePublished\":\"2019-10-21T13:18:50+00:00\",\"dateModified\":\"2019-10-22T07:54:32+00:00\",\"breadcrumb\":{\"@id\":\"https:\/\/bulktradeviet.com\/gioi-thieu-cong-ty\/#breadcrumb\"},\"inLanguage\":\"en-US\",\"potentialAction\":[{\"@type\":\"ReadAction\",\"target\":[\"https:\/\/bulktradeviet.com\/gioi-thieu-cong-ty\/\"]}]},{\"@type\":\"BreadcrumbList\",\"@id\":\"https:\/\/bulktradeviet.com\/gioi-thieu-cong-ty\/#breadcrumb\",\"itemListElement\":[{\"@type\":\"ListItem\",\"position\":1,\"name\":\"Trang ch\u1ee7\",\"item\":\"https:\/\/bulktradeviet.com\/en\/\"},{\"@type\":\"ListItem\",\"position\":2,\"name\":\"GI\u1edaI THI\u1ec6U C\u00d4NG TY\"}]},{\"@type\":\"WebSite\",\"@id\":\"https:\/\/bulktradeviet.com\/en\/#website\",\"url\":\"https:\/\/bulktradeviet.com\/en\/\",\"name\":\"C\u00d4NG TY TNHH BULK TRADE (VIET)\",\"description\":\"Nh\u1eadp Kh\u1ea9u Ph\u00e2n Ph\u1ed1i H\u00f3a Ch\u1ea5t C\u00f4ng Nghi\u1ec7p\",\"potentialAction\":[{\"@type\":\"SearchAction\",\"target\":{\"@type\":\"EntryPoint\",\"urlTemplate\":\"https:\/\/bulktradeviet.com\/en\/?s={search_term_string}\"},\"query-input\":{\"@type\":\"PropertyValueSpecification\",\"valueRequired\":true,\"valueName\":\"search_term_string\"}}],\"inLanguage\":\"en-US\"}]}<\/script>\n<!-- \/ Yoast SEO plugin. -->","yoast_head_json":{"title":"GI\u1edaI THI\u1ec6U C\u00d4NG TY | C\u00d4NG TY TNHH BULK TRADE (VIET)","robots":{"index":"index","follow":"follow","max-snippet":"max-snippet:-1","max-image-preview":"max-image-preview:large","max-video-preview":"max-video-preview:-1"},"canonical":"https:\/\/bulktradeviet.com\/en\/gioi-thieu-cong-ty\/","og_locale":"en_US","og_type":"article","og_title":"GI\u1edaI THI\u1ec6U C\u00d4NG TY | C\u00d4NG TY TNHH BULK TRADE (VIET)","og_description":"APEX CHEMICALS (S) PTE LTD \u0111\u01b0\u1ee3c th\u00e0nh l\u1eadp v\u00e0o n\u0103m 1993 t\u1ea1i Singapore. T\u1eeb \u0111\u00f3 \u0111\u1ebfn nay, C\u00f4ng ty \u0111\u00e3 tr\u1edf th\u00e0nh m\u1ed9t trong nh\u1eefng nh\u00e0 s\u1ea3n xu\u1ea5t, cung c\u1ea5p ho\u00e1 ch\u1ea5t h\u00e0ng \u0111\u1ea7u trong l\u0129nh v\u1ef1c h\u00e0ng h\u1ea3i, x\u1eed l\u00fd n\u01b0\u1edbc, c\u00f4ng nghi\u1ec7p v\u00e0 nh\u1eefng ho\u00e1 ch\u1ea5t \u0111\u1eb7c bi\u1ec7t t\u1ea1i khu v\u1ef1c Ch\u00e2u \u00c1 [...]","og_url":"https:\/\/bulktradeviet.com\/en\/gioi-thieu-cong-ty\/","og_site_name":"C\u00d4NG TY TNHH BULK TRADE (VIET)","article_modified_time":"2019-10-22T07:54:32+00:00","twitter_card":"summary_large_image","twitter_misc":{"Est. reading time":"4 minutes"},"schema":{"@context":"https:\/\/schema.org","@graph":[{"@type":"WebPage","@id":"https:\/\/bulktradeviet.com\/gioi-thieu-cong-ty\/","url":"https:\/\/bulktradeviet.com\/gioi-thieu-cong-ty\/","name":"GI\u1edaI THI\u1ec6U C\u00d4NG TY | C\u00d4NG TY TNHH BULK TRADE (VIET)","isPartOf":{"@id":"https:\/\/bulktradeviet.com\/en\/#website"},"datePublished":"2019-10-21T13:18:50+00:00","dateModified":"2019-10-22T07:54:32+00:00","breadcrumb":{"@id":"https:\/\/bulktradeviet.com\/gioi-thieu-cong-ty\/#breadcrumb"},"inLanguage":"en-US","potentialAction":[{"@type":"ReadAction","target":["https:\/\/bulktradeviet.com\/gioi-thieu-cong-ty\/"]}]},{"@type":"BreadcrumbList","@id":"https:\/\/bulktradeviet.com\/gioi-thieu-cong-ty\/#breadcrumb","itemListElement":[{"@type":"ListItem","position":1,"name":"Trang ch\u1ee7","item":"https:\/\/bulktradeviet.com\/en\/"},{"@type":"ListItem","position":2,"name":"GI\u1edaI THI\u1ec6U C\u00d4NG TY"}]},{"@type":"WebSite","@id":"https:\/\/bulktradeviet.com\/en\/#website","url":"https:\/\/bulktradeviet.com\/en\/","name":"C\u00d4NG TY TNHH BULK TRADE (VIET)","description":"Nh\u1eadp Kh\u1ea9u Ph\u00e2n Ph\u1ed1i H\u00f3a Ch\u1ea5t C\u00f4ng Nghi\u1ec7p","potentialAction":[{"@type":"SearchAction","target":{"@type":"EntryPoint","urlTemplate":"https:\/\/bulktradeviet.com\/en\/?s={search_term_string}"},"query-input":{"@type":"PropertyValueSpecification","valueRequired":true,"valueName":"search_term_string"}}],"inLanguage":"en-US"}]}},"_links":{"self":[{"href":"https:\/\/bulktradeviet.com\/en\/wp-json\/wp\/v2\/pages\/49","targetHints":{"allow":["GET"]}}],"collection":[{"href":"https:\/\/bulktradeviet.com\/en\/wp-json\/wp\/v2\/pages"}],"about":[{"href":"https:\/\/bulktradeviet.com\/en\/wp-json\/wp\/v2\/types\/page"}],"author":[{"embeddable":true,"href":"https:\/\/bulktradeviet.com\/en\/wp-json\/wp\/v2\/users\/1"}],"replies":[{"embeddable":true,"href":"https:\/\/bulktradeviet.com\/en\/wp-json\/wp\/v2\/comments?post=49"}],"version-history":[{"count":22,"href":"https:\/\/bulktradeviet.com\/en\/wp-json\/wp\/v2\/pages\/49\/revisions"}],"predecessor-version":[{"id":262,"href":"https:\/\/bulktradeviet.com\/en\/wp-json\/wp\/v2\/pages\/49\/revisions\/262"}],"wp:attachment":[{"href":"https:\/\/bulktradeviet.com\/en\/wp-json\/wp\/v2\/media?parent=49"}],"curies":[{"name":"wp","href":"https:\/\/api.w.org\/{rel}","templated":true}]}}